{"id":2848,"date":"2025-02-05T17:30:00","date_gmt":"2025-02-05T17:30:00","guid":{"rendered":"https:\/\/freixenet.com\/es\/privacy-policy\/"},"modified":"2025-05-28T09:36:50","modified_gmt":"2025-05-28T09:36:50","slug":"politica-de-privacidad","status":"publish","type":"page","link":"https:\/\/freixenet.com\/es\/es\/politica-de-privacidad\/","title":{"rendered":"Pol\u00edtica de Privacidad"},"content":{"rendered":"\n<div class=\"wp-block-group is-vertical is-content-justification-center is-nowrap is-layout-flex wp-container-core-group-is-layout-a31effde wp-block-group-is-layout-flex\">\n<h2 class=\"wp-block-heading has-text-align-center has-secondary-color has-text-color has-link-color has-heading-4-xl-font-size wp-elements-4d7712c967798b4cbbb146edfac85295\" style=\"text-transform:uppercase\"><mark style=\"background-color:rgba(0, 0, 0, 0)\" class=\"has-inline-color has-current-color\">Pol\u00edtica de<\/mark><br><em>Privacidad<\/em><\/h2>\n<\/div>\n\n\n<div class=\"wp-bootstrap-blocks-container container\">\n\t\n\n<ol class=\"wp-block-list\">\n<li><strong>Identidad del responsable del tratamiento de los datos personales<\/strong><\/li>\n<\/ol>\n\n\n\n<p>El responsable del tratamiento de los datos personales del Usuario es FREIXENET, S.A. con NIF\/CIF A08018939 (en adelante, Responsable del Tratamiento), en corresponsabilidad con COMERCIAL GRUPO FREIXENET, S.A. con NIF\/CIF A58588922 (conjuntamente denominados, los Corresponsables), y le informan que estos datos ser\u00e1n tratados de conformidad con lo dispuesto en el Reglamento (UE) 2016\/679 de 27 de abril (GDPR) y la Ley Org\u00e1nica 3\/2018 de 5 de diciembre (LOPDGDD). Sus datos de contacto son los siguientes:<\/p>\n\n\n\n<p>Direcci\u00f3n:&nbsp; C\/ JOAN SALA, 2 08770 SANT SADURN\u00cd D\u2019ANOIA (BARCELONA)<\/p>\n\n\n\n<p>Tel\u00e9fono de contacto: +34938917000<\/p>\n\n\n\n<p>Email de contacto:&nbsp;<strong><a href=\"mailto:gdpr@freixenet.com\">gdpr@freixenet.com<\/a><\/strong><\/p>\n\n\n\n<p>Puede contactar con el Delegado de Protecci\u00f3n de Datos (DPD) a trav\u00e9s de la siguiente plataforma:&nbsp;<a href=\"http:\/\/www.report-securely.eu\/freixenet\">www.report-securely.eu\/freixenet<\/a><\/p>\n\n\n\n<p>Le rogamos que comunique de forma inmediata al Responsable y\/o Corresponsables cualquier modificaci\u00f3n de sus datos de car\u00e1cter personal a fin de que la informaci\u00f3n contenida en los ficheros del Responsable est\u00e9 en todo momento actualizada y no contenga errores.<\/p>\n\n\n\n<ol start=\"2\" class=\"wp-block-list\">\n<li><strong>Fines de los tratamientos a que se destinan los datos personales<\/strong><\/li>\n<\/ol>\n\n\n\n<ol class=\"wp-block-list\">\n<li>Responder a las cuestiones que el interesado haga llegar al Responsable y\/o Corresponsables, esto es, el mantenimiento de la relaci\u00f3n que se establezca en los formularios que este \u00faltimo rellene o para atender una solicitud o consulta.<\/li>\n<\/ol>\n\n\n\n<ol class=\"wp-block-list\">\n<li>Remitir al interesado comunicaciones comerciales (a t\u00edtulo meramente informativo, pero no limitativo,\u00a0<em>newsletters<\/em>, ofertas, as\u00ed como comunicaciones informativas y\/o publicidad de FREIXENET) sobre nuestros productos que puedan ser de su inter\u00e9s.<\/li>\n<\/ol>\n\n\n\n<ol start=\"3\" class=\"wp-block-list\">\n<li><strong>Categor\u00edas de datos personales<\/strong><\/li>\n<\/ol>\n\n\n\n<p>Las categor\u00edas de datos que podemos recabar para gestionar los tratamientos anteriormente mencionados son datos identificativos y de contacto.<\/p>\n\n\n\n<p>Le informamos que los datos requeridos son indispensables para poder llevar a cabo los servicios solicitados, implicando su negativa a suministrarlos la imposibilidad de desarrollar los mismos.<\/p>\n\n\n\n<p>La informaci\u00f3n que el Usuario facilite a los Corresponsables a trav\u00e9s de los formularios deber\u00e1 ser exacta y veraz. El Usuario garantiza la autenticidad de todos los datos que comunique y mantendr\u00e1 actualizada la informaci\u00f3n dada a los Corresponsables a fin de que corresponda, en todo momento, con la situaci\u00f3n real del Usuario. En el supuesto de manifestaciones inexactas, incompletas o falsas comunicadas por el Usuario, \u00e9ste ser\u00e1 el \u00fanico responsable por los perjuicios que debido a ello se pudieran causar a los Corresponsables o a terceros.<\/p>\n\n\n\n<p>En caso de que facilite datos personales de terceros a trav\u00e9s de los formularios de registro de esta p\u00e1gina, usted se compromete a informar, previamente a su inclusi\u00f3n, del contenido de esta pol\u00edtica de privacidad.<\/p>\n\n\n\n<p>Este Sitio Web utiliza cookies que permiten el funcionamiento y la prestaci\u00f3n de los servicios ofrecidos en el mismo. Tambi\u00e9n podemos recabar informaci\u00f3n sobre usted a trav\u00e9s del uso de cookies o tecnolog\u00edas similares en caso de que lo consienta expresamente. Estas herramientas nos permiten obtener datos relativos a sus h\u00e1bitos de navegaci\u00f3n, gustos y preferencias. Por favor, consulte nuestra Pol\u00edtica de Cookies para obtener m\u00e1s informaci\u00f3n al respecto.<\/p>\n\n\n\n<ol start=\"4\" class=\"wp-block-list\">\n<li><strong>Base legal para el tratamiento de los datos personales<\/strong><\/li>\n<\/ol>\n\n\n\n<p>La base legal para el tratamiento de los datos personales es el consentimiento expreso y expl\u00edcito otorgado por el Usuario en cada caso, pudiendo retirar el mismo en cualquier momento.<\/p>\n\n\n\n<p>En cuanto al tratamiento de los datos de car\u00e1cter personal para el env\u00edo de informaci\u00f3n relacionada con los servicios prestados por la firma la base de legitimaci\u00f3n ser\u00e1 adicionalmente el inter\u00e9s leg\u00edtimo de los Corresponsables.<\/p>\n\n\n\n<p>En cualquier caso, los Corresponsables estar\u00e1n legitimados al tratamiento de sus datos cuando para la ejecuci\u00f3n del contrato sea necesario. Para este \u00faltimo, la comunicaci\u00f3n de los datos personales m\u00ednimos es un requisito indispensable para suscribir el contrato, por lo que, en caso de no facilitar los mismos puede que los Corresponsables no puedan facilitar el producto o atender el servicio solicitado.<\/p>\n\n\n\n<p>Asimismo, le informamos que la base legal del tratamiento podr\u00e1 ser el cumplimiento de una obligaci\u00f3n legal en aquellos casos en que una ley as\u00ed lo establezca.<\/p>\n\n\n\n<ol start=\"5\" class=\"wp-block-list\">\n<li><strong>Per\u00edodos de conservaci\u00f3n de los datos personales<\/strong><\/li>\n<\/ol>\n\n\n\n<p>Los datos personales solo ser\u00e1n conservados durante el tiempo m\u00ednimo necesario para los fines de su tratamiento y, en todo caso, hasta que el usuario solicite su supresi\u00f3n. Posteriormente, sus datos permanecer\u00e1n debidamente bloqueados hasta la prescripci\u00f3n de las acciones legales que en funci\u00f3n de la normativa aplicable puedan derivarse.<\/p>\n\n\n\n<ol start=\"6\" class=\"wp-block-list\">\n<li><strong>Destinatarios de los datos personales<\/strong><\/li>\n<\/ol>\n\n\n\n<p>Los Corresponsables contratan con terceros encargados del tratamiento para poder prestar sus servicios. Con excepci\u00f3n de dichas entidades, no se comunicar\u00e1n sus datos a otros terceros, ni se realizan transferencia a otros pa\u00edses localizados fuera del territorio de la Uni\u00f3n Europea.<\/p>\n\n\n\n<p>En caso de que los Corresponsables del tratamiento tengan la intenci\u00f3n de transferir datos personales a un tercer pa\u00eds u organizaci\u00f3n internacional, se informar\u00e1 al Usuario acerca del tercer pa\u00eds u organizaci\u00f3n internacional al cual se tiene la intenci\u00f3n de transferir los datos, as\u00ed como de la existencia o ausencia de una decisi\u00f3n de adecuaci\u00f3n de la Comisi\u00f3n, y en su caso, se le solicitar\u00e1 su consentimiento y se especificar\u00e1n las finalidades de la comunicaci\u00f3n y la identidad del tercero al que van a ser comunicados.<\/p>\n\n\n\n<p>Todo ello, con excepci\u00f3n de los supuestos en los que un requerimiento legal obligue a comunicar dichos datos a un tercero.<\/p>\n\n\n\n<ol start=\"7\" class=\"wp-block-list\">\n<li><strong>Derechos derivados del tratamiento de los datos personales<\/strong><\/li>\n<\/ol>\n\n\n\n<p>El Usuario podr\u00e1 ejercer frente a los Corresponsables del tratamiento los siguientes derechos reconocidos en el RGPD y en la Ley Org\u00e1nica 3\/2018, de 5 de diciembre, de Protecci\u00f3n de Datos Personales y garant\u00eda de los derechos digitales:<\/p>\n\n\n\n<ul class=\"wp-block-list\">\n<li><strong>Derecho de acceso<\/strong>: es el derecho del Usuario a obtener confirmaci\u00f3n de si los Corresponsables est\u00e1 tratando o no sus datos personales y, en caso afirmativo, obtener informaci\u00f3n sobre sus datos concretos de car\u00e1cter personal y del tratamiento que los Corresponsables hayan realizado o realicen, as\u00ed como, entre otra, de la informaci\u00f3n disponible sobre el origen de dichos datos y los destinatarios de las comunicaciones realizadas o previstas de los mismos.<\/li>\n\n\n\n<li><strong>Derecho de rectificaci\u00f3n<\/strong>: es el derecho del Usuario a que se modifiquen sus datos personales que est\u00e9n en poder de los Corresponsables y que resulten ser inexactos o, teniendo en cuenta los fines del tratamiento, incompletos, y garantizar la certeza de la informaci\u00f3n objeto del tratamiento.<\/li>\n\n\n\n<li><strong>Derecho de supresi\u00f3n<\/strong>: es el derecho del Usuario, siempre que la legislaci\u00f3n vigente no establezca lo contrario, a obtener la supresi\u00f3n de sus datos personales cuando estos ya no sean necesarios para los fines para los cuales fueron recogidos o tratados; el Usuario haya retirado su consentimiento al tratamiento y este no cuente con otra base legal; el Usuario se oponga al tratamiento y no exista otro motivo leg\u00edtimo para continuar con el mismo; los datos personales hayan sido tratados il\u00edcitamente; los datos personales deban suprimirse en cumplimiento de una obligaci\u00f3n legal.<\/li>\n\n\n\n<li><strong>Derecho a la limitaci\u00f3n del tratamiento<\/strong>: es el derecho del Usuario a limitar el tratamiento de sus datos personales. El Usuario tiene derecho a obtener la limitaci\u00f3n del tratamiento cuando impugne la exactitud de sus datos personales, esto es, ejercite los derechos de rectificaci\u00f3n y los Corresponsables est\u00e9n en proceso de determinar si procede la solicitud; el tratamiento sea il\u00edcito, lo que implica la supresi\u00f3n de los datos, pero usted no desee que sus datos sean suprimidos por los Corresponsables; los Corresponsables del tratamiento ya no necesiten los datos personales, pero el Usuario lo necesite para hacer reclamaciones; y cuando el Usuario se haya opuesto al tratamiento y los Corresponsables est\u00e9 en proceso de determinar si procede la solicitud.<\/li>\n\n\n\n<li><strong>Derecho a la portabilidad de los datos<\/strong>: en caso de que el tratamiento se efect\u00fae por medios automatizados, el Usuario tendr\u00e1 derecho a recibir de los Corresponsables del tratamiento sus datos personales en un formato estructurado, de uso com\u00fan y lectura mec\u00e1nica, y a transmitirlos a otro responsable del tratamiento. Siempre que sea t\u00e9cnicamente posible, los Corresponsables del tratamiento transmitir\u00e1n directamente los datos a ese otro responsable. Tenga en cuenta que este derecho no ser\u00e1 aplicable a: los datos de terceras personas que usted haya facilitado a los Corresponsables, y los datos que le incumban, pero que hayan sido proporcionados a los Corresponsables por terceros.<\/li>\n\n\n\n<li><strong>Derecho de oposici\u00f3n<\/strong>: es el derecho del Usuario a que no se lleve a cabo el tratamiento de sus datos de car\u00e1cter personal o se cese el tratamiento de los mismos por parte de los Corresponsables. En lo que al tratamiento se refiere, usted podr\u00e1 oponerse al env\u00edo de comunicaciones comerciales tanto propias como de terceros.<\/li>\n\n\n\n<li><strong>Derecho a no ser a no ser objeto de una decisi\u00f3n basada \u00fanicamente en el tratamiento automatizado<\/strong>, incluida la elaboraci\u00f3n de perfiles, que produzca efectos o afecte significativamente.<\/li>\n<\/ul>\n\n\n\n<p>Si quiere obtener m\u00e1s informaci\u00f3n acerca de sus derechos, le sugerimos que visite la p\u00e1gina web de la Agencia Espa\u00f1ola de Protecci\u00f3n de Datos, as\u00ed como el Reglamento Europeo de Protecci\u00f3n de Datos.<\/p>\n\n\n\n<p>El Usuario podr\u00e1 ejercitar sus derechos mediante comunicaci\u00f3n escrita dirigida a los Corresponsables del tratamiento remitida a la siguiente direcci\u00f3n y\/o plataforma:<\/p>\n\n\n\n<p><strong>Direcci\u00f3n postal<\/strong>:&nbsp;&nbsp;&nbsp; C\/ Joan Sala, 2 \u2013 08770 Sant Sadurn\u00ed d\u2019Anoia (Barcelona)<\/p>\n\n\n\n<p><strong>Plataforma<\/strong>:&nbsp;<a href=\"http:\/\/www.report-securely.eu\/freixenet\">www.report-securely.eu\/freixenet<\/a><\/p>\n\n\n\n<p>Deber\u00e1 indicar claramente qu\u00e9 derecho desea ejercer y aportar una copia de su documento de identidad para acreditar su identificaci\u00f3n.<\/p>\n\n\n\n<p>El interesado puede, en cualquier momento, revocar el consentimiento previamente otorgado para usar sus datos. En caso de revocar el consentimiento para almacenar y procesar sus datos, los Corresponsables no podr\u00e1n proporcionarle determinados servicios.<\/p>\n\n\n\n<ol start=\"8\" class=\"wp-block-list\">\n<li><strong>Reclamaciones ante la autoridad de control<\/strong><\/li>\n<\/ol>\n\n\n\n<p>En caso de que el Usuario considere que existe un problema o infracci\u00f3n de la normativa vigente en la forma en la que se est\u00e1n tratando sus datos personales, tendr\u00e1 derecho a la tutela judicial efectiva y a presentar una reclamaci\u00f3n ante una autoridad de control, en particular, en el Estado en el que tenga su residencia habitual, lugar de trabajo o lugar de la supuesta infracci\u00f3n.<\/p>\n\n\n\n<p>En el caso de Espa\u00f1a, la autoridad de control es la Agencia Espa\u00f1ola de Protecci\u00f3n de Datos (<a href=\"http:\/\/www.agpd.es\/\">http:\/\/www.agpd.es<\/a>), cuyos tel\u00e9fonos son 900 293 193 y 900 293 621 y direcci\u00f3n postal C\/ Jorge Juan, 6 \u2013 28001 Madrid.<\/p>\n\n\n\n<ol start=\"9\" class=\"wp-block-list\">\n<li><strong>Secreto y seguridad de los datos personales<\/strong><\/li>\n<\/ol>\n\n\n\n<p>Los Corresponsables garantizan al Usuario que el tratamiento que se realiza cumple con todas las disposiciones de las normativas en materia de protecci\u00f3n de datos anteriormente citadas y que los datos son tratados de manera l\u00edcita, leal y transparente en relaci\u00f3n con el interesado y adecuados, pertinentes y limitados a lo necesario en relaci\u00f3n con los fines para los que son tratados.<\/p>\n\n\n\n<p>Los Corresponsables se comprometen a adoptar las medidas t\u00e9cnicas y organizativas necesarias, seg\u00fan el nivel de seguridad adecuado al riesgo de los datos recogidos, de forma que se garantice la seguridad de los datos de car\u00e1cter personal y se evite la destrucci\u00f3n, p\u00e9rdida o alteraci\u00f3n accidental o il\u00edcita de datos personales transmitidos, conservados o tratados de otra forma, o la comunicaci\u00f3n o acceso no autorizados a dichos datos.<\/p>\n\n\n\n<p>Los datos personales ser\u00e1n tratados como confidenciales por los Corresponsables del tratamiento, quienes se comprometen a informar de y a garantizar por medio de una obligaci\u00f3n legal o contractual que dicha confidencialidad sea respetada por sus empleados, asociados, y toda persona a la cual le haga accesible la informaci\u00f3n.<\/p>\n\n\n\n<ol start=\"10\" class=\"wp-block-list\">\n<li><strong>Enlaces a sitios web de terceros<\/strong><\/li>\n<\/ol>\n\n\n\n<p>El sitio web puede incluir hiperv\u00ednculos o enlaces que permiten acceder a p\u00e1ginas web de terceros distintos de los Corresponsables y que por tanto no son operados por los Corresponsables.<\/p>\n\n\n\n<p>Los titulares de dichos sitios web dispondr\u00e1n de sus propias pol\u00edticas de protecci\u00f3n de datos, siendo ellos mismos, en cada caso, responsables de sus propios ficheros y de sus propias pr\u00e1cticas de privacidad.<\/p>\n\n\n\n<ol start=\"11\" class=\"wp-block-list\">\n<li><strong>Procedencia y Veracidad de los datos<\/strong><\/li>\n<\/ol>\n\n\n\n<p>La totalidad de los datos recabados proceden del interesado. El Usuario, mediante la aceptaci\u00f3n de la presente Pol\u00edtica de Privacidad, declara y se compromete a garantizar la veracidad y exactitud de los datos aportados, as\u00ed como ser el leg\u00edtimo titular de los mismos.<\/p>\n\n\n\n<p>Asimismo, el Usuario se compromete a mantener actualizados sus datos en todo momento, y a comunicar sin demora a los Corresponsables cualquier modificaci\u00f3n transcendente, tal como el cambio de titularidad de su cuenta bancaria, o la modificaci\u00f3n de su cuenta de correo electr\u00f3nico proporcionada a trav\u00e9s de los pertinentes formularios alojados en la web de Freixenet.<\/p>\n\n\n\n<p>En este sentido, el Usuario ser\u00e1 el \u00fanico responsable del incumplimiento de lo previsto anteriormente, exonerando a los Corresponsables de toda la responsabilidad con respecto a esos datos que el Usuario no le haya comunicado previamente.<\/p>\n\n\n\n<ol start=\"12\" class=\"wp-block-list\">\n<li><strong>Aceptaci\u00f3n y cambios en esta pol\u00edtica de privacidad<\/strong><\/li>\n<\/ol>\n\n\n\n<p>Es necesario que el Usuario haya le\u00eddo y est\u00e9 conforme con las condiciones sobre la protecci\u00f3n de datos de car\u00e1cter personal contenidas en esta Pol\u00edtica de Privacidad, as\u00ed como que acepte el tratamiento de sus datos personales para que los Corresponsables del tratamiento puedan proceder al mismo en la forma, durante los plazos y para las finalidades indicadas. El uso del sitio web implicar\u00e1 la aceptaci\u00f3n de la Pol\u00edtica de Privacidad.<\/p>\n\n\n\n<p>Los Corresponsables se reservan el derecho a modificar su Pol\u00edtica de Privacidad, de acuerdo a su propio criterio, o motivado por un cambio legislativo, jurisprudencial o doctrinal de la Agencia Espa\u00f1ola de Protecci\u00f3n de Datos.<\/p>\n\n<\/div>\n","protected":false},"excerpt":{"rendered":"<p>Pol\u00edtica dePrivacidad<\/p>\n","protected":false},"author":1,"featured_media":0,"parent":0,"menu_order":0,"comment_status":"closed","ping_status":"open","template":"","meta":{"_acf_changed":false,"footnotes":""},"class_list":["post-2848","page","type-page","status-publish","hentry"],"acf":[],"yoast_head":"<!-- This site is optimized with the Yoast SEO plugin v27.4 - https:\/\/yoast.com\/product\/yoast-seo-wordpress\/ -->\n<title>Pol\u00edtica de Privacidad - Freixenet Spain<\/title>\n<meta name=\"robots\" content=\"index, follow, max-snippet:-1, max-image-preview:large, max-video-preview:-1\" \/>\n<link rel=\"canonical\" href=\"https:\/\/freixenet.com\/es\/es\/politica-de-privacidad\/\" \/>\n<meta property=\"og:locale\" content=\"es_ES\" \/>\n<meta property=\"og:type\" content=\"article\" \/>\n<meta property=\"og:title\" content=\"Pol\u00edtica de Privacidad - Freixenet Spain\" \/>\n<meta property=\"og:description\" content=\"Pol\u00edtica dePrivacidad\" \/>\n<meta property=\"og:url\" content=\"https:\/\/freixenet.com\/es\/es\/politica-de-privacidad\/\" \/>\n<meta property=\"og:site_name\" content=\"Freixenet Spain\" \/>\n<meta property=\"article:publisher\" content=\"https:\/\/www.facebook.com\/FreixenetES\" \/>\n<meta property=\"article:modified_time\" content=\"2025-05-28T09:36:50+00:00\" \/>\n<meta name=\"twitter:card\" content=\"summary_large_image\" \/>\n<meta name=\"twitter:label1\" content=\"Est. reading time\" \/>\n\t<meta name=\"twitter:data1\" content=\"10 minutes\" \/>\n<script type=\"application\/ld+json\" class=\"yoast-schema-graph\">{\"@context\":\"https:\\\/\\\/schema.org\",\"@graph\":[{\"@type\":\"WebPage\",\"@id\":\"https:\\\/\\\/freixenet.com\\\/es\\\/es\\\/politica-de-privacidad\\\/\",\"url\":\"https:\\\/\\\/freixenet.com\\\/es\\\/es\\\/politica-de-privacidad\\\/\",\"name\":\"Pol\u00edtica de Privacidad - Freixenet Spain\",\"isPartOf\":{\"@id\":\"https:\\\/\\\/freixenet.com\\\/es\\\/es\\\/#website\"},\"datePublished\":\"2025-02-05T17:30:00+00:00\",\"dateModified\":\"2025-05-28T09:36:50+00:00\",\"breadcrumb\":{\"@id\":\"https:\\\/\\\/freixenet.com\\\/es\\\/es\\\/politica-de-privacidad\\\/#breadcrumb\"},\"inLanguage\":\"es-ES\",\"potentialAction\":[{\"@type\":\"ReadAction\",\"target\":[\"https:\\\/\\\/freixenet.com\\\/es\\\/es\\\/politica-de-privacidad\\\/\"]}]},{\"@type\":\"BreadcrumbList\",\"@id\":\"https:\\\/\\\/freixenet.com\\\/es\\\/es\\\/politica-de-privacidad\\\/#breadcrumb\",\"itemListElement\":[{\"@type\":\"ListItem\",\"position\":1,\"name\":\"Home\",\"item\":\"https:\\\/\\\/freixenet.com\\\/es\\\/es\\\/\"},{\"@type\":\"ListItem\",\"position\":2,\"name\":\"Pol\u00edtica de Privacidad\"}]},{\"@type\":\"WebSite\",\"@id\":\"https:\\\/\\\/freixenet.com\\\/es\\\/es\\\/#website\",\"url\":\"https:\\\/\\\/freixenet.com\\\/es\\\/es\\\/\",\"name\":\"Freixenet Spain\",\"description\":\"The most emblematic wineries of Freixenet combine tradition and innovation and have the deepest ancient cellars, located 20 meters underground.\",\"publisher\":{\"@id\":\"https:\\\/\\\/freixenet.com\\\/es\\\/es\\\/#organization\"},\"potentialAction\":[{\"@type\":\"SearchAction\",\"target\":{\"@type\":\"EntryPoint\",\"urlTemplate\":\"https:\\\/\\\/freixenet.com\\\/es\\\/es\\\/?s={search_term_string}\"},\"query-input\":{\"@type\":\"PropertyValueSpecification\",\"valueRequired\":true,\"valueName\":\"search_term_string\"}}],\"inLanguage\":\"es-ES\"},{\"@type\":\"Organization\",\"@id\":\"https:\\\/\\\/freixenet.com\\\/es\\\/es\\\/#organization\",\"name\":\"Freixenet Spain\",\"url\":\"https:\\\/\\\/freixenet.com\\\/es\\\/es\\\/\",\"logo\":{\"@type\":\"ImageObject\",\"inLanguage\":\"es-ES\",\"@id\":\"https:\\\/\\\/freixenet.com\\\/es\\\/es\\\/#\\\/schema\\\/logo\\\/image\\\/\",\"url\":\"https:\\\/\\\/freixenet.com\\\/app\\\/uploads\\\/sites\\\/2\\\/2025\\\/06\\\/freixenet-site-icon.png\",\"contentUrl\":\"https:\\\/\\\/freixenet.com\\\/app\\\/uploads\\\/sites\\\/2\\\/2025\\\/06\\\/freixenet-site-icon.png\",\"width\":512,\"height\":512,\"caption\":\"Freixenet Spain\"},\"image\":{\"@id\":\"https:\\\/\\\/freixenet.com\\\/es\\\/es\\\/#\\\/schema\\\/logo\\\/image\\\/\"},\"sameAs\":[\"https:\\\/\\\/www.facebook.com\\\/FreixenetES\"]}]}<\/script>\n<!-- \/ Yoast SEO plugin. -->","yoast_head_json":{"title":"Pol\u00edtica de Privacidad - Freixenet Spain","robots":{"index":"index","follow":"follow","max-snippet":"max-snippet:-1","max-image-preview":"max-image-preview:large","max-video-preview":"max-video-preview:-1"},"canonical":"https:\/\/freixenet.com\/es\/es\/politica-de-privacidad\/","og_locale":"es_ES","og_type":"article","og_title":"Pol\u00edtica de Privacidad - Freixenet Spain","og_description":"Pol\u00edtica dePrivacidad","og_url":"https:\/\/freixenet.com\/es\/es\/politica-de-privacidad\/","og_site_name":"Freixenet Spain","article_publisher":"https:\/\/www.facebook.com\/FreixenetES","article_modified_time":"2025-05-28T09:36:50+00:00","twitter_card":"summary_large_image","twitter_misc":{"Est. reading time":"10 minutes"},"schema":{"@context":"https:\/\/schema.org","@graph":[{"@type":"WebPage","@id":"https:\/\/freixenet.com\/es\/es\/politica-de-privacidad\/","url":"https:\/\/freixenet.com\/es\/es\/politica-de-privacidad\/","name":"Pol\u00edtica de Privacidad - Freixenet Spain","isPartOf":{"@id":"https:\/\/freixenet.com\/es\/es\/#website"},"datePublished":"2025-02-05T17:30:00+00:00","dateModified":"2025-05-28T09:36:50+00:00","breadcrumb":{"@id":"https:\/\/freixenet.com\/es\/es\/politica-de-privacidad\/#breadcrumb"},"inLanguage":"es-ES","potentialAction":[{"@type":"ReadAction","target":["https:\/\/freixenet.com\/es\/es\/politica-de-privacidad\/"]}]},{"@type":"BreadcrumbList","@id":"https:\/\/freixenet.com\/es\/es\/politica-de-privacidad\/#breadcrumb","itemListElement":[{"@type":"ListItem","position":1,"name":"Home","item":"https:\/\/freixenet.com\/es\/es\/"},{"@type":"ListItem","position":2,"name":"Pol\u00edtica de Privacidad"}]},{"@type":"WebSite","@id":"https:\/\/freixenet.com\/es\/es\/#website","url":"https:\/\/freixenet.com\/es\/es\/","name":"Freixenet Spain","description":"The most emblematic wineries of Freixenet combine tradition and innovation and have the deepest ancient cellars, located 20 meters underground.","publisher":{"@id":"https:\/\/freixenet.com\/es\/es\/#organization"},"potentialAction":[{"@type":"SearchAction","target":{"@type":"EntryPoint","urlTemplate":"https:\/\/freixenet.com\/es\/es\/?s={search_term_string}"},"query-input":{"@type":"PropertyValueSpecification","valueRequired":true,"valueName":"search_term_string"}}],"inLanguage":"es-ES"},{"@type":"Organization","@id":"https:\/\/freixenet.com\/es\/es\/#organization","name":"Freixenet Spain","url":"https:\/\/freixenet.com\/es\/es\/","logo":{"@type":"ImageObject","inLanguage":"es-ES","@id":"https:\/\/freixenet.com\/es\/es\/#\/schema\/logo\/image\/","url":"https:\/\/freixenet.com\/app\/uploads\/sites\/2\/2025\/06\/freixenet-site-icon.png","contentUrl":"https:\/\/freixenet.com\/app\/uploads\/sites\/2\/2025\/06\/freixenet-site-icon.png","width":512,"height":512,"caption":"Freixenet Spain"},"image":{"@id":"https:\/\/freixenet.com\/es\/es\/#\/schema\/logo\/image\/"},"sameAs":["https:\/\/www.facebook.com\/FreixenetES"]}]}},"_links":{"self":[{"href":"https:\/\/freixenet.com\/es\/es\/wp-json\/wp\/v2\/pages\/2848","targetHints":{"allow":["GET"]}}],"collection":[{"href":"https:\/\/freixenet.com\/es\/es\/wp-json\/wp\/v2\/pages"}],"about":[{"href":"https:\/\/freixenet.com\/es\/es\/wp-json\/wp\/v2\/types\/page"}],"author":[{"embeddable":true,"href":"https:\/\/freixenet.com\/es\/es\/wp-json\/wp\/v2\/users\/1"}],"replies":[{"embeddable":true,"href":"https:\/\/freixenet.com\/es\/es\/wp-json\/wp\/v2\/comments?post=2848"}],"version-history":[{"count":3,"href":"https:\/\/freixenet.com\/es\/es\/wp-json\/wp\/v2\/pages\/2848\/revisions"}],"predecessor-version":[{"id":2851,"href":"https:\/\/freixenet.com\/es\/es\/wp-json\/wp\/v2\/pages\/2848\/revisions\/2851"}],"wp:attachment":[{"href":"https:\/\/freixenet.com\/es\/es\/wp-json\/wp\/v2\/media?parent=2848"}],"curies":[{"name":"wp","href":"https:\/\/api.w.org\/{rel}","templated":true}]}}