{"id":6459,"date":"2025-07-28T10:05:17","date_gmt":"2025-07-28T10:05:17","guid":{"rendered":"https:\/\/freixenet.com\/es\/?page_id=6459"},"modified":"2025-07-28T10:12:37","modified_gmt":"2025-07-28T10:12:37","slug":"declaracio-daccessibilitat","status":"publish","type":"page","link":"https:\/\/freixenet.com\/es\/ca\/declaracio-daccessibilitat\/","title":{"rendered":"Declaraci\u00f3 d&#8217;Accessibilitat"},"content":{"rendered":"\n<div class=\"wp-block-group is-vertical is-content-justification-center is-nowrap is-layout-flex wp-container-core-group-is-layout-a31effde wp-block-group-is-layout-flex\">\n<h2 class=\"wp-block-heading has-text-align-center has-secondary-color has-text-color has-link-color has-heading-4-xl-font-size wp-elements-edfa3abb04beef8ad4494739aad095af\" style=\"text-transform:uppercase\"><mark class=\"has-inline-color has-current-color\">declaraci\u00f3 d&#8217; <\/mark><br><em>ACCESSIBILITAT<\/em><\/h2>\n<\/div>\n\n\n<div class=\"wp-bootstrap-blocks-container container\">\n\t\n\n<div style=\"height:100px\" aria-hidden=\"true\" class=\"wp-block-spacer\"><\/div>\n\n\n\n<p class=\"has-text-align-left\">A Freixenet estem compromesos a oferir un lloc web accessible que garanteixi la igualtat d\u2019acc\u00e9s i d\u2019\u00fas per a tothom, incloses les persones amb discapacitat. Aquest lloc web ha estat dissenyat i desenvolupat d\u2019acord amb les Directrius d\u2019Accessibilitat per al Contingut Web (WCAG) 2.1, amb un nivell de conformitat AA, segons els criteris establerts pel W3C (Consorci de la World Wide Web)<\/p>\n\n\n\n<div style=\"height:100px\" aria-hidden=\"true\" class=\"wp-block-spacer\"><\/div>\n\n\n\n<p class=\"has-text-align-left\"><mark class=\"has-inline-color has-accent-dim-800-color\"><strong>ESTAT DE CONFORMITAT<br><\/strong><\/mark>Actualment, aquest lloc web \u00e9s parcialment conforme amb les WCAG 2.1 nivell AA. Tot i que s\u2019han implementat nombroses millores, \u00e9s possible que alguns continguts encara no s\u2019hagin adaptat completament als est\u00e0ndards d\u2019accessibilitat m\u00e9s estrictes.<\/p>\n\n\n\n<p class=\"has-text-align-left\">Per millorar cont\u00ednuament l\u2019accessibilitat del nostre web, comptem amb el suport de professionals especialitzats i duem a terme revisions peri\u00f2diques del lloc. El nostre objectiu \u00e9s mantenir un nivell de conformitat substancial i continuar avan\u00e7ant cap a una accessibilitat plena. Estem treballant activament per resoldre els continguts i elements que poden no ser plenament accessibles i per millorar l\u2019experi\u00e8ncia de tots els usuaris<\/p>\n\n\n\n<div style=\"height:100px\" aria-hidden=\"true\" class=\"wp-block-spacer\"><\/div>\n\n\n\n<p class=\"has-text-align-left\"><strong>DATA DE L\u2019\u00daLTIMA REVISI\u00d3<br><\/strong>L\u2019\u00faltima revisi\u00f3 d\u2019accessibilitat del lloc web es va realitzar el 25 de juny de 2025, mitjan\u00e7ant una avaluaci\u00f3 interna amb el suport d\u2019eines autom\u00e0tiques i proves manuals de navegaci\u00f3<\/p>\n\n\n\n<div style=\"height:100px\" aria-hidden=\"true\" class=\"wp-block-spacer\"><\/div>\n\n\n\n<p class=\"has-text-align-left\"><strong>CONTACTE PER A COMUNICACIONS RELACIONADES AMB L\u2019ACCESSIBILITAT<br><\/strong>Si tens dificultats amb qualsevol contingut o necessites ajuda amb alguna part del nostre lloc web, detectes alguna incid\u00e8ncia o vols suggerir millores, si us plau, contacta amb nosaltres al correu electr\u00f2nic: <a>freixenet@freixenet.com<\/a><\/p>\n\n\n\n<div style=\"height:100px\" aria-hidden=\"true\" class=\"wp-block-spacer\"><\/div>\n\n\n\n<p class=\"has-text-align-left\">Ens comprometem a aplicar un protocol de resposta \u00e0gil per atendre totes les sol\u00b7licituds relacionades amb l\u2019accessibilitat.<\/p>\n\n<\/div>\n","protected":false},"excerpt":{"rendered":"<p>declaraci\u00f3 d&#8217; ACCESSIBILITAT<\/p>\n","protected":false},"author":2,"featured_media":0,"parent":0,"menu_order":0,"comment_status":"closed","ping_status":"open","template":"","meta":{"_acf_changed":false,"footnotes":""},"class_list":["post-6459","page","type-page","status-publish","hentry"],"acf":[],"yoast_head":"<!-- This site is optimized with the Yoast SEO plugin v27.2 - https:\/\/yoast.com\/product\/yoast-seo-wordpress\/ -->\n<title>Declaraci\u00f3 d&#039;Accessibilitat - Freixenet Spain<\/title>\n<meta name=\"robots\" content=\"index, follow, max-snippet:-1, max-image-preview:large, max-video-preview:-1\" \/>\n<link rel=\"canonical\" href=\"https:\/\/freixenet.com\/es\/ca\/declaracio-daccessibilitat\/\" \/>\n<meta property=\"og:locale\" content=\"ca_ES\" \/>\n<meta property=\"og:type\" content=\"article\" \/>\n<meta property=\"og:title\" content=\"Declaraci\u00f3 d&#039;Accessibilitat - Freixenet Spain\" \/>\n<meta property=\"og:description\" content=\"declaraci\u00f3 d&#8217; ACCESSIBILITAT\" \/>\n<meta property=\"og:url\" content=\"https:\/\/freixenet.com\/es\/ca\/declaracio-daccessibilitat\/\" \/>\n<meta property=\"og:site_name\" content=\"Freixenet Spain\" \/>\n<meta property=\"article:publisher\" content=\"https:\/\/www.facebook.com\/FreixenetES\" \/>\n<meta property=\"article:modified_time\" content=\"2025-07-28T10:12:37+00:00\" \/>\n<meta name=\"twitter:card\" content=\"summary_large_image\" \/>\n<meta name=\"twitter:label1\" content=\"Est. reading time\" \/>\n\t<meta name=\"twitter:data1\" content=\"2 minutes\" \/>\n<script type=\"application\/ld+json\" class=\"yoast-schema-graph\">{\"@context\":\"https:\/\/schema.org\",\"@graph\":[{\"@type\":\"WebPage\",\"@id\":\"https:\/\/freixenet.com\/es\/ca\/declaracio-daccessibilitat\/\",\"url\":\"https:\/\/freixenet.com\/es\/ca\/declaracio-daccessibilitat\/\",\"name\":\"Declaraci\u00f3 d'Accessibilitat - Freixenet Spain\",\"isPartOf\":{\"@id\":\"https:\/\/freixenet.com\/es\/ca\/#website\"},\"datePublished\":\"2025-07-28T10:05:17+00:00\",\"dateModified\":\"2025-07-28T10:12:37+00:00\",\"breadcrumb\":{\"@id\":\"https:\/\/freixenet.com\/es\/ca\/declaracio-daccessibilitat\/#breadcrumb\"},\"inLanguage\":\"ca\",\"potentialAction\":[{\"@type\":\"ReadAction\",\"target\":[\"https:\/\/freixenet.com\/es\/ca\/declaracio-daccessibilitat\/\"]}]},{\"@type\":\"BreadcrumbList\",\"@id\":\"https:\/\/freixenet.com\/es\/ca\/declaracio-daccessibilitat\/#breadcrumb\",\"itemListElement\":[{\"@type\":\"ListItem\",\"position\":1,\"name\":\"Home\",\"item\":\"https:\/\/freixenet.com\/es\/ca\/\"},{\"@type\":\"ListItem\",\"position\":2,\"name\":\"Declaraci\u00f3 d&#8217;Accessibilitat\"}]},{\"@type\":\"WebSite\",\"@id\":\"https:\/\/freixenet.com\/es\/ca\/#website\",\"url\":\"https:\/\/freixenet.com\/es\/ca\/\",\"name\":\"Freixenet Spain\",\"description\":\"The most emblematic wineries of Freixenet combine tradition and innovation and have the deepest ancient cellars, located 20 meters underground.\",\"publisher\":{\"@id\":\"https:\/\/freixenet.com\/es\/ca\/#organization\"},\"potentialAction\":[{\"@type\":\"SearchAction\",\"target\":{\"@type\":\"EntryPoint\",\"urlTemplate\":\"https:\/\/freixenet.com\/es\/ca\/?s={search_term_string}\"},\"query-input\":{\"@type\":\"PropertyValueSpecification\",\"valueRequired\":true,\"valueName\":\"search_term_string\"}}],\"inLanguage\":\"ca\"},{\"@type\":\"Organization\",\"@id\":\"https:\/\/freixenet.com\/es\/ca\/#organization\",\"name\":\"Freixenet Spain\",\"url\":\"https:\/\/freixenet.com\/es\/ca\/\",\"logo\":{\"@type\":\"ImageObject\",\"inLanguage\":\"ca\",\"@id\":\"https:\/\/freixenet.com\/es\/ca\/#\/schema\/logo\/image\/\",\"url\":\"https:\/\/freixenet.com\/app\/uploads\/sites\/2\/2025\/06\/freixenet-site-icon.png\",\"contentUrl\":\"https:\/\/freixenet.com\/app\/uploads\/sites\/2\/2025\/06\/freixenet-site-icon.png\",\"width\":512,\"height\":512,\"caption\":\"Freixenet Spain\"},\"image\":{\"@id\":\"https:\/\/freixenet.com\/es\/ca\/#\/schema\/logo\/image\/\"},\"sameAs\":[\"https:\/\/www.facebook.com\/FreixenetES\"]}]}<\/script>\n<!-- \/ Yoast SEO plugin. -->","yoast_head_json":{"title":"Declaraci\u00f3 d'Accessibilitat - Freixenet Spain","robots":{"index":"index","follow":"follow","max-snippet":"max-snippet:-1","max-image-preview":"max-image-preview:large","max-video-preview":"max-video-preview:-1"},"canonical":"https:\/\/freixenet.com\/es\/ca\/declaracio-daccessibilitat\/","og_locale":"ca_ES","og_type":"article","og_title":"Declaraci\u00f3 d'Accessibilitat - Freixenet Spain","og_description":"declaraci\u00f3 d&#8217; ACCESSIBILITAT","og_url":"https:\/\/freixenet.com\/es\/ca\/declaracio-daccessibilitat\/","og_site_name":"Freixenet Spain","article_publisher":"https:\/\/www.facebook.com\/FreixenetES","article_modified_time":"2025-07-28T10:12:37+00:00","twitter_card":"summary_large_image","twitter_misc":{"Est. reading time":"2 minutes"},"schema":{"@context":"https:\/\/schema.org","@graph":[{"@type":"WebPage","@id":"https:\/\/freixenet.com\/es\/ca\/declaracio-daccessibilitat\/","url":"https:\/\/freixenet.com\/es\/ca\/declaracio-daccessibilitat\/","name":"Declaraci\u00f3 d'Accessibilitat - Freixenet Spain","isPartOf":{"@id":"https:\/\/freixenet.com\/es\/ca\/#website"},"datePublished":"2025-07-28T10:05:17+00:00","dateModified":"2025-07-28T10:12:37+00:00","breadcrumb":{"@id":"https:\/\/freixenet.com\/es\/ca\/declaracio-daccessibilitat\/#breadcrumb"},"inLanguage":"ca","potentialAction":[{"@type":"ReadAction","target":["https:\/\/freixenet.com\/es\/ca\/declaracio-daccessibilitat\/"]}]},{"@type":"BreadcrumbList","@id":"https:\/\/freixenet.com\/es\/ca\/declaracio-daccessibilitat\/#breadcrumb","itemListElement":[{"@type":"ListItem","position":1,"name":"Home","item":"https:\/\/freixenet.com\/es\/ca\/"},{"@type":"ListItem","position":2,"name":"Declaraci\u00f3 d&#8217;Accessibilitat"}]},{"@type":"WebSite","@id":"https:\/\/freixenet.com\/es\/ca\/#website","url":"https:\/\/freixenet.com\/es\/ca\/","name":"Freixenet Spain","description":"The most emblematic wineries of Freixenet combine tradition and innovation and have the deepest ancient cellars, located 20 meters underground.","publisher":{"@id":"https:\/\/freixenet.com\/es\/ca\/#organization"},"potentialAction":[{"@type":"SearchAction","target":{"@type":"EntryPoint","urlTemplate":"https:\/\/freixenet.com\/es\/ca\/?s={search_term_string}"},"query-input":{"@type":"PropertyValueSpecification","valueRequired":true,"valueName":"search_term_string"}}],"inLanguage":"ca"},{"@type":"Organization","@id":"https:\/\/freixenet.com\/es\/ca\/#organization","name":"Freixenet Spain","url":"https:\/\/freixenet.com\/es\/ca\/","logo":{"@type":"ImageObject","inLanguage":"ca","@id":"https:\/\/freixenet.com\/es\/ca\/#\/schema\/logo\/image\/","url":"https:\/\/freixenet.com\/app\/uploads\/sites\/2\/2025\/06\/freixenet-site-icon.png","contentUrl":"https:\/\/freixenet.com\/app\/uploads\/sites\/2\/2025\/06\/freixenet-site-icon.png","width":512,"height":512,"caption":"Freixenet Spain"},"image":{"@id":"https:\/\/freixenet.com\/es\/ca\/#\/schema\/logo\/image\/"},"sameAs":["https:\/\/www.facebook.com\/FreixenetES"]}]}},"_links":{"self":[{"href":"https:\/\/freixenet.com\/es\/ca\/wp-json\/wp\/v2\/pages\/6459","targetHints":{"allow":["GET"]}}],"collection":[{"href":"https:\/\/freixenet.com\/es\/ca\/wp-json\/wp\/v2\/pages"}],"about":[{"href":"https:\/\/freixenet.com\/es\/ca\/wp-json\/wp\/v2\/types\/page"}],"author":[{"embeddable":true,"href":"https:\/\/freixenet.com\/es\/ca\/wp-json\/wp\/v2\/users\/2"}],"replies":[{"embeddable":true,"href":"https:\/\/freixenet.com\/es\/ca\/wp-json\/wp\/v2\/comments?post=6459"}],"version-history":[{"count":6,"href":"https:\/\/freixenet.com\/es\/ca\/wp-json\/wp\/v2\/pages\/6459\/revisions"}],"predecessor-version":[{"id":6476,"href":"https:\/\/freixenet.com\/es\/ca\/wp-json\/wp\/v2\/pages\/6459\/revisions\/6476"}],"wp:attachment":[{"href":"https:\/\/freixenet.com\/es\/ca\/wp-json\/wp\/v2\/media?parent=6459"}],"curies":[{"name":"wp","href":"https:\/\/api.w.org\/{rel}","templated":true}]}}