{"id":3154,"date":"2025-05-28T09:19:45","date_gmt":"2025-05-28T09:19:45","guid":{"rendered":"https:\/\/freixenet.com\/es\/conformitat\/"},"modified":"2025-06-17T11:43:02","modified_gmt":"2025-06-17T11:43:02","slug":"conformitat","status":"publish","type":"page","link":"https:\/\/freixenet.com\/es\/ca\/conformitat\/","title":{"rendered":"Conformitat"},"content":{"rendered":"\n<div class=\"wp-block-group is-vertical is-content-justification-center is-nowrap is-layout-flex wp-container-core-group-is-layout-a31effde wp-block-group-is-layout-flex\"><div class=\"wp-bootstrap-blocks-container container has-custom-block-padding-small-top\">\n\t\n\n<h2 class=\"wp-block-heading has-text-align-center has-secondary-color has-text-color has-link-color has-heading-4-xl-font-size wp-elements-f8256cb804918ea6926bab8c30793874\" style=\"text-transform:uppercase\">Conformitat<\/h2>\n\n<\/div>\n<\/div>\n<div class=\"wp-bootstrap-blocks-container container\">\n\t\n\n<p>El tema de Compliance ha guanyat una considerable import\u00e0ncia com a resultat del constant creixement internacional de la nostra companyia i dels creixents requisits legals. En conseq\u00fc\u00e8ncia, hem implementat un sistema intern d\u2019informaci\u00f3 aix\u00ed com un procediment de gesti\u00f3 d\u2019informacions. En el marc d\u2019aquest sistema, s\u2019ha establert un Responsable del Sistema juntament amb uns gestors que segons la mat\u00e8ria que en cada cas apliqui estan disponibles com a persones de contacte neutrals i independents per a qualsevol informaci\u00f3 relacionada amb el tema de Compliance.  <\/p>\n\n\n\n<p>Si hi ha algun indici d\u2019una (potencial) violaci\u00f3 de la llei en relaci\u00f3 amb Henkell Freixenet, teniu la possibilitat d\u2019enviar-nos, de forma completament confidencial, un missatge a trav\u00e9s del nostre canal intern d\u2019informaci\u00f3.<\/p>\n\n\n\n<p>Per con\u00e8ixer amb detalls els principis generals en mat\u00e8ria del Sistema Intern d\u2019Informaci\u00f3 i Defensa de l\u2019Informant, aix\u00ed com el Procediment de Gesti\u00f3 d\u2019Informacions, podeu consultar la nostra Pol\u00edtica clicant al seg\u00fcent <a href=\"https:\/\/grupofreixenet.com\/politica-sistema-interno-de-informacion.pdf\" target=\"_blank\" rel=\"noreferrer noopener\">enlla\u00e7<\/a> .<\/p>\n\n\n\n<h3 class=\"wp-block-heading\">CANAL INTERN D\u2019INFORMACI\u00d3<\/h3>\n\n\n\n<p>T\u00e9 l\u2019opci\u00f3 de fer comunicacions, tant de forma an\u00f2nima com no, a trav\u00e9s de la plataforma seg\u00fcent: <a href=\"http:\/\/www.report-securely.eu\/freixenet\">www.report-securely.eu\/freixenet<\/a><\/p>\n\n<\/div>\n","protected":false},"excerpt":{"rendered":"","protected":false},"author":1,"featured_media":0,"parent":0,"menu_order":0,"comment_status":"closed","ping_status":"open","template":"","meta":{"_acf_changed":false,"footnotes":""},"class_list":["post-3154","page","type-page","status-publish","hentry"],"acf":[],"yoast_head":"<!-- This site is optimized with the Yoast SEO plugin v27.4 - https:\/\/yoast.com\/product\/yoast-seo-wordpress\/ -->\n<title>Conformitat - Freixenet Spain<\/title>\n<meta name=\"robots\" content=\"index, follow, max-snippet:-1, max-image-preview:large, max-video-preview:-1\" \/>\n<link rel=\"canonical\" href=\"https:\/\/freixenet.com\/es\/ca\/conformitat\/\" \/>\n<meta property=\"og:locale\" content=\"ca_ES\" \/>\n<meta property=\"og:type\" content=\"article\" \/>\n<meta property=\"og:title\" content=\"Conformitat - Freixenet Spain\" \/>\n<meta property=\"og:url\" content=\"https:\/\/freixenet.com\/es\/ca\/conformitat\/\" \/>\n<meta property=\"og:site_name\" content=\"Freixenet Spain\" \/>\n<meta property=\"article:publisher\" content=\"https:\/\/www.facebook.com\/FreixenetES\" \/>\n<meta property=\"article:modified_time\" content=\"2025-06-17T11:43:02+00:00\" \/>\n<meta name=\"twitter:card\" content=\"summary_large_image\" \/>\n<meta name=\"twitter:label1\" content=\"Est. reading time\" \/>\n\t<meta name=\"twitter:data1\" content=\"1 minute\" \/>\n<script type=\"application\/ld+json\" class=\"yoast-schema-graph\">{\"@context\":\"https:\\\/\\\/schema.org\",\"@graph\":[{\"@type\":\"WebPage\",\"@id\":\"https:\\\/\\\/freixenet.com\\\/es\\\/ca\\\/conformitat\\\/\",\"url\":\"https:\\\/\\\/freixenet.com\\\/es\\\/ca\\\/conformitat\\\/\",\"name\":\"Conformitat - Freixenet Spain\",\"isPartOf\":{\"@id\":\"https:\\\/\\\/freixenet.com\\\/es\\\/ca\\\/#website\"},\"datePublished\":\"2025-05-28T09:19:45+00:00\",\"dateModified\":\"2025-06-17T11:43:02+00:00\",\"breadcrumb\":{\"@id\":\"https:\\\/\\\/freixenet.com\\\/es\\\/ca\\\/conformitat\\\/#breadcrumb\"},\"inLanguage\":\"ca\",\"potentialAction\":[{\"@type\":\"ReadAction\",\"target\":[\"https:\\\/\\\/freixenet.com\\\/es\\\/ca\\\/conformitat\\\/\"]}]},{\"@type\":\"BreadcrumbList\",\"@id\":\"https:\\\/\\\/freixenet.com\\\/es\\\/ca\\\/conformitat\\\/#breadcrumb\",\"itemListElement\":[{\"@type\":\"ListItem\",\"position\":1,\"name\":\"Home\",\"item\":\"https:\\\/\\\/freixenet.com\\\/es\\\/ca\\\/\"},{\"@type\":\"ListItem\",\"position\":2,\"name\":\"Conformitat\"}]},{\"@type\":\"WebSite\",\"@id\":\"https:\\\/\\\/freixenet.com\\\/es\\\/ca\\\/#website\",\"url\":\"https:\\\/\\\/freixenet.com\\\/es\\\/ca\\\/\",\"name\":\"Freixenet Spain\",\"description\":\"The most emblematic wineries of Freixenet combine tradition and innovation and have the deepest ancient cellars, located 20 meters underground.\",\"publisher\":{\"@id\":\"https:\\\/\\\/freixenet.com\\\/es\\\/ca\\\/#organization\"},\"potentialAction\":[{\"@type\":\"SearchAction\",\"target\":{\"@type\":\"EntryPoint\",\"urlTemplate\":\"https:\\\/\\\/freixenet.com\\\/es\\\/ca\\\/?s={search_term_string}\"},\"query-input\":{\"@type\":\"PropertyValueSpecification\",\"valueRequired\":true,\"valueName\":\"search_term_string\"}}],\"inLanguage\":\"ca\"},{\"@type\":\"Organization\",\"@id\":\"https:\\\/\\\/freixenet.com\\\/es\\\/ca\\\/#organization\",\"name\":\"Freixenet Spain\",\"url\":\"https:\\\/\\\/freixenet.com\\\/es\\\/ca\\\/\",\"logo\":{\"@type\":\"ImageObject\",\"inLanguage\":\"ca\",\"@id\":\"https:\\\/\\\/freixenet.com\\\/es\\\/ca\\\/#\\\/schema\\\/logo\\\/image\\\/\",\"url\":\"https:\\\/\\\/freixenet.com\\\/app\\\/uploads\\\/sites\\\/2\\\/2025\\\/06\\\/freixenet-site-icon.png\",\"contentUrl\":\"https:\\\/\\\/freixenet.com\\\/app\\\/uploads\\\/sites\\\/2\\\/2025\\\/06\\\/freixenet-site-icon.png\",\"width\":512,\"height\":512,\"caption\":\"Freixenet Spain\"},\"image\":{\"@id\":\"https:\\\/\\\/freixenet.com\\\/es\\\/ca\\\/#\\\/schema\\\/logo\\\/image\\\/\"},\"sameAs\":[\"https:\\\/\\\/www.facebook.com\\\/FreixenetES\"]}]}<\/script>\n<!-- \/ Yoast SEO plugin. -->","yoast_head_json":{"title":"Conformitat - Freixenet Spain","robots":{"index":"index","follow":"follow","max-snippet":"max-snippet:-1","max-image-preview":"max-image-preview:large","max-video-preview":"max-video-preview:-1"},"canonical":"https:\/\/freixenet.com\/es\/ca\/conformitat\/","og_locale":"ca_ES","og_type":"article","og_title":"Conformitat - Freixenet Spain","og_url":"https:\/\/freixenet.com\/es\/ca\/conformitat\/","og_site_name":"Freixenet Spain","article_publisher":"https:\/\/www.facebook.com\/FreixenetES","article_modified_time":"2025-06-17T11:43:02+00:00","twitter_card":"summary_large_image","twitter_misc":{"Est. reading time":"1 minute"},"schema":{"@context":"https:\/\/schema.org","@graph":[{"@type":"WebPage","@id":"https:\/\/freixenet.com\/es\/ca\/conformitat\/","url":"https:\/\/freixenet.com\/es\/ca\/conformitat\/","name":"Conformitat - Freixenet Spain","isPartOf":{"@id":"https:\/\/freixenet.com\/es\/ca\/#website"},"datePublished":"2025-05-28T09:19:45+00:00","dateModified":"2025-06-17T11:43:02+00:00","breadcrumb":{"@id":"https:\/\/freixenet.com\/es\/ca\/conformitat\/#breadcrumb"},"inLanguage":"ca","potentialAction":[{"@type":"ReadAction","target":["https:\/\/freixenet.com\/es\/ca\/conformitat\/"]}]},{"@type":"BreadcrumbList","@id":"https:\/\/freixenet.com\/es\/ca\/conformitat\/#breadcrumb","itemListElement":[{"@type":"ListItem","position":1,"name":"Home","item":"https:\/\/freixenet.com\/es\/ca\/"},{"@type":"ListItem","position":2,"name":"Conformitat"}]},{"@type":"WebSite","@id":"https:\/\/freixenet.com\/es\/ca\/#website","url":"https:\/\/freixenet.com\/es\/ca\/","name":"Freixenet Spain","description":"The most emblematic wineries of Freixenet combine tradition and innovation and have the deepest ancient cellars, located 20 meters underground.","publisher":{"@id":"https:\/\/freixenet.com\/es\/ca\/#organization"},"potentialAction":[{"@type":"SearchAction","target":{"@type":"EntryPoint","urlTemplate":"https:\/\/freixenet.com\/es\/ca\/?s={search_term_string}"},"query-input":{"@type":"PropertyValueSpecification","valueRequired":true,"valueName":"search_term_string"}}],"inLanguage":"ca"},{"@type":"Organization","@id":"https:\/\/freixenet.com\/es\/ca\/#organization","name":"Freixenet Spain","url":"https:\/\/freixenet.com\/es\/ca\/","logo":{"@type":"ImageObject","inLanguage":"ca","@id":"https:\/\/freixenet.com\/es\/ca\/#\/schema\/logo\/image\/","url":"https:\/\/freixenet.com\/app\/uploads\/sites\/2\/2025\/06\/freixenet-site-icon.png","contentUrl":"https:\/\/freixenet.com\/app\/uploads\/sites\/2\/2025\/06\/freixenet-site-icon.png","width":512,"height":512,"caption":"Freixenet Spain"},"image":{"@id":"https:\/\/freixenet.com\/es\/ca\/#\/schema\/logo\/image\/"},"sameAs":["https:\/\/www.facebook.com\/FreixenetES"]}]}},"_links":{"self":[{"href":"https:\/\/freixenet.com\/es\/ca\/wp-json\/wp\/v2\/pages\/3154","targetHints":{"allow":["GET"]}}],"collection":[{"href":"https:\/\/freixenet.com\/es\/ca\/wp-json\/wp\/v2\/pages"}],"about":[{"href":"https:\/\/freixenet.com\/es\/ca\/wp-json\/wp\/v2\/types\/page"}],"author":[{"embeddable":true,"href":"https:\/\/freixenet.com\/es\/ca\/wp-json\/wp\/v2\/users\/1"}],"replies":[{"embeddable":true,"href":"https:\/\/freixenet.com\/es\/ca\/wp-json\/wp\/v2\/comments?post=3154"}],"version-history":[{"count":1,"href":"https:\/\/freixenet.com\/es\/ca\/wp-json\/wp\/v2\/pages\/3154\/revisions"}],"predecessor-version":[{"id":3155,"href":"https:\/\/freixenet.com\/es\/ca\/wp-json\/wp\/v2\/pages\/3154\/revisions\/3155"}],"wp:attachment":[{"href":"https:\/\/freixenet.com\/es\/ca\/wp-json\/wp\/v2\/media?parent=3154"}],"curies":[{"name":"wp","href":"https:\/\/api.w.org\/{rel}","templated":true}]}}