{"id":3146,"date":"2025-05-28T09:17:27","date_gmt":"2025-05-28T09:17:27","guid":{"rendered":"https:\/\/freixenet.com\/es\/?page_id=3146"},"modified":"2025-06-17T11:35:50","modified_gmt":"2025-06-17T11:35:50","slug":"politica-de-cookies","status":"publish","type":"page","link":"https:\/\/freixenet.com\/es\/ca\/politica-de-cookies\/","title":{"rendered":"Pol\u00edtica de Cookies"},"content":{"rendered":"\n<div class=\"wp-block-group is-vertical is-content-justification-center is-nowrap is-layout-flex wp-container-core-group-is-layout-a31effde wp-block-group-is-layout-flex\">\n<h2 class=\"wp-block-heading has-text-align-center has-secondary-color has-text-color has-link-color has-heading-4-xl-font-size wp-elements-90fd227e92ce29538408bb1b2caffd2a\" style=\"text-transform:uppercase\"><mark style=\"background-color:rgba(0, 0, 0, 0)\" class=\"has-inline-color has-current-color\">Pol\u00edtica de<\/mark><br>Cookies<\/h2>\n<\/div>\n\n\n<div class=\"wp-bootstrap-blocks-container container\">\n\t\n\n<p>Posem a disposici\u00f3 de l\u2019usuari aquesta pol\u00edtica de cookies, on podreu trobar tots els detalls sobre l\u2019\u00fas de cookies a la nostra p\u00e0gina web. Aconsellem als usuaris que visitin aquesta pol\u00edtica de cookies amb freq\u00fc\u00e8ncia, ja que aquesta pot ser actualitzada en qualsevol moment.<\/p>\n\n\n\n<figure class=\"wp-block-table\"><table class=\"has-fixed-layout\"><tbody><tr><td>QUI?<\/td><td>COMERCIAL GRUPO FREIXENET, S.A., con C.I.F. A-58588922, y domicilio social en Joan Sala 2, 08770 Sant Sadum\u00ed d\u2019Anoia, Barcelona (ESPA\u00d1A).<\/td><\/tr><tr><td>QU\u00c8?<\/td><td>Les galetes s\u00f3n petits fitxers que s\u2019instal\u00b7len a l\u2019equip de l\u2019usuari quan aquest accedeix a un lloc web.<\/td><\/tr><tr><td>QUINS?<\/td><td>Els tipus de cookies utilitzats al lloc web s\u00f3n els seg\u00fcents:&nbsp;&nbsp;<a href=\"https:\/\/translate.google.com\/website?sl=auto&amp;tl=ca&amp;hl=es-419&amp;client=webapp&amp;u=https:\/\/www.freixenet.es\/es\/politica-de-cookies%23cookies\">tipus de cookies utilitzats<\/a><\/td><\/tr><tr><td>PER I PER A QU\u00c8?<\/td><td>Les finalitats de cadascuna de les galetes utilitzades s\u00f3n les seg\u00fcents:&nbsp;&nbsp;<a href=\"https:\/\/translate.google.com\/website?sl=auto&amp;tl=ca&amp;hl=es-419&amp;client=webapp&amp;u=https:\/\/www.freixenet.es\/es\/politica-de-cookies%23cookies\">tipus de galetes utilitzats<\/a>&nbsp;.<\/td><\/tr><tr><td>QUAN?<\/td><td>Les vostres dades personals seran conservades mentre sigui necessari per aconseguir la finalitat per a la qual van ser recollides. En els sup\u00f2sits d\u2019aquelles galetes que requereixin el seu consentiment previ, les dades seran conservades mentre no revoqueu el consentiment atorgat.<\/td><\/tr><tr><td>ON?<\/td><td>\u00c9s possible que el responsable necessiti transferir les vostres dades a tercers, en utilitzar cookies de tercers, sempre amb l\u2019objectiu d\u2019aconseguir les finalitats proposades. Si per algun motiu es realitzessin transfer\u00e8ncies internacionals de dades fora de la Uni\u00f3 Europea, se l\u2019informaria pr\u00e8viament i se\u2019n sol\u00b7licitaria el consentiment a aquest efecte.<\/td><\/tr><tr><td>COM?<\/td><td>Podeu permetre o bloquejar les cookies, aix\u00ed com esborrar les vostres dades de navegaci\u00f3 des del navegador que vost\u00e8 utilitza. Consulteu les opcions i instruccions que ofereix el vostre navegador. Tingueu en compte que, si accepteu les galetes de tercers, haureu d\u2019eliminar-les des de les opcions del navegador.<\/td><\/tr><\/tbody><\/table><\/figure>\n\n\n\n<h2 class=\"wp-block-heading\">QUI \u00c9S EL RESPONSABLE DE LES SEVES DADES?<\/h2>\n\n\n\n<ul class=\"wp-block-list\">\n<li>a. Segons l\u2019entitat que gestioneu les cookies:\n<ul class=\"wp-block-list\">\n<li>Cookies pr\u00f2pies:\u00a0\u00a0s\u00f3n aquelles que s\u2019envien al dispositiu o terminal de l\u2019usuari des del nostre equip o domini, a m\u00e9s s\u00f3n gestionades per nosaltres mateixos, com a titulars i editors de la present p\u00e0gina web.<\/li>\n\n\n\n<li>Galetes de tercers:\u00a0\u00a0s\u00f3n aquelles que s\u00f3n enviades al dispositiu o terminal de l\u2019usuari des d\u2019un equip o domini que no \u00e9s gestionat per nosaltres mateixos, sin\u00f3 per un tercer que tractar\u00e0 la informaci\u00f3 obtinguda a trav\u00e9s de les galetes.<\/li>\n\n\n\n<li>Segons el temps de conservaci\u00f3:<\/li>\n\n\n\n<li>Cookies de sessi\u00f3:\u00a0\u00a0s\u00f3n aquelles que recullen i emmagatzemen les dades quan l\u2019usuari accedeix a la p\u00e0gina web i cessen una vegada que l\u2019usuari en surt.<\/li>\n\n\n\n<li>Galetes persistents:\u00a0\u00a0s\u00f3n aquelles que tenen una durada determinada en el temps pel responsable del tractament. El temps de conservaci\u00f3 pot variar entre uns minuts i uns quants anys. S\u2019utilitzen per desar i recuperar certs par\u00e0metres cada cop que l\u2019usuari visiti la p\u00e0gina web.<\/li>\n<\/ul>\n<\/li>\n\n\n\n<li>b. Segons la finalitat:\n<ul class=\"wp-block-list\">\n<li>Galetes t\u00e8cniques:\u00a0\u00a0s\u00f3n aquelles imprescindibles i estrictament necess\u00e0ries per al correcte funcionament de la p\u00e0gina web i utilitzar les diferents opcions o serveis que oferim. Per exemple, les que serveixen per al manteniment de la sessi\u00f3, la gesti\u00f3 del temps de resposta, el rendiment o la validaci\u00f3 d\u2019opcions, utilitzar elements de seguretat, compartir contingut amb xarxes socials, etc.<\/li>\n\n\n\n<li>Galetes de personalitzaci\u00f3:\u00a0\u00a0s\u00f3n aquelles que permeten que l\u2019usuari pugui especificar o personalitzar algunes caracter\u00edstiques de la p\u00e0gina web. Per exemple, definir l\u2019idioma, la configuraci\u00f3 regional o el tipus de navegador.<\/li>\n\n\n\n<li>Galetes d\u2019an\u00e0lisi:\u00a0\u00a0s\u00f3n aquelles que ens permeten fer un seguiment i an\u00e0lisi del comportament de l\u2019usuari a la nostra p\u00e0gina web per elaborar perfils de navegaci\u00f3 i poder con\u00e8ixer les prefer\u00e8ncies dels usuaris del mateix. Se solen utilitzar per mesurar l\u2019activitat de l\u2019usuari amb l\u2019objectiu de millorar el servei que us oferim en funci\u00f3 dels resultats que obtenim. Per exemple, mitjan\u00e7ant una galeta anal\u00edtica es controlarien les \u00e0rees geogr\u00e0fiques de m\u00e9s inter\u00e8s d\u2019un usuari, quin \u00e9s el producte o servei de m\u00e9s acceptaci\u00f3, etc.<\/li>\n\n\n\n<li>Cookies publicit\u00e0ries:\u00a0\u00a0s\u00f3n aquelles que ens permeten la gesti\u00f3 dels espais publicitaris als llocs web.<\/li>\n\n\n\n<li>Galetes de publicitat comportamental:\u00a0\u00a0s\u00f3n aquelles que permeten la gesti\u00f3 dels espais publicitaris de la nostra p\u00e0gina web. La funci\u00f3 d\u2019aquestes galetes \u00e9s emmagatzemar informaci\u00f3 del comportament dels usuaris a la nostra p\u00e0gina web, per posteriorment mostrar publicitat personalitzada.<\/li>\n<\/ul>\n<\/li>\n<\/ul>\n\n\n\n<figure class=\"wp-block-table\"><table class=\"has-fixed-layout\"><tbody><tr><td>Galeta<\/td><td>Prop\u00f2sit<\/td><\/tr><tr><td>RUL<\/td><td>Cookies necess\u00e0ries per a la utilitzaci\u00f3 de les opcions i serveis del lloc web. Expira als 12 mesos.<\/td><\/tr><tr><td>__cf_bm<\/td><td>Cookies necess\u00e0ries per a la utilitzaci\u00f3 de les opcions i serveis del lloc web. Expira amb la sessi\u00f3 de lusuari.<\/td><\/tr><tr><td>av\u00eds_cookies<\/td><td>Cookies pr\u00f2pies necess\u00e0ries per a la utilitzaci\u00f3 de les opcions i serveis del lloc web. Expireu al mes, a excepci\u00f3 de la galeta \u201cuser_lang\u201d, que expira amb la sessi\u00f3.<\/td><\/tr><tr><td>_GRECAPTCHA<\/td><td>Cookies necess\u00e0ries per a la utilitzaci\u00f3 de les opcions i serveis del lloc web. Expira al mes.<\/td><\/tr><tr><td>buit<\/td><td>Cookies necess\u00e0ries per a la utilitzaci\u00f3 de les opcions i serveis del lloc web. Expira als dos anys.<\/td><\/tr><tr><td><\/td><td>Rastrejador de consentiment de galetes de Google. Expira als 16 anys.<\/td><\/tr><tr><td><\/td><td>Aquestes galetes s\u2019estableixen a trav\u00e9s de v\u00eddeos de youtube incrustats. Enregistren les dades estad\u00edstiques an\u00f2nimes sobre, per exemple, quantes vegades es reprodueix el v\u00eddeo i les configuracions que s\u2019utilitzen per a la reproducci\u00f3.<\/td><\/tr><tr><td><\/td><td>Cookie pr\u00f2pia, que permet identificar els usuaris. Expira als dos anys.<\/td><\/tr><tr><td><\/td><td>Cookie pr\u00f2pia utilitzada per monitoritzar el nombre de peticions al servidor de Google Analytics quan s\u2019utilitza l\u2019administrador d\u2019etiquetes Google. Expira amb la sessi\u00f3 de lusuari.<\/td><\/tr><tr><td><\/td><td>Cookie pr\u00f2pia, que permet identificar els usuaris durant 24 hores despr\u00e9s de la darrera activitat. Expira a les 22 hores.<\/td><\/tr><tr><td><\/td><td>Aquestes cookies es fan servir per lliurar anuncis m\u00e9s rellevants per a vost\u00e8 i els seus interessos. Expireu als 5 mesos ia l\u2019any, respectivament.<\/td><\/tr><tr><td><\/td><td>Aquesta galeta s\u2019utilitza per orientar, analitzar i optimitzar les campanyes publicit\u00e0ries a DoubleClick \/ Google Marketing Suite. Expira als 7 mesos.<\/td><\/tr><tr><td><\/td><td>Cookie pr\u00f2pia utilitzada per Google AdSense per experimentar amb la publicitat a trav\u00e9s de lefici\u00e8ncia de llocs web que utilitzen els seus serveis. Expira als 3 mesos.<\/td><\/tr><tr><td><\/td><td>Descarregar certes eines de Google i desar certes prefer\u00e8ncies, per exemple, el nombre de resultats de la cerca per full o l\u2019activaci\u00f3 del filtre SafeSearch. Ajusteu els anuncis que apareixen a la cerca de Google. Expireu als 5 mesos, a excepci\u00f3 de la galeta SID, que expira a l\u2019any.<\/td><\/tr><tr><td><\/td><td>Google utilitza aquestes galetes per fer publicitat m\u00e9s atractiva per als usuaris i m\u00e9s valuosa per als editors i anunciants. Expira als dos mesos.<\/td><\/tr><tr><td><\/td><td>Aquestes galetes s\u2019utilitzen per recopilar estad\u00edstiques del lloc web i rastrejar les taxes de conversi\u00f3 i la personalitzaci\u00f3 d\u2019anuncis de Google. Expira en un mes.<\/td><\/tr><\/tbody><\/table><\/figure>\n\n\n\n<h2 class=\"wp-block-heading\"><\/h2>\n\n\n\n<ul class=\"wp-block-list\">\n<li><a href=\"https:\/\/translate.google.com\/website?sl=auto&amp;tl=ca&amp;hl=es-419&amp;client=webapp&amp;u=https:\/\/support.google.com\/chrome\/bin\/answer.py?hl%3Des%26answer%3D95647\" target=\"_blank\" rel=\"noreferrer noopener\">Configuraci\u00f3 de cookies per a Google Chrome<\/a><\/li>\n\n\n\n<li><a href=\"https:\/\/translate.google.com\/website?sl=auto&amp;tl=ca&amp;hl=es-419&amp;client=webapp&amp;u=https:\/\/support.mozilla.org\/es\/kb\/cookies-informacion-que-los-sitios-web-guardan-en-?redirectlocale%3Den-US%26redirectslug%3DCookies\" target=\"_blank\" rel=\"noreferrer noopener\">Configuraci\u00f3 de galetes per a Mozilla Firefox<\/a><\/li>\n\n\n\n<li><a href=\"https:\/\/translate.google.com\/website?sl=auto&amp;tl=ca&amp;hl=es-419&amp;client=webapp&amp;u=https:\/\/support.microsoft.com\/kb\/196955\/es\" target=\"_blank\" rel=\"noreferrer noopener\">Configuraci\u00f3 de cookies per a Internet Explorer<\/a><\/li>\n\n\n\n<li><a href=\"https:\/\/translate.google.com\/website?sl=auto&amp;tl=ca&amp;hl=es-419&amp;client=webapp&amp;u=https:\/\/support.apple.com\/kb\/HT1677?viewlocale%3Des_ES\" target=\"_blank\" rel=\"noreferrer noopener\">Configuraci\u00f3 de cookies per a Safari<\/a><\/li>\n<\/ul>\n\n\n\n<h2 class=\"wp-block-heading\"><\/h2>\n\n\n\n<ul class=\"wp-block-list\">\n<li>\n<ul class=\"wp-block-list\">\n<li>Google, les Pol\u00edtiques de Cookies del qual pot consultar en els seg\u00fcents links:\u00a0\u00a0<a href=\"https:\/\/translate.google.com\/website?sl=auto&amp;tl=ca&amp;hl=es-419&amp;client=webapp&amp;u=https:\/\/developers.google.com\/analytics\/devguides\/collection\/analyticsjs\/cookies-user-id?hl%3Des\">https:\/\/developers.google.com\/analytics\/devguides\/collection\/analyticsjs\/cookies-user-id?hl=ca<\/a>\u00a0\u00a0;\u00a0\u00a0<a href=\"https:\/\/translate.google.com\/website?sl=auto&amp;tl=ca&amp;hl=es-419&amp;client=webapp&amp;u=https:\/\/safety.google\/privacy\/privacy-controls\/\">https:\/\/safety.google\/privacy\/privacy-controls\/<\/a>\u00a0.<\/li>\n\n\n\n<li>Vimeo, la Pol\u00edtica de Cookies del qual pot consultar al seg\u00fcent link:\u00a0\u00a0<a href=\"https:\/\/translate.google.com\/website?sl=auto&amp;tl=ca&amp;hl=es-419&amp;client=webapp&amp;u=https:\/\/vimeo.com\/cookie_policy\">https:\/\/vimeo.com\/cookie_policy<\/a>\u00a0.<\/li>\n<\/ul>\n<\/li>\n<\/ul>\n\n<\/div>\n","protected":false},"excerpt":{"rendered":"<p>Pol\u00edtica deCookies<\/p>\n","protected":false},"author":1,"featured_media":0,"parent":0,"menu_order":0,"comment_status":"closed","ping_status":"open","template":"","meta":{"_acf_changed":false,"footnotes":""},"class_list":["post-3146","page","type-page","status-publish","hentry"],"acf":[],"yoast_head":"<!-- This site is optimized with the Yoast SEO plugin v27.4 - https:\/\/yoast.com\/product\/yoast-seo-wordpress\/ -->\n<title>Pol\u00edtica de Cookies - Freixenet Spain<\/title>\n<meta name=\"robots\" content=\"index, follow, max-snippet:-1, max-image-preview:large, max-video-preview:-1\" \/>\n<link rel=\"canonical\" href=\"https:\/\/freixenet.com\/es\/ca\/politica-de-cookies\/\" \/>\n<meta property=\"og:locale\" content=\"ca_ES\" \/>\n<meta property=\"og:type\" content=\"article\" \/>\n<meta property=\"og:title\" content=\"Pol\u00edtica de Cookies - Freixenet Spain\" \/>\n<meta property=\"og:description\" content=\"Pol\u00edtica deCookies\" \/>\n<meta property=\"og:url\" content=\"https:\/\/freixenet.com\/es\/ca\/politica-de-cookies\/\" \/>\n<meta property=\"og:site_name\" content=\"Freixenet Spain\" \/>\n<meta property=\"article:publisher\" content=\"https:\/\/www.facebook.com\/FreixenetES\" \/>\n<meta property=\"article:modified_time\" content=\"2025-06-17T11:35:50+00:00\" \/>\n<meta name=\"twitter:card\" content=\"summary_large_image\" \/>\n<meta name=\"twitter:label1\" content=\"Est. reading time\" \/>\n\t<meta name=\"twitter:data1\" content=\"5 minutes\" \/>\n<script type=\"application\/ld+json\" class=\"yoast-schema-graph\">{\"@context\":\"https:\\\/\\\/schema.org\",\"@graph\":[{\"@type\":\"WebPage\",\"@id\":\"https:\\\/\\\/freixenet.com\\\/es\\\/ca\\\/politica-de-cookies\\\/\",\"url\":\"https:\\\/\\\/freixenet.com\\\/es\\\/ca\\\/politica-de-cookies\\\/\",\"name\":\"Pol\u00edtica de Cookies - Freixenet Spain\",\"isPartOf\":{\"@id\":\"https:\\\/\\\/freixenet.com\\\/es\\\/ca\\\/#website\"},\"datePublished\":\"2025-05-28T09:17:27+00:00\",\"dateModified\":\"2025-06-17T11:35:50+00:00\",\"breadcrumb\":{\"@id\":\"https:\\\/\\\/freixenet.com\\\/es\\\/ca\\\/politica-de-cookies\\\/#breadcrumb\"},\"inLanguage\":\"ca\",\"potentialAction\":[{\"@type\":\"ReadAction\",\"target\":[\"https:\\\/\\\/freixenet.com\\\/es\\\/ca\\\/politica-de-cookies\\\/\"]}]},{\"@type\":\"BreadcrumbList\",\"@id\":\"https:\\\/\\\/freixenet.com\\\/es\\\/ca\\\/politica-de-cookies\\\/#breadcrumb\",\"itemListElement\":[{\"@type\":\"ListItem\",\"position\":1,\"name\":\"Home\",\"item\":\"https:\\\/\\\/freixenet.com\\\/es\\\/ca\\\/\"},{\"@type\":\"ListItem\",\"position\":2,\"name\":\"Pol\u00edtica de Cookies\"}]},{\"@type\":\"WebSite\",\"@id\":\"https:\\\/\\\/freixenet.com\\\/es\\\/ca\\\/#website\",\"url\":\"https:\\\/\\\/freixenet.com\\\/es\\\/ca\\\/\",\"name\":\"Freixenet Spain\",\"description\":\"The most emblematic wineries of Freixenet combine tradition and innovation and have the deepest ancient cellars, located 20 meters underground.\",\"publisher\":{\"@id\":\"https:\\\/\\\/freixenet.com\\\/es\\\/ca\\\/#organization\"},\"potentialAction\":[{\"@type\":\"SearchAction\",\"target\":{\"@type\":\"EntryPoint\",\"urlTemplate\":\"https:\\\/\\\/freixenet.com\\\/es\\\/ca\\\/?s={search_term_string}\"},\"query-input\":{\"@type\":\"PropertyValueSpecification\",\"valueRequired\":true,\"valueName\":\"search_term_string\"}}],\"inLanguage\":\"ca\"},{\"@type\":\"Organization\",\"@id\":\"https:\\\/\\\/freixenet.com\\\/es\\\/ca\\\/#organization\",\"name\":\"Freixenet Spain\",\"url\":\"https:\\\/\\\/freixenet.com\\\/es\\\/ca\\\/\",\"logo\":{\"@type\":\"ImageObject\",\"inLanguage\":\"ca\",\"@id\":\"https:\\\/\\\/freixenet.com\\\/es\\\/ca\\\/#\\\/schema\\\/logo\\\/image\\\/\",\"url\":\"https:\\\/\\\/freixenet.com\\\/app\\\/uploads\\\/sites\\\/2\\\/2025\\\/06\\\/freixenet-site-icon.png\",\"contentUrl\":\"https:\\\/\\\/freixenet.com\\\/app\\\/uploads\\\/sites\\\/2\\\/2025\\\/06\\\/freixenet-site-icon.png\",\"width\":512,\"height\":512,\"caption\":\"Freixenet Spain\"},\"image\":{\"@id\":\"https:\\\/\\\/freixenet.com\\\/es\\\/ca\\\/#\\\/schema\\\/logo\\\/image\\\/\"},\"sameAs\":[\"https:\\\/\\\/www.facebook.com\\\/FreixenetES\"]}]}<\/script>\n<!-- \/ Yoast SEO plugin. -->","yoast_head_json":{"title":"Pol\u00edtica de Cookies - Freixenet Spain","robots":{"index":"index","follow":"follow","max-snippet":"max-snippet:-1","max-image-preview":"max-image-preview:large","max-video-preview":"max-video-preview:-1"},"canonical":"https:\/\/freixenet.com\/es\/ca\/politica-de-cookies\/","og_locale":"ca_ES","og_type":"article","og_title":"Pol\u00edtica de Cookies - Freixenet Spain","og_description":"Pol\u00edtica deCookies","og_url":"https:\/\/freixenet.com\/es\/ca\/politica-de-cookies\/","og_site_name":"Freixenet Spain","article_publisher":"https:\/\/www.facebook.com\/FreixenetES","article_modified_time":"2025-06-17T11:35:50+00:00","twitter_card":"summary_large_image","twitter_misc":{"Est. reading time":"5 minutes"},"schema":{"@context":"https:\/\/schema.org","@graph":[{"@type":"WebPage","@id":"https:\/\/freixenet.com\/es\/ca\/politica-de-cookies\/","url":"https:\/\/freixenet.com\/es\/ca\/politica-de-cookies\/","name":"Pol\u00edtica de Cookies - Freixenet Spain","isPartOf":{"@id":"https:\/\/freixenet.com\/es\/ca\/#website"},"datePublished":"2025-05-28T09:17:27+00:00","dateModified":"2025-06-17T11:35:50+00:00","breadcrumb":{"@id":"https:\/\/freixenet.com\/es\/ca\/politica-de-cookies\/#breadcrumb"},"inLanguage":"ca","potentialAction":[{"@type":"ReadAction","target":["https:\/\/freixenet.com\/es\/ca\/politica-de-cookies\/"]}]},{"@type":"BreadcrumbList","@id":"https:\/\/freixenet.com\/es\/ca\/politica-de-cookies\/#breadcrumb","itemListElement":[{"@type":"ListItem","position":1,"name":"Home","item":"https:\/\/freixenet.com\/es\/ca\/"},{"@type":"ListItem","position":2,"name":"Pol\u00edtica de Cookies"}]},{"@type":"WebSite","@id":"https:\/\/freixenet.com\/es\/ca\/#website","url":"https:\/\/freixenet.com\/es\/ca\/","name":"Freixenet Spain","description":"The most emblematic wineries of Freixenet combine tradition and innovation and have the deepest ancient cellars, located 20 meters underground.","publisher":{"@id":"https:\/\/freixenet.com\/es\/ca\/#organization"},"potentialAction":[{"@type":"SearchAction","target":{"@type":"EntryPoint","urlTemplate":"https:\/\/freixenet.com\/es\/ca\/?s={search_term_string}"},"query-input":{"@type":"PropertyValueSpecification","valueRequired":true,"valueName":"search_term_string"}}],"inLanguage":"ca"},{"@type":"Organization","@id":"https:\/\/freixenet.com\/es\/ca\/#organization","name":"Freixenet Spain","url":"https:\/\/freixenet.com\/es\/ca\/","logo":{"@type":"ImageObject","inLanguage":"ca","@id":"https:\/\/freixenet.com\/es\/ca\/#\/schema\/logo\/image\/","url":"https:\/\/freixenet.com\/app\/uploads\/sites\/2\/2025\/06\/freixenet-site-icon.png","contentUrl":"https:\/\/freixenet.com\/app\/uploads\/sites\/2\/2025\/06\/freixenet-site-icon.png","width":512,"height":512,"caption":"Freixenet Spain"},"image":{"@id":"https:\/\/freixenet.com\/es\/ca\/#\/schema\/logo\/image\/"},"sameAs":["https:\/\/www.facebook.com\/FreixenetES"]}]}},"_links":{"self":[{"href":"https:\/\/freixenet.com\/es\/ca\/wp-json\/wp\/v2\/pages\/3146","targetHints":{"allow":["GET"]}}],"collection":[{"href":"https:\/\/freixenet.com\/es\/ca\/wp-json\/wp\/v2\/pages"}],"about":[{"href":"https:\/\/freixenet.com\/es\/ca\/wp-json\/wp\/v2\/types\/page"}],"author":[{"embeddable":true,"href":"https:\/\/freixenet.com\/es\/ca\/wp-json\/wp\/v2\/users\/1"}],"replies":[{"embeddable":true,"href":"https:\/\/freixenet.com\/es\/ca\/wp-json\/wp\/v2\/comments?post=3146"}],"version-history":[{"count":1,"href":"https:\/\/freixenet.com\/es\/ca\/wp-json\/wp\/v2\/pages\/3146\/revisions"}],"predecessor-version":[{"id":3148,"href":"https:\/\/freixenet.com\/es\/ca\/wp-json\/wp\/v2\/pages\/3146\/revisions\/3148"}],"wp:attachment":[{"href":"https:\/\/freixenet.com\/es\/ca\/wp-json\/wp\/v2\/media?parent=3146"}],"curies":[{"name":"wp","href":"https:\/\/api.w.org\/{rel}","templated":true}]}}