{"id":3120,"date":"2025-02-05T17:30:00","date_gmt":"2025-02-05T17:30:00","guid":{"rendered":"https:\/\/freixenet.com\/es\/?page_id=3120"},"modified":"2025-06-17T10:40:04","modified_gmt":"2025-06-17T10:40:04","slug":"politica-de-privacitat","status":"publish","type":"page","link":"https:\/\/freixenet.com\/es\/ca\/politica-de-privacitat\/","title":{"rendered":"Pol\u00edtica de privacitat"},"content":{"rendered":"\n<div class=\"wp-block-group is-vertical is-content-justification-center is-nowrap is-layout-flex wp-container-core-group-is-layout-a31effde wp-block-group-is-layout-flex\">\n<h2 class=\"wp-block-heading has-text-align-center has-secondary-color has-text-color has-link-color has-heading-4-xl-font-size wp-elements-3257fb622d82cec6e6c921071fab5205\" style=\"text-transform:uppercase\"><mark style=\"background-color:rgba(0, 0, 0, 0)\" class=\"has-inline-color has-current-color\">Pol\u00edtica de<\/mark><br><em>Privacitat<\/em><\/h2>\n<\/div>\n\n\n<div class=\"wp-bootstrap-blocks-container container\">\n\t\n\n<p><a href=\"http:\/\/www.freixenet.com\/\"><strong>www.freixenet.com<\/strong><\/a><\/p>\n\n\n\n<ol class=\"wp-block-list\">\n<li><strong>Identitat del responsable del tractament de les dades personals<\/strong><\/li>\n<\/ol>\n\n\n\n<p>El responsable del tractament de les dades personals de l\u2019Usuari \u00e9s FREIXENET, S.A. con NIF\/CIF A08018939 (d\u2019ara en endavant, Responsable del Tractament), en corresponsabilitat amb COMERCIAL GRUPO FREIXENET, S.A. amb NIF\/CIF A58588922 (conjuntament denominats, els Corresponsables), i l\u2019informen que aquestes dades seran tractades de conformitat amb el que es disposa en el Reglament (UE) 2016\/679 de 27 d\u2019abril (GDPR)&nbsp;i la Llei org\u00e0nica 3\/2018 de 5 de desembre (LOPDGDD). Les seves dades de contacte s\u00f3n les seg\u00fcents:<\/p>\n\n\n\n<p>Adre\u00e7a:&nbsp; C\/ JOAN SALA, 2 08770 SANT SADURN\u00cd D\u2019ANOIA (BARCELONA)<\/p>\n\n\n\n<p>Tel\u00e8fon de contacte: +34938917000<\/p>\n\n\n\n<p>Email de contacte:&nbsp;<a href=\"mailto:gdpr@freixenet.com\">gdpr@freixenet.com<\/a><\/p>\n\n\n\n<p>Pot contactar amb el Delegat de Protecci\u00f3 de Dades (DPD)&nbsp;a trav\u00e9s de la seg\u00fcent plataforma:&nbsp;<a href=\"http:\/\/www.report-securely.eu\/freixenet\">www.report-securely.eu\/freixenet<\/a><\/p>\n\n\n\n<p>Li preguem que comuniqui de manera immediata al Responsable i\/o Corresponsables qualsevol modificaci\u00f3 de les seves dades de car\u00e0cter personal a fi que la informaci\u00f3 continguda en els fitxers del Responsable estigui en tot moment actualitzada i no contingui errors.<\/p>\n\n\n\n<ol start=\"2\" class=\"wp-block-list\">\n<li><strong>Fins dels tractaments a qu\u00e8 es destinen les dades personals<\/strong><\/li>\n<\/ol>\n\n\n\n<ol class=\"wp-block-list\">\n<li>Respondre a les q\u00fcestions que l\u2019interessat faci arribar al Responsable i\/o Corresponsables, aix\u00f2 \u00e9s, el manteniment de la relaci\u00f3 que s\u2019estableixi en els formularis que aquest \u00faltim empleni o per a atendre una sol\u00b7licitud o consulta.<\/li>\n\n\n\n<li>Remetre a l\u2019interessat comunicacions comercials (a t\u00edtol merament informatiu, per\u00f2 no limitatiu, newsletters, ofertes, aix\u00ed com comunicacions informatives i\/o publicitat de FREIXENET) sobre els nostres productes que puguin ser del seu inter\u00e8s.<\/li>\n<\/ol>\n\n\n\n<ol start=\"3\" class=\"wp-block-list\">\n<li><strong>Categories de dades personals<\/strong><\/li>\n<\/ol>\n\n\n\n<p>Les categories de dades&nbsp; que podem recaptar per a gestionar els tractaments anteriorment esmentats s\u00f3n dades identificaries i de contacte.<\/p>\n\n\n\n<p>L\u2019informem que les dades requerides s\u00f3n indispensables per a poder dur a terme els serveis sol\u00b7licitats, implicant la seva negativa a subministrar-los la impossibilitat de desenvolupar els mateixos.<\/p>\n\n\n\n<p>La informaci\u00f3 que l\u2019Usuari faciliti als Corresponsables a trav\u00e9s dels formularis haur\u00e0 de ser exacta i vera\u00e7. L\u2019Usuari garanteix l\u2019autenticitat de totes les dades que comuniqui i mantindr\u00e0 actualitzada la informaci\u00f3 donada als Corresponsables a fi que correspongui, en tot moment, amb la situaci\u00f3 real de l\u2019Usuari.&nbsp; En el sup\u00f2sit de manifestacions inexactes, incompletes o falses comunicades per l\u2019Usuari, aquest ser\u00e0 l\u2019\u00fanic responsable pels perjudicis que a causa d\u2019aix\u00f2 es poguessin causar als Corresponsables o a tercers.<\/p>\n\n\n\n<p>En cas que faciliti dades personals de tercers a trav\u00e9s dels formularis de registre d\u2019aquesta p\u00e0gina, vost\u00e8 es compromet a informar, pr\u00e8viament a la seva inclusi\u00f3, del contingut d\u2019aquesta pol\u00edtica de privacitat.<\/p>\n\n\n\n<p>Aquest Lloc web utilitza cookies que permeten el funcionament i la prestaci\u00f3 dels serveis oferts en aquest. Tamb\u00e9 podem recaptar informaci\u00f3 sobre vost\u00e8 a trav\u00e9s de l\u2019\u00fas de cookies o tecnologies similars en cas que el consenti expressament. Aquestes eines ens permeten obtenir dades relatives als seus h\u00e0bits de navegaci\u00f3, gustos i prefer\u00e8ncies. Si us plau, consulti la nostra Pol\u00edtica de Cookies &nbsp;per a obtenir m\u00e9s informaci\u00f3 sobre aquest tema.<\/p>\n\n\n\n<ol start=\"4\" class=\"wp-block-list\">\n<li><strong>Base legal per al tractament de les dades personals<\/strong><\/li>\n<\/ol>\n\n\n\n<p>La base legal per al tractament de les dades personals \u00e9s el consentiment expr\u00e9s i expl\u00edcit atorgat per l\u2019Usuari en cada cas, podent retirar el mateix en qualsevol moment.<\/p>\n\n\n\n<p>En relaci\u00f3 amb el tractament de les dades de car\u00e0cter personal per a l\u2019enviament d\u2019informaci\u00f3 relacionada amb els serveis prestats per la signatura la base de legitimaci\u00f3 ser\u00e0 addicionalment l\u2019inter\u00e8s leg\u00edtim dels Corresponsables.<\/p>\n\n\n\n<p>En qualsevol cas, als Corresponsables estar\u00e0n legitimat al tractament de les seves dades quan per a l\u2019execuci\u00f3 del contracte sigui necessari. Per a aquest \u00faltim, la comunicaci\u00f3 de les dades personals m\u00ednimes \u00e9s un requisit indispensable per a subscriure el contracte, per la qual cosa, en cas de no facilitar els mateixos pot ser que el Responsable no pugui facilitar el producte o atendre el servei sol\u00b7licitat.<\/p>\n\n\n\n<p>Aix\u00ed mateix, l\u2019informem que la base legal del tractament podr\u00e0 ser el compliment d\u2019una obligaci\u00f3 legal en aquells casos en qu\u00e8 una llei aix\u00ed ho estableixi.<\/p>\n\n\n\n<ol start=\"5\" class=\"wp-block-list\">\n<li><strong>Per\u00edodes de conservaci\u00f3 de les dades personals<\/strong><\/li>\n<\/ol>\n\n\n\n<p>Les dades personals nom\u00e9s &nbsp;seran conservades durant el temps m\u00ednim necessari per als fins del seu tractament i, en tot cas, fins que l\u2019usuari sol\u00b7liciti la seva supressi\u00f3.<\/p>\n\n\n\n<p>Posteriorment, les seves dades romandran degudament bloquejades fins a la prescripci\u00f3 de les accions legals que en funci\u00f3 de la normativa aplicable puguin derivar-se.<\/p>\n\n\n\n<ol start=\"6\" class=\"wp-block-list\">\n<li><strong>Destinataris de les dades personals<\/strong><\/li>\n<\/ol>\n\n\n\n<p>Als Corresponsables contracta amb tercers encarregats del tractament per a poder prestar els seus serveis. Amb excepci\u00f3 d\u2019aquestes entitats, no es comunicaran les seves dades a uns altres tercers, ni es realitzen transfer\u00e8ncies a altres pa\u00efsos localitzats fora del territori de la Uni\u00f3 Europea.<\/p>\n\n\n\n<p>En cas de que als Corresponsables del tractament tingui la intenci\u00f3 de transferir dades personals a un tercer pa\u00eds o organitzaci\u00f3 internacional, s\u2019informar\u00e0 l\u2019usuari sobre el tercer pa\u00eds o organitzaci\u00f3 internacional al qual es t\u00e9 la intenci\u00f3 de transferir les dades, aix\u00ed com de l\u2019exist\u00e8ncia o abs\u00e8ncia d\u2019una decisi\u00f3 d\u2019adequaci\u00f3 de la Comissi\u00f3, i si \u00e9s el cas, se li sol\u00b7licitar\u00e0 el seu consentiment i s\u2019especificaran les finalitats de la comunicaci\u00f3 i la identitat del tercer al qual seran comunicats.<\/p>\n\n\n\n<p>Tot aix\u00f2, amb excepci\u00f3 dels sup\u00f2sits en els quals un requeriment legal obligui a comunicar aquestes dades a un tercer.<\/p>\n\n\n\n<ol start=\"7\" class=\"wp-block-list\">\n<li><strong>Drets derivats del tractament de les dades personals<\/strong><\/li>\n<\/ol>\n\n\n\n<p>L\u2019usuari podr\u00e0 enfront als Corresponsables del tractament els seg\u00fcents drets reconeguts en el RGPD i en la Llei Org\u00e0nica 3\/2018, de 5 de desembre, de Protecci\u00f3 de Dades Personals i garantia dels drets digitals:<\/p>\n\n\n\n<ul class=\"wp-block-list\">\n<li><strong>Dret d\u2019acc\u00e9s<\/strong>: \u00e9s el dret de l\u2019usuari a obtenir confirmaci\u00f3 de si als Corresponsables est\u00e0 tractant o no les seves dades personals i, en cas afirmatiu, obtenir informaci\u00f3 sobre les seves dades concretes de car\u00e0cter personal i del tractament que el Responsable hagi realitzat o realitzi, aix\u00ed com, entre una altra, de la informaci\u00f3 disponible sobre l\u2019origen d\u2019aquestes dades i els destinataris de les comunicacions realitzades o previstes d\u2019aquests.<\/li>\n\n\n\n<li><strong>D Dret de rectificaci\u00f3<\/strong>: \u00e9s el dret de l\u2019usuari al fet que es modifiquin les seves dades personals que estiguin en poder dels Corresponsables i que resultin ser inexactes o, tenint en compte els fins del tractament, incomplets, i garantir la certesa de la informaci\u00f3 objecte del tractament.<\/li>\n\n\n\n<li><strong>Dret de supressi\u00f3<\/strong>: \u00e9s el dret de l\u2019usuari, sempre que la legislaci\u00f3 vigent no estableixi el contrari, a obtenir la supressi\u00f3 de les seves dades personals quan aquests ja no siguin necessaris per als fins per als quals van ser recollits o tractats; l\u2019usuari hagi retirat el seu consentiment al tractament i aquest no compti amb una altra base legal; l\u2019usuari s\u2019oposi al tractament i no existeixi un altre motiu leg\u00edtim per a continuar amb aquest; les dades personals hagin estat tractades il\u00b7l\u00edcitament; les dades personals hagin de suprimir-se en compliment d\u2019una obligaci\u00f3 legal.<\/li>\n\n\n\n<li><strong>Dret a la limitaci\u00f3 del tractament<\/strong>: \u00e9s el dret de l\u2019usuari a limitar el tractament de les seves dades personals. L\u2019usuari t\u00e9 dret a obtenir la limitaci\u00f3 del tractament quan impugni l\u2019exactitud de les seves dades personals, aix\u00f2 \u00e9s, exerciti els drets de rectificaci\u00f3 i els Corresponsables estigui en proc\u00e9s de determinar si escau la sol\u00b7licitud; el tractament sigui il\u00b7l\u00edcit, la qual cosa implica la supressi\u00f3 de les dades, per\u00f2 vost\u00e8 no desitgi que les seves dades siguin suprimides pels Corresponsables; els Corresponsables del tractament ja no necessiti les dades personals, per\u00f2 l\u2019usuari el necessiti per a fer reclamacions; i quan l\u2019Usuari s\u2019hagi oposat al tractament i els Corresponsables estigui en proc\u00e9s de determinar si escau la sol\u00b7licitud.<\/li>\n\n\n\n<li><strong>Dret a la portabilitat de les dades<\/strong>: en cas que el tractament s\u2019efectu\u00ef per mitjans automatitzats, l\u2019usuari tindr\u00e0 dret a rebre dels Corresponsables del tractament les seves dades personals en un format estructurat, d\u2019\u00fas com\u00fa i lectura mec\u00e0nica, i a transmetre\u2019ls a un altre responsable del tractament. Sempre que sigui t\u00e8cnicament possible, els Corresponsables del tractament transmetr\u00e0 directament les dades a aquest altre responsable. Tingui en compte que aquest dret no ser\u00e0 aplicable a: les dades de terceres persones que vost\u00e8 hagi facilitat als Corresponsables i les dades que li incumbeixin, per\u00f2 que hagin estat proporcionats als Corresponsables per tercers.<\/li>\n\n\n\n<li><strong>Dret d\u2019oposici\u00f3<\/strong>: \u00e9s el dret de l\u2019usuari al fet que no es dugui a terme el tractament de les seves dades de car\u00e0cter personal o se cessi el tractament dels mateixos per part dels Corresponsables. En el que al tractament es refereix, vost\u00e8 podr\u00e0 oposar-se a l\u2019enviament de comunicacions comercials tant pr\u00f2pies com de tercers.<\/li>\n\n\n\n<li><strong>Dret a no ser objecte d\u2019una decisi\u00f3 basada \u00fanicament en el tractament automatitzat<\/strong>,<br>inclosa l\u2019elaboraci\u00f3 de perfils, que produeixi efectes o afecti significativament.<\/li>\n<\/ul>\n\n\n\n<p>Si vol obtenir m\u00e9s informaci\u00f3 sobre els seus drets, li suggerim que visiti la p\u00e0gina web de l\u2019Ag\u00e8ncia Espanyola de Protecci\u00f3 de Dades, aix\u00ed com el Reglament Europeu de Protecci\u00f3 de Dades.<\/p>\n\n\n\n<p>L\u2019usuari podr\u00e0 exercitar els seus drets mitjan\u00e7ant comunicaci\u00f3 escrita dirigida al Responsable del tractament remesa a la seg\u00fcent adre\u00e7a i\/o plataforma:<\/p>\n\n\n\n<p><strong>Adre\u00e7a postal<\/strong>:&nbsp;&nbsp;&nbsp; C\/ Joan Sala, 2 \u2013 08770 Sant Sadurn\u00ed d\u2019Anoia (Barcelona)<\/p>\n\n\n\n<p><strong>Plataforma<\/strong>:&nbsp;<a href=\"http:\/\/www.report-securely.eu\/freixenet\">www.report-securely.eu\/freixenet<\/a><\/p>\n\n\n\n<p>Haur\u00e0 d\u2019indicar clarament quin dret desitja exercir i aportar una c\u00f2pia del seu document d\u2019identitat per a acreditar la seva identificaci\u00f3.<\/p>\n\n\n\n<p>L\u2019interessat pot, en qualsevol moment, revocar el consentiment pr\u00e8viament atorgat per a usar les seves dades. En cas de revocar el consentiment per a emmagatzemar i processar les seves dades, les Corresponsables no podr\u00e0 proporcionar-li determinats serveis.<\/p>\n\n\n\n<ol start=\"8\" class=\"wp-block-list\">\n<li><strong>Reclamacions davant l\u2019autoritat de control<\/strong><\/li>\n<\/ol>\n\n\n\n<p>En cas que l\u2019usuari consideri que existeix un problema o infracci\u00f3 de la normativa vigent en la forma en la qual s\u2019estan tractant les seves dades personals, tindr\u00e0 dret a la tutela judicial efectiva i a presentar una reclamaci\u00f3 davant una autoritat de control, en particular, en l\u2019Estat en el qual tingui la seva resid\u00e8ncia habitual, lloc de treball o lloc de la suposada infracci\u00f3.<\/p>\n\n\n\n<p>En el cas d\u2019Espanya, l\u2019autoritat de control \u00e9s l\u2019Ag\u00e8ncia Espanyola de Protecci\u00f3 de Dades (<a href=\"http:\/\/www.agpd.es\/\">http:\/\/www.agpd.es<\/a>), els tel\u00e8fons de les quals s\u00f3n 900 293 193 i 900 293 621 i adre\u00e7a postal C\/ Jorge Juan, 6 \u2013 28001 Madrid.<\/p>\n\n\n\n<ol start=\"9\" class=\"wp-block-list\">\n<li><strong>Secret i seguretat de les dades personals<\/strong><\/li>\n<\/ol>\n\n\n\n<p>Els Corresponsables garanteix a l\u2019usuari que el tractament que es realitza compleix amb totes les disposicions de les normatives en mat\u00e8ria de protecci\u00f3 de dades anteriorment citades i que les dades s\u00f3n tractades de manera l\u00edcita, lleial i transparent en relaci\u00f3 amb l\u2019interessat i adequats, pertinents i limitats al necessari en relaci\u00f3 amb els fins per als quals s\u00f3n tractats.<\/p>\n\n\n\n<p>Els Corresponsables es compromet a adoptar les mesures t\u00e8cniques i organitzatives necess\u00e0ries, segons el nivell de seguretat adequat al risc de les dades recollides, de manera que es garanteixi la seguretat de les dades de car\u00e0cter personal i s\u2019eviti la destrucci\u00f3, p\u00e8rdua o alteraci\u00f3 accidental o il\u00b7l\u00edcita de dades personals transmeses, conservats o tractats d\u2019una altra forma, o la comunicaci\u00f3 o acc\u00e9s no autoritzats a aquestes dades.<\/p>\n\n\n\n<p>Les dades personals seran tractats com a confidencials pels Corresponsables del tractament, qui es compromet a informar de i a garantir per mitj\u00e0 d\u2019una obligaci\u00f3 legal o contractual que aquesta confidencialitat sigui respectada pels seus empleats, associats, i tota persona a la qual li faci accessible la informaci\u00f3.<\/p>\n\n\n\n<ol start=\"10\" class=\"wp-block-list\">\n<li><strong>Enlla\u00e7os a llocs web de tercers<\/strong><\/li>\n<\/ol>\n\n\n\n<p>El lloc web pot incloure enlla\u00e7os o enlla\u00e7os que permeten accedir a p\u00e0gines web de tercers diferents dels Corresponsables i que per tant no s\u00f3n operats pels Corresponsables.<\/p>\n\n\n\n<p>Els titulars d\u2019aquests llocs web disposaran de les seves pr\u00f2pies pol\u00edtiques de protecci\u00f3 de dades, sent ells mateixos, en cada cas, responsables dels seus propis fitxers i de les seves pr\u00f2pies pr\u00e0ctiques de privacitat.<\/p>\n\n\n\n<ol start=\"11\" class=\"wp-block-list\">\n<li><strong>Proced\u00e8ncia i Veracitat de les dades<\/strong><\/li>\n<\/ol>\n\n\n\n<p>La totalitat de les dades recaptades procedeixen de l\u2019interessat. L\u2019Usuari, mitjan\u00e7ant l\u2019acceptaci\u00f3 de la present Pol\u00edtica de Privacitat, declara i es compromet a garantir la veracitat i exactitud de les dades aportades, aix\u00ed com ser el leg\u00edtim titular d\u2019aquests.<\/p>\n\n\n\n<p>Aix\u00ed mateix, l\u2019Usuari es compromet a mantenir actualitzats les seves dades en tot moment, i a comunicar sense demora als Corresponsables qualsevol modificaci\u00f3 transcendent, tal com el canvi de titularitat del seu compte bancari, o la modificaci\u00f3 del seu compte de correu electr\u00f2nic proporcionada a trav\u00e9s dels pertinents formularis allotjats en la web de Freixenet.<\/p>\n\n\n\n<p>En aquest sentit, l\u2019Usuari ser\u00e0 l\u2019\u00fanic responsable de l\u2019incompliment del que es preveu anteriorment, exonerant als Corresponsables de tota la responsabilitat respecte a aquestes dades que l\u2019Usuari no li hagi comunicat pr\u00e8viament.<\/p>\n\n\n\n<ol start=\"12\" class=\"wp-block-list\">\n<li><strong>Acceptaci\u00f3 i canvis en aquesta pol\u00edtica de privacitat<\/strong><\/li>\n<\/ol>\n\n\n\n<p>\u00c9s necessari que l\u2019usuari hagi llegit i estigui conforme amb les condicions sobre la protecci\u00f3 de dades de car\u00e0cter personal contingudes en aquesta Pol\u00edtica de Privacitat, aix\u00ed com que accepti el tractament de les seves dades personals perqu\u00e8 els Corresponsables del tractament pugui procedir al mateix en la forma, durant els terminis i per a les finalitats indicades. L\u2019\u00fas del lloc web implicar\u00e0 l\u2019acceptaci\u00f3 de la Pol\u00edtica de Privacitat.<\/p>\n\n\n\n<p>Els Corresponsables es reserva el dret a modificar la seva Pol\u00edtica de Privacitat, d\u2019acord amb el seu propi criteri, o motivat per un canvi legislatiu, jurisprudencial o doctrinal de l\u2019Ag\u00e8ncia Espanyola de Protecci\u00f3 de Dades.<\/p>\n\n<\/div>\n","protected":false},"excerpt":{"rendered":"<p>Pol\u00edtica dePrivacitat<\/p>\n","protected":false},"author":1,"featured_media":0,"parent":0,"menu_order":0,"comment_status":"closed","ping_status":"open","template":"","meta":{"_acf_changed":false,"footnotes":""},"class_list":["post-3120","page","type-page","status-publish","hentry"],"acf":[],"yoast_head":"<!-- This site is optimized with the Yoast SEO plugin v27.4 - https:\/\/yoast.com\/product\/yoast-seo-wordpress\/ -->\n<title>Pol\u00edtica de privacitat - Freixenet Spain<\/title>\n<meta name=\"robots\" content=\"index, follow, max-snippet:-1, max-image-preview:large, max-video-preview:-1\" \/>\n<link rel=\"canonical\" href=\"https:\/\/freixenet.com\/es\/ca\/politica-de-privacitat\/\" \/>\n<meta property=\"og:locale\" content=\"ca_ES\" \/>\n<meta property=\"og:type\" content=\"article\" \/>\n<meta property=\"og:title\" content=\"Pol\u00edtica de privacitat - Freixenet Spain\" \/>\n<meta property=\"og:description\" content=\"Pol\u00edtica dePrivacitat\" \/>\n<meta property=\"og:url\" content=\"https:\/\/freixenet.com\/es\/ca\/politica-de-privacitat\/\" \/>\n<meta property=\"og:site_name\" content=\"Freixenet Spain\" \/>\n<meta property=\"article:publisher\" content=\"https:\/\/www.facebook.com\/FreixenetES\" \/>\n<meta property=\"article:modified_time\" content=\"2025-06-17T10:40:04+00:00\" \/>\n<meta name=\"twitter:card\" content=\"summary_large_image\" \/>\n<meta name=\"twitter:label1\" content=\"Est. reading time\" \/>\n\t<meta name=\"twitter:data1\" content=\"10 minutes\" \/>\n<script type=\"application\/ld+json\" class=\"yoast-schema-graph\">{\"@context\":\"https:\\\/\\\/schema.org\",\"@graph\":[{\"@type\":\"WebPage\",\"@id\":\"https:\\\/\\\/freixenet.com\\\/es\\\/ca\\\/politica-de-privacitat\\\/\",\"url\":\"https:\\\/\\\/freixenet.com\\\/es\\\/ca\\\/politica-de-privacitat\\\/\",\"name\":\"Pol\u00edtica de privacitat - Freixenet Spain\",\"isPartOf\":{\"@id\":\"https:\\\/\\\/freixenet.com\\\/es\\\/ca\\\/#website\"},\"datePublished\":\"2025-02-05T17:30:00+00:00\",\"dateModified\":\"2025-06-17T10:40:04+00:00\",\"breadcrumb\":{\"@id\":\"https:\\\/\\\/freixenet.com\\\/es\\\/ca\\\/politica-de-privacitat\\\/#breadcrumb\"},\"inLanguage\":\"ca\",\"potentialAction\":[{\"@type\":\"ReadAction\",\"target\":[\"https:\\\/\\\/freixenet.com\\\/es\\\/ca\\\/politica-de-privacitat\\\/\"]}]},{\"@type\":\"BreadcrumbList\",\"@id\":\"https:\\\/\\\/freixenet.com\\\/es\\\/ca\\\/politica-de-privacitat\\\/#breadcrumb\",\"itemListElement\":[{\"@type\":\"ListItem\",\"position\":1,\"name\":\"Home\",\"item\":\"https:\\\/\\\/freixenet.com\\\/es\\\/ca\\\/\"},{\"@type\":\"ListItem\",\"position\":2,\"name\":\"Pol\u00edtica de privacitat\"}]},{\"@type\":\"WebSite\",\"@id\":\"https:\\\/\\\/freixenet.com\\\/es\\\/ca\\\/#website\",\"url\":\"https:\\\/\\\/freixenet.com\\\/es\\\/ca\\\/\",\"name\":\"Freixenet Spain\",\"description\":\"The most emblematic wineries of Freixenet combine tradition and innovation and have the deepest ancient cellars, located 20 meters underground.\",\"publisher\":{\"@id\":\"https:\\\/\\\/freixenet.com\\\/es\\\/ca\\\/#organization\"},\"potentialAction\":[{\"@type\":\"SearchAction\",\"target\":{\"@type\":\"EntryPoint\",\"urlTemplate\":\"https:\\\/\\\/freixenet.com\\\/es\\\/ca\\\/?s={search_term_string}\"},\"query-input\":{\"@type\":\"PropertyValueSpecification\",\"valueRequired\":true,\"valueName\":\"search_term_string\"}}],\"inLanguage\":\"ca\"},{\"@type\":\"Organization\",\"@id\":\"https:\\\/\\\/freixenet.com\\\/es\\\/ca\\\/#organization\",\"name\":\"Freixenet Spain\",\"url\":\"https:\\\/\\\/freixenet.com\\\/es\\\/ca\\\/\",\"logo\":{\"@type\":\"ImageObject\",\"inLanguage\":\"ca\",\"@id\":\"https:\\\/\\\/freixenet.com\\\/es\\\/ca\\\/#\\\/schema\\\/logo\\\/image\\\/\",\"url\":\"https:\\\/\\\/freixenet.com\\\/app\\\/uploads\\\/sites\\\/2\\\/2025\\\/06\\\/freixenet-site-icon.png\",\"contentUrl\":\"https:\\\/\\\/freixenet.com\\\/app\\\/uploads\\\/sites\\\/2\\\/2025\\\/06\\\/freixenet-site-icon.png\",\"width\":512,\"height\":512,\"caption\":\"Freixenet Spain\"},\"image\":{\"@id\":\"https:\\\/\\\/freixenet.com\\\/es\\\/ca\\\/#\\\/schema\\\/logo\\\/image\\\/\"},\"sameAs\":[\"https:\\\/\\\/www.facebook.com\\\/FreixenetES\"]}]}<\/script>\n<!-- \/ Yoast SEO plugin. -->","yoast_head_json":{"title":"Pol\u00edtica de privacitat - Freixenet Spain","robots":{"index":"index","follow":"follow","max-snippet":"max-snippet:-1","max-image-preview":"max-image-preview:large","max-video-preview":"max-video-preview:-1"},"canonical":"https:\/\/freixenet.com\/es\/ca\/politica-de-privacitat\/","og_locale":"ca_ES","og_type":"article","og_title":"Pol\u00edtica de privacitat - Freixenet Spain","og_description":"Pol\u00edtica dePrivacitat","og_url":"https:\/\/freixenet.com\/es\/ca\/politica-de-privacitat\/","og_site_name":"Freixenet Spain","article_publisher":"https:\/\/www.facebook.com\/FreixenetES","article_modified_time":"2025-06-17T10:40:04+00:00","twitter_card":"summary_large_image","twitter_misc":{"Est. reading time":"10 minutes"},"schema":{"@context":"https:\/\/schema.org","@graph":[{"@type":"WebPage","@id":"https:\/\/freixenet.com\/es\/ca\/politica-de-privacitat\/","url":"https:\/\/freixenet.com\/es\/ca\/politica-de-privacitat\/","name":"Pol\u00edtica de privacitat - Freixenet Spain","isPartOf":{"@id":"https:\/\/freixenet.com\/es\/ca\/#website"},"datePublished":"2025-02-05T17:30:00+00:00","dateModified":"2025-06-17T10:40:04+00:00","breadcrumb":{"@id":"https:\/\/freixenet.com\/es\/ca\/politica-de-privacitat\/#breadcrumb"},"inLanguage":"ca","potentialAction":[{"@type":"ReadAction","target":["https:\/\/freixenet.com\/es\/ca\/politica-de-privacitat\/"]}]},{"@type":"BreadcrumbList","@id":"https:\/\/freixenet.com\/es\/ca\/politica-de-privacitat\/#breadcrumb","itemListElement":[{"@type":"ListItem","position":1,"name":"Home","item":"https:\/\/freixenet.com\/es\/ca\/"},{"@type":"ListItem","position":2,"name":"Pol\u00edtica de privacitat"}]},{"@type":"WebSite","@id":"https:\/\/freixenet.com\/es\/ca\/#website","url":"https:\/\/freixenet.com\/es\/ca\/","name":"Freixenet Spain","description":"The most emblematic wineries of Freixenet combine tradition and innovation and have the deepest ancient cellars, located 20 meters underground.","publisher":{"@id":"https:\/\/freixenet.com\/es\/ca\/#organization"},"potentialAction":[{"@type":"SearchAction","target":{"@type":"EntryPoint","urlTemplate":"https:\/\/freixenet.com\/es\/ca\/?s={search_term_string}"},"query-input":{"@type":"PropertyValueSpecification","valueRequired":true,"valueName":"search_term_string"}}],"inLanguage":"ca"},{"@type":"Organization","@id":"https:\/\/freixenet.com\/es\/ca\/#organization","name":"Freixenet Spain","url":"https:\/\/freixenet.com\/es\/ca\/","logo":{"@type":"ImageObject","inLanguage":"ca","@id":"https:\/\/freixenet.com\/es\/ca\/#\/schema\/logo\/image\/","url":"https:\/\/freixenet.com\/app\/uploads\/sites\/2\/2025\/06\/freixenet-site-icon.png","contentUrl":"https:\/\/freixenet.com\/app\/uploads\/sites\/2\/2025\/06\/freixenet-site-icon.png","width":512,"height":512,"caption":"Freixenet Spain"},"image":{"@id":"https:\/\/freixenet.com\/es\/ca\/#\/schema\/logo\/image\/"},"sameAs":["https:\/\/www.facebook.com\/FreixenetES"]}]}},"_links":{"self":[{"href":"https:\/\/freixenet.com\/es\/ca\/wp-json\/wp\/v2\/pages\/3120","targetHints":{"allow":["GET"]}}],"collection":[{"href":"https:\/\/freixenet.com\/es\/ca\/wp-json\/wp\/v2\/pages"}],"about":[{"href":"https:\/\/freixenet.com\/es\/ca\/wp-json\/wp\/v2\/types\/page"}],"author":[{"embeddable":true,"href":"https:\/\/freixenet.com\/es\/ca\/wp-json\/wp\/v2\/users\/1"}],"replies":[{"embeddable":true,"href":"https:\/\/freixenet.com\/es\/ca\/wp-json\/wp\/v2\/comments?post=3120"}],"version-history":[{"count":2,"href":"https:\/\/freixenet.com\/es\/ca\/wp-json\/wp\/v2\/pages\/3120\/revisions"}],"predecessor-version":[{"id":3122,"href":"https:\/\/freixenet.com\/es\/ca\/wp-json\/wp\/v2\/pages\/3120\/revisions\/3122"}],"wp:attachment":[{"href":"https:\/\/freixenet.com\/es\/ca\/wp-json\/wp\/v2\/media?parent=3120"}],"curies":[{"name":"wp","href":"https:\/\/api.w.org\/{rel}","templated":true}]}}