{"id":3118,"date":"2025-02-25T22:55:44","date_gmt":"2025-02-25T22:55:44","guid":{"rendered":"https:\/\/freixenet.com\/es\/visitans\/"},"modified":"2025-09-01T05:54:56","modified_gmt":"2025-09-01T05:54:56","slug":"visitans","status":"publish","type":"page","link":"https:\/\/freixenet.com\/es\/ca\/visitans\/","title":{"rendered":"Visita&#8217;ns"},"content":{"rendered":"<section\n    class=\"zoom-in-banner\"\n        >\n    <div class=\"zoom-in-banner__wrapper h-full w-full relative flex flex-col items-center justify-center\">\n\n<div class=\"wp-block-cover asset-wrapper\"><img loading=\"lazy\" decoding=\"async\" width=\"1024\" height=\"576\" class=\"wp-block-cover__image-background wp-image-3734 size-large\" alt=\"\" src=\"https:\/\/freixenet.com\/app\/uploads\/sites\/2\/2025\/07\/Freixenet-Events-1024x576.webp\" data-object-fit=\"cover\" srcset=\"https:\/\/freixenet.com\/app\/uploads\/sites\/2\/2025\/07\/Freixenet-Events-1024x576.webp 1024w, https:\/\/freixenet.com\/app\/uploads\/sites\/2\/2025\/07\/Freixenet-Events-300x169.webp 300w, https:\/\/freixenet.com\/app\/uploads\/sites\/2\/2025\/07\/Freixenet-Events-768x432.webp 768w, https:\/\/freixenet.com\/app\/uploads\/sites\/2\/2025\/07\/Freixenet-Events-1536x864.webp 1536w, https:\/\/freixenet.com\/app\/uploads\/sites\/2\/2025\/07\/Freixenet-Events-360x203.webp 360w, https:\/\/freixenet.com\/app\/uploads\/sites\/2\/2025\/07\/Freixenet-Events.webp 1920w\" sizes=\"auto, (max-width: 1024px) 100vw, 1024px\" \/><span aria-hidden=\"true\" class=\"wp-block-cover__background has-secondary-background-color has-background-dim\"><\/span><div class=\"wp-block-cover__inner-container is-layout-flow wp-block-cover-is-layout-flow\"><div class=\"wp-bootstrap-blocks-container container custom-block-padding banner-wrapper\">\n\t\n<div class=\"wp-bootstrap-blocks-row row justify-content-center align-items-center\">\n\t\n\n<div class=\"col-12 col-lg-8\">\n\t\t\t\n\n<div class=\"wp-block-group is-vertical is-content-justification-center is-nowrap is-layout-flex wp-container-core-group-is-layout-a31effde wp-block-group-is-layout-flex\">\n<h2 class=\"wp-block-heading has-text-align-center title-tag\">Esdeveniments<\/h2>\n\n\n\n<h2 class=\"wp-block-heading has-text-align-center has-heading-5-xl-font-size\" style=\"text-transform:uppercase\"><mark class=\"has-inline-color has-current-color\">Celebrem-ho<\/mark><br\/><em>Junts<\/em><\/h2>\n\n\n\n<p class=\"has-text-align-center\">Un entorn \u00fanic i exclusiu per celebrar els vostres moments m\u00e9s especials. Us oferim diferents possibilitats per fer que el vostre esdeveniment sigui inoblidable. <\/p>\n\n\n\n<div class=\"wp-block-group is-nowrap is-layout-flex wp-container-core-group-is-layout-27a7e7d6 wp-block-group-is-layout-flex\" style=\"margin-top:var(--wp--preset--spacing--md);margin-bottom:var(--wp--preset--spacing--md)\">    <a class=\"button size--md primary accent button\" title=\"Esdeveniments\" href=\"https:\/\/freixenet.com\/es\/ca\/visitans\/esdeveniments\/\">\n                    <div class=\"button__inner\">\n\n<p>Esdeveniments<\/p>\n\n<\/div>\n                    <\/a>\n<\/div>\n<\/div>\n\n\t<\/div>\n\n<\/div>\n\n<\/div>\n<\/div><\/div>\n\n<\/div>\n<\/section>\n<section\n    class=\"zoom-in-banner\"\n        >\n    <div class=\"zoom-in-banner__wrapper h-full w-full relative flex flex-col items-center justify-center\">\n\n<div class=\"wp-block-cover asset-wrapper\"><img loading=\"lazy\" decoding=\"async\" width=\"1024\" height=\"576\" class=\"wp-block-cover__image-background wp-image-3738 size-large\" alt=\"\" src=\"https:\/\/freixenet.com\/app\/uploads\/sites\/2\/2025\/07\/Bodega-Freixenet-Visita-1024x576.webp\" data-object-fit=\"cover\" srcset=\"https:\/\/freixenet.com\/app\/uploads\/sites\/2\/2025\/07\/Bodega-Freixenet-Visita-1024x576.webp 1024w, https:\/\/freixenet.com\/app\/uploads\/sites\/2\/2025\/07\/Bodega-Freixenet-Visita-300x169.webp 300w, https:\/\/freixenet.com\/app\/uploads\/sites\/2\/2025\/07\/Bodega-Freixenet-Visita-768x432.webp 768w, https:\/\/freixenet.com\/app\/uploads\/sites\/2\/2025\/07\/Bodega-Freixenet-Visita-1536x864.webp 1536w, https:\/\/freixenet.com\/app\/uploads\/sites\/2\/2025\/07\/Bodega-Freixenet-Visita-360x203.webp 360w, https:\/\/freixenet.com\/app\/uploads\/sites\/2\/2025\/07\/Bodega-Freixenet-Visita.webp 1920w\" sizes=\"auto, (max-width: 1024px) 100vw, 1024px\" \/><span aria-hidden=\"true\" class=\"wp-block-cover__background has-secondary-background-color has-background-dim\"><\/span><div class=\"wp-block-cover__inner-container is-layout-flow wp-block-cover-is-layout-flow\"><div class=\"wp-bootstrap-blocks-container container custom-block-padding banner-wrapper\">\n\t\n<div class=\"wp-bootstrap-blocks-row row justify-content-center align-items-center\">\n\t\n\n<div class=\"col-12 col-lg-8\">\n\t\t\t\n\n<div class=\"wp-block-group is-vertical is-content-justification-center is-nowrap is-layout-flex wp-container-core-group-is-layout-a31effde wp-block-group-is-layout-flex\">\n<h2 class=\"wp-block-heading has-text-align-center title-tag has-heading-4-xs-font-size\">La Bodega<\/h2>\n\n\n\n<h2 class=\"wp-block-heading has-text-align-center has-heading-5-xl-font-size\" style=\"text-transform:uppercase\"><mark class=\"has-inline-color has-current-color\">ON PASSA<\/mark><br\/><em>LA M\u00c0GIA<\/em><\/h2>\n\n\n\n<p class=\"has-text-align-center\">Visita el nostre celler a Sant Sadurn\u00ed d&#8217;Anoia i descobreix l&#8217;art de l&#8217;elaboraci\u00f3 del cava, i assaboreix la nostra gastronomia i cultura mediterr\u00e0nia.<\/p>\n\n\n\n<div class=\"wp-block-group is-nowrap is-layout-flex wp-container-core-group-is-layout-27a7e7d6 wp-block-group-is-layout-flex\" style=\"margin-top:var(--wp--preset--spacing--md);margin-bottom:var(--wp--preset--spacing--md)\">    <a class=\"button size--md primary accent button\" title=\"Visita&#039;ns\" href=\"https:\/\/freixenet.com\/es\/ca\/visitans\/visita-la-bodega\/\">\n                    <div class=\"button__inner\">\n\n<p>Visita la bodega<\/p>\n\n<\/div>\n                    <\/a>\n<\/div>\n<\/div>\n\n\t<\/div>\n\n<\/div>\n\n<\/div>\n<\/div><\/div>\n\n<\/div>\n<\/section>\n<section\n    class=\"zoom-in-banner\"\n        >\n    <div class=\"zoom-in-banner__wrapper h-full w-full relative flex flex-col items-center justify-center\">\n\n<div class=\"wp-block-cover asset-wrapper\"><img loading=\"lazy\" decoding=\"async\" width=\"1024\" height=\"576\" class=\"wp-block-cover__image-background wp-image-3741 size-large\" alt=\"\" src=\"https:\/\/freixenet.com\/app\/uploads\/sites\/2\/2025\/07\/Wine-bar-1024x576.webp\" data-object-fit=\"cover\" srcset=\"https:\/\/freixenet.com\/app\/uploads\/sites\/2\/2025\/07\/Wine-bar-1024x576.webp 1024w, https:\/\/freixenet.com\/app\/uploads\/sites\/2\/2025\/07\/Wine-bar-300x169.webp 300w, https:\/\/freixenet.com\/app\/uploads\/sites\/2\/2025\/07\/Wine-bar-768x432.webp 768w, https:\/\/freixenet.com\/app\/uploads\/sites\/2\/2025\/07\/Wine-bar-1536x864.webp 1536w, https:\/\/freixenet.com\/app\/uploads\/sites\/2\/2025\/07\/Wine-bar-360x203.webp 360w, https:\/\/freixenet.com\/app\/uploads\/sites\/2\/2025\/07\/Wine-bar.webp 1920w\" sizes=\"auto, (max-width: 1024px) 100vw, 1024px\" \/><span aria-hidden=\"true\" class=\"wp-block-cover__background has-secondary-background-color has-background-dim\"><\/span><div class=\"wp-block-cover__inner-container is-layout-flow wp-block-cover-is-layout-flow\"><div class=\"wp-bootstrap-blocks-container container custom-block-padding banner-wrapper\">\n\t\n<div class=\"wp-bootstrap-blocks-row row justify-content-center align-items-center\">\n\t\n\n<div class=\"col-12 col-lg-8\">\n\t\t\t\n\n<div class=\"wp-block-group is-vertical is-content-justification-center is-nowrap is-layout-flex wp-container-core-group-is-layout-a31effde wp-block-group-is-layout-flex\">\n<h2 class=\"wp-block-heading has-text-align-center title-tag\">Cava Bar<\/h2>\n\n\n\n<h2 class=\"wp-block-heading has-text-align-center has-heading-5-xl-font-size\" style=\"text-transform:uppercase\"><mark class=\"has-inline-color has-current-color\">Un Glop Fresc<\/mark><br\/><em>Amb estil<\/em><\/h2>\n\n\n\n<p class=\"has-text-align-center\">Per gaudir d&#8217;un delici\u00f3s aperitiu al migdia amb el cava i els vins Freixenet al nostre emblem\u00e0tic jard\u00ed, prova el nostre Bar de Caves.<\/p>\n\n\n\n<div class=\"wp-block-group is-nowrap is-layout-flex wp-container-core-group-is-layout-27a7e7d6 wp-block-group-is-layout-flex\" style=\"margin-top:var(--wp--preset--spacing--md);margin-bottom:var(--wp--preset--spacing--md)\">    <a class=\"button size--md primary accent button\" title=\"Cava Bar\" href=\"https:\/\/freixenet.com\/es\/ca\/visitans\/cava-bar\/\">\n                    <div class=\"button__inner\">\n\n<p>Reserva ara<\/p>\n\n<\/div>\n                    <\/a>\n<\/div>\n<\/div>\n\n\t<\/div>\n\n<\/div>\n\n<\/div>\n<\/div><\/div>\n\n<\/div>\n<\/section>\n\n<div class=\"wp-block-group has-neutral-light-background-color has-background is-layout-constrained wp-block-group-is-layout-constrained\"><section class=\"newsletter md:py-xl lg:py-4-xl\" >\n    <!-- Add Newsletter content here: -->\n    <div class=\"container-md newsletter-card md:rounded-xl overflow-hidden text-center bg-accent-dim-100 flex items-stretch p-0\" data-3d-card>\n        <div class=\"newsletter-card__wrapper\">\n            <div class=\"newsletter-card__col\">\n                <div class=\"text-block flex flex-col items-center justify-center min-h-full\" data-3d-card-text>\n                    <div class=\"text-block__content p-sm md:py-lg xl:py-xl w-full\">\n\n                        <div class=\"newsletter__inner-blocks\">\n\n<h3 class=\"wp-block-heading text-accent-dim-600 uppercase text-heading-4-xl mt-0 has-accent-dim-500-color has-text-color\"><mark class=\"has-current-color bg-transparent\">Subscriu-te al nostre<\/mark><br><em class=\"italic text-accent-dim-600\">Newsletter<\/em><\/h3>\n\n\n\n<p class=\"has-text-align-center text-body text-body-md text-accent-dim-700\">Subscriu-te aqu\u00ed per descobrir les actualitzacions, ofertes i informaci\u00f3 sobre els propers esdeveniments<\/p>\n\n\n\n<div class=\"wp-block-contact-form-7-contact-form-selector\">\n<div class=\"wpcf7 no-js\" id=\"wpcf7-f2886-o1\" lang=\"ca\" dir=\"ltr\" data-wpcf7-id=\"2886\">\n<div class=\"screen-reader-response\"><p role=\"status\" aria-live=\"polite\" aria-atomic=\"true\"><\/p> <ul><\/ul><\/div>\n<form action=\"\/es\/ca\/wp-json\/wp\/v2\/pages\/3118#wpcf7-f2886-o1\" method=\"post\" class=\"wpcf7-form init form-newsletter-banner cf7mls-no-scroll cf7mls-auto-return-first-step cf7mls-no-moving-animation\" id=\"form-newsletter-banner\" aria-label=\"Contact form\" novalidate=\"novalidate\" data-status=\"init\">\n<fieldset class=\"hidden-fields-container\"><input type=\"hidden\" name=\"_wpcf7\" value=\"2886\" \/><input type=\"hidden\" name=\"_wpcf7_version\" value=\"6.1.5\" \/><input type=\"hidden\" name=\"_wpcf7_locale\" value=\"ca\" \/><input type=\"hidden\" name=\"_wpcf7_unit_tag\" value=\"wpcf7-f2886-o1\" \/><input type=\"hidden\" name=\"_wpcf7_container_post\" value=\"0\" \/><input type=\"hidden\" name=\"_wpcf7_posted_data_hash\" value=\"\" \/>\n<\/fieldset>\n<div class=\"input-newsletter\">\n    <label>\n        <span class=\"wpcf7-form-control-wrap\" data-name=\"newsletter-email\"><input size=\"40\" maxlength=\"400\" class=\"wpcf7-form-control wpcf7-email wpcf7-validates-as-required wpcf7-text wpcf7-validates-as-email\" autocomplete=\"email\" aria-required=\"true\" aria-invalid=\"false\" placeholder=\"El teu email\" value=\"\" type=\"email\" name=\"newsletter-email\" \/><\/span>\n    <\/label>\n    <input class=\"wpcf7-form-control wpcf7-hidden\" value=\"ES\" type=\"hidden\" name=\"country\" \/>\n    <input class=\"wpcf7-form-control wpcf7-hidden\" value=\"ca_ES\" type=\"hidden\" name=\"language\" \/>\n    <input class=\"wpcf7-form-control wpcf7-submit has-spinner button primary\" type=\"submit\" value=\"Enviar\" \/>\n<\/div>\n\n<div class=\"checkbox-wrapper\">\n    <span class=\"wpcf7-form-control-wrap\" data-name=\"newsletter-terms\"><span class=\"wpcf7-form-control wpcf7-acceptance\"><span class=\"wpcf7-list-item\"><label><input type=\"checkbox\" name=\"newsletter-terms\" value=\"1\" aria-invalid=\"false\" \/><span class=\"wpcf7-list-item-label\">Accepto els <a href='\/privacy-policy' class='text-accent-dim-700'>termes i condicions<\/a><\/span><\/label><\/span><\/span><\/span>\n<\/div><div class=\"wpcf7-response-output\" aria-hidden=\"true\"><\/div>\n<\/form>\n<\/div>\n<\/div>\n\n<\/div>\n                    <\/div>\n                <\/div>\n            <\/div>\n            <div class=\"newsletter-card__col\">\n                <picture class=\"flex w-full h-full justify-center items-center overflow-hidden relative\">\n                                        <img decoding=\"async\" class=\"w-full h-full object-cover\" src=\"https:\/\/freixenet.com\/app\/uploads\/2025\/02\/newsletter-img-optimized-768x769.webp\" alt=\"\" data-3d-card-bg>\n                <\/picture>\n            <\/div>\n        <\/div>\n    <\/div>\n<\/section><\/div>\n","protected":false},"excerpt":{"rendered":"","protected":false},"author":1,"featured_media":1779,"parent":0,"menu_order":0,"comment_status":"closed","ping_status":"closed","template":"","meta":{"_acf_changed":false,"footnotes":""},"class_list":["post-3118","page","type-page","status-publish","has-post-thumbnail","hentry"],"acf":[],"yoast_head":"<!-- This site is optimized with the Yoast SEO plugin v27.2 - https:\/\/yoast.com\/product\/yoast-seo-wordpress\/ -->\n<title>Visita&#039;ns - Freixenet Spain<\/title>\n<meta name=\"robots\" content=\"index, follow, max-snippet:-1, max-image-preview:large, max-video-preview:-1\" \/>\n<link rel=\"canonical\" href=\"https:\/\/freixenet.com\/es\/ca\/visitans\/\" \/>\n<meta property=\"og:locale\" content=\"ca_ES\" \/>\n<meta property=\"og:type\" content=\"article\" \/>\n<meta property=\"og:title\" content=\"Visita&#039;ns - Freixenet Spain\" \/>\n<meta property=\"og:url\" content=\"https:\/\/freixenet.com\/es\/ca\/visitans\/\" \/>\n<meta property=\"og:site_name\" content=\"Freixenet Spain\" \/>\n<meta property=\"article:publisher\" content=\"https:\/\/www.facebook.com\/FreixenetES\" \/>\n<meta property=\"article:modified_time\" content=\"2025-09-01T05:54:56+00:00\" \/>\n<meta property=\"og:image\" content=\"https:\/\/freixenet.com\/app\/uploads\/sites\/2\/2025\/03\/image-64.webp\" \/>\n\t<meta property=\"og:image:width\" content=\"1\" \/>\n\t<meta property=\"og:image:height\" content=\"1\" \/>\n\t<meta property=\"og:image:type\" content=\"image\/webp\" \/>\n<meta name=\"twitter:card\" content=\"summary_large_image\" \/>\n<meta name=\"twitter:label1\" content=\"Est. reading time\" \/>\n\t<meta name=\"twitter:data1\" content=\"1 minute\" \/>\n<script type=\"application\/ld+json\" class=\"yoast-schema-graph\">{\"@context\":\"https:\/\/schema.org\",\"@graph\":[{\"@type\":\"WebPage\",\"@id\":\"https:\/\/freixenet.com\/es\/ca\/visitans\/\",\"url\":\"https:\/\/freixenet.com\/es\/ca\/visitans\/\",\"name\":\"Visita'ns - Freixenet Spain\",\"isPartOf\":{\"@id\":\"https:\/\/freixenet.com\/es\/ca\/#website\"},\"primaryImageOfPage\":{\"@id\":\"https:\/\/freixenet.com\/es\/ca\/visitans\/#primaryimage\"},\"image\":{\"@id\":\"https:\/\/freixenet.com\/es\/ca\/visitans\/#primaryimage\"},\"thumbnailUrl\":\"https:\/\/freixenet.com\/app\/uploads\/sites\/2\/2025\/03\/image-64.webp\",\"datePublished\":\"2025-02-25T22:55:44+00:00\",\"dateModified\":\"2025-09-01T05:54:56+00:00\",\"breadcrumb\":{\"@id\":\"https:\/\/freixenet.com\/es\/ca\/visitans\/#breadcrumb\"},\"inLanguage\":\"ca\",\"potentialAction\":[{\"@type\":\"ReadAction\",\"target\":[\"https:\/\/freixenet.com\/es\/ca\/visitans\/\"]}]},{\"@type\":\"ImageObject\",\"inLanguage\":\"ca\",\"@id\":\"https:\/\/freixenet.com\/es\/ca\/visitans\/#primaryimage\",\"url\":\"https:\/\/freixenet.com\/app\/uploads\/sites\/2\/2025\/03\/image-64.webp\",\"contentUrl\":\"https:\/\/freixenet.com\/app\/uploads\/sites\/2\/2025\/03\/image-64.webp\"},{\"@type\":\"BreadcrumbList\",\"@id\":\"https:\/\/freixenet.com\/es\/ca\/visitans\/#breadcrumb\",\"itemListElement\":[{\"@type\":\"ListItem\",\"position\":1,\"name\":\"Home\",\"item\":\"https:\/\/freixenet.com\/es\/ca\/\"},{\"@type\":\"ListItem\",\"position\":2,\"name\":\"Visita&#8217;ns\"}]},{\"@type\":\"WebSite\",\"@id\":\"https:\/\/freixenet.com\/es\/ca\/#website\",\"url\":\"https:\/\/freixenet.com\/es\/ca\/\",\"name\":\"Freixenet Spain\",\"description\":\"The most emblematic wineries of Freixenet combine tradition and innovation and have the deepest ancient cellars, located 20 meters underground.\",\"publisher\":{\"@id\":\"https:\/\/freixenet.com\/es\/ca\/#organization\"},\"potentialAction\":[{\"@type\":\"SearchAction\",\"target\":{\"@type\":\"EntryPoint\",\"urlTemplate\":\"https:\/\/freixenet.com\/es\/ca\/?s={search_term_string}\"},\"query-input\":{\"@type\":\"PropertyValueSpecification\",\"valueRequired\":true,\"valueName\":\"search_term_string\"}}],\"inLanguage\":\"ca\"},{\"@type\":\"Organization\",\"@id\":\"https:\/\/freixenet.com\/es\/ca\/#organization\",\"name\":\"Freixenet Spain\",\"url\":\"https:\/\/freixenet.com\/es\/ca\/\",\"logo\":{\"@type\":\"ImageObject\",\"inLanguage\":\"ca\",\"@id\":\"https:\/\/freixenet.com\/es\/ca\/#\/schema\/logo\/image\/\",\"url\":\"https:\/\/freixenet.com\/app\/uploads\/sites\/2\/2025\/06\/freixenet-site-icon.png\",\"contentUrl\":\"https:\/\/freixenet.com\/app\/uploads\/sites\/2\/2025\/06\/freixenet-site-icon.png\",\"width\":512,\"height\":512,\"caption\":\"Freixenet Spain\"},\"image\":{\"@id\":\"https:\/\/freixenet.com\/es\/ca\/#\/schema\/logo\/image\/\"},\"sameAs\":[\"https:\/\/www.facebook.com\/FreixenetES\"]}]}<\/script>\n<!-- \/ Yoast SEO plugin. -->","yoast_head_json":{"title":"Visita'ns - Freixenet Spain","robots":{"index":"index","follow":"follow","max-snippet":"max-snippet:-1","max-image-preview":"max-image-preview:large","max-video-preview":"max-video-preview:-1"},"canonical":"https:\/\/freixenet.com\/es\/ca\/visitans\/","og_locale":"ca_ES","og_type":"article","og_title":"Visita'ns - Freixenet Spain","og_url":"https:\/\/freixenet.com\/es\/ca\/visitans\/","og_site_name":"Freixenet Spain","article_publisher":"https:\/\/www.facebook.com\/FreixenetES","article_modified_time":"2025-09-01T05:54:56+00:00","og_image":[{"url":"https:\/\/freixenet.com\/app\/uploads\/sites\/2\/2025\/03\/image-64.webp","width":1,"height":1,"type":"image\/webp"}],"twitter_card":"summary_large_image","twitter_misc":{"Est. reading time":"1 minute"},"schema":{"@context":"https:\/\/schema.org","@graph":[{"@type":"WebPage","@id":"https:\/\/freixenet.com\/es\/ca\/visitans\/","url":"https:\/\/freixenet.com\/es\/ca\/visitans\/","name":"Visita'ns - Freixenet Spain","isPartOf":{"@id":"https:\/\/freixenet.com\/es\/ca\/#website"},"primaryImageOfPage":{"@id":"https:\/\/freixenet.com\/es\/ca\/visitans\/#primaryimage"},"image":{"@id":"https:\/\/freixenet.com\/es\/ca\/visitans\/#primaryimage"},"thumbnailUrl":"https:\/\/freixenet.com\/app\/uploads\/sites\/2\/2025\/03\/image-64.webp","datePublished":"2025-02-25T22:55:44+00:00","dateModified":"2025-09-01T05:54:56+00:00","breadcrumb":{"@id":"https:\/\/freixenet.com\/es\/ca\/visitans\/#breadcrumb"},"inLanguage":"ca","potentialAction":[{"@type":"ReadAction","target":["https:\/\/freixenet.com\/es\/ca\/visitans\/"]}]},{"@type":"ImageObject","inLanguage":"ca","@id":"https:\/\/freixenet.com\/es\/ca\/visitans\/#primaryimage","url":"https:\/\/freixenet.com\/app\/uploads\/sites\/2\/2025\/03\/image-64.webp","contentUrl":"https:\/\/freixenet.com\/app\/uploads\/sites\/2\/2025\/03\/image-64.webp"},{"@type":"BreadcrumbList","@id":"https:\/\/freixenet.com\/es\/ca\/visitans\/#breadcrumb","itemListElement":[{"@type":"ListItem","position":1,"name":"Home","item":"https:\/\/freixenet.com\/es\/ca\/"},{"@type":"ListItem","position":2,"name":"Visita&#8217;ns"}]},{"@type":"WebSite","@id":"https:\/\/freixenet.com\/es\/ca\/#website","url":"https:\/\/freixenet.com\/es\/ca\/","name":"Freixenet Spain","description":"The most emblematic wineries of Freixenet combine tradition and innovation and have the deepest ancient cellars, located 20 meters underground.","publisher":{"@id":"https:\/\/freixenet.com\/es\/ca\/#organization"},"potentialAction":[{"@type":"SearchAction","target":{"@type":"EntryPoint","urlTemplate":"https:\/\/freixenet.com\/es\/ca\/?s={search_term_string}"},"query-input":{"@type":"PropertyValueSpecification","valueRequired":true,"valueName":"search_term_string"}}],"inLanguage":"ca"},{"@type":"Organization","@id":"https:\/\/freixenet.com\/es\/ca\/#organization","name":"Freixenet Spain","url":"https:\/\/freixenet.com\/es\/ca\/","logo":{"@type":"ImageObject","inLanguage":"ca","@id":"https:\/\/freixenet.com\/es\/ca\/#\/schema\/logo\/image\/","url":"https:\/\/freixenet.com\/app\/uploads\/sites\/2\/2025\/06\/freixenet-site-icon.png","contentUrl":"https:\/\/freixenet.com\/app\/uploads\/sites\/2\/2025\/06\/freixenet-site-icon.png","width":512,"height":512,"caption":"Freixenet Spain"},"image":{"@id":"https:\/\/freixenet.com\/es\/ca\/#\/schema\/logo\/image\/"},"sameAs":["https:\/\/www.facebook.com\/FreixenetES"]}]}},"_links":{"self":[{"href":"https:\/\/freixenet.com\/es\/ca\/wp-json\/wp\/v2\/pages\/3118","targetHints":{"allow":["GET"]}}],"collection":[{"href":"https:\/\/freixenet.com\/es\/ca\/wp-json\/wp\/v2\/pages"}],"about":[{"href":"https:\/\/freixenet.com\/es\/ca\/wp-json\/wp\/v2\/types\/page"}],"author":[{"embeddable":true,"href":"https:\/\/freixenet.com\/es\/ca\/wp-json\/wp\/v2\/users\/1"}],"replies":[{"embeddable":true,"href":"https:\/\/freixenet.com\/es\/ca\/wp-json\/wp\/v2\/comments?post=3118"}],"version-history":[{"count":8,"href":"https:\/\/freixenet.com\/es\/ca\/wp-json\/wp\/v2\/pages\/3118\/revisions"}],"predecessor-version":[{"id":16037,"href":"https:\/\/freixenet.com\/es\/ca\/wp-json\/wp\/v2\/pages\/3118\/revisions\/16037"}],"wp:featuredmedia":[{"embeddable":true,"href":"https:\/\/freixenet.com\/es\/ca\/wp-json\/wp\/v2\/media\/1779"}],"wp:attachment":[{"href":"https:\/\/freixenet.com\/es\/ca\/wp-json\/wp\/v2\/media?parent=3118"}],"curies":[{"name":"wp","href":"https:\/\/api.w.org\/{rel}","templated":true}]}}