{"id":431,"date":"2025-02-25T22:55:44","date_gmt":"2025-02-25T22:55:44","guid":{"rendered":"http:\/\/freixenet2025.com.local\/?page_id=431"},"modified":"2025-09-17T11:28:14","modified_gmt":"2025-09-17T11:28:14","slug":"besuche-uns","status":"publish","type":"page","link":"https:\/\/freixenet.com\/ch\/besuche-uns\/","title":{"rendered":"Besuche Uns"},"content":{"rendered":"<section\n    class=\"zoom-in-banner\"\n        >\n    <div class=\"zoom-in-banner__wrapper h-full w-full relative flex flex-col items-center justify-center\">\n\n<div class=\"wp-block-cover asset-wrapper\"><img loading=\"lazy\" decoding=\"async\" width=\"1920\" height=\"1080\" class=\"wp-block-cover__image-background wp-image-3044 size-full\" alt=\"\" src=\"https:\/\/freixenet.com\/app\/uploads\/2025\/06\/Freixenet-Events.webp\" data-object-fit=\"cover\" srcset=\"https:\/\/freixenet.com\/app\/uploads\/sites\/8\/2025\/06\/Freixenet-Events.webp 1920w, https:\/\/freixenet.com\/app\/uploads\/sites\/8\/2025\/06\/Freixenet-Events-300x169.webp 300w, https:\/\/freixenet.com\/app\/uploads\/sites\/8\/2025\/06\/Freixenet-Events-1024x576.webp 1024w, https:\/\/freixenet.com\/app\/uploads\/sites\/8\/2025\/06\/Freixenet-Events-768x432.webp 768w, https:\/\/freixenet.com\/app\/uploads\/sites\/8\/2025\/06\/Freixenet-Events-1536x864.webp 1536w, https:\/\/freixenet.com\/app\/uploads\/sites\/8\/2025\/06\/Freixenet-Events-360x203.webp 360w\" sizes=\"auto, (max-width: 1920px) 100vw, 1920px\" \/><span aria-hidden=\"true\" class=\"wp-block-cover__background has-secondary-background-color has-background-dim\"><\/span><div class=\"wp-block-cover__inner-container is-layout-flow wp-block-cover-is-layout-flow\"><div class=\"wp-bootstrap-blocks-container container custom-block-padding banner-wrapper\">\n\t\n<div class=\"wp-bootstrap-blocks-row row justify-content-center align-items-center\">\n\t\n\n<div class=\"col-12 col-lg-8\">\n\t\t\t\n\n<div class=\"wp-block-group is-vertical is-content-justification-center is-nowrap is-layout-flex wp-container-core-group-is-layout-a31effde wp-block-group-is-layout-flex\">\n<h2 class=\"wp-block-heading has-text-align-center title-tag\">Events<\/h2>\n\n\n\n<h2 class=\"wp-block-heading has-text-align-center has-heading-5-xl-font-size\" style=\"text-transform:uppercase\"><mark class=\"has-inline-color has-current-color\">Feier<\/mark><br><em>mit uns<\/em><\/h2>\n\n\n\n<p class=\"has-text-align-center\">Ein einzigartiges und exklusives Umfeld, um besondere Momente zu feiern. Wir bieten verschiedene M\u00f6glichkeiten, um Deine Veranstaltung unvergesslich zu machen.<\/p>\n\n\n\n<div class=\"wp-block-group is-nowrap is-layout-flex wp-container-core-group-is-layout-27a7e7d6 wp-block-group-is-layout-flex\" style=\"margin-top:var(--wp--preset--spacing--md);margin-bottom:var(--wp--preset--spacing--md)\">    <a class=\"button size--md primary accent button\" title=\"Events\" href=\"https:\/\/freixenet.com\/ch\/besuche-uns\/events\/\">\n                    <div class=\"button__inner\">\n\n<p>Mehr entdecken<\/p>\n\n<\/div>\n                    <\/a>\n<\/div>\n<\/div>\n\n\t<\/div>\n\n<\/div>\n\n<\/div>\n<\/div><\/div>\n\n<\/div>\n<\/section>\n\n\n<section\n    class=\"zoom-in-banner\"\n        >\n    <div class=\"zoom-in-banner__wrapper h-full w-full relative flex flex-col items-center justify-center\">\n\n<div class=\"wp-block-cover asset-wrapper\"><img loading=\"lazy\" decoding=\"async\" width=\"1920\" height=\"1080\" class=\"wp-block-cover__image-background wp-image-3048 size-full\" alt=\"\" src=\"https:\/\/freixenet.com\/app\/uploads\/2025\/06\/Bodega-Freixenet-Visita.webp\" data-object-fit=\"cover\" srcset=\"https:\/\/freixenet.com\/app\/uploads\/sites\/8\/2025\/06\/Bodega-Freixenet-Visita.webp 1920w, https:\/\/freixenet.com\/app\/uploads\/sites\/8\/2025\/06\/Bodega-Freixenet-Visita-300x169.webp 300w, https:\/\/freixenet.com\/app\/uploads\/sites\/8\/2025\/06\/Bodega-Freixenet-Visita-1024x576.webp 1024w, https:\/\/freixenet.com\/app\/uploads\/sites\/8\/2025\/06\/Bodega-Freixenet-Visita-768x432.webp 768w, https:\/\/freixenet.com\/app\/uploads\/sites\/8\/2025\/06\/Bodega-Freixenet-Visita-1536x864.webp 1536w, https:\/\/freixenet.com\/app\/uploads\/sites\/8\/2025\/06\/Bodega-Freixenet-Visita-360x203.webp 360w\" sizes=\"auto, (max-width: 1920px) 100vw, 1920px\" \/><span aria-hidden=\"true\" class=\"wp-block-cover__background has-secondary-background-color has-background-dim\"><\/span><div class=\"wp-block-cover__inner-container is-layout-flow wp-block-cover-is-layout-flow\"><div class=\"wp-bootstrap-blocks-container container custom-block-padding banner-wrapper\">\n\t\n<div class=\"wp-bootstrap-blocks-row row justify-content-center align-items-center\">\n\t\n\n<div class=\"col-12 col-lg-8\">\n\t\t\t\n\n<div class=\"wp-block-group is-vertical is-content-justification-center is-nowrap is-layout-flex wp-container-core-group-is-layout-a31effde wp-block-group-is-layout-flex\">\n<h2 class=\"wp-block-heading has-text-align-center title-tag has-heading-4-xs-font-size\">Das Weingut<\/h2>\n\n\n\n<h2 class=\"wp-block-heading has-text-align-center has-heading-5-xl-font-size\" style=\"text-transform:uppercase\"><mark class=\"has-inline-color has-current-color\">Wo die<\/mark><br><em>Magie beginnt<\/em><\/h2>\n\n\n\n<p class=\"has-text-align-center\">Besuche unsere Weinkellerei in Sant Sadurn\u00ed d&#8217;Anoia, entdecke die Kunst der Cava-Herstellung und lerne unsere Gastronomie und mediterrane Kultur kennen.<\/p>\n\n\n\n<div class=\"wp-block-group is-nowrap is-layout-flex wp-container-core-group-is-layout-27a7e7d6 wp-block-group-is-layout-flex\" style=\"margin-top:var(--wp--preset--spacing--md);margin-bottom:var(--wp--preset--spacing--md)\">    <a class=\"button size--md primary accent button\" title=\"Mehr entdecken\" href=\"https:\/\/freixenet.com\/ch\/besuche-sie-uns\/besuch-des-weinguts\/\">\n                    <div class=\"button__inner\">\n\n<p>Mehr entdecken<\/p>\n\n<\/div>\n                    <\/a>\n<\/div>\n<\/div>\n\n\t<\/div>\n\n<\/div>\n\n<\/div>\n<\/div><\/div>\n\n<\/div>\n<\/section>\n\n\n<section\n    class=\"zoom-in-banner\"\n        >\n    <div class=\"zoom-in-banner__wrapper h-full w-full relative flex flex-col items-center justify-center\">\n\n<div style=\"aspect-ratio:auto;min-height:unset;\" class=\"wp-block-cover asset-wrapper has-aspect-ratio\"><img loading=\"lazy\" decoding=\"async\" width=\"1920\" height=\"1080\" class=\"wp-block-cover__image-background wp-image-3050 size-full\" alt=\"\" src=\"https:\/\/freixenet.com\/app\/uploads\/2025\/06\/Wine-bar.webp\" data-object-fit=\"cover\" srcset=\"https:\/\/freixenet.com\/app\/uploads\/sites\/8\/2025\/06\/Wine-bar.webp 1920w, https:\/\/freixenet.com\/app\/uploads\/sites\/8\/2025\/06\/Wine-bar-300x169.webp 300w, https:\/\/freixenet.com\/app\/uploads\/sites\/8\/2025\/06\/Wine-bar-1024x576.webp 1024w, https:\/\/freixenet.com\/app\/uploads\/sites\/8\/2025\/06\/Wine-bar-768x432.webp 768w, https:\/\/freixenet.com\/app\/uploads\/sites\/8\/2025\/06\/Wine-bar-1536x864.webp 1536w, https:\/\/freixenet.com\/app\/uploads\/sites\/8\/2025\/06\/Wine-bar-360x203.webp 360w\" sizes=\"auto, (max-width: 1920px) 100vw, 1920px\" \/><span aria-hidden=\"true\" class=\"wp-block-cover__background has-secondary-background-color has-background-dim\"><\/span><div class=\"wp-block-cover__inner-container is-layout-flow wp-block-cover-is-layout-flow\"><div class=\"wp-bootstrap-blocks-container container custom-block-padding banner-wrapper\">\n\t\n<div class=\"wp-bootstrap-blocks-row row justify-content-center align-items-center\">\n\t\n\n<div class=\"col-12 col-lg-8\">\n\t\t\t\n\n<div class=\"wp-block-group is-vertical is-content-justification-center is-nowrap is-layout-flex wp-container-core-group-is-layout-a31effde wp-block-group-is-layout-flex\">\n<h2 class=\"wp-block-heading has-text-align-center title-tag\">Weinbar<\/h2>\n\n\n\n<h2 class=\"wp-block-heading has-text-align-center has-heading-5-xl-font-size\" style=\"text-transform:uppercase\"><mark class=\"has-inline-color has-current-color\">Ein frischer Schluck<\/mark><br><em>mit Stil<\/em><\/h2>\n\n\n\n<p class=\"has-text-align-center\">F\u00fcr einen k\u00f6stlichen Mittagsgenuss mit Cava und Weinen von Freixenet in unserem ikonischen Garten empfiehlt sich unsere Cava Bar.<\/p>\n\n\n\n<div class=\"wp-block-group is-nowrap is-layout-flex wp-container-core-group-is-layout-27a7e7d6 wp-block-group-is-layout-flex\" style=\"margin-top:var(--wp--preset--spacing--md);margin-bottom:var(--wp--preset--spacing--md)\">    <a class=\"button size--md primary accent button\" title=\"Weinbar\" href=\"https:\/\/freixenet.com\/ch\/besuche-uns\/weinbar\/\">\n                    <div class=\"button__inner\">\n\n<p>Mehr entdecken<\/p>\n\n<\/div>\n                    <\/a>\n<\/div>\n<\/div>\n\n\t<\/div>\n\n<\/div>\n\n<\/div>\n<\/div><\/div>\n\n<\/div>\n<\/section>\n\n\n\n<div class=\"wp-block-group has-neutral-light-background-color has-background is-layout-constrained wp-block-group-is-layout-constrained\"><div class=\"wp-bootstrap-blocks-container container-fluid has-custom-block-margin-small px-0 no-lenis hidden\">\n\t\n\n<iframe data-src=\"https:\/\/www.cheers-to-you.de\/Footer-Newsletter \" frameborder=\"0\" width=\"100%\" height=\"675px\"><\/iframe>\n\n<\/div>\n<\/div>\n","protected":false},"excerpt":{"rendered":"","protected":false},"author":1,"featured_media":1778,"parent":0,"menu_order":0,"comment_status":"closed","ping_status":"closed","template":"","meta":{"_acf_changed":false,"footnotes":""},"class_list":["post-431","page","type-page","status-publish","has-post-thumbnail","hentry"],"acf":[],"yoast_head":"<!-- This site is optimized with the Yoast SEO plugin v27.4 - https:\/\/yoast.com\/product\/yoast-seo-wordpress\/ -->\n<title>Besuche Uns - Freixenet Switzerland<\/title>\n<meta name=\"robots\" content=\"index, follow, max-snippet:-1, max-image-preview:large, max-video-preview:-1\" \/>\n<link rel=\"canonical\" href=\"https:\/\/freixenet.com\/ch\/besuche-uns\/\" \/>\n<meta property=\"og:locale\" content=\"de_DE\" \/>\n<meta property=\"og:type\" content=\"article\" \/>\n<meta property=\"og:title\" content=\"Besuche Uns - Freixenet Switzerland\" \/>\n<meta property=\"og:url\" content=\"https:\/\/freixenet.com\/ch\/besuche-uns\/\" \/>\n<meta property=\"og:site_name\" content=\"Freixenet Switzerland\" \/>\n<meta property=\"article:modified_time\" content=\"2025-09-17T11:28:14+00:00\" \/>\n<meta property=\"og:image\" content=\"https:\/\/freixenet.com\/app\/uploads\/sites\/8\/2025\/03\/image-64.webp\" \/>\n\t<meta property=\"og:image:width\" content=\"1920\" \/>\n\t<meta property=\"og:image:height\" content=\"948\" \/>\n\t<meta property=\"og:image:type\" content=\"image\/webp\" \/>\n<meta name=\"twitter:card\" content=\"summary_large_image\" \/>\n<meta name=\"twitter:label1\" content=\"Gesch\u00e4tzte Lesezeit\" \/>\n\t<meta name=\"twitter:data1\" content=\"3\u00a0Minuten\" \/>\n<script type=\"application\/ld+json\" class=\"yoast-schema-graph\">{\"@context\":\"https:\\\/\\\/schema.org\",\"@graph\":[{\"@type\":\"WebPage\",\"@id\":\"https:\\\/\\\/freixenet.com\\\/ch\\\/besuche-uns\\\/\",\"url\":\"https:\\\/\\\/freixenet.com\\\/ch\\\/besuche-uns\\\/\",\"name\":\"Besuche Uns - Freixenet Switzerland\",\"isPartOf\":{\"@id\":\"https:\\\/\\\/freixenet.com\\\/ch\\\/#website\"},\"primaryImageOfPage\":{\"@id\":\"https:\\\/\\\/freixenet.com\\\/ch\\\/besuche-uns\\\/#primaryimage\"},\"image\":{\"@id\":\"https:\\\/\\\/freixenet.com\\\/ch\\\/besuche-uns\\\/#primaryimage\"},\"thumbnailUrl\":\"https:\\\/\\\/freixenet.com\\\/app\\\/uploads\\\/sites\\\/8\\\/2025\\\/03\\\/image-64.webp\",\"datePublished\":\"2025-02-25T22:55:44+00:00\",\"dateModified\":\"2025-09-17T11:28:14+00:00\",\"breadcrumb\":{\"@id\":\"https:\\\/\\\/freixenet.com\\\/ch\\\/besuche-uns\\\/#breadcrumb\"},\"inLanguage\":\"de\",\"potentialAction\":[{\"@type\":\"ReadAction\",\"target\":[\"https:\\\/\\\/freixenet.com\\\/ch\\\/besuche-uns\\\/\"]}]},{\"@type\":\"ImageObject\",\"inLanguage\":\"de\",\"@id\":\"https:\\\/\\\/freixenet.com\\\/ch\\\/besuche-uns\\\/#primaryimage\",\"url\":\"https:\\\/\\\/freixenet.com\\\/app\\\/uploads\\\/sites\\\/8\\\/2025\\\/03\\\/image-64.webp\",\"contentUrl\":\"https:\\\/\\\/freixenet.com\\\/app\\\/uploads\\\/sites\\\/8\\\/2025\\\/03\\\/image-64.webp\",\"width\":1920,\"height\":948},{\"@type\":\"BreadcrumbList\",\"@id\":\"https:\\\/\\\/freixenet.com\\\/ch\\\/besuche-uns\\\/#breadcrumb\",\"itemListElement\":[{\"@type\":\"ListItem\",\"position\":1,\"name\":\"Home\",\"item\":\"https:\\\/\\\/freixenet.com\\\/ch\\\/\"},{\"@type\":\"ListItem\",\"position\":2,\"name\":\"Besuche Uns\"}]},{\"@type\":\"WebSite\",\"@id\":\"https:\\\/\\\/freixenet.com\\\/ch\\\/#website\",\"url\":\"https:\\\/\\\/freixenet.com\\\/ch\\\/\",\"name\":\"Freixenet Deutschland\",\"description\":\"Die bekanntesten Weing\u00fcter von Freixenet vereinen Tradition und Innovation und verf\u00fcgen \u00fcber die tiefsten alten Weinkeller, die sich 20 Meter unter der Erde befinden.\",\"publisher\":{\"@id\":\"https:\\\/\\\/freixenet.com\\\/ch\\\/#organization\"},\"potentialAction\":[{\"@type\":\"SearchAction\",\"target\":{\"@type\":\"EntryPoint\",\"urlTemplate\":\"https:\\\/\\\/freixenet.com\\\/ch\\\/?s={search_term_string}\"},\"query-input\":{\"@type\":\"PropertyValueSpecification\",\"valueRequired\":true,\"valueName\":\"search_term_string\"}}],\"inLanguage\":\"de\"},{\"@type\":\"Organization\",\"@id\":\"https:\\\/\\\/freixenet.com\\\/ch\\\/#organization\",\"name\":\"Freixenet Deutschland\",\"url\":\"https:\\\/\\\/freixenet.com\\\/ch\\\/\",\"logo\":{\"@type\":\"ImageObject\",\"inLanguage\":\"de\",\"@id\":\"https:\\\/\\\/freixenet.com\\\/ch\\\/#\\\/schema\\\/logo\\\/image\\\/\",\"url\":\"https:\\\/\\\/freixenet.com\\\/app\\\/uploads\\\/sites\\\/3\\\/2025\\\/06\\\/brand-chiselled.png\",\"contentUrl\":\"https:\\\/\\\/freixenet.com\\\/app\\\/uploads\\\/sites\\\/3\\\/2025\\\/06\\\/brand-chiselled.png\",\"width\":501,\"height\":200,\"caption\":\"Freixenet Deutschland\"},\"image\":{\"@id\":\"https:\\\/\\\/freixenet.com\\\/ch\\\/#\\\/schema\\\/logo\\\/image\\\/\"}}]}<\/script>\n<!-- \/ Yoast SEO plugin. -->","yoast_head_json":{"title":"Besuche Uns - Freixenet Switzerland","robots":{"index":"index","follow":"follow","max-snippet":"max-snippet:-1","max-image-preview":"max-image-preview:large","max-video-preview":"max-video-preview:-1"},"canonical":"https:\/\/freixenet.com\/ch\/besuche-uns\/","og_locale":"de_DE","og_type":"article","og_title":"Besuche Uns - Freixenet Switzerland","og_url":"https:\/\/freixenet.com\/ch\/besuche-uns\/","og_site_name":"Freixenet Switzerland","article_modified_time":"2025-09-17T11:28:14+00:00","og_image":[{"width":1920,"height":948,"url":"https:\/\/freixenet.com\/app\/uploads\/sites\/8\/2025\/03\/image-64.webp","type":"image\/webp"}],"twitter_card":"summary_large_image","twitter_misc":{"Gesch\u00e4tzte Lesezeit":"3\u00a0Minuten"},"schema":{"@context":"https:\/\/schema.org","@graph":[{"@type":"WebPage","@id":"https:\/\/freixenet.com\/ch\/besuche-uns\/","url":"https:\/\/freixenet.com\/ch\/besuche-uns\/","name":"Besuche Uns - Freixenet Switzerland","isPartOf":{"@id":"https:\/\/freixenet.com\/ch\/#website"},"primaryImageOfPage":{"@id":"https:\/\/freixenet.com\/ch\/besuche-uns\/#primaryimage"},"image":{"@id":"https:\/\/freixenet.com\/ch\/besuche-uns\/#primaryimage"},"thumbnailUrl":"https:\/\/freixenet.com\/app\/uploads\/sites\/8\/2025\/03\/image-64.webp","datePublished":"2025-02-25T22:55:44+00:00","dateModified":"2025-09-17T11:28:14+00:00","breadcrumb":{"@id":"https:\/\/freixenet.com\/ch\/besuche-uns\/#breadcrumb"},"inLanguage":"de","potentialAction":[{"@type":"ReadAction","target":["https:\/\/freixenet.com\/ch\/besuche-uns\/"]}]},{"@type":"ImageObject","inLanguage":"de","@id":"https:\/\/freixenet.com\/ch\/besuche-uns\/#primaryimage","url":"https:\/\/freixenet.com\/app\/uploads\/sites\/8\/2025\/03\/image-64.webp","contentUrl":"https:\/\/freixenet.com\/app\/uploads\/sites\/8\/2025\/03\/image-64.webp","width":1920,"height":948},{"@type":"BreadcrumbList","@id":"https:\/\/freixenet.com\/ch\/besuche-uns\/#breadcrumb","itemListElement":[{"@type":"ListItem","position":1,"name":"Home","item":"https:\/\/freixenet.com\/ch\/"},{"@type":"ListItem","position":2,"name":"Besuche Uns"}]},{"@type":"WebSite","@id":"https:\/\/freixenet.com\/ch\/#website","url":"https:\/\/freixenet.com\/ch\/","name":"Freixenet Deutschland","description":"Die bekanntesten Weing\u00fcter von Freixenet vereinen Tradition und Innovation und verf\u00fcgen \u00fcber die tiefsten alten Weinkeller, die sich 20 Meter unter der Erde befinden.","publisher":{"@id":"https:\/\/freixenet.com\/ch\/#organization"},"potentialAction":[{"@type":"SearchAction","target":{"@type":"EntryPoint","urlTemplate":"https:\/\/freixenet.com\/ch\/?s={search_term_string}"},"query-input":{"@type":"PropertyValueSpecification","valueRequired":true,"valueName":"search_term_string"}}],"inLanguage":"de"},{"@type":"Organization","@id":"https:\/\/freixenet.com\/ch\/#organization","name":"Freixenet Deutschland","url":"https:\/\/freixenet.com\/ch\/","logo":{"@type":"ImageObject","inLanguage":"de","@id":"https:\/\/freixenet.com\/ch\/#\/schema\/logo\/image\/","url":"https:\/\/freixenet.com\/app\/uploads\/sites\/3\/2025\/06\/brand-chiselled.png","contentUrl":"https:\/\/freixenet.com\/app\/uploads\/sites\/3\/2025\/06\/brand-chiselled.png","width":501,"height":200,"caption":"Freixenet Deutschland"},"image":{"@id":"https:\/\/freixenet.com\/ch\/#\/schema\/logo\/image\/"}}]}},"_links":{"self":[{"href":"https:\/\/freixenet.com\/ch\/wp-json\/wp\/v2\/pages\/431","targetHints":{"allow":["GET"]}}],"collection":[{"href":"https:\/\/freixenet.com\/ch\/wp-json\/wp\/v2\/pages"}],"about":[{"href":"https:\/\/freixenet.com\/ch\/wp-json\/wp\/v2\/types\/page"}],"author":[{"embeddable":true,"href":"https:\/\/freixenet.com\/ch\/wp-json\/wp\/v2\/users\/1"}],"replies":[{"embeddable":true,"href":"https:\/\/freixenet.com\/ch\/wp-json\/wp\/v2\/comments?post=431"}],"version-history":[{"count":34,"href":"https:\/\/freixenet.com\/ch\/wp-json\/wp\/v2\/pages\/431\/revisions"}],"predecessor-version":[{"id":3718,"href":"https:\/\/freixenet.com\/ch\/wp-json\/wp\/v2\/pages\/431\/revisions\/3718"}],"wp:featuredmedia":[{"embeddable":true,"href":"https:\/\/freixenet.com\/ch\/wp-json\/wp\/v2\/media\/1778"}],"wp:attachment":[{"href":"https:\/\/freixenet.com\/ch\/wp-json\/wp\/v2\/media?parent=431"}],"curies":[{"name":"wp","href":"https:\/\/api.w.org\/{rel}","templated":true}]}}