{"id":391,"date":"2025-02-25T21:21:42","date_gmt":"2025-02-25T21:21:42","guid":{"rendered":"http:\/\/freixenet2025.com.local\/?page_id=391"},"modified":"2025-11-18T08:38:55","modified_gmt":"2025-11-18T08:38:55","slug":"unsere-produkte","status":"publish","type":"page","link":"https:\/\/freixenet.com\/ch\/unsere-produkte\/","title":{"rendered":"Unsere Produkte"},"content":{"rendered":"<div class=\"wp-bootstrap-blocks-container container has-custom-block-padding\">\n\t\n<div class=\"wp-bootstrap-blocks-row row justify-content-center\">\n\t\n\n<div class=\"col-12 col-md-6 col-lg-8\">\n\t\t\t\n\n<div class=\"wp-block-group is-vertical is-content-justification-center is-nowrap is-layout-flex wp-container-core-group-is-layout-a31effde wp-block-group-is-layout-flex\">\n<h1 class=\"wp-block-heading has-text-align-center title-tag has-accent-dim-600-color has-text-color has-link-color wp-elements-b1fa90e92ffb19e7fe66632947b22c57\">Unsere Produkte<\/h1>\n\n\n\n<h2 class=\"wp-block-heading has-text-align-center has-secondary-color has-text-color has-link-color has-heading-5-xl-font-size wp-elements-6454929fdbb9d064591e5cb9cbae97a2\" style=\"text-transform:uppercase\"><mark class=\"has-inline-color has-current-color\">Entdecke<\/mark><br><em>unser Sortiment<\/em><\/h2>\n\n\n\n<p class=\"has-text-align-center\">Eine Flasche Freixenet entkorkt man am besten zusammen. Feier das Leben bei einem ausgiebigen Essen mit Familie und Freunden auf deine Art und Weise \u2013 also sto\u00dfe auf dich und deine Liebsten an!<\/p>\n<\/div>\n\n\t<\/div>\n\n<\/div>\n\n<\/div>\n\n\n<section class=\"range-banners\" >\n    <!-- Add Range Banners content here: -->\n    \n            <article data-component=\"zoom-in-banner\" class=\"zoom-in-banner\" >\n                <div class=\"zoom-in-banner__wrapper\">\n                    <div class=\"wp-block-cover asset-wrapper\">\n                        <img decoding=\"async\" class=\"wp-block-cover__image-background bg-accent-dim-200 object-cover\"\n                            alt=\"Schaumwein\"\n                            src=\"https:\/\/freixenet.com\/app\/uploads\/sites\/8\/2024\/12\/Freixenet-Carta-Nevada-5.webp\"\n                            data-object-fit=\"cover\" \/>\n                        <span aria-hidden=\"true\" class=\"wp-block-cover__background has-secondary-background-color has-background-dim-30 has-background-dim\"><\/span>\n                        <div class=\"wp-block-cover__inner-container\">\n                            <div class=\"zoom-in-banner__text-block text-center\">\n                                <h3 class=\"range-banner-title text-heading-5-xl uppercase\">\n                                    <em class=\"italic\">Schaumwein<\/em>                                <\/h3>\n\n                                <div class=\"button-wrapper pt-md flex items-center justify-center\">\n                                    <a class=\"button size--md primary accent\" href=\"https:\/\/freixenet.com\/ch\/produktkategorien\/schaumwein\/\">\n                                        Entdecken                                    <\/a>\n                                <\/div>\n                            <\/div>\n                        <\/div>\n                    <\/div>\n                <\/div>\n            <\/article>\n    \n            <article data-component=\"zoom-in-banner\" class=\"zoom-in-banner\" >\n                <div class=\"zoom-in-banner__wrapper\">\n                    <div class=\"wp-block-cover asset-wrapper\">\n                        <img decoding=\"async\" class=\"wp-block-cover__image-background bg-accent-dim-200 object-cover\"\n                            alt=\"Wein\"\n                            src=\"https:\/\/freixenet.com\/app\/uploads\/sites\/8\/2025\/11\/Pinot-Grigio-WebP.webp\"\n                            data-object-fit=\"cover\" \/>\n                        <span aria-hidden=\"true\" class=\"wp-block-cover__background has-secondary-background-color has-background-dim-30 has-background-dim\"><\/span>\n                        <div class=\"wp-block-cover__inner-container\">\n                            <div class=\"zoom-in-banner__text-block text-center\">\n                                <h3 class=\"range-banner-title text-heading-5-xl uppercase\">\n                                    <em class=\"italic\">Wein<\/em>                                <\/h3>\n\n                                <div class=\"button-wrapper pt-md flex items-center justify-center\">\n                                    <a class=\"button size--md primary accent\" href=\"https:\/\/freixenet.com\/ch\/produktkategorien\/wein\/\">\n                                        Entdecken                                    <\/a>\n                                <\/div>\n                            <\/div>\n                        <\/div>\n                    <\/div>\n                <\/div>\n            <\/article>\n    \n            <article data-component=\"zoom-in-banner\" class=\"zoom-in-banner\" >\n                <div class=\"zoom-in-banner__wrapper\">\n                    <div class=\"wp-block-cover asset-wrapper\">\n                        <img decoding=\"async\" class=\"wp-block-cover__image-background bg-accent-dim-200 object-cover\"\n                            alt=\"Alcohol free\"\n                            src=\"https:\/\/freixenet.com\/app\/uploads\/sites\/8\/2025\/06\/Freixenet-White-Sparkling-00.webp\"\n                            data-object-fit=\"cover\" \/>\n                        <span aria-hidden=\"true\" class=\"wp-block-cover__background has-secondary-background-color has-background-dim-30 has-background-dim\"><\/span>\n                        <div class=\"wp-block-cover__inner-container\">\n                            <div class=\"zoom-in-banner__text-block text-center\">\n                                <h3 class=\"range-banner-title text-heading-5-xl uppercase\">\n                                    Alcohol<br><em class=\"italic\">free<\/em>                                <\/h3>\n\n                                <div class=\"button-wrapper pt-md flex items-center justify-center\">\n                                    <a class=\"button size--md primary accent\" href=\"https:\/\/freixenet.com\/ch\/produktkategorien\/alcohol-free\/\">\n                                        Entdecken                                    <\/a>\n                                <\/div>\n                            <\/div>\n                        <\/div>\n                    <\/div>\n                <\/div>\n            <\/article>\n    <\/section>\n\n<div class=\"wp-bootstrap-blocks-container container-fluid has-custom-block-margin-small px-0 no-lenis hidden\">\n\t\n\n<iframe data-src=\"https:\/\/www.cheers-to-you.de\/Footer-Newsletter \" frameborder=\"0\" width=\"100%\" height=\"675px\"><\/iframe>\n\n<\/div>\n","protected":false},"excerpt":{"rendered":"","protected":false},"author":1,"featured_media":3366,"parent":0,"menu_order":0,"comment_status":"closed","ping_status":"closed","template":"","meta":{"_acf_changed":false,"footnotes":""},"class_list":["post-391","page","type-page","status-publish","has-post-thumbnail","hentry"],"acf":[],"yoast_head":"<!-- This site is optimized with the Yoast SEO plugin v27.4 - https:\/\/yoast.com\/product\/yoast-seo-wordpress\/ -->\n<title>Unsere Produkte - Freixenet Switzerland<\/title>\n<meta name=\"robots\" content=\"index, follow, max-snippet:-1, max-image-preview:large, max-video-preview:-1\" \/>\n<link rel=\"canonical\" href=\"https:\/\/freixenet.com\/ch\/unsere-produkte\/\" \/>\n<meta property=\"og:locale\" content=\"de_DE\" \/>\n<meta property=\"og:type\" content=\"article\" \/>\n<meta property=\"og:title\" content=\"Unsere Produkte - Freixenet Switzerland\" \/>\n<meta property=\"og:url\" content=\"https:\/\/freixenet.com\/ch\/unsere-produkte\/\" \/>\n<meta property=\"og:site_name\" content=\"Freixenet Switzerland\" \/>\n<meta property=\"article:modified_time\" content=\"2025-11-18T08:38:55+00:00\" \/>\n<meta property=\"og:image\" content=\"https:\/\/freixenet.com\/app\/uploads\/sites\/8\/2025\/07\/Produkte_Header_1920x720.png\" \/>\n\t<meta property=\"og:image:width\" content=\"1920\" \/>\n\t<meta property=\"og:image:height\" content=\"720\" \/>\n\t<meta property=\"og:image:type\" content=\"image\/png\" \/>\n<meta name=\"twitter:card\" content=\"summary_large_image\" \/>\n<meta name=\"twitter:label1\" content=\"Gesch\u00e4tzte Lesezeit\" \/>\n\t<meta name=\"twitter:data1\" content=\"1\u00a0Minute\" \/>\n<script type=\"application\/ld+json\" class=\"yoast-schema-graph\">{\"@context\":\"https:\\\/\\\/schema.org\",\"@graph\":[{\"@type\":\"WebPage\",\"@id\":\"https:\\\/\\\/freixenet.com\\\/ch\\\/unsere-produkte\\\/\",\"url\":\"https:\\\/\\\/freixenet.com\\\/ch\\\/unsere-produkte\\\/\",\"name\":\"Unsere Produkte - Freixenet Switzerland\",\"isPartOf\":{\"@id\":\"https:\\\/\\\/freixenet.com\\\/ch\\\/#website\"},\"primaryImageOfPage\":{\"@id\":\"https:\\\/\\\/freixenet.com\\\/ch\\\/unsere-produkte\\\/#primaryimage\"},\"image\":{\"@id\":\"https:\\\/\\\/freixenet.com\\\/ch\\\/unsere-produkte\\\/#primaryimage\"},\"thumbnailUrl\":\"https:\\\/\\\/freixenet.com\\\/app\\\/uploads\\\/sites\\\/8\\\/2025\\\/07\\\/Produkte_Header_1920x720.png\",\"datePublished\":\"2025-02-25T21:21:42+00:00\",\"dateModified\":\"2025-11-18T08:38:55+00:00\",\"breadcrumb\":{\"@id\":\"https:\\\/\\\/freixenet.com\\\/ch\\\/unsere-produkte\\\/#breadcrumb\"},\"inLanguage\":\"de\",\"potentialAction\":[{\"@type\":\"ReadAction\",\"target\":[\"https:\\\/\\\/freixenet.com\\\/ch\\\/unsere-produkte\\\/\"]}]},{\"@type\":\"ImageObject\",\"inLanguage\":\"de\",\"@id\":\"https:\\\/\\\/freixenet.com\\\/ch\\\/unsere-produkte\\\/#primaryimage\",\"url\":\"https:\\\/\\\/freixenet.com\\\/app\\\/uploads\\\/sites\\\/8\\\/2025\\\/07\\\/Produkte_Header_1920x720.png\",\"contentUrl\":\"https:\\\/\\\/freixenet.com\\\/app\\\/uploads\\\/sites\\\/8\\\/2025\\\/07\\\/Produkte_Header_1920x720.png\",\"width\":1920,\"height\":720},{\"@type\":\"BreadcrumbList\",\"@id\":\"https:\\\/\\\/freixenet.com\\\/ch\\\/unsere-produkte\\\/#breadcrumb\",\"itemListElement\":[{\"@type\":\"ListItem\",\"position\":1,\"name\":\"Home\",\"item\":\"https:\\\/\\\/freixenet.com\\\/ch\\\/\"},{\"@type\":\"ListItem\",\"position\":2,\"name\":\"Unsere Produkte\"}]},{\"@type\":\"WebSite\",\"@id\":\"https:\\\/\\\/freixenet.com\\\/ch\\\/#website\",\"url\":\"https:\\\/\\\/freixenet.com\\\/ch\\\/\",\"name\":\"Freixenet Deutschland\",\"description\":\"Die bekanntesten Weing\u00fcter von Freixenet vereinen Tradition und Innovation und verf\u00fcgen \u00fcber die tiefsten alten Weinkeller, die sich 20 Meter unter der Erde befinden.\",\"publisher\":{\"@id\":\"https:\\\/\\\/freixenet.com\\\/ch\\\/#organization\"},\"potentialAction\":[{\"@type\":\"SearchAction\",\"target\":{\"@type\":\"EntryPoint\",\"urlTemplate\":\"https:\\\/\\\/freixenet.com\\\/ch\\\/?s={search_term_string}\"},\"query-input\":{\"@type\":\"PropertyValueSpecification\",\"valueRequired\":true,\"valueName\":\"search_term_string\"}}],\"inLanguage\":\"de\"},{\"@type\":\"Organization\",\"@id\":\"https:\\\/\\\/freixenet.com\\\/ch\\\/#organization\",\"name\":\"Freixenet Deutschland\",\"url\":\"https:\\\/\\\/freixenet.com\\\/ch\\\/\",\"logo\":{\"@type\":\"ImageObject\",\"inLanguage\":\"de\",\"@id\":\"https:\\\/\\\/freixenet.com\\\/ch\\\/#\\\/schema\\\/logo\\\/image\\\/\",\"url\":\"https:\\\/\\\/freixenet.com\\\/app\\\/uploads\\\/sites\\\/3\\\/2025\\\/06\\\/brand-chiselled.png\",\"contentUrl\":\"https:\\\/\\\/freixenet.com\\\/app\\\/uploads\\\/sites\\\/3\\\/2025\\\/06\\\/brand-chiselled.png\",\"width\":501,\"height\":200,\"caption\":\"Freixenet Deutschland\"},\"image\":{\"@id\":\"https:\\\/\\\/freixenet.com\\\/ch\\\/#\\\/schema\\\/logo\\\/image\\\/\"}}]}<\/script>\n<!-- \/ Yoast SEO plugin. -->","yoast_head_json":{"title":"Unsere Produkte - Freixenet Switzerland","robots":{"index":"index","follow":"follow","max-snippet":"max-snippet:-1","max-image-preview":"max-image-preview:large","max-video-preview":"max-video-preview:-1"},"canonical":"https:\/\/freixenet.com\/ch\/unsere-produkte\/","og_locale":"de_DE","og_type":"article","og_title":"Unsere Produkte - Freixenet Switzerland","og_url":"https:\/\/freixenet.com\/ch\/unsere-produkte\/","og_site_name":"Freixenet Switzerland","article_modified_time":"2025-11-18T08:38:55+00:00","og_image":[{"width":1920,"height":720,"url":"https:\/\/freixenet.com\/app\/uploads\/sites\/8\/2025\/07\/Produkte_Header_1920x720.png","type":"image\/png"}],"twitter_card":"summary_large_image","twitter_misc":{"Gesch\u00e4tzte Lesezeit":"1\u00a0Minute"},"schema":{"@context":"https:\/\/schema.org","@graph":[{"@type":"WebPage","@id":"https:\/\/freixenet.com\/ch\/unsere-produkte\/","url":"https:\/\/freixenet.com\/ch\/unsere-produkte\/","name":"Unsere Produkte - Freixenet Switzerland","isPartOf":{"@id":"https:\/\/freixenet.com\/ch\/#website"},"primaryImageOfPage":{"@id":"https:\/\/freixenet.com\/ch\/unsere-produkte\/#primaryimage"},"image":{"@id":"https:\/\/freixenet.com\/ch\/unsere-produkte\/#primaryimage"},"thumbnailUrl":"https:\/\/freixenet.com\/app\/uploads\/sites\/8\/2025\/07\/Produkte_Header_1920x720.png","datePublished":"2025-02-25T21:21:42+00:00","dateModified":"2025-11-18T08:38:55+00:00","breadcrumb":{"@id":"https:\/\/freixenet.com\/ch\/unsere-produkte\/#breadcrumb"},"inLanguage":"de","potentialAction":[{"@type":"ReadAction","target":["https:\/\/freixenet.com\/ch\/unsere-produkte\/"]}]},{"@type":"ImageObject","inLanguage":"de","@id":"https:\/\/freixenet.com\/ch\/unsere-produkte\/#primaryimage","url":"https:\/\/freixenet.com\/app\/uploads\/sites\/8\/2025\/07\/Produkte_Header_1920x720.png","contentUrl":"https:\/\/freixenet.com\/app\/uploads\/sites\/8\/2025\/07\/Produkte_Header_1920x720.png","width":1920,"height":720},{"@type":"BreadcrumbList","@id":"https:\/\/freixenet.com\/ch\/unsere-produkte\/#breadcrumb","itemListElement":[{"@type":"ListItem","position":1,"name":"Home","item":"https:\/\/freixenet.com\/ch\/"},{"@type":"ListItem","position":2,"name":"Unsere Produkte"}]},{"@type":"WebSite","@id":"https:\/\/freixenet.com\/ch\/#website","url":"https:\/\/freixenet.com\/ch\/","name":"Freixenet Deutschland","description":"Die bekanntesten Weing\u00fcter von Freixenet vereinen Tradition und Innovation und verf\u00fcgen \u00fcber die tiefsten alten Weinkeller, die sich 20 Meter unter der Erde befinden.","publisher":{"@id":"https:\/\/freixenet.com\/ch\/#organization"},"potentialAction":[{"@type":"SearchAction","target":{"@type":"EntryPoint","urlTemplate":"https:\/\/freixenet.com\/ch\/?s={search_term_string}"},"query-input":{"@type":"PropertyValueSpecification","valueRequired":true,"valueName":"search_term_string"}}],"inLanguage":"de"},{"@type":"Organization","@id":"https:\/\/freixenet.com\/ch\/#organization","name":"Freixenet Deutschland","url":"https:\/\/freixenet.com\/ch\/","logo":{"@type":"ImageObject","inLanguage":"de","@id":"https:\/\/freixenet.com\/ch\/#\/schema\/logo\/image\/","url":"https:\/\/freixenet.com\/app\/uploads\/sites\/3\/2025\/06\/brand-chiselled.png","contentUrl":"https:\/\/freixenet.com\/app\/uploads\/sites\/3\/2025\/06\/brand-chiselled.png","width":501,"height":200,"caption":"Freixenet Deutschland"},"image":{"@id":"https:\/\/freixenet.com\/ch\/#\/schema\/logo\/image\/"}}]}},"_links":{"self":[{"href":"https:\/\/freixenet.com\/ch\/wp-json\/wp\/v2\/pages\/391","targetHints":{"allow":["GET"]}}],"collection":[{"href":"https:\/\/freixenet.com\/ch\/wp-json\/wp\/v2\/pages"}],"about":[{"href":"https:\/\/freixenet.com\/ch\/wp-json\/wp\/v2\/types\/page"}],"author":[{"embeddable":true,"href":"https:\/\/freixenet.com\/ch\/wp-json\/wp\/v2\/users\/1"}],"replies":[{"embeddable":true,"href":"https:\/\/freixenet.com\/ch\/wp-json\/wp\/v2\/comments?post=391"}],"version-history":[{"count":51,"href":"https:\/\/freixenet.com\/ch\/wp-json\/wp\/v2\/pages\/391\/revisions"}],"predecessor-version":[{"id":3745,"href":"https:\/\/freixenet.com\/ch\/wp-json\/wp\/v2\/pages\/391\/revisions\/3745"}],"wp:featuredmedia":[{"embeddable":true,"href":"https:\/\/freixenet.com\/ch\/wp-json\/wp\/v2\/media\/3366"}],"wp:attachment":[{"href":"https:\/\/freixenet.com\/ch\/wp-json\/wp\/v2\/media?parent=391"}],"curies":[{"name":"wp","href":"https:\/\/api.w.org\/{rel}","templated":true}]}}