{"id":3646,"date":"2025-08-22T12:10:35","date_gmt":"2025-08-22T12:10:35","guid":{"rendered":"https:\/\/freixenet.com\/ch\/?page_id=3646"},"modified":"2025-08-22T12:10:35","modified_gmt":"2025-08-22T12:10:35","slug":"impressum","status":"publish","type":"page","link":"https:\/\/freixenet.com\/ch\/impressum\/","title":{"rendered":"Impressum"},"content":{"rendered":"\n<div class=\"wp-block-group is-vertical is-content-justification-center is-nowrap is-layout-flex wp-container-core-group-is-layout-a31effde wp-block-group-is-layout-flex\">\n<h1 class=\"wp-block-heading has-text-align-center has-secondary-color has-text-color has-link-color has-heading-4-xl-font-size wp-elements-a9128774d54045348f12a37d33062b11\" style=\"text-transform:uppercase\"><em>Impressum<\/em><\/h1>\n<\/div>\n\n\n<div class=\"wp-bootstrap-blocks-container container\">\n\t\n\n<p><strong>Herausgeber und verantwortlich f\u00fcr den Inhalt<\/strong><\/p>\n\n\n\n<p>Henkell &amp; Co. Sektkellerei KG<br>Biebricher Allee 142<br>D-65187 Wiesbaden<br>Postfach 3040<br>D-65020 Wiesbaden Germany<br>Tel: +49 611 63-0<br>Fax: +49 611 63-104<br>E-Mail: info@henkell-sektkellerei.de<\/p>\n\n\n\n<p><strong>Sitz und Registergericht<\/strong><\/p>\n\n\n\n<p>Amtsgericht Wiesbaden HRA 4770<\/p>\n\n\n\n<p><strong>Umsatzsteueridentifikationsnummer<\/strong><\/p>\n\n\n\n<p>DE 213 089 937<\/p>\n\n\n\n<p><strong>Gesch\u00e4ftsf\u00fchrer<\/strong><\/p>\n\n\n\n<p>Dr. Andreas Brokemper<br>Eberhard Benz<\/p>\n\n\n\n<p>Konzept, Gestaltung, Text,<br>Fotografie&nbsp;und Technische Realisation&nbsp;<a href=\"http:\/\/serviceplansales.com\/\">Serviceplan Sales<\/a><\/p>\n\n\n\n<p><strong>Copyright\/Urheberrecht<\/strong><\/p>\n\n\n\n<p>Copyright 2016 Henkell &amp; Co. Sektkellerei KG. Alle Rechte vorbehalten. Alle Inhalte (Texte, Bilder, Grafiken, Dateien, grafische Gestaltungen, Anordnungen u.a.) auf dieser Website der Henkell &amp; Co. Sektkellerei KG sind durch das Urheberrecht und andere Schutzgesetze gesch\u00fctzt. Dieser Rechtsschutz gilt auch gegen\u00fcber Datenbanken und \u00e4hnlichen Einrichtungen. Die Inhalte dieser Website sind nur f\u00fcr den genannten bestimmungsgem\u00e4\u00dfen Abruf im Internet nutzbar. Alle Inhalte dieser Website d\u00fcrfen au\u00dferhalb der gesetzlichen Grenzen und au\u00dfer in den urheberrechtlich gestatteten F\u00e4llen ohne vorherige schriftliche Zustimmung der Henkell &amp; Co. Sektkellerei KG nicht in irgendeiner Form vervielf\u00e4ltigt, weitergegeben, wiederverwendet, \u00fcbertragen, gespeichert, ver\u00e4ndert, verbreitet, genutzt oder sonst Dritten zug\u00e4nglich gemacht werden. Diese Website kann urheberrechtlich und durch andere Gesetze gesch\u00fctzte Elemente enthalten, die dem Urheberrecht Dritter unterliegen und die f\u00fcr diese Dritten entsprechend urheberrechtlich gesch\u00fctzt sind.<\/p>\n\n\n\n<p><strong>Marken, Produktausstattungen, Firmenschriftz\u00fcge<\/strong><\/p>\n\n\n\n<p>Marken, Produktausstattungen, Firmenschriftz\u00fcge, Logos und Abbildungen, die auf dieser Website enthalten sind, sind markenrechtlich und nach anderen Schutzgesetzen zugunsten der Henkell &amp; Co. Sektkellerei KG, ihrer verbundenen Unternehmen und, soweit angegeben, zugunsten anderer Unternehmen gesch\u00fctzt und d\u00fcrfen daher, gleichg\u00fcltig auf welche Art, von Nutzern dieser Website nicht f\u00fcr eigene Zwecke verwendet werden.<\/p>\n\n\n\n<p><strong>Haftung<\/strong><\/p>\n\n\n\n<p>Die Inhalte dieser Website wurden sorgf\u00e4ltig zusammengestellt und unterliegen nach dieser Ma\u00dfgabe der stetigen Erweiterung und Aktualisierung. Gleichwohl wird eine Garantie f\u00fcr Richtigkeit, Vollst\u00e4ndigkeit und Aktualit\u00e4t nicht \u00fcbernommen. Die Henkell &amp; Co. Sektkellerei KG stellt die Informationen ohne Garantie oder sonstige ausdr\u00fcckliche oder stillschweigende Haftungs\u00fcbernahme f\u00fcr Inhalte zur Verf\u00fcgung. Jegliche Haftung f\u00fcr Sch\u00e4den, die direkt oder indirekt aus der Benutzung dieser Website und ihrer Inhalte entstehen, sind ausgeschlossen, soweit sie nicht durch Vorsatz oder grobe Fahrl\u00e4ssigkeit der Henkell &amp; Co. Sektkellerei KG verursacht werden.<\/p>\n\n\n\n<p><strong>Links zu anderen Websites<\/strong><\/p>\n\n\n\n<p>Die Website der Henkell &amp; Co. Sektkellerei KG kann Links (Verweisungen) auf Websites enthalten, die von Dritten betrieben werden. Die Henkell &amp; Co. Sektkellerei KG \u00fcbernimmt f\u00fcr den Inhalt dieser anderen Websites keine Verantwortung.<\/p>\n\n<\/div>\n","protected":false},"excerpt":{"rendered":"<p>Impressum<\/p>\n","protected":false},"author":1,"featured_media":0,"parent":0,"menu_order":0,"comment_status":"closed","ping_status":"closed","template":"","meta":{"_acf_changed":false,"footnotes":""},"class_list":["post-3646","page","type-page","status-publish","hentry"],"acf":[],"yoast_head":"<!-- This site is optimized with the Yoast SEO plugin v27.4 - https:\/\/yoast.com\/product\/yoast-seo-wordpress\/ -->\n<title>Impressum - Freixenet Switzerland<\/title>\n<meta name=\"robots\" content=\"index, follow, max-snippet:-1, max-image-preview:large, max-video-preview:-1\" \/>\n<link rel=\"canonical\" href=\"https:\/\/freixenet.com\/ch\/impressum\/\" \/>\n<meta property=\"og:locale\" content=\"de_DE\" \/>\n<meta property=\"og:type\" content=\"article\" \/>\n<meta property=\"og:title\" content=\"Impressum - Freixenet Switzerland\" \/>\n<meta property=\"og:description\" content=\"Impressum\" \/>\n<meta property=\"og:url\" content=\"https:\/\/freixenet.com\/ch\/impressum\/\" \/>\n<meta property=\"og:site_name\" content=\"Freixenet Switzerland\" \/>\n<meta name=\"twitter:card\" content=\"summary_large_image\" \/>\n<meta name=\"twitter:label1\" content=\"Gesch\u00e4tzte Lesezeit\" \/>\n\t<meta name=\"twitter:data1\" content=\"2\u00a0Minuten\" \/>\n<script type=\"application\/ld+json\" class=\"yoast-schema-graph\">{\"@context\":\"https:\\\/\\\/schema.org\",\"@graph\":[{\"@type\":\"WebPage\",\"@id\":\"https:\\\/\\\/freixenet.com\\\/ch\\\/impressum\\\/\",\"url\":\"https:\\\/\\\/freixenet.com\\\/ch\\\/impressum\\\/\",\"name\":\"Impressum - Freixenet Switzerland\",\"isPartOf\":{\"@id\":\"https:\\\/\\\/freixenet.com\\\/ch\\\/#website\"},\"datePublished\":\"2025-08-22T12:10:35+00:00\",\"breadcrumb\":{\"@id\":\"https:\\\/\\\/freixenet.com\\\/ch\\\/impressum\\\/#breadcrumb\"},\"inLanguage\":\"de\",\"potentialAction\":[{\"@type\":\"ReadAction\",\"target\":[\"https:\\\/\\\/freixenet.com\\\/ch\\\/impressum\\\/\"]}]},{\"@type\":\"BreadcrumbList\",\"@id\":\"https:\\\/\\\/freixenet.com\\\/ch\\\/impressum\\\/#breadcrumb\",\"itemListElement\":[{\"@type\":\"ListItem\",\"position\":1,\"name\":\"Home\",\"item\":\"https:\\\/\\\/freixenet.com\\\/ch\\\/\"},{\"@type\":\"ListItem\",\"position\":2,\"name\":\"Impressum\"}]},{\"@type\":\"WebSite\",\"@id\":\"https:\\\/\\\/freixenet.com\\\/ch\\\/#website\",\"url\":\"https:\\\/\\\/freixenet.com\\\/ch\\\/\",\"name\":\"Freixenet Deutschland\",\"description\":\"Die bekanntesten Weing\u00fcter von Freixenet vereinen Tradition und Innovation und verf\u00fcgen \u00fcber die tiefsten alten Weinkeller, die sich 20 Meter unter der Erde befinden.\",\"publisher\":{\"@id\":\"https:\\\/\\\/freixenet.com\\\/ch\\\/#organization\"},\"potentialAction\":[{\"@type\":\"SearchAction\",\"target\":{\"@type\":\"EntryPoint\",\"urlTemplate\":\"https:\\\/\\\/freixenet.com\\\/ch\\\/?s={search_term_string}\"},\"query-input\":{\"@type\":\"PropertyValueSpecification\",\"valueRequired\":true,\"valueName\":\"search_term_string\"}}],\"inLanguage\":\"de\"},{\"@type\":\"Organization\",\"@id\":\"https:\\\/\\\/freixenet.com\\\/ch\\\/#organization\",\"name\":\"Freixenet Deutschland\",\"url\":\"https:\\\/\\\/freixenet.com\\\/ch\\\/\",\"logo\":{\"@type\":\"ImageObject\",\"inLanguage\":\"de\",\"@id\":\"https:\\\/\\\/freixenet.com\\\/ch\\\/#\\\/schema\\\/logo\\\/image\\\/\",\"url\":\"https:\\\/\\\/freixenet.com\\\/app\\\/uploads\\\/sites\\\/3\\\/2025\\\/06\\\/brand-chiselled.png\",\"contentUrl\":\"https:\\\/\\\/freixenet.com\\\/app\\\/uploads\\\/sites\\\/3\\\/2025\\\/06\\\/brand-chiselled.png\",\"width\":501,\"height\":200,\"caption\":\"Freixenet Deutschland\"},\"image\":{\"@id\":\"https:\\\/\\\/freixenet.com\\\/ch\\\/#\\\/schema\\\/logo\\\/image\\\/\"}}]}<\/script>\n<!-- \/ Yoast SEO plugin. -->","yoast_head_json":{"title":"Impressum - Freixenet Switzerland","robots":{"index":"index","follow":"follow","max-snippet":"max-snippet:-1","max-image-preview":"max-image-preview:large","max-video-preview":"max-video-preview:-1"},"canonical":"https:\/\/freixenet.com\/ch\/impressum\/","og_locale":"de_DE","og_type":"article","og_title":"Impressum - Freixenet Switzerland","og_description":"Impressum","og_url":"https:\/\/freixenet.com\/ch\/impressum\/","og_site_name":"Freixenet Switzerland","twitter_card":"summary_large_image","twitter_misc":{"Gesch\u00e4tzte Lesezeit":"2\u00a0Minuten"},"schema":{"@context":"https:\/\/schema.org","@graph":[{"@type":"WebPage","@id":"https:\/\/freixenet.com\/ch\/impressum\/","url":"https:\/\/freixenet.com\/ch\/impressum\/","name":"Impressum - Freixenet Switzerland","isPartOf":{"@id":"https:\/\/freixenet.com\/ch\/#website"},"datePublished":"2025-08-22T12:10:35+00:00","breadcrumb":{"@id":"https:\/\/freixenet.com\/ch\/impressum\/#breadcrumb"},"inLanguage":"de","potentialAction":[{"@type":"ReadAction","target":["https:\/\/freixenet.com\/ch\/impressum\/"]}]},{"@type":"BreadcrumbList","@id":"https:\/\/freixenet.com\/ch\/impressum\/#breadcrumb","itemListElement":[{"@type":"ListItem","position":1,"name":"Home","item":"https:\/\/freixenet.com\/ch\/"},{"@type":"ListItem","position":2,"name":"Impressum"}]},{"@type":"WebSite","@id":"https:\/\/freixenet.com\/ch\/#website","url":"https:\/\/freixenet.com\/ch\/","name":"Freixenet Deutschland","description":"Die bekanntesten Weing\u00fcter von Freixenet vereinen Tradition und Innovation und verf\u00fcgen \u00fcber die tiefsten alten Weinkeller, die sich 20 Meter unter der Erde befinden.","publisher":{"@id":"https:\/\/freixenet.com\/ch\/#organization"},"potentialAction":[{"@type":"SearchAction","target":{"@type":"EntryPoint","urlTemplate":"https:\/\/freixenet.com\/ch\/?s={search_term_string}"},"query-input":{"@type":"PropertyValueSpecification","valueRequired":true,"valueName":"search_term_string"}}],"inLanguage":"de"},{"@type":"Organization","@id":"https:\/\/freixenet.com\/ch\/#organization","name":"Freixenet Deutschland","url":"https:\/\/freixenet.com\/ch\/","logo":{"@type":"ImageObject","inLanguage":"de","@id":"https:\/\/freixenet.com\/ch\/#\/schema\/logo\/image\/","url":"https:\/\/freixenet.com\/app\/uploads\/sites\/3\/2025\/06\/brand-chiselled.png","contentUrl":"https:\/\/freixenet.com\/app\/uploads\/sites\/3\/2025\/06\/brand-chiselled.png","width":501,"height":200,"caption":"Freixenet Deutschland"},"image":{"@id":"https:\/\/freixenet.com\/ch\/#\/schema\/logo\/image\/"}}]}},"_links":{"self":[{"href":"https:\/\/freixenet.com\/ch\/wp-json\/wp\/v2\/pages\/3646","targetHints":{"allow":["GET"]}}],"collection":[{"href":"https:\/\/freixenet.com\/ch\/wp-json\/wp\/v2\/pages"}],"about":[{"href":"https:\/\/freixenet.com\/ch\/wp-json\/wp\/v2\/types\/page"}],"author":[{"embeddable":true,"href":"https:\/\/freixenet.com\/ch\/wp-json\/wp\/v2\/users\/1"}],"replies":[{"embeddable":true,"href":"https:\/\/freixenet.com\/ch\/wp-json\/wp\/v2\/comments?post=3646"}],"version-history":[{"count":1,"href":"https:\/\/freixenet.com\/ch\/wp-json\/wp\/v2\/pages\/3646\/revisions"}],"predecessor-version":[{"id":3647,"href":"https:\/\/freixenet.com\/ch\/wp-json\/wp\/v2\/pages\/3646\/revisions\/3647"}],"wp:attachment":[{"href":"https:\/\/freixenet.com\/ch\/wp-json\/wp\/v2\/media?parent=3646"}],"curies":[{"name":"wp","href":"https:\/\/api.w.org\/{rel}","templated":true}]}}