{"id":2841,"date":"2025-06-16T09:46:47","date_gmt":"2025-06-16T09:46:47","guid":{"rendered":"http:\/\/freixenet2025.com.local\/?page_id=2841"},"modified":"2025-11-28T05:43:49","modified_gmt":"2025-11-28T05:43:49","slug":"compliance","status":"publish","type":"page","link":"https:\/\/freixenet.com\/ch\/compliance\/","title":{"rendered":"Compliance"},"content":{"rendered":"\n<div class=\"wp-block-group is-vertical is-content-justification-center is-nowrap is-layout-flex wp-container-core-group-is-layout-a31effde wp-block-group-is-layout-flex\"><div class=\"wp-bootstrap-blocks-container container has-custom-block-padding-small-top\">\n\t\n\n<h2 class=\"wp-block-heading has-text-align-center has-secondary-color has-text-color has-link-color has-heading-4-xl-font-size wp-elements-945aaf89eaa30ab9cdbfa91b3d69e0e9\" style=\"text-transform:uppercase\">Compliance<\/h2>\n\n<\/div>\n<\/div>\n\n\n<div class=\"wp-bootstrap-blocks-container container\">\n\t\n\n<h2 class=\"wp-block-heading has-heading-xl-font-size\">Compliance Organisation<\/h2>\n\n\n\n<p>Das Thema Compliance hat aufgrund des starken internationalen Wachstums unseres Unternehmens und der zunehmenden gesetzlichen Anforderungen erheblich an Bedeutung gewonnen. Daher wurde bei uns ein Compliance Management System entwickelt. Im Rahmen dieses Systems wurde eine Compliance Organisation eingerichtet, deren Compliance Beauftragter als neutraler und unabh\u00e4ngiger Ansprechpartner f\u00fcr alle Fragen zum Thema Compliance zur Verf\u00fcgung steht. Bei Hinweisen auf (etwaige) Gesetzesverst\u00f6\u00dfe, die Henkell Freixenet betreffen, haben Sie die M\u00f6glichkeit, uns Ihren Hinweis \u2013 absolut vertraulich \u2013 \u00fcber unsere Compliance-Hotline zu melden.<\/p>\n\n\n\n<h2 class=\"wp-block-heading has-heading-xl-font-size\">Compliance Kontakt<\/h2>\n\n\n\n<p>Anonyme Hinweisabgabe:&nbsp;<a href=\"http:\/\/www.sicher-melden.de\/henkell-freixenet\" target=\"_blank\" rel=\"noreferrer noopener\">www.sicher-melden.de\/henkell-freixenet<\/a><\/p>\n\n\n\n<p>Alternativ bieten wir Ihnen die M\u00f6glichkeit, sich direkt per E-Mail an die Compliance Organisation unseres Unternehmens zu wenden:&nbsp;<a href=\"mailto:compliance@henkell-freixenet.com\" target=\"_blank\" rel=\"noreferrer noopener\">compliance@henkell-freixenet.com<\/a>. Wir werden den Vorgang sorgf\u00e4ltig pr\u00fcfen und ggf. die erforderlichen Ma\u00dfnahmen ergreifen.<\/p>\n\n<\/div>\n","protected":false},"excerpt":{"rendered":"","protected":false},"author":1,"featured_media":0,"parent":0,"menu_order":0,"comment_status":"closed","ping_status":"closed","template":"","meta":{"_acf_changed":false,"footnotes":""},"class_list":["post-2841","page","type-page","status-publish","hentry"],"acf":[],"yoast_head":"<!-- This site is optimized with the Yoast SEO plugin v27.4 - https:\/\/yoast.com\/product\/yoast-seo-wordpress\/ -->\n<title>Compliance - Freixenet Switzerland<\/title>\n<meta name=\"robots\" content=\"index, follow, max-snippet:-1, max-image-preview:large, max-video-preview:-1\" \/>\n<link rel=\"canonical\" href=\"https:\/\/freixenet.com\/ch\/compliance\/\" \/>\n<meta property=\"og:locale\" content=\"de_DE\" \/>\n<meta property=\"og:type\" content=\"article\" \/>\n<meta property=\"og:title\" content=\"Compliance - Freixenet Switzerland\" \/>\n<meta property=\"og:url\" content=\"https:\/\/freixenet.com\/ch\/compliance\/\" \/>\n<meta property=\"og:site_name\" content=\"Freixenet Switzerland\" \/>\n<meta property=\"article:modified_time\" content=\"2025-11-28T05:43:49+00:00\" \/>\n<meta name=\"twitter:card\" content=\"summary_large_image\" \/>\n<meta name=\"twitter:label1\" content=\"Gesch\u00e4tzte Lesezeit\" \/>\n\t<meta name=\"twitter:data1\" content=\"1\u00a0Minute\" \/>\n<script type=\"application\/ld+json\" class=\"yoast-schema-graph\">{\"@context\":\"https:\\\/\\\/schema.org\",\"@graph\":[{\"@type\":\"WebPage\",\"@id\":\"https:\\\/\\\/freixenet.com\\\/ch\\\/compliance\\\/\",\"url\":\"https:\\\/\\\/freixenet.com\\\/ch\\\/compliance\\\/\",\"name\":\"Compliance - Freixenet Switzerland\",\"isPartOf\":{\"@id\":\"https:\\\/\\\/freixenet.com\\\/ch\\\/#website\"},\"datePublished\":\"2025-06-16T09:46:47+00:00\",\"dateModified\":\"2025-11-28T05:43:49+00:00\",\"breadcrumb\":{\"@id\":\"https:\\\/\\\/freixenet.com\\\/ch\\\/compliance\\\/#breadcrumb\"},\"inLanguage\":\"de\",\"potentialAction\":[{\"@type\":\"ReadAction\",\"target\":[\"https:\\\/\\\/freixenet.com\\\/ch\\\/compliance\\\/\"]}]},{\"@type\":\"BreadcrumbList\",\"@id\":\"https:\\\/\\\/freixenet.com\\\/ch\\\/compliance\\\/#breadcrumb\",\"itemListElement\":[{\"@type\":\"ListItem\",\"position\":1,\"name\":\"Home\",\"item\":\"https:\\\/\\\/freixenet.com\\\/ch\\\/\"},{\"@type\":\"ListItem\",\"position\":2,\"name\":\"Compliance\"}]},{\"@type\":\"WebSite\",\"@id\":\"https:\\\/\\\/freixenet.com\\\/ch\\\/#website\",\"url\":\"https:\\\/\\\/freixenet.com\\\/ch\\\/\",\"name\":\"Freixenet Deutschland\",\"description\":\"Die bekanntesten Weing\u00fcter von Freixenet vereinen Tradition und Innovation und verf\u00fcgen \u00fcber die tiefsten alten Weinkeller, die sich 20 Meter unter der Erde befinden.\",\"publisher\":{\"@id\":\"https:\\\/\\\/freixenet.com\\\/ch\\\/#organization\"},\"potentialAction\":[{\"@type\":\"SearchAction\",\"target\":{\"@type\":\"EntryPoint\",\"urlTemplate\":\"https:\\\/\\\/freixenet.com\\\/ch\\\/?s={search_term_string}\"},\"query-input\":{\"@type\":\"PropertyValueSpecification\",\"valueRequired\":true,\"valueName\":\"search_term_string\"}}],\"inLanguage\":\"de\"},{\"@type\":\"Organization\",\"@id\":\"https:\\\/\\\/freixenet.com\\\/ch\\\/#organization\",\"name\":\"Freixenet Deutschland\",\"url\":\"https:\\\/\\\/freixenet.com\\\/ch\\\/\",\"logo\":{\"@type\":\"ImageObject\",\"inLanguage\":\"de\",\"@id\":\"https:\\\/\\\/freixenet.com\\\/ch\\\/#\\\/schema\\\/logo\\\/image\\\/\",\"url\":\"https:\\\/\\\/freixenet.com\\\/app\\\/uploads\\\/sites\\\/3\\\/2025\\\/06\\\/brand-chiselled.png\",\"contentUrl\":\"https:\\\/\\\/freixenet.com\\\/app\\\/uploads\\\/sites\\\/3\\\/2025\\\/06\\\/brand-chiselled.png\",\"width\":501,\"height\":200,\"caption\":\"Freixenet Deutschland\"},\"image\":{\"@id\":\"https:\\\/\\\/freixenet.com\\\/ch\\\/#\\\/schema\\\/logo\\\/image\\\/\"}}]}<\/script>\n<!-- \/ Yoast SEO plugin. -->","yoast_head_json":{"title":"Compliance - Freixenet Switzerland","robots":{"index":"index","follow":"follow","max-snippet":"max-snippet:-1","max-image-preview":"max-image-preview:large","max-video-preview":"max-video-preview:-1"},"canonical":"https:\/\/freixenet.com\/ch\/compliance\/","og_locale":"de_DE","og_type":"article","og_title":"Compliance - Freixenet Switzerland","og_url":"https:\/\/freixenet.com\/ch\/compliance\/","og_site_name":"Freixenet Switzerland","article_modified_time":"2025-11-28T05:43:49+00:00","twitter_card":"summary_large_image","twitter_misc":{"Gesch\u00e4tzte Lesezeit":"1\u00a0Minute"},"schema":{"@context":"https:\/\/schema.org","@graph":[{"@type":"WebPage","@id":"https:\/\/freixenet.com\/ch\/compliance\/","url":"https:\/\/freixenet.com\/ch\/compliance\/","name":"Compliance - Freixenet Switzerland","isPartOf":{"@id":"https:\/\/freixenet.com\/ch\/#website"},"datePublished":"2025-06-16T09:46:47+00:00","dateModified":"2025-11-28T05:43:49+00:00","breadcrumb":{"@id":"https:\/\/freixenet.com\/ch\/compliance\/#breadcrumb"},"inLanguage":"de","potentialAction":[{"@type":"ReadAction","target":["https:\/\/freixenet.com\/ch\/compliance\/"]}]},{"@type":"BreadcrumbList","@id":"https:\/\/freixenet.com\/ch\/compliance\/#breadcrumb","itemListElement":[{"@type":"ListItem","position":1,"name":"Home","item":"https:\/\/freixenet.com\/ch\/"},{"@type":"ListItem","position":2,"name":"Compliance"}]},{"@type":"WebSite","@id":"https:\/\/freixenet.com\/ch\/#website","url":"https:\/\/freixenet.com\/ch\/","name":"Freixenet Deutschland","description":"Die bekanntesten Weing\u00fcter von Freixenet vereinen Tradition und Innovation und verf\u00fcgen \u00fcber die tiefsten alten Weinkeller, die sich 20 Meter unter der Erde befinden.","publisher":{"@id":"https:\/\/freixenet.com\/ch\/#organization"},"potentialAction":[{"@type":"SearchAction","target":{"@type":"EntryPoint","urlTemplate":"https:\/\/freixenet.com\/ch\/?s={search_term_string}"},"query-input":{"@type":"PropertyValueSpecification","valueRequired":true,"valueName":"search_term_string"}}],"inLanguage":"de"},{"@type":"Organization","@id":"https:\/\/freixenet.com\/ch\/#organization","name":"Freixenet Deutschland","url":"https:\/\/freixenet.com\/ch\/","logo":{"@type":"ImageObject","inLanguage":"de","@id":"https:\/\/freixenet.com\/ch\/#\/schema\/logo\/image\/","url":"https:\/\/freixenet.com\/app\/uploads\/sites\/3\/2025\/06\/brand-chiselled.png","contentUrl":"https:\/\/freixenet.com\/app\/uploads\/sites\/3\/2025\/06\/brand-chiselled.png","width":501,"height":200,"caption":"Freixenet Deutschland"},"image":{"@id":"https:\/\/freixenet.com\/ch\/#\/schema\/logo\/image\/"}}]}},"_links":{"self":[{"href":"https:\/\/freixenet.com\/ch\/wp-json\/wp\/v2\/pages\/2841","targetHints":{"allow":["GET"]}}],"collection":[{"href":"https:\/\/freixenet.com\/ch\/wp-json\/wp\/v2\/pages"}],"about":[{"href":"https:\/\/freixenet.com\/ch\/wp-json\/wp\/v2\/types\/page"}],"author":[{"embeddable":true,"href":"https:\/\/freixenet.com\/ch\/wp-json\/wp\/v2\/users\/1"}],"replies":[{"embeddable":true,"href":"https:\/\/freixenet.com\/ch\/wp-json\/wp\/v2\/comments?post=2841"}],"version-history":[{"count":2,"href":"https:\/\/freixenet.com\/ch\/wp-json\/wp\/v2\/pages\/2841\/revisions"}],"predecessor-version":[{"id":3773,"href":"https:\/\/freixenet.com\/ch\/wp-json\/wp\/v2\/pages\/2841\/revisions\/3773"}],"wp:attachment":[{"href":"https:\/\/freixenet.com\/ch\/wp-json\/wp\/v2\/media?parent=2841"}],"curies":[{"name":"wp","href":"https:\/\/api.w.org\/{rel}","templated":true}]}}