{"id":1866,"date":"2025-03-06T15:46:13","date_gmt":"2025-03-06T15:46:13","guid":{"rendered":"http:\/\/freixenet2025.com.local\/?page_id=1866"},"modified":"2025-08-21T09:13:44","modified_gmt":"2025-08-21T09:13:44","slug":"weinbar","status":"publish","type":"page","link":"https:\/\/freixenet.com\/ch\/besuche-uns\/weinbar\/","title":{"rendered":"Weinbar"},"content":{"rendered":"<div class=\"wp-bootstrap-blocks-container container has-custom-block-padding\">\n\t\n\n<div class=\"wp-block-group is-vertical is-content-justification-center is-nowrap is-layout-flex wp-container-core-group-is-layout-a31effde wp-block-group-is-layout-flex\"><div class=\"yoast-breadcrumbs\"><span><span><a href=\"https:\/\/freixenet.com\/ch\/\">Home<\/a><\/span> \u00bb <span><a href=\"https:\/\/freixenet.com\/ch\/besuche-uns\/\">Besuche Uns<\/a><\/span> \u00bb <span class=\"breadcrumb_last\" aria-current=\"page\">Weinbar<\/span><\/span><\/div>\n\n\n<h1 class=\"wp-block-heading has-text-align-center has-secondary-color has-text-color has-link-color has-heading-5-xl-font-size wp-elements-12adbe79bd16ed87fe90c14e950c8098\" style=\"text-transform:uppercase\"><em>Weinbar<\/em><\/h1>\n<\/div>\n\n\n\n<p>Besuche uns, um die exklusivsten Produkte aus dem Weinkeller zu probieren, darunter einige Weine, die ganz neu auf dem Markt sind. Dazu kommen Wurstplatten, k\u00f6stlicher iberischer Schinken, spanische Tortilla, verschiedene K\u00e4sesorten und vieles mehr.<\/p>\n\n<\/div>\n\n\n\n<div class=\"wp-block-group has-accent-dim-050-background-color has-background is-layout-constrained wp-block-group-is-layout-constrained\"><div class=\"wp-bootstrap-blocks-container container has-custom-block-padding\">\n\t\n<div class=\"wp-bootstrap-blocks-row row\">\n\t\n\n<div class=\"col-12 col-md-6\">\n\t\t\t\n\n<div class=\"wp-block-group is-vertical is-content-justification-center is-layout-flex wp-container-core-group-is-layout-72dcfb93 wp-block-group-is-layout-flex\" style=\"padding-top:var(--wp--preset--spacing--md);padding-bottom:var(--wp--preset--spacing--md)\">\n<div class=\"wp-block-group is-layout-constrained wp-block-group-is-layout-constrained\">\n<h2 class=\"wp-block-heading has-text-align-center link-tag has-neutral-700-color has-text-color has-link-color has-heading-3-xs-font-size wp-elements-aea5d0480c6c95acffb8b764713d9ce2\">Zeiten<\/h2>\n\n\n\n<h2 class=\"wp-block-heading has-text-align-center has-heading-4-xl-font-size\" style=\"text-transform:uppercase\"><mark class=\"has-inline-color has-current-color\">Jeden Tag <\/mark> <mark class=\"has-inline-color has-current-color\">von<\/mark><br>10 AM to 2:30 PM.<\/h2>\n\n\n\n<p class=\"has-text-align-center has-neutral-600-color has-text-color has-link-color has-body-md-font-size wp-elements-1ab937915bd7afbad5afe3e5e0d8c398\"><em>*Au\u00dfer Samstag, von 10:00 bis 16:30 Uhr<\/em><\/p>\n<\/div>\n\n\n\n<div class=\"wp-block-group is-layout-constrained wp-block-group-is-layout-constrained\">\n<h2 class=\"wp-block-heading has-text-align-center link-tag has-neutral-700-color has-text-color has-link-color has-heading-3-xs-font-size wp-elements-136985a7563801672255a324223cc18a\">Reservierungen werden empfohlen<\/h2>\n\n\n\n<div class=\"wp-block-group is-horizontal is-content-justification-center is-layout-flex wp-container-core-group-is-layout-e098a3bc wp-block-group-is-layout-flex\" style=\"padding-top:var(--wp--preset--spacing--sm);padding-bottom:var(--wp--preset--spacing--sm)\">    <a class=\"button size--md secondary dark button\" title=\"\" href=\"mailto:events@freixenet.com?subject=CONSULTA%20WINEBAR%20-%20WEB%20FREIXENET\">\n                    <div class=\"button__inner\">\n\n<p>Kontaktiere uns<\/p>\n\n<\/div>\n                    <\/a>\n\n\n    <a class=\"button size--md primary dark button\" title=\"\" href=\"tel:+34938917096\">\n                    <div class=\"button__inner\">\n\n<p>Rufen Sie uns an<\/p>\n\n<\/div>\n                    <\/a>\n<\/div>\n<\/div>\n\n\n\n<div class=\"wp-block-group is-vertical is-content-justification-center is-layout-flex wp-container-core-group-is-layout-cd0ea21d wp-block-group-is-layout-flex\" style=\"padding-top:var(--wp--preset--spacing--md);padding-bottom:var(--wp--preset--spacing--md)\">\n<p class=\"has-text-align-center has-body-sm-font-size\"><strong>BITTE BEACHTE FOLGENDE INFORMATIONEN<\/strong><\/p>\n\n\n\n<p class=\"has-text-align-center has-neutral-600-color has-text-color has-link-color has-body-sm-font-size wp-elements-cca240a2e39068a3e3f0a52290c131ab\">Die Veranda der Cava Bar und der Empfangsbereich von Freixenet sind auch bei Regen f\u00fcr dich ge\u00f6ffnet.<\/p>\n<\/div>\n<\/div>\n\n\t<\/div>\n\n\n\n<div class=\"col-12 col-md-6\">\n\t\t\t\n\n<div class=\"wp-block-cover is-light\" style=\"min-height:100%;aspect-ratio:unset;\"><span aria-hidden=\"true\" class=\"wp-block-cover__background has-background-dim-0 has-background-dim\" style=\"background-color:#9d9b8c\"><\/span><img loading=\"lazy\" decoding=\"async\" width=\"1320\" height=\"1272\" src=\"https:\/\/freixenet.com\/app\/uploads\/sites\/8\/2025\/03\/image-72.webp\" class=\"wp-block-cover__image-background wp-post-image\" alt=\"\" data-object-fit=\"cover\" srcset=\"https:\/\/freixenet.com\/app\/uploads\/sites\/8\/2025\/03\/image-72.webp 1320w, https:\/\/freixenet.com\/app\/uploads\/sites\/8\/2025\/03\/image-72-500x482.webp 500w, https:\/\/freixenet.com\/app\/uploads\/sites\/8\/2025\/03\/image-72-300x289.webp 300w, https:\/\/freixenet.com\/app\/uploads\/sites\/8\/2025\/03\/image-72-1024x987.webp 1024w, https:\/\/freixenet.com\/app\/uploads\/sites\/8\/2025\/03\/image-72-768x740.webp 768w, https:\/\/freixenet.com\/app\/uploads\/sites\/8\/2025\/03\/image-72-1121x1080.webp 1121w, https:\/\/freixenet.com\/app\/uploads\/sites\/8\/2025\/03\/image-72-360x347.webp 360w\" sizes=\"auto, (max-width: 1320px) 100vw, 1320px\" \/><div class=\"wp-block-cover__inner-container is-layout-flow wp-block-cover-is-layout-flow\">\n<p class=\"has-text-align-center has-large-font-size\"><\/p>\n<\/div><\/div>\n\n\t<\/div>\n\n<\/div>\n\n<\/div>\n<\/div>\n\n\n<section class=\"scroll-text-loop\" >\n    <!-- Add Scroll Text Loop content here: -->\n    <div class=\"scrolling-text\">\n        <div class=\"scrolling-text__trail\">\n\n<p class=\"has-text-align-center scrolling-text__item has-accent-dim-700-color has-neutral-900-background-color has-text-color has-background has-heading-oversized-font-size\"><a href=\"https:\/\/freixenet.com\/ch\/besuche-uns\/\">Zur\u00fcck zu Besuchen Sie Uns<\/a><\/p>\n\n<\/div>\n    <\/div>\n<\/section>","protected":false},"excerpt":{"rendered":"","protected":false},"author":1,"featured_media":1870,"parent":431,"menu_order":0,"comment_status":"closed","ping_status":"closed","template":"","meta":{"_acf_changed":false,"footnotes":""},"class_list":["post-1866","page","type-page","status-publish","has-post-thumbnail","hentry"],"acf":[],"yoast_head":"<!-- This site is optimized with the Yoast SEO plugin v27.4 - https:\/\/yoast.com\/product\/yoast-seo-wordpress\/ -->\n<title>Weinbar - Freixenet Switzerland<\/title>\n<meta name=\"robots\" content=\"index, follow, max-snippet:-1, max-image-preview:large, max-video-preview:-1\" \/>\n<link rel=\"canonical\" href=\"https:\/\/freixenet.com\/ch\/besuche-uns\/weinbar\/\" \/>\n<meta property=\"og:locale\" content=\"de_DE\" \/>\n<meta property=\"og:type\" content=\"article\" \/>\n<meta property=\"og:title\" content=\"Weinbar - Freixenet Switzerland\" \/>\n<meta property=\"og:url\" content=\"https:\/\/freixenet.com\/ch\/besuche-uns\/weinbar\/\" \/>\n<meta property=\"og:site_name\" content=\"Freixenet Switzerland\" \/>\n<meta property=\"article:modified_time\" content=\"2025-08-21T09:13:44+00:00\" \/>\n<meta property=\"og:image\" content=\"https:\/\/freixenet.com\/app\/uploads\/sites\/8\/2025\/03\/image-72.webp\" \/>\n\t<meta property=\"og:image:width\" content=\"1320\" \/>\n\t<meta property=\"og:image:height\" content=\"1272\" \/>\n\t<meta property=\"og:image:type\" content=\"image\/webp\" \/>\n<meta name=\"twitter:card\" content=\"summary_large_image\" \/>\n<meta name=\"twitter:label1\" content=\"Gesch\u00e4tzte Lesezeit\" \/>\n\t<meta name=\"twitter:data1\" content=\"1\u00a0Minute\" \/>\n<script type=\"application\/ld+json\" class=\"yoast-schema-graph\">{\"@context\":\"https:\\\/\\\/schema.org\",\"@graph\":[{\"@type\":\"WebPage\",\"@id\":\"https:\\\/\\\/freixenet.com\\\/ch\\\/besuche-uns\\\/weinbar\\\/\",\"url\":\"https:\\\/\\\/freixenet.com\\\/ch\\\/besuche-uns\\\/weinbar\\\/\",\"name\":\"Weinbar - Freixenet Switzerland\",\"isPartOf\":{\"@id\":\"https:\\\/\\\/freixenet.com\\\/ch\\\/#website\"},\"primaryImageOfPage\":{\"@id\":\"https:\\\/\\\/freixenet.com\\\/ch\\\/besuche-uns\\\/weinbar\\\/#primaryimage\"},\"image\":{\"@id\":\"https:\\\/\\\/freixenet.com\\\/ch\\\/besuche-uns\\\/weinbar\\\/#primaryimage\"},\"thumbnailUrl\":\"https:\\\/\\\/freixenet.com\\\/app\\\/uploads\\\/sites\\\/8\\\/2025\\\/03\\\/image-72.webp\",\"datePublished\":\"2025-03-06T15:46:13+00:00\",\"dateModified\":\"2025-08-21T09:13:44+00:00\",\"breadcrumb\":{\"@id\":\"https:\\\/\\\/freixenet.com\\\/ch\\\/besuche-uns\\\/weinbar\\\/#breadcrumb\"},\"inLanguage\":\"de\",\"potentialAction\":[{\"@type\":\"ReadAction\",\"target\":[\"https:\\\/\\\/freixenet.com\\\/ch\\\/besuche-uns\\\/weinbar\\\/\"]}]},{\"@type\":\"ImageObject\",\"inLanguage\":\"de\",\"@id\":\"https:\\\/\\\/freixenet.com\\\/ch\\\/besuche-uns\\\/weinbar\\\/#primaryimage\",\"url\":\"https:\\\/\\\/freixenet.com\\\/app\\\/uploads\\\/sites\\\/8\\\/2025\\\/03\\\/image-72.webp\",\"contentUrl\":\"https:\\\/\\\/freixenet.com\\\/app\\\/uploads\\\/sites\\\/8\\\/2025\\\/03\\\/image-72.webp\",\"width\":1320,\"height\":1272},{\"@type\":\"BreadcrumbList\",\"@id\":\"https:\\\/\\\/freixenet.com\\\/ch\\\/besuche-uns\\\/weinbar\\\/#breadcrumb\",\"itemListElement\":[{\"@type\":\"ListItem\",\"position\":1,\"name\":\"Home\",\"item\":\"https:\\\/\\\/freixenet.com\\\/ch\\\/\"},{\"@type\":\"ListItem\",\"position\":2,\"name\":\"Besuche Uns\",\"item\":\"https:\\\/\\\/freixenet.com\\\/ch\\\/besuche-uns\\\/\"},{\"@type\":\"ListItem\",\"position\":3,\"name\":\"Weinbar\"}]},{\"@type\":\"WebSite\",\"@id\":\"https:\\\/\\\/freixenet.com\\\/ch\\\/#website\",\"url\":\"https:\\\/\\\/freixenet.com\\\/ch\\\/\",\"name\":\"Freixenet Deutschland\",\"description\":\"Die bekanntesten Weing\u00fcter von Freixenet vereinen Tradition und Innovation und verf\u00fcgen \u00fcber die tiefsten alten Weinkeller, die sich 20 Meter unter der Erde befinden.\",\"publisher\":{\"@id\":\"https:\\\/\\\/freixenet.com\\\/ch\\\/#organization\"},\"potentialAction\":[{\"@type\":\"SearchAction\",\"target\":{\"@type\":\"EntryPoint\",\"urlTemplate\":\"https:\\\/\\\/freixenet.com\\\/ch\\\/?s={search_term_string}\"},\"query-input\":{\"@type\":\"PropertyValueSpecification\",\"valueRequired\":true,\"valueName\":\"search_term_string\"}}],\"inLanguage\":\"de\"},{\"@type\":\"Organization\",\"@id\":\"https:\\\/\\\/freixenet.com\\\/ch\\\/#organization\",\"name\":\"Freixenet Deutschland\",\"url\":\"https:\\\/\\\/freixenet.com\\\/ch\\\/\",\"logo\":{\"@type\":\"ImageObject\",\"inLanguage\":\"de\",\"@id\":\"https:\\\/\\\/freixenet.com\\\/ch\\\/#\\\/schema\\\/logo\\\/image\\\/\",\"url\":\"https:\\\/\\\/freixenet.com\\\/app\\\/uploads\\\/sites\\\/3\\\/2025\\\/06\\\/brand-chiselled.png\",\"contentUrl\":\"https:\\\/\\\/freixenet.com\\\/app\\\/uploads\\\/sites\\\/3\\\/2025\\\/06\\\/brand-chiselled.png\",\"width\":501,\"height\":200,\"caption\":\"Freixenet Deutschland\"},\"image\":{\"@id\":\"https:\\\/\\\/freixenet.com\\\/ch\\\/#\\\/schema\\\/logo\\\/image\\\/\"}}]}<\/script>\n<!-- \/ Yoast SEO plugin. -->","yoast_head_json":{"title":"Weinbar - Freixenet Switzerland","robots":{"index":"index","follow":"follow","max-snippet":"max-snippet:-1","max-image-preview":"max-image-preview:large","max-video-preview":"max-video-preview:-1"},"canonical":"https:\/\/freixenet.com\/ch\/besuche-uns\/weinbar\/","og_locale":"de_DE","og_type":"article","og_title":"Weinbar - Freixenet Switzerland","og_url":"https:\/\/freixenet.com\/ch\/besuche-uns\/weinbar\/","og_site_name":"Freixenet Switzerland","article_modified_time":"2025-08-21T09:13:44+00:00","og_image":[{"width":1320,"height":1272,"url":"https:\/\/freixenet.com\/app\/uploads\/sites\/8\/2025\/03\/image-72.webp","type":"image\/webp"}],"twitter_card":"summary_large_image","twitter_misc":{"Gesch\u00e4tzte Lesezeit":"1\u00a0Minute"},"schema":{"@context":"https:\/\/schema.org","@graph":[{"@type":"WebPage","@id":"https:\/\/freixenet.com\/ch\/besuche-uns\/weinbar\/","url":"https:\/\/freixenet.com\/ch\/besuche-uns\/weinbar\/","name":"Weinbar - Freixenet Switzerland","isPartOf":{"@id":"https:\/\/freixenet.com\/ch\/#website"},"primaryImageOfPage":{"@id":"https:\/\/freixenet.com\/ch\/besuche-uns\/weinbar\/#primaryimage"},"image":{"@id":"https:\/\/freixenet.com\/ch\/besuche-uns\/weinbar\/#primaryimage"},"thumbnailUrl":"https:\/\/freixenet.com\/app\/uploads\/sites\/8\/2025\/03\/image-72.webp","datePublished":"2025-03-06T15:46:13+00:00","dateModified":"2025-08-21T09:13:44+00:00","breadcrumb":{"@id":"https:\/\/freixenet.com\/ch\/besuche-uns\/weinbar\/#breadcrumb"},"inLanguage":"de","potentialAction":[{"@type":"ReadAction","target":["https:\/\/freixenet.com\/ch\/besuche-uns\/weinbar\/"]}]},{"@type":"ImageObject","inLanguage":"de","@id":"https:\/\/freixenet.com\/ch\/besuche-uns\/weinbar\/#primaryimage","url":"https:\/\/freixenet.com\/app\/uploads\/sites\/8\/2025\/03\/image-72.webp","contentUrl":"https:\/\/freixenet.com\/app\/uploads\/sites\/8\/2025\/03\/image-72.webp","width":1320,"height":1272},{"@type":"BreadcrumbList","@id":"https:\/\/freixenet.com\/ch\/besuche-uns\/weinbar\/#breadcrumb","itemListElement":[{"@type":"ListItem","position":1,"name":"Home","item":"https:\/\/freixenet.com\/ch\/"},{"@type":"ListItem","position":2,"name":"Besuche Uns","item":"https:\/\/freixenet.com\/ch\/besuche-uns\/"},{"@type":"ListItem","position":3,"name":"Weinbar"}]},{"@type":"WebSite","@id":"https:\/\/freixenet.com\/ch\/#website","url":"https:\/\/freixenet.com\/ch\/","name":"Freixenet Deutschland","description":"Die bekanntesten Weing\u00fcter von Freixenet vereinen Tradition und Innovation und verf\u00fcgen \u00fcber die tiefsten alten Weinkeller, die sich 20 Meter unter der Erde befinden.","publisher":{"@id":"https:\/\/freixenet.com\/ch\/#organization"},"potentialAction":[{"@type":"SearchAction","target":{"@type":"EntryPoint","urlTemplate":"https:\/\/freixenet.com\/ch\/?s={search_term_string}"},"query-input":{"@type":"PropertyValueSpecification","valueRequired":true,"valueName":"search_term_string"}}],"inLanguage":"de"},{"@type":"Organization","@id":"https:\/\/freixenet.com\/ch\/#organization","name":"Freixenet Deutschland","url":"https:\/\/freixenet.com\/ch\/","logo":{"@type":"ImageObject","inLanguage":"de","@id":"https:\/\/freixenet.com\/ch\/#\/schema\/logo\/image\/","url":"https:\/\/freixenet.com\/app\/uploads\/sites\/3\/2025\/06\/brand-chiselled.png","contentUrl":"https:\/\/freixenet.com\/app\/uploads\/sites\/3\/2025\/06\/brand-chiselled.png","width":501,"height":200,"caption":"Freixenet Deutschland"},"image":{"@id":"https:\/\/freixenet.com\/ch\/#\/schema\/logo\/image\/"}}]}},"_links":{"self":[{"href":"https:\/\/freixenet.com\/ch\/wp-json\/wp\/v2\/pages\/1866","targetHints":{"allow":["GET"]}}],"collection":[{"href":"https:\/\/freixenet.com\/ch\/wp-json\/wp\/v2\/pages"}],"about":[{"href":"https:\/\/freixenet.com\/ch\/wp-json\/wp\/v2\/types\/page"}],"author":[{"embeddable":true,"href":"https:\/\/freixenet.com\/ch\/wp-json\/wp\/v2\/users\/1"}],"replies":[{"embeddable":true,"href":"https:\/\/freixenet.com\/ch\/wp-json\/wp\/v2\/comments?post=1866"}],"version-history":[{"count":13,"href":"https:\/\/freixenet.com\/ch\/wp-json\/wp\/v2\/pages\/1866\/revisions"}],"predecessor-version":[{"id":3618,"href":"https:\/\/freixenet.com\/ch\/wp-json\/wp\/v2\/pages\/1866\/revisions\/3618"}],"up":[{"embeddable":true,"href":"https:\/\/freixenet.com\/ch\/wp-json\/wp\/v2\/pages\/431"}],"wp:featuredmedia":[{"embeddable":true,"href":"https:\/\/freixenet.com\/ch\/wp-json\/wp\/v2\/media\/1870"}],"wp:attachment":[{"href":"https:\/\/freixenet.com\/ch\/wp-json\/wp\/v2\/media?parent=1866"}],"curies":[{"name":"wp","href":"https:\/\/api.w.org\/{rel}","templated":true}]}}