{"id":3976,"date":"2025-02-25T22:55:44","date_gmt":"2025-02-25T22:55:44","guid":{"rendered":"https:\/\/freixenet.com\/be\/visitez-nous\/"},"modified":"2025-11-05T10:12:27","modified_gmt":"2025-11-05T10:12:27","slug":"visitez-nous","status":"publish","type":"page","link":"https:\/\/freixenet.com\/be\/fr\/visitez-nous\/","title":{"rendered":"Visitez-nous"},"content":{"rendered":"<section\n    class=\"zoom-in-banner\"\n        >\n    <div class=\"zoom-in-banner__wrapper h-full w-full relative flex flex-col items-center justify-center\">\n\n<div class=\"wp-block-cover asset-wrapper\"><img loading=\"lazy\" decoding=\"async\" width=\"1920\" height=\"1080\" class=\"wp-block-cover__image-background wp-image-3044 size-full\" alt=\"\" src=\"https:\/\/freixenet.com\/app\/uploads\/2025\/06\/Freixenet-Events.webp\" data-object-fit=\"cover\" srcset=\"https:\/\/freixenet.com\/app\/uploads\/sites\/5\/2025\/06\/Freixenet-Events.webp 1920w, https:\/\/freixenet.com\/app\/uploads\/sites\/5\/2025\/06\/Freixenet-Events-300x169.webp 300w, https:\/\/freixenet.com\/app\/uploads\/sites\/5\/2025\/06\/Freixenet-Events-1024x576.webp 1024w, https:\/\/freixenet.com\/app\/uploads\/sites\/5\/2025\/06\/Freixenet-Events-768x432.webp 768w, https:\/\/freixenet.com\/app\/uploads\/sites\/5\/2025\/06\/Freixenet-Events-1536x864.webp 1536w, https:\/\/freixenet.com\/app\/uploads\/sites\/5\/2025\/06\/Freixenet-Events-360x203.webp 360w\" sizes=\"auto, (max-width: 1920px) 100vw, 1920px\" \/><span aria-hidden=\"true\" class=\"wp-block-cover__background has-secondary-background-color has-background-dim\"><\/span><div class=\"wp-block-cover__inner-container is-layout-flow wp-block-cover-is-layout-flow\"><div class=\"wp-bootstrap-blocks-container container custom-block-padding banner-wrapper\">\n\t\n<div class=\"wp-bootstrap-blocks-row row justify-content-center align-items-center\">\n\t\n\n<div class=\"col-12 col-lg-8\">\n\t\t\t\n\n<div class=\"wp-block-group is-vertical is-content-justification-center is-nowrap is-layout-flex wp-container-core-group-is-layout-a31effde wp-block-group-is-layout-flex\">\n<h2 class=\"wp-block-heading has-text-align-center title-tag\">\u00c9v\u00e9nements<\/h2>\n\n\n\n<h2 class=\"wp-block-heading has-text-align-center has-heading-5-xl-font-size\" style=\"text-transform:uppercase\"><mark class=\"has-inline-color has-current-color\">C\u00e9l\u00e9brons<\/mark><br\/> <em>Ensemble<\/em>\n<\/h2>\n\n\n\n<p class=\"has-text-align-center\">Un cadre unique et exclusif pour c\u00e9l\u00e9brer vos moments les plus pr\u00e9cieux. Nous vous proposons diff\u00e9rentes possibilit\u00e9s pour rendre votre \u00e9v\u00e9nement inoubliable.  <\/p>\n\n\n\n<div class=\"wp-block-group is-nowrap is-layout-flex wp-container-core-group-is-layout-27a7e7d6 wp-block-group-is-layout-flex\" style=\"margin-top:var(--wp--preset--spacing--md);margin-bottom:var(--wp--preset--spacing--md)\">    <a class=\"button size--md primary accent button\" title=\"\u00c9v\u00e9nements\" href=\"https:\/\/freixenet.com\/be\/fr\/visitez-nous\/evenements\/\">\n                    <div class=\"button__inner\">\n\n<p>D\u00e9couvrez plus<\/p>\n\n<\/div>\n                    <\/a>\n<\/div>\n<\/div>\n\n\t<\/div>\n\n<\/div>\n\n<\/div>\n<\/div><\/div>\n\n<\/div>\n<\/section>\n<section\n    class=\"zoom-in-banner\"\n        >\n    <div class=\"zoom-in-banner__wrapper h-full w-full relative flex flex-col items-center justify-center\">\n\n<div class=\"wp-block-cover asset-wrapper\"><img loading=\"lazy\" decoding=\"async\" width=\"1920\" height=\"1080\" class=\"wp-block-cover__image-background wp-image-3048 size-full\" alt=\"\" src=\"https:\/\/freixenet.com\/app\/uploads\/2025\/06\/Bodega-Freixenet-Visita.webp\" data-object-fit=\"cover\" srcset=\"https:\/\/freixenet.com\/app\/uploads\/sites\/5\/2025\/06\/Bodega-Freixenet-Visita.webp 1920w, https:\/\/freixenet.com\/app\/uploads\/sites\/5\/2025\/06\/Bodega-Freixenet-Visita-300x169.webp 300w, https:\/\/freixenet.com\/app\/uploads\/sites\/5\/2025\/06\/Bodega-Freixenet-Visita-1024x576.webp 1024w, https:\/\/freixenet.com\/app\/uploads\/sites\/5\/2025\/06\/Bodega-Freixenet-Visita-768x432.webp 768w, https:\/\/freixenet.com\/app\/uploads\/sites\/5\/2025\/06\/Bodega-Freixenet-Visita-1536x864.webp 1536w, https:\/\/freixenet.com\/app\/uploads\/sites\/5\/2025\/06\/Bodega-Freixenet-Visita-360x203.webp 360w\" sizes=\"auto, (max-width: 1920px) 100vw, 1920px\" \/><span aria-hidden=\"true\" class=\"wp-block-cover__background has-secondary-background-color has-background-dim\"><\/span><div class=\"wp-block-cover__inner-container is-layout-flow wp-block-cover-is-layout-flow\"><div class=\"wp-bootstrap-blocks-container container custom-block-padding banner-wrapper\">\n\t\n<div class=\"wp-bootstrap-blocks-row row justify-content-center align-items-center\">\n\t\n\n<div class=\"col-12 col-lg-8\">\n\t\t\t\n\n<div class=\"wp-block-group is-vertical is-content-justification-center is-nowrap is-layout-flex wp-container-core-group-is-layout-a31effde wp-block-group-is-layout-flex\">\n<h2 class=\"wp-block-heading has-text-align-center title-tag has-heading-4-xs-font-size\">Le domaine viticole<\/h2>\n\n\n\n<h2 class=\"wp-block-heading has-text-align-center has-heading-5-xl-font-size\" style=\"text-transform:uppercase\"><mark class=\"has-inline-color has-current-color\">O\u00d9 LA<\/mark><br\/> <em>MAGIE OP\u00c8RE<\/em>\n<\/h2>\n\n\n\n<p class=\"has-text-align-center\">Visitez notre cave \u00e0 Sant Sadurn\u00ed d\u2019Anoia et d\u00e9couvrez l\u2019art d\u2019\u00e9laborer le cava, et savourez notre gastronomie et notre culture m\u00e9diterran\u00e9enne.<\/p>\n\n\n\n<div class=\"wp-block-group is-nowrap is-layout-flex wp-container-core-group-is-layout-27a7e7d6 wp-block-group-is-layout-flex\" style=\"margin-top:var(--wp--preset--spacing--md);margin-bottom:var(--wp--preset--spacing--md)\">    <a class=\"button size--md primary accent button\" title=\"Visitez-nous\" href=\"https:\/\/freixenet.com\/be\/fr\/visitez-nous\/le-bar-a-vin\/\">\n                    <div class=\"button__inner\">\n\n<p>Visitez la cave<\/p>\n\n<\/div>\n                    <\/a>\n<\/div>\n<\/div>\n\n\t<\/div>\n\n<\/div>\n\n<\/div>\n<\/div><\/div>\n\n<\/div>\n<\/section>\n<section\n    class=\"zoom-in-banner\"\n        >\n    <div class=\"zoom-in-banner__wrapper h-full w-full relative flex flex-col items-center justify-center\">\n\n<div style=\"aspect-ratio:auto;min-height:unset;\" class=\"wp-block-cover asset-wrapper has-aspect-ratio\"><img loading=\"lazy\" decoding=\"async\" width=\"1920\" height=\"1080\" class=\"wp-block-cover__image-background wp-image-3050 size-full\" alt=\"\" src=\"https:\/\/freixenet.com\/app\/uploads\/2025\/06\/Wine-bar.webp\" data-object-fit=\"cover\" srcset=\"https:\/\/freixenet.com\/app\/uploads\/sites\/5\/2025\/06\/Wine-bar.webp 1920w, https:\/\/freixenet.com\/app\/uploads\/sites\/5\/2025\/06\/Wine-bar-300x169.webp 300w, https:\/\/freixenet.com\/app\/uploads\/sites\/5\/2025\/06\/Wine-bar-1024x576.webp 1024w, https:\/\/freixenet.com\/app\/uploads\/sites\/5\/2025\/06\/Wine-bar-768x432.webp 768w, https:\/\/freixenet.com\/app\/uploads\/sites\/5\/2025\/06\/Wine-bar-1536x864.webp 1536w, https:\/\/freixenet.com\/app\/uploads\/sites\/5\/2025\/06\/Wine-bar-360x203.webp 360w\" sizes=\"auto, (max-width: 1920px) 100vw, 1920px\" \/><span aria-hidden=\"true\" class=\"wp-block-cover__background has-secondary-background-color has-background-dim\"><\/span><div class=\"wp-block-cover__inner-container is-layout-flow wp-block-cover-is-layout-flow\"><div class=\"wp-bootstrap-blocks-container container custom-block-padding banner-wrapper\">\n\t\n<div class=\"wp-bootstrap-blocks-row row justify-content-center align-items-center\">\n\t\n\n<div class=\"col-12 col-lg-8\">\n\t\t\t\n\n<div class=\"wp-block-group is-vertical is-content-justification-center is-nowrap is-layout-flex wp-container-core-group-is-layout-a31effde wp-block-group-is-layout-flex\">\n<h2 class=\"wp-block-heading has-text-align-center title-tag\">Bar \u00e0 vin<\/h2>\n\n\n\n<h2 class=\"wp-block-heading has-text-align-center has-heading-5-xl-font-size\" style=\"text-transform:uppercase\"><mark class=\"has-inline-color has-current-color\">Un navire neuf<\/mark><br\/> <em>Et \u00e9l\u00e9gant<\/em>\n<\/h2>\n\n\n\n<p class=\"has-text-align-center\">Pour un d\u00e9licieux go\u00fbter de cava et de vins de Freixenet \u00e0 midi dans notre jardin embl\u00e9matique, essayez notre bar \u00e0 cava.<\/p>\n\n\n\n<div class=\"wp-block-group is-nowrap is-layout-flex wp-container-core-group-is-layout-27a7e7d6 wp-block-group-is-layout-flex\" style=\"margin-top:var(--wp--preset--spacing--md);margin-bottom:var(--wp--preset--spacing--md)\">    <a class=\"button size--md primary accent button\" title=\"Bar \u00e0 vin\" href=\"https:\/\/freixenet.com\/be\/fr\/visitez-nous\/le-bar-a-vin\/\">\n                    <div class=\"button__inner\">\n\n<p>R\u00e9server<\/p>\n\n<\/div>\n                    <\/a>\n<\/div>\n<\/div>\n\n\t<\/div>\n\n<\/div>\n\n<\/div>\n<\/div><\/div>\n\n<\/div>\n<\/section>\n\n<div class=\"wp-block-group has-neutral-light-background-color has-background is-layout-constrained wp-block-group-is-layout-constrained\"><\/div>\n","protected":false},"excerpt":{"rendered":"","protected":false},"author":1,"featured_media":3987,"parent":0,"menu_order":0,"comment_status":"closed","ping_status":"closed","template":"","meta":{"_acf_changed":false,"footnotes":""},"class_list":["post-3976","page","type-page","status-publish","has-post-thumbnail","hentry"],"acf":[],"yoast_head":"<!-- This site is optimized with the Yoast SEO plugin v27.4 - https:\/\/yoast.com\/product\/yoast-seo-wordpress\/ -->\n<title>Visitez-nous - Freixenet Belgium<\/title>\n<meta name=\"robots\" content=\"noindex, follow, max-snippet:-1, max-image-preview:large, max-video-preview:-1\" \/>\n<meta property=\"og:locale\" content=\"fr_FR\" \/>\n<meta property=\"og:type\" content=\"article\" \/>\n<meta property=\"og:title\" content=\"Visitez-nous - Freixenet Belgium\" \/>\n<meta property=\"og:url\" content=\"https:\/\/freixenet.com\/be\/fr\/visitez-nous\/\" \/>\n<meta property=\"og:site_name\" content=\"Freixenet Belgium\" \/>\n<meta property=\"article:modified_time\" content=\"2025-11-05T10:12:27+00:00\" \/>\n<meta property=\"og:image\" content=\"https:\/\/freixenet.com\/app\/uploads\/sites\/5\/2025\/03\/image-64.webp\" \/>\n\t<meta property=\"og:image:width\" content=\"1920\" \/>\n\t<meta property=\"og:image:height\" content=\"948\" \/>\n\t<meta property=\"og:image:type\" content=\"image\/webp\" \/>\n<meta name=\"twitter:card\" content=\"summary_large_image\" \/>\n<meta name=\"twitter:label1\" content=\"Dur\u00e9e de lecture estim\u00e9e\" \/>\n\t<meta name=\"twitter:data1\" content=\"1 minute\" \/>\n<script type=\"application\/ld+json\" class=\"yoast-schema-graph\">{\"@context\":\"https:\\\/\\\/schema.org\",\"@graph\":[{\"@type\":\"WebPage\",\"@id\":\"https:\\\/\\\/freixenet.com\\\/be\\\/fr\\\/visitez-nous\\\/\",\"url\":\"https:\\\/\\\/freixenet.com\\\/be\\\/fr\\\/visitez-nous\\\/\",\"name\":\"Visitez-nous - Freixenet Belgium\",\"isPartOf\":{\"@id\":\"https:\\\/\\\/freixenet.com\\\/be\\\/fr\\\/#website\"},\"primaryImageOfPage\":{\"@id\":\"https:\\\/\\\/freixenet.com\\\/be\\\/fr\\\/visitez-nous\\\/#primaryimage\"},\"image\":{\"@id\":\"https:\\\/\\\/freixenet.com\\\/be\\\/fr\\\/visitez-nous\\\/#primaryimage\"},\"thumbnailUrl\":\"https:\\\/\\\/freixenet.com\\\/app\\\/uploads\\\/sites\\\/5\\\/2025\\\/03\\\/image-64.webp\",\"datePublished\":\"2025-02-25T22:55:44+00:00\",\"dateModified\":\"2025-11-05T10:12:27+00:00\",\"breadcrumb\":{\"@id\":\"https:\\\/\\\/freixenet.com\\\/be\\\/fr\\\/visitez-nous\\\/#breadcrumb\"},\"inLanguage\":\"fr-FR\",\"potentialAction\":[{\"@type\":\"ReadAction\",\"target\":[\"https:\\\/\\\/freixenet.com\\\/be\\\/fr\\\/visitez-nous\\\/\"]}]},{\"@type\":\"ImageObject\",\"inLanguage\":\"fr-FR\",\"@id\":\"https:\\\/\\\/freixenet.com\\\/be\\\/fr\\\/visitez-nous\\\/#primaryimage\",\"url\":\"https:\\\/\\\/freixenet.com\\\/app\\\/uploads\\\/sites\\\/5\\\/2025\\\/03\\\/image-64.webp\",\"contentUrl\":\"https:\\\/\\\/freixenet.com\\\/app\\\/uploads\\\/sites\\\/5\\\/2025\\\/03\\\/image-64.webp\",\"width\":1920,\"height\":948},{\"@type\":\"BreadcrumbList\",\"@id\":\"https:\\\/\\\/freixenet.com\\\/be\\\/fr\\\/visitez-nous\\\/#breadcrumb\",\"itemListElement\":[{\"@type\":\"ListItem\",\"position\":1,\"name\":\"Home\",\"item\":\"https:\\\/\\\/freixenet.com\\\/be\\\/fr\\\/\"},{\"@type\":\"ListItem\",\"position\":2,\"name\":\"Visitez-nous\"}]},{\"@type\":\"WebSite\",\"@id\":\"https:\\\/\\\/freixenet.com\\\/be\\\/fr\\\/#website\",\"url\":\"https:\\\/\\\/freixenet.com\\\/be\\\/fr\\\/\",\"name\":\"Freixenet Belgium\",\"description\":\"The most emblematic wineries of Freixenet combine tradition and innovation and have the deepest ancient cellars, located 20 meters underground.\",\"potentialAction\":[{\"@type\":\"SearchAction\",\"target\":{\"@type\":\"EntryPoint\",\"urlTemplate\":\"https:\\\/\\\/freixenet.com\\\/be\\\/fr\\\/?s={search_term_string}\"},\"query-input\":{\"@type\":\"PropertyValueSpecification\",\"valueRequired\":true,\"valueName\":\"search_term_string\"}}],\"inLanguage\":\"fr-FR\"}]}<\/script>\n<!-- \/ Yoast SEO plugin. -->","yoast_head_json":{"title":"Visitez-nous - Freixenet Belgium","robots":{"index":"noindex","follow":"follow","max-snippet":"max-snippet:-1","max-image-preview":"max-image-preview:large","max-video-preview":"max-video-preview:-1"},"og_locale":"fr_FR","og_type":"article","og_title":"Visitez-nous - Freixenet Belgium","og_url":"https:\/\/freixenet.com\/be\/fr\/visitez-nous\/","og_site_name":"Freixenet Belgium","article_modified_time":"2025-11-05T10:12:27+00:00","og_image":[{"width":1920,"height":948,"url":"https:\/\/freixenet.com\/app\/uploads\/sites\/5\/2025\/03\/image-64.webp","type":"image\/webp"}],"twitter_card":"summary_large_image","twitter_misc":{"Dur\u00e9e de lecture estim\u00e9e":"1 minute"},"schema":{"@context":"https:\/\/schema.org","@graph":[{"@type":"WebPage","@id":"https:\/\/freixenet.com\/be\/fr\/visitez-nous\/","url":"https:\/\/freixenet.com\/be\/fr\/visitez-nous\/","name":"Visitez-nous - Freixenet Belgium","isPartOf":{"@id":"https:\/\/freixenet.com\/be\/fr\/#website"},"primaryImageOfPage":{"@id":"https:\/\/freixenet.com\/be\/fr\/visitez-nous\/#primaryimage"},"image":{"@id":"https:\/\/freixenet.com\/be\/fr\/visitez-nous\/#primaryimage"},"thumbnailUrl":"https:\/\/freixenet.com\/app\/uploads\/sites\/5\/2025\/03\/image-64.webp","datePublished":"2025-02-25T22:55:44+00:00","dateModified":"2025-11-05T10:12:27+00:00","breadcrumb":{"@id":"https:\/\/freixenet.com\/be\/fr\/visitez-nous\/#breadcrumb"},"inLanguage":"fr-FR","potentialAction":[{"@type":"ReadAction","target":["https:\/\/freixenet.com\/be\/fr\/visitez-nous\/"]}]},{"@type":"ImageObject","inLanguage":"fr-FR","@id":"https:\/\/freixenet.com\/be\/fr\/visitez-nous\/#primaryimage","url":"https:\/\/freixenet.com\/app\/uploads\/sites\/5\/2025\/03\/image-64.webp","contentUrl":"https:\/\/freixenet.com\/app\/uploads\/sites\/5\/2025\/03\/image-64.webp","width":1920,"height":948},{"@type":"BreadcrumbList","@id":"https:\/\/freixenet.com\/be\/fr\/visitez-nous\/#breadcrumb","itemListElement":[{"@type":"ListItem","position":1,"name":"Home","item":"https:\/\/freixenet.com\/be\/fr\/"},{"@type":"ListItem","position":2,"name":"Visitez-nous"}]},{"@type":"WebSite","@id":"https:\/\/freixenet.com\/be\/fr\/#website","url":"https:\/\/freixenet.com\/be\/fr\/","name":"Freixenet Belgium","description":"The most emblematic wineries of Freixenet combine tradition and innovation and have the deepest ancient cellars, located 20 meters underground.","potentialAction":[{"@type":"SearchAction","target":{"@type":"EntryPoint","urlTemplate":"https:\/\/freixenet.com\/be\/fr\/?s={search_term_string}"},"query-input":{"@type":"PropertyValueSpecification","valueRequired":true,"valueName":"search_term_string"}}],"inLanguage":"fr-FR"}]}},"_links":{"self":[{"href":"https:\/\/freixenet.com\/be\/fr\/wp-json\/wp\/v2\/pages\/3976","targetHints":{"allow":["GET"]}}],"collection":[{"href":"https:\/\/freixenet.com\/be\/fr\/wp-json\/wp\/v2\/pages"}],"about":[{"href":"https:\/\/freixenet.com\/be\/fr\/wp-json\/wp\/v2\/types\/page"}],"author":[{"embeddable":true,"href":"https:\/\/freixenet.com\/be\/fr\/wp-json\/wp\/v2\/users\/1"}],"replies":[{"embeddable":true,"href":"https:\/\/freixenet.com\/be\/fr\/wp-json\/wp\/v2\/comments?post=3976"}],"version-history":[{"count":3,"href":"https:\/\/freixenet.com\/be\/fr\/wp-json\/wp\/v2\/pages\/3976\/revisions"}],"predecessor-version":[{"id":4467,"href":"https:\/\/freixenet.com\/be\/fr\/wp-json\/wp\/v2\/pages\/3976\/revisions\/4467"}],"wp:featuredmedia":[{"embeddable":true,"href":"https:\/\/freixenet.com\/be\/fr\/wp-json\/wp\/v2\/media\/3987"}],"wp:attachment":[{"href":"https:\/\/freixenet.com\/be\/fr\/wp-json\/wp\/v2\/media?parent=3976"}],"curies":[{"name":"wp","href":"https:\/\/api.w.org\/{rel}","templated":true}]}}