{"id":3946,"date":"2025-02-28T10:02:26","date_gmt":"2025-02-28T10:02:26","guid":{"rendered":"https:\/\/freixenet.com\/be\/contact\/"},"modified":"2025-10-22T12:06:21","modified_gmt":"2025-10-22T12:06:21","slug":"contact","status":"publish","type":"page","link":"https:\/\/freixenet.com\/be\/fr\/contact\/","title":{"rendered":"Contact"},"content":{"rendered":"<div class=\"wp-bootstrap-blocks-container container-fluid mb-0\">\n\t\n<div class=\"wp-bootstrap-blocks-row row gx-0 align-items-center\">\n\t\n\n<div class=\"col-12 col-md-6 col-lg-5 offset-lg-1\">\n\t\t\t<div class=\"custom-column-padding--medium\">\n\t\t\t\n\n<div class=\"wp-block-group is-vertical is-content-justification-center is-nowrap is-layout-flex wp-container-core-group-is-layout-2e126178 wp-block-group-is-layout-flex\" style=\"margin-bottom:var(--wp--preset--spacing--lg)\">\n<h1 class=\"wp-block-heading has-text-align-center title-tag has-accent-dim-600-color has-text-color has-link-color has-heading-4-xs-font-size wp-elements-99860225e80e7d1c4fc4ca45d12b62ac\">Contactez-nous<\/h1>\n\n\n\n<h2 class=\"wp-block-heading has-text-align-center has-secondary-color has-text-color has-link-color has-heading-4-xl-font-size wp-elements-5cc3f1a6fcf38d930c8192c1f3acf7bb\" style=\"text-transform:uppercase\"><mark style=\"background-color:rgba(0, 0, 0, 0)\" class=\"has-inline-color has-current-color\">Entrer<\/mark> <br><em>en contact<\/em><\/h2>\n<\/div>\n\n\n\n<div class=\"wp-block-contact-form-7-contact-form-selector\">\n<div class=\"wpcf7 no-js\" id=\"wpcf7-f3790-o1\" lang=\"fr-FR\" dir=\"ltr\" data-wpcf7-id=\"3790\">\n<div class=\"screen-reader-response\"><p role=\"status\" aria-live=\"polite\" aria-atomic=\"true\"><\/p> <ul><\/ul><\/div>\n<form action=\"\/be\/fr\/wp-json\/wp\/v2\/pages\/3946#wpcf7-f3790-o1\" method=\"post\" class=\"wpcf7-form init cf7mls-no-scroll cf7mls-auto-return-first-step cf7mls-no-moving-animation\" aria-label=\"Formulaire de contact\" novalidate=\"novalidate\" data-status=\"init\">\n<fieldset class=\"hidden-fields-container\"><input type=\"hidden\" name=\"_wpcf7\" value=\"3790\" \/><input type=\"hidden\" name=\"_wpcf7_version\" value=\"6.1.5\" \/><input type=\"hidden\" name=\"_wpcf7_locale\" value=\"fr_FR\" \/><input type=\"hidden\" name=\"_wpcf7_unit_tag\" value=\"wpcf7-f3790-o1\" \/><input type=\"hidden\" name=\"_wpcf7_container_post\" value=\"0\" \/><input type=\"hidden\" name=\"_wpcf7_posted_data_hash\" value=\"\" \/>\n<\/fieldset>\n<div class=\"form-panel custom-layout flex flex-wrap gap-2-xs\">\n\n<div class=\"field-wrapper flex flex-col half-width\">\n <label>Pr\u00e9nom<\/label>\n <span class=\"wpcf7-form-control-wrap\" data-name=\"first-name\"><input size=\"40\" maxlength=\"400\" class=\"wpcf7-form-control wpcf7-text wpcf7-validates-as-required w-full\" autocomplete=\"given-name\" aria-required=\"true\" aria-invalid=\"false\" placeholder=\"Pr\u00e9nom\" value=\"\" type=\"text\" name=\"first-name\" \/><\/span>\n<\/div>\n\n<div class=\"field-wrapper flex flex-col half-width\">\n <label>Nom<\/label>\n <span class=\"wpcf7-form-control-wrap\" data-name=\"last-name\"><input size=\"40\" maxlength=\"400\" class=\"wpcf7-form-control wpcf7-text wpcf7-validates-as-required w-full\" autocomplete=\"family-name\" aria-required=\"true\" aria-invalid=\"false\" placeholder=\"Nom\" value=\"\" type=\"text\" name=\"last-name\" \/><\/span>\n<\/div>\n\n<div class=\"field-wrapper flex flex-col half-width\">\n <label>E-mail<\/label>\n <span class=\"wpcf7-form-control-wrap\" data-name=\"email\"><input size=\"40\" maxlength=\"400\" class=\"wpcf7-form-control wpcf7-email wpcf7-validates-as-required wpcf7-text wpcf7-validates-as-email w-full\" autocomplete=\"email\" aria-required=\"true\" aria-invalid=\"false\" placeholder=\"nom@domaine.com\" value=\"\" type=\"email\" name=\"email\" \/><\/span>\n<\/div>\n\n<div class=\"field-wrapper flex flex-col half-width\">\n <label>T\u00e9l\u00e9phone<\/label>\n <span class=\"wpcf7-form-control-wrap\" data-name=\"phone\"><input size=\"40\" maxlength=\"400\" class=\"wpcf7-form-control wpcf7-tel wpcf7-validates-as-required wpcf7-text wpcf7-validates-as-tel w-full\" id=\"your-phone\" aria-required=\"true\" aria-invalid=\"false\" placeholder=\"Votre num\u00e9ro de t\u00e9l\u00e9phone\" value=\"\" type=\"tel\" name=\"phone\" \/><\/span>\n<\/div>\n\n<div class=\"field-wrapper flex flex-col w-full\">\n <label>Pays<\/label>\n<span class=\"wpcf7-form-control-wrap\" data-name=\"country\"><select class=\"wpcf7-form-control wpcf7-select wpcf7-validates-as-required w-full\" autocomplete=\"country-name\" aria-required=\"true\" aria-invalid=\"false\" name=\"country\"><option value=\"\">Choisissez une option<\/option><option value=\"Afghanistan\">Afghanistan<\/option><option value=\"Albanie\">Albanie<\/option><option value=\"Alg\u00e9rie\">Alg\u00e9rie<\/option><option value=\"Andorre\">Andorre<\/option><option value=\"Angola\">Angola<\/option><option value=\"Antigua-et-Barbuda\">Antigua-et-Barbuda<\/option><option value=\"Argentine\">Argentine<\/option><option value=\"Arm\u00e9nie\">Arm\u00e9nie<\/option><option value=\"Australie\">Australie<\/option><option value=\"Autriche\">Autriche<\/option><option value=\"Azerba\u00efdjan\">Azerba\u00efdjan<\/option><option value=\"Bahamas\">Bahamas<\/option><option value=\"Bahre\u00efn\">Bahre\u00efn<\/option><option value=\"Bangladesh\">Bangladesh<\/option><option value=\"Barbade\">Barbade<\/option><option value=\"B\u00e9larus\">B\u00e9larus<\/option><option value=\"Belgique\">Belgique<\/option><option value=\"Belize\">Belize<\/option><option value=\"B\u00e9nin\">B\u00e9nin<\/option><option value=\"Bhoutan\">Bhoutan<\/option><option value=\"Bolivie\">Bolivie<\/option><option value=\"Bosnie-Herz\u00e9govine\">Bosnie-Herz\u00e9govine<\/option><option value=\"Botswana\">Botswana<\/option><option value=\"Br\u00e9sil\">Br\u00e9sil<\/option><option value=\"Brun\u00e9i\">Brun\u00e9i<\/option><option value=\"Bulgarie\">Bulgarie<\/option><option value=\"Burkina Faso\">Burkina Faso<\/option><option value=\"Burundi\">Burundi<\/option><option value=\"Cabo Verde\">Cabo Verde<\/option><option value=\"Cambodge\">Cambodge<\/option><option value=\"Cameroun\">Cameroun<\/option><option value=\"Canada\">Canada<\/option><option value=\"R\u00e9publique centrafricaine\">R\u00e9publique centrafricaine<\/option><option value=\"Tchad\">Tchad<\/option><option value=\"Chili\">Chili<\/option><option value=\"Chine\">Chine<\/option><option value=\"Colombie\">Colombie<\/option><option value=\"Comores\">Comores<\/option><option value=\"Congo (Congo-Brazzaville)\">Congo (Congo-Brazzaville)<\/option><option value=\"Costa Rica\">Costa Rica<\/option><option value=\"Croatie\">Croatie<\/option><option value=\"Cuba\">Cuba<\/option><option value=\"Chypre\">Chypre<\/option><option value=\"Tch\u00e9quie (R\u00e9publique tch\u00e8que)\">Tch\u00e9quie (R\u00e9publique tch\u00e8que)<\/option><option value=\"R\u00e9publique d\u00e9mocratique du Congo\">R\u00e9publique d\u00e9mocratique du Congo<\/option><option value=\"Danemark\">Danemark<\/option><option value=\"Djibouti\">Djibouti<\/option><option value=\"Dominique\">Dominique<\/option><option value=\"R\u00e9publique dominicaine\">R\u00e9publique dominicaine<\/option><option value=\"Timor oriental (Timor-Leste)\">Timor oriental (Timor-Leste)<\/option><option value=\"\u00c9quateur\">\u00c9quateur<\/option><option value=\"\u00c9gypte\">\u00c9gypte<\/option><option value=\"Salvador\">Salvador<\/option><option value=\"Guin\u00e9e \u00e9quatoriale\">Guin\u00e9e \u00e9quatoriale<\/option><option value=\"\u00c9rythr\u00e9e\">\u00c9rythr\u00e9e<\/option><option value=\"Estonie\">Estonie<\/option><option value=\"Eswatini (ex-\u00ab Swaziland \u00bb)\">Eswatini (ex-\u00ab Swaziland \u00bb)<\/option><option value=\"\u00c9thiopie\">\u00c9thiopie<\/option><option value=\"Fidji\">Fidji<\/option><option value=\"Finlande\">Finlande<\/option><option value=\"France\">France<\/option><option value=\"Gabon\">Gabon<\/option><option value=\"Gambie\">Gambie<\/option><option value=\"G\u00e9orgie\">G\u00e9orgie<\/option><option value=\"Allemagne\">Allemagne<\/option><option value=\"Ghana\">Ghana<\/option><option value=\"Gr\u00e8ce\">Gr\u00e8ce<\/option><option value=\"Grenade\">Grenade<\/option><option value=\"Guatemala\">Guatemala<\/option><option value=\"Guin\u00e9e\">Guin\u00e9e<\/option><option value=\"Guin\u00e9e-Bissau\">Guin\u00e9e-Bissau<\/option><option value=\"Guyana\">Guyana<\/option><option value=\"Ha\u00efti\">Ha\u00efti<\/option><option value=\"Honduras\">Honduras<\/option><option value=\"Hongrie\">Hongrie<\/option><option value=\"Islande\">Islande<\/option><option value=\"Inde\">Inde<\/option><option value=\"Indon\u00e9sie\">Indon\u00e9sie<\/option><option value=\"Iran\">Iran<\/option><option value=\"Irak\">Irak<\/option><option value=\"Irlande\">Irlande<\/option><option value=\"Isra\u00ebl\">Isra\u00ebl<\/option><option value=\"Italie\">Italie<\/option><option value=\"C\u00f4te d\u2019Ivoire\">C\u00f4te d\u2019Ivoire<\/option><option value=\"Jama\u00efque\">Jama\u00efque<\/option><option value=\"Japon\">Japon<\/option><option value=\"Jordanie\">Jordanie<\/option><option value=\"Kazakhstan\">Kazakhstan<\/option><option value=\"Kenya\">Kenya<\/option><option value=\"Kiribati\">Kiribati<\/option><option value=\"Kosovo\">Kosovo<\/option><option value=\"Kowe\u00eft\">Kowe\u00eft<\/option><option value=\"Kirghizistan\">Kirghizistan<\/option><option value=\"Laos\">Laos<\/option><option value=\"Lettonie\">Lettonie<\/option><option value=\"Liban\">Liban<\/option><option value=\"Lesotho\">Lesotho<\/option><option value=\"Lib\u00e9ria\">Lib\u00e9ria<\/option><option value=\"Libye\">Libye<\/option><option value=\"Liechtenstein\">Liechtenstein<\/option><option value=\"Lituanie\">Lituanie<\/option><option value=\"Luxembourg\">Luxembourg<\/option><option value=\"Madagascar\">Madagascar<\/option><option value=\"Malawi\">Malawi<\/option><option value=\"Malaisie\">Malaisie<\/option><option value=\"Maldives\">Maldives<\/option><option value=\"Mali\">Mali<\/option><option value=\"Malte\">Malte<\/option><option value=\"\u00celes Marshall\">\u00celes Marshall<\/option><option value=\"Mauritanie\">Mauritanie<\/option><option value=\"Maurice\">Maurice<\/option><option value=\"Mexique\">Mexique<\/option><option value=\"Micron\u00e9sie\">Micron\u00e9sie<\/option><option value=\"Moldavie\">Moldavie<\/option><option value=\"Monaco\">Monaco<\/option><option value=\"Mongolie\">Mongolie<\/option><option value=\"Mont\u00e9n\u00e9gro\">Mont\u00e9n\u00e9gro<\/option><option value=\"Maroc\">Maroc<\/option><option value=\"Mozambique\">Mozambique<\/option><option value=\"Myanmar (anciennement Birmanie)\">Myanmar (anciennement Birmanie)<\/option><option value=\"Namibie\">Namibie<\/option><option value=\"Nauru\">Nauru<\/option><option value=\"N\u00e9pal\">N\u00e9pal<\/option><option value=\"Pays-Bas\">Pays-Bas<\/option><option value=\"Nouvelle-Z\u00e9lande\">Nouvelle-Z\u00e9lande<\/option><option value=\"Nicaragua\">Nicaragua<\/option><option value=\"Niger\">Niger<\/option><option value=\"Nigeria\">Nigeria<\/option><option value=\"Cor\u00e9e du Nord\">Cor\u00e9e du Nord<\/option><option value=\"Mac\u00e9doine du Nord (anciennement Mac\u00e9doine)\">Mac\u00e9doine du Nord (anciennement Mac\u00e9doine)<\/option><option value=\"Norv\u00e8ge\">Norv\u00e8ge<\/option><option value=\"Oman\">Oman<\/option><option value=\"Pakistan\">Pakistan<\/option><option value=\"Palaos\">Palaos<\/option><option value=\"Palestine\">Palestine<\/option><option value=\"Panama\">Panama<\/option><option value=\"Papouasie-Nouvelle-Guin\u00e9e\">Papouasie-Nouvelle-Guin\u00e9e<\/option><option value=\"Paraguay\">Paraguay<\/option><option value=\"P\u00e9rou\">P\u00e9rou<\/option><option value=\"Philippines\">Philippines<\/option><option value=\"Pologne\">Pologne<\/option><option value=\"Portugal\">Portugal<\/option><option value=\"Qatar\">Qatar<\/option><option value=\"Roumanie\">Roumanie<\/option><option value=\"Russie\">Russie<\/option><option value=\"Rwanda\">Rwanda<\/option><option value=\"Saint-Kitts-et-Nevis\">Saint-Kitts-et-Nevis<\/option><option value=\"Sainte-Lucie\">Sainte-Lucie<\/option><option value=\"Saint-Vincent-et-les-Grenadines\">Saint-Vincent-et-les-Grenadines<\/option><option value=\"Samoa\">Samoa<\/option><option value=\"Saint-Marin\">Saint-Marin<\/option><option value=\"Sao Tom\u00e9-et-Principe\">Sao Tom\u00e9-et-Principe<\/option><option value=\"Arabie saoudite\">Arabie saoudite<\/option><option value=\"S\u00e9n\u00e9gal\">S\u00e9n\u00e9gal<\/option><option value=\"Serbie\">Serbie<\/option><option value=\"Seychelles\">Seychelles<\/option><option value=\"Sierra Leone\">Sierra Leone<\/option><option value=\"Singapour\">Singapour<\/option><option value=\"Slovaquie\">Slovaquie<\/option><option value=\"Slov\u00e9nie\">Slov\u00e9nie<\/option><option value=\"\u00celes Salomon\">\u00celes Salomon<\/option><option value=\"Somalie\">Somalie<\/option><option value=\"Afrique du Sud\">Afrique du Sud<\/option><option value=\"Cor\u00e9e du Sud\">Cor\u00e9e du Sud<\/option><option value=\"Soudan du Sud\">Soudan du Sud<\/option><option value=\"Espagne\">Espagne<\/option><option value=\"Sri Lanka\">Sri Lanka<\/option><option value=\"Soudan\">Soudan<\/option><option value=\"Suriname\">Suriname<\/option><option value=\"Su\u00e8de\">Su\u00e8de<\/option><option value=\"Suisse\">Suisse<\/option><option value=\"Syrie\">Syrie<\/option><option value=\"Ta\u00efwan\">Ta\u00efwan<\/option><option value=\"Tadjikistan\">Tadjikistan<\/option><option value=\"Tanzanie\">Tanzanie<\/option><option value=\"Tha\u00eflande\">Tha\u00eflande<\/option><option value=\"Togo\">Togo<\/option><option value=\"Tonga\">Tonga<\/option><option value=\"Trinit\u00e9-et-Tobago\">Trinit\u00e9-et-Tobago<\/option><option value=\"Tunisie\">Tunisie<\/option><option value=\"Turquie\">Turquie<\/option><option value=\"Turkm\u00e9nistan\">Turkm\u00e9nistan<\/option><option value=\"Tuvalu\">Tuvalu<\/option><option value=\"Ouganda\">Ouganda<\/option><option value=\"Ukraine\">Ukraine<\/option><option value=\"\u00c9mirats arabes unis\">\u00c9mirats arabes unis<\/option><option value=\"Royaume-Uni\">Royaume-Uni<\/option><option value=\"\u00c9tats-Unis d\u2019Am\u00e9rique\">\u00c9tats-Unis d\u2019Am\u00e9rique<\/option><option value=\"Uruguay\">Uruguay<\/option><option value=\"Ouzb\u00e9kistan\">Ouzb\u00e9kistan<\/option><option value=\"Vanuatu\">Vanuatu<\/option><option value=\"Cit\u00e9 du Vatican (Saint-Si\u00e8ge)\">Cit\u00e9 du Vatican (Saint-Si\u00e8ge)<\/option><option value=\"Venezuela\">Venezuela<\/option><option value=\"Vi\u00eat Nam\">Vi\u00eat Nam<\/option><option value=\"Y\u00e9men\">Y\u00e9men<\/option><option value=\"Zambie\">Zambie<\/option><option value=\"Zimbabwe\">Zimbabwe<\/option><\/select><\/span>\n<\/div>\n\n<div class=\"field-wrapper flex flex-col w-full\">\n <label>Laissez-nous quelques mots et nous vous r\u00e9pondrons<\/label>\n<span class=\"wpcf7-form-control-wrap\" data-name=\"comments\"><textarea cols=\"10\" rows=\"2\" maxlength=\"2000\" class=\"wpcf7-form-control wpcf7-textarea wpcf7-validates-as-required w-full\" aria-required=\"true\" aria-invalid=\"false\" placeholder=\"Ajoutez quelques commentaires...\" name=\"comments\"><\/textarea><\/span>\n<\/div>\n\n<div class=\"checkbox-wrapper flex flex-col w-full\">\n <span class=\"wpcf7-form-control-wrap\" data-name=\"privacy-policy\"><span class=\"wpcf7-form-control wpcf7-acceptance\"><span class=\"wpcf7-list-item\"><label><input type=\"checkbox\" name=\"privacy-policy\" value=\"1\" id=\"privacy-policy\" aria-invalid=\"false\" \/><span class=\"wpcf7-list-item-label\">J\u2019ai lu et j\u2019accepte la <a href=\"https:\/\/freixenet.com\/be\/fr\/avertissement-legal\/\" target=\"_blank\">politique de confidentialit\u00e9<\/a>.<\/span><\/label><\/span><\/span><\/span>\n<\/div>\n\n<div class=\"button-wrapper flex flex-col w-full\">\n  <input class=\"wpcf7-form-control wpcf7-submit has-spinner button primary dark size-llg submit-button w-100\" id=\"send-btn\" type=\"submit\" value=\"Envoyer\" \/>\n<\/div>\n<\/div><div class=\"wpcf7-response-output\" aria-hidden=\"true\"><\/div>\n<\/form>\n<\/div>\n<\/div>\n\n\t\t<\/div>\n\t<\/div>\n\n\n\n<div class=\"col-12 col-md-5 offset-lg-1 h-full\">\n\t\t\t\n\n<div class=\"wp-block-cover is-light\" style=\"min-height:100vh;aspect-ratio:unset;\"><span aria-hidden=\"true\" class=\"wp-block-cover__background has-background-dim-0 has-background-dim\" style=\"background-color:#9b7e73\"><\/span><img loading=\"lazy\" decoding=\"async\" width=\"1703\" height=\"2560\" src=\"https:\/\/freixenet.com\/app\/uploads\/sites\/5\/2025\/10\/S4_0255-1-scaled-1.webp\" class=\"wp-block-cover__image-background wp-post-image\" alt=\"\" data-object-fit=\"cover\" srcset=\"https:\/\/freixenet.com\/app\/uploads\/sites\/5\/2025\/10\/S4_0255-1-scaled-1.webp 1703w, https:\/\/freixenet.com\/app\/uploads\/sites\/5\/2025\/10\/S4_0255-1-scaled-1-200x300.webp 200w, https:\/\/freixenet.com\/app\/uploads\/sites\/5\/2025\/10\/S4_0255-1-scaled-1-681x1024.webp 681w, https:\/\/freixenet.com\/app\/uploads\/sites\/5\/2025\/10\/S4_0255-1-scaled-1-768x1154.webp 768w, https:\/\/freixenet.com\/app\/uploads\/sites\/5\/2025\/10\/S4_0255-1-scaled-1-1022x1536.webp 1022w, https:\/\/freixenet.com\/app\/uploads\/sites\/5\/2025\/10\/S4_0255-1-scaled-1-1362x2048.webp 1362w, https:\/\/freixenet.com\/app\/uploads\/sites\/5\/2025\/10\/S4_0255-1-scaled-1-718x1080.webp 718w, https:\/\/freixenet.com\/app\/uploads\/sites\/5\/2025\/10\/S4_0255-1-scaled-1-333x500.webp 333w, https:\/\/freixenet.com\/app\/uploads\/sites\/5\/2025\/10\/S4_0255-1-scaled-1-500x752.webp 500w\" sizes=\"auto, (max-width: 1703px) 100vw, 1703px\" \/><div class=\"wp-block-cover__inner-container is-layout-constrained wp-block-cover-is-layout-constrained\">\n<p class=\"has-text-align-center has-large-font-size\"><\/p>\n<\/div><\/div>\n\n\t<\/div>\n\n<\/div>\n\n<\/div>\n\n\n\n\n","protected":false},"excerpt":{"rendered":"","protected":false},"author":1,"featured_media":3876,"parent":0,"menu_order":0,"comment_status":"closed","ping_status":"closed","template":"","meta":{"_acf_changed":false,"footnotes":""},"class_list":["post-3946","page","type-page","status-publish","has-post-thumbnail","hentry"],"acf":[],"yoast_head":"<!-- This site is optimized with the Yoast SEO plugin v27.2 - https:\/\/yoast.com\/product\/yoast-seo-wordpress\/ -->\n<title>Contact - Freixenet Belgium<\/title>\n<meta name=\"robots\" content=\"noindex, follow, max-snippet:-1, max-image-preview:large, max-video-preview:-1\" \/>\n<meta property=\"og:locale\" content=\"fr_FR\" \/>\n<meta property=\"og:type\" content=\"article\" \/>\n<meta property=\"og:title\" content=\"Contact - Freixenet Belgium\" \/>\n<meta property=\"og:url\" content=\"https:\/\/freixenet.com\/be\/fr\/contact\/\" \/>\n<meta property=\"og:site_name\" content=\"Freixenet Belgium\" \/>\n<meta property=\"article:modified_time\" content=\"2025-10-22T12:06:21+00:00\" \/>\n<meta property=\"og:image\" content=\"https:\/\/freixenet.com\/app\/uploads\/sites\/5\/2025\/10\/S4_0255-1-scaled-1.webp\" \/>\n\t<meta property=\"og:image:width\" content=\"1703\" \/>\n\t<meta property=\"og:image:height\" content=\"2560\" \/>\n\t<meta property=\"og:image:type\" content=\"image\/webp\" \/>\n<meta name=\"twitter:card\" content=\"summary_large_image\" \/>\n<meta name=\"twitter:label1\" content=\"Dur\u00e9e de lecture estim\u00e9e\" \/>\n\t<meta name=\"twitter:data1\" content=\"1 minute\" \/>\n<script type=\"application\/ld+json\" class=\"yoast-schema-graph\">{\"@context\":\"https:\/\/schema.org\",\"@graph\":[{\"@type\":\"WebPage\",\"@id\":\"https:\/\/freixenet.com\/be\/fr\/contact\/\",\"url\":\"https:\/\/freixenet.com\/be\/fr\/contact\/\",\"name\":\"Contact - Freixenet Belgium\",\"isPartOf\":{\"@id\":\"https:\/\/freixenet.com\/be\/fr\/#website\"},\"primaryImageOfPage\":{\"@id\":\"https:\/\/freixenet.com\/be\/fr\/contact\/#primaryimage\"},\"image\":{\"@id\":\"https:\/\/freixenet.com\/be\/fr\/contact\/#primaryimage\"},\"thumbnailUrl\":\"https:\/\/freixenet.com\/app\/uploads\/sites\/5\/2025\/10\/S4_0255-1-scaled-1.webp\",\"datePublished\":\"2025-02-28T10:02:26+00:00\",\"dateModified\":\"2025-10-22T12:06:21+00:00\",\"breadcrumb\":{\"@id\":\"https:\/\/freixenet.com\/be\/fr\/contact\/#breadcrumb\"},\"inLanguage\":\"fr-FR\",\"potentialAction\":[{\"@type\":\"ReadAction\",\"target\":[\"https:\/\/freixenet.com\/be\/fr\/contact\/\"]}]},{\"@type\":\"ImageObject\",\"inLanguage\":\"fr-FR\",\"@id\":\"https:\/\/freixenet.com\/be\/fr\/contact\/#primaryimage\",\"url\":\"https:\/\/freixenet.com\/app\/uploads\/sites\/5\/2025\/10\/S4_0255-1-scaled-1.webp\",\"contentUrl\":\"https:\/\/freixenet.com\/app\/uploads\/sites\/5\/2025\/10\/S4_0255-1-scaled-1.webp\",\"width\":1703,\"height\":2560},{\"@type\":\"BreadcrumbList\",\"@id\":\"https:\/\/freixenet.com\/be\/fr\/contact\/#breadcrumb\",\"itemListElement\":[{\"@type\":\"ListItem\",\"position\":1,\"name\":\"Home\",\"item\":\"https:\/\/freixenet.com\/be\/fr\/\"},{\"@type\":\"ListItem\",\"position\":2,\"name\":\"Contact\"}]},{\"@type\":\"WebSite\",\"@id\":\"https:\/\/freixenet.com\/be\/fr\/#website\",\"url\":\"https:\/\/freixenet.com\/be\/fr\/\",\"name\":\"Freixenet Belgium\",\"description\":\"The most emblematic wineries of Freixenet combine tradition and innovation and have the deepest ancient cellars, located 20 meters underground.\",\"potentialAction\":[{\"@type\":\"SearchAction\",\"target\":{\"@type\":\"EntryPoint\",\"urlTemplate\":\"https:\/\/freixenet.com\/be\/fr\/?s={search_term_string}\"},\"query-input\":{\"@type\":\"PropertyValueSpecification\",\"valueRequired\":true,\"valueName\":\"search_term_string\"}}],\"inLanguage\":\"fr-FR\"}]}<\/script>\n<!-- \/ Yoast SEO plugin. -->","yoast_head_json":{"title":"Contact - Freixenet Belgium","robots":{"index":"noindex","follow":"follow","max-snippet":"max-snippet:-1","max-image-preview":"max-image-preview:large","max-video-preview":"max-video-preview:-1"},"og_locale":"fr_FR","og_type":"article","og_title":"Contact - Freixenet Belgium","og_url":"https:\/\/freixenet.com\/be\/fr\/contact\/","og_site_name":"Freixenet Belgium","article_modified_time":"2025-10-22T12:06:21+00:00","og_image":[{"width":1703,"height":2560,"url":"https:\/\/freixenet.com\/app\/uploads\/sites\/5\/2025\/10\/S4_0255-1-scaled-1.webp","type":"image\/webp"}],"twitter_card":"summary_large_image","twitter_misc":{"Dur\u00e9e de lecture estim\u00e9e":"1 minute"},"schema":{"@context":"https:\/\/schema.org","@graph":[{"@type":"WebPage","@id":"https:\/\/freixenet.com\/be\/fr\/contact\/","url":"https:\/\/freixenet.com\/be\/fr\/contact\/","name":"Contact - Freixenet Belgium","isPartOf":{"@id":"https:\/\/freixenet.com\/be\/fr\/#website"},"primaryImageOfPage":{"@id":"https:\/\/freixenet.com\/be\/fr\/contact\/#primaryimage"},"image":{"@id":"https:\/\/freixenet.com\/be\/fr\/contact\/#primaryimage"},"thumbnailUrl":"https:\/\/freixenet.com\/app\/uploads\/sites\/5\/2025\/10\/S4_0255-1-scaled-1.webp","datePublished":"2025-02-28T10:02:26+00:00","dateModified":"2025-10-22T12:06:21+00:00","breadcrumb":{"@id":"https:\/\/freixenet.com\/be\/fr\/contact\/#breadcrumb"},"inLanguage":"fr-FR","potentialAction":[{"@type":"ReadAction","target":["https:\/\/freixenet.com\/be\/fr\/contact\/"]}]},{"@type":"ImageObject","inLanguage":"fr-FR","@id":"https:\/\/freixenet.com\/be\/fr\/contact\/#primaryimage","url":"https:\/\/freixenet.com\/app\/uploads\/sites\/5\/2025\/10\/S4_0255-1-scaled-1.webp","contentUrl":"https:\/\/freixenet.com\/app\/uploads\/sites\/5\/2025\/10\/S4_0255-1-scaled-1.webp","width":1703,"height":2560},{"@type":"BreadcrumbList","@id":"https:\/\/freixenet.com\/be\/fr\/contact\/#breadcrumb","itemListElement":[{"@type":"ListItem","position":1,"name":"Home","item":"https:\/\/freixenet.com\/be\/fr\/"},{"@type":"ListItem","position":2,"name":"Contact"}]},{"@type":"WebSite","@id":"https:\/\/freixenet.com\/be\/fr\/#website","url":"https:\/\/freixenet.com\/be\/fr\/","name":"Freixenet Belgium","description":"The most emblematic wineries of Freixenet combine tradition and innovation and have the deepest ancient cellars, located 20 meters underground.","potentialAction":[{"@type":"SearchAction","target":{"@type":"EntryPoint","urlTemplate":"https:\/\/freixenet.com\/be\/fr\/?s={search_term_string}"},"query-input":{"@type":"PropertyValueSpecification","valueRequired":true,"valueName":"search_term_string"}}],"inLanguage":"fr-FR"}]}},"_links":{"self":[{"href":"https:\/\/freixenet.com\/be\/fr\/wp-json\/wp\/v2\/pages\/3946","targetHints":{"allow":["GET"]}}],"collection":[{"href":"https:\/\/freixenet.com\/be\/fr\/wp-json\/wp\/v2\/pages"}],"about":[{"href":"https:\/\/freixenet.com\/be\/fr\/wp-json\/wp\/v2\/types\/page"}],"author":[{"embeddable":true,"href":"https:\/\/freixenet.com\/be\/fr\/wp-json\/wp\/v2\/users\/1"}],"replies":[{"embeddable":true,"href":"https:\/\/freixenet.com\/be\/fr\/wp-json\/wp\/v2\/comments?post=3946"}],"version-history":[{"count":1,"href":"https:\/\/freixenet.com\/be\/fr\/wp-json\/wp\/v2\/pages\/3946\/revisions"}],"predecessor-version":[{"id":3948,"href":"https:\/\/freixenet.com\/be\/fr\/wp-json\/wp\/v2\/pages\/3946\/revisions\/3948"}],"wp:featuredmedia":[{"embeddable":true,"href":"https:\/\/freixenet.com\/be\/fr\/wp-json\/wp\/v2\/media\/3876"}],"wp:attachment":[{"href":"https:\/\/freixenet.com\/be\/fr\/wp-json\/wp\/v2\/media?parent=3946"}],"curies":[{"name":"wp","href":"https:\/\/api.w.org\/{rel}","templated":true}]}}