{"id":3583,"date":"2025-06-16T09:46:47","date_gmt":"2025-06-16T09:46:47","guid":{"rendered":"https:\/\/freixenet.com\/be\/compliance\/"},"modified":"2025-11-05T12:07:53","modified_gmt":"2025-11-05T12:07:53","slug":"compliance","status":"publish","type":"page","link":"https:\/\/freixenet.com\/be\/fr\/compliance\/","title":{"rendered":"Conformit\u00e9"},"content":{"rendered":"\n<div class=\"wp-block-group is-vertical is-content-justification-center is-nowrap is-layout-flex wp-container-core-group-is-layout-a31effde wp-block-group-is-layout-flex\"><div class=\"wp-bootstrap-blocks-container container has-custom-block-padding-small-top\">\n\t\n\n<h2 class=\"wp-block-heading has-text-align-center has-secondary-color has-text-color has-link-color has-heading-4-xl-font-size wp-elements-8c79871858508d609c59c13c0c4c9abb\" style=\"text-transform:uppercase\">Conformit\u00e9<\/h2>\n\n<\/div>\n<\/div>\n\n\n<div class=\"wp-bootstrap-blocks-container container\">\n\t\n\n<p>La conformit\u00e9 a pris une importance consid\u00e9rable en raison de la croissance internationale constante de notre entreprise et de l&rsquo;augmentation des exigences l\u00e9gales. C&rsquo;est pourquoi nous avons mis en place un syst\u00e8me d&rsquo;information interne et une proc\u00e9dure de gestion de l&rsquo;information. Dans le cadre de ce syst\u00e8me, un responsable syst\u00e8me a \u00e9t\u00e9 nomm\u00e9, ainsi que des responsables qui, selon le cas, constituent des interlocuteurs neutres et ind\u00e9pendants pour toute information relative \u00e0 la conformit\u00e9.<\/p>\n\n\n\n<p>S&rsquo;il existe une indication d&rsquo;une violation (potentielle) de la loi en relation avec Henkell Freixenet, vous avez la possibilit\u00e9 de nous envoyer, de mani\u00e8re totalement confidentielle, un message via notre canal d&rsquo;information interne.<\/p>\n\n\n\n<p>Pour conna\u00eetre en d\u00e9tail les principes g\u00e9n\u00e9raux concernant le Syst\u00e8me d&rsquo;Information Interne et de D\u00e9fense des Informateurs, ainsi que la Proc\u00e9dure de Gestion de l&rsquo;Information, vous pouvez consulter notre Politique en <a href=\"https:\/\/translate.google.com\/website?sl=auto&amp;tl=ca&amp;hl=es-419&amp;client=webapp&amp;u=https:\/\/grupofreixenet.com\/politica-sistema-interno-de-informacion.pdf\">cliquant sur le lien suivant<\/a> .<\/p>\n\n\n\n<h3 class=\"wp-block-heading\">CANAL D&rsquo;INFORMATION INTERNE<\/h3>\n\n\n\n<p>Vous avez la possibilit\u00e9 de faire des communications, de mani\u00e8re anonyme ou non, via la plateforme suivante : <a href=\"http:\/\/www.report-securely.eu\/freixenet\">www.report-securely.eu\/freixenet<\/a><\/p>\n\n<\/div>\n","protected":false},"excerpt":{"rendered":"","protected":false},"author":1,"featured_media":0,"parent":0,"menu_order":0,"comment_status":"closed","ping_status":"closed","template":"","meta":{"_acf_changed":false,"footnotes":""},"class_list":["post-3583","page","type-page","status-publish","hentry"],"acf":[],"yoast_head":"<!-- This site is optimized with the Yoast SEO plugin v27.2 - https:\/\/yoast.com\/product\/yoast-seo-wordpress\/ -->\n<title>Conformit\u00e9 - Freixenet Belgium<\/title>\n<meta name=\"robots\" content=\"noindex, follow, max-snippet:-1, max-image-preview:large, max-video-preview:-1\" \/>\n<meta property=\"og:locale\" content=\"fr_FR\" \/>\n<meta property=\"og:type\" content=\"article\" \/>\n<meta property=\"og:title\" content=\"Conformit\u00e9 - Freixenet Belgium\" \/>\n<meta property=\"og:url\" content=\"https:\/\/freixenet.com\/be\/fr\/compliance\/\" \/>\n<meta property=\"og:site_name\" content=\"Freixenet Belgium\" \/>\n<meta property=\"article:modified_time\" content=\"2025-11-05T12:07:53+00:00\" \/>\n<meta name=\"twitter:card\" content=\"summary_large_image\" \/>\n<meta name=\"twitter:label1\" content=\"Dur\u00e9e de lecture estim\u00e9e\" \/>\n\t<meta name=\"twitter:data1\" content=\"1 minute\" \/>\n<script type=\"application\/ld+json\" class=\"yoast-schema-graph\">{\"@context\":\"https:\/\/schema.org\",\"@graph\":[{\"@type\":\"WebPage\",\"@id\":\"https:\/\/freixenet.com\/be\/fr\/compliance\/\",\"url\":\"https:\/\/freixenet.com\/be\/fr\/compliance\/\",\"name\":\"Conformit\u00e9 - Freixenet Belgium\",\"isPartOf\":{\"@id\":\"https:\/\/freixenet.com\/be\/fr\/#website\"},\"datePublished\":\"2025-06-16T09:46:47+00:00\",\"dateModified\":\"2025-11-05T12:07:53+00:00\",\"breadcrumb\":{\"@id\":\"https:\/\/freixenet.com\/be\/fr\/compliance\/#breadcrumb\"},\"inLanguage\":\"fr-FR\",\"potentialAction\":[{\"@type\":\"ReadAction\",\"target\":[\"https:\/\/freixenet.com\/be\/fr\/compliance\/\"]}]},{\"@type\":\"BreadcrumbList\",\"@id\":\"https:\/\/freixenet.com\/be\/fr\/compliance\/#breadcrumb\",\"itemListElement\":[{\"@type\":\"ListItem\",\"position\":1,\"name\":\"Home\",\"item\":\"https:\/\/freixenet.com\/be\/fr\/\"},{\"@type\":\"ListItem\",\"position\":2,\"name\":\"Conformit\u00e9\"}]},{\"@type\":\"WebSite\",\"@id\":\"https:\/\/freixenet.com\/be\/fr\/#website\",\"url\":\"https:\/\/freixenet.com\/be\/fr\/\",\"name\":\"Freixenet Belgium\",\"description\":\"The most emblematic wineries of Freixenet combine tradition and innovation and have the deepest ancient cellars, located 20 meters underground.\",\"potentialAction\":[{\"@type\":\"SearchAction\",\"target\":{\"@type\":\"EntryPoint\",\"urlTemplate\":\"https:\/\/freixenet.com\/be\/fr\/?s={search_term_string}\"},\"query-input\":{\"@type\":\"PropertyValueSpecification\",\"valueRequired\":true,\"valueName\":\"search_term_string\"}}],\"inLanguage\":\"fr-FR\"}]}<\/script>\n<!-- \/ Yoast SEO plugin. -->","yoast_head_json":{"title":"Conformit\u00e9 - Freixenet Belgium","robots":{"index":"noindex","follow":"follow","max-snippet":"max-snippet:-1","max-image-preview":"max-image-preview:large","max-video-preview":"max-video-preview:-1"},"og_locale":"fr_FR","og_type":"article","og_title":"Conformit\u00e9 - Freixenet Belgium","og_url":"https:\/\/freixenet.com\/be\/fr\/compliance\/","og_site_name":"Freixenet Belgium","article_modified_time":"2025-11-05T12:07:53+00:00","twitter_card":"summary_large_image","twitter_misc":{"Dur\u00e9e de lecture estim\u00e9e":"1 minute"},"schema":{"@context":"https:\/\/schema.org","@graph":[{"@type":"WebPage","@id":"https:\/\/freixenet.com\/be\/fr\/compliance\/","url":"https:\/\/freixenet.com\/be\/fr\/compliance\/","name":"Conformit\u00e9 - Freixenet Belgium","isPartOf":{"@id":"https:\/\/freixenet.com\/be\/fr\/#website"},"datePublished":"2025-06-16T09:46:47+00:00","dateModified":"2025-11-05T12:07:53+00:00","breadcrumb":{"@id":"https:\/\/freixenet.com\/be\/fr\/compliance\/#breadcrumb"},"inLanguage":"fr-FR","potentialAction":[{"@type":"ReadAction","target":["https:\/\/freixenet.com\/be\/fr\/compliance\/"]}]},{"@type":"BreadcrumbList","@id":"https:\/\/freixenet.com\/be\/fr\/compliance\/#breadcrumb","itemListElement":[{"@type":"ListItem","position":1,"name":"Home","item":"https:\/\/freixenet.com\/be\/fr\/"},{"@type":"ListItem","position":2,"name":"Conformit\u00e9"}]},{"@type":"WebSite","@id":"https:\/\/freixenet.com\/be\/fr\/#website","url":"https:\/\/freixenet.com\/be\/fr\/","name":"Freixenet Belgium","description":"The most emblematic wineries of Freixenet combine tradition and innovation and have the deepest ancient cellars, located 20 meters underground.","potentialAction":[{"@type":"SearchAction","target":{"@type":"EntryPoint","urlTemplate":"https:\/\/freixenet.com\/be\/fr\/?s={search_term_string}"},"query-input":{"@type":"PropertyValueSpecification","valueRequired":true,"valueName":"search_term_string"}}],"inLanguage":"fr-FR"}]}},"_links":{"self":[{"href":"https:\/\/freixenet.com\/be\/fr\/wp-json\/wp\/v2\/pages\/3583","targetHints":{"allow":["GET"]}}],"collection":[{"href":"https:\/\/freixenet.com\/be\/fr\/wp-json\/wp\/v2\/pages"}],"about":[{"href":"https:\/\/freixenet.com\/be\/fr\/wp-json\/wp\/v2\/types\/page"}],"author":[{"embeddable":true,"href":"https:\/\/freixenet.com\/be\/fr\/wp-json\/wp\/v2\/users\/1"}],"replies":[{"embeddable":true,"href":"https:\/\/freixenet.com\/be\/fr\/wp-json\/wp\/v2\/comments?post=3583"}],"version-history":[{"count":3,"href":"https:\/\/freixenet.com\/be\/fr\/wp-json\/wp\/v2\/pages\/3583\/revisions"}],"predecessor-version":[{"id":3944,"href":"https:\/\/freixenet.com\/be\/fr\/wp-json\/wp\/v2\/pages\/3583\/revisions\/3944"}],"wp:attachment":[{"href":"https:\/\/freixenet.com\/be\/fr\/wp-json\/wp\/v2\/media?parent=3583"}],"curies":[{"name":"wp","href":"https:\/\/api.w.org\/{rel}","templated":true}]}}