{"id":3527,"date":"2025-02-25T21:21:42","date_gmt":"2025-02-25T21:21:42","guid":{"rendered":"https:\/\/freixenet.com\/be\/nos-vins\/"},"modified":"2026-03-26T12:24:31","modified_gmt":"2026-03-26T12:24:31","slug":"nos-vins","status":"publish","type":"page","link":"https:\/\/freixenet.com\/be\/fr\/nos-vins\/","title":{"rendered":"Nos Vins"},"content":{"rendered":"<div class=\"wp-bootstrap-blocks-container container has-custom-block-padding\">\n\t\n<div class=\"wp-bootstrap-blocks-row row justify-content-center\">\n\t\n\n<div class=\"col-12 col-md-10 col-lg-8\">\n\t\t\t\n\n<div class=\"wp-block-group is-vertical is-content-justification-center is-nowrap is-layout-flex wp-container-core-group-is-layout-a31effde wp-block-group-is-layout-flex\">\n<h1 class=\"wp-block-heading has-text-align-center title-tag has-accent-dim-600-color has-text-color has-link-color wp-elements-294dae4cb847e00757a02e199d3a5e0a\">Nos Vins<\/h1>\n\n\n\n<h2 class=\"wp-block-heading has-text-align-center has-secondary-color has-text-color has-link-color has-heading-5-xl-font-size wp-elements-d4d0e4e7dc2e6f1d081908837118c0b6\" style=\"text-transform:uppercase\"><mark style=\"background-color:rgba(0, 0, 0, 0)\" class=\"has-inline-color has-current-color\">D\u00e9couvrez<\/mark><br><em>notre gamme<\/em><\/h2>\n\n\n\n<p class=\"has-text-align-center\">D\u00e9couvrez nos diff\u00e9rents vins, \u00e0 d\u00e9guster pur ou en cocktail. Des cuv\u00e9es \u00e0 d\u00e9guster en famille ou entre amis dans les petits moments du quotidien comme lors des grandes occasions <\/p>\n<\/div>\n\n\t<\/div>\n\n<\/div>\n\n<\/div>\n\n\n<section class=\"range-banners\" >\n    <!-- Add Range Banners content here: -->\n    \n            <article data-component=\"zoom-in-banner\" class=\"zoom-in-banner\" data-animation-direction=\"reverse\">\n                <div class=\"zoom-in-banner__wrapper\">\n                    <div class=\"wp-block-cover asset-wrapper\">\n                        <img decoding=\"async\" class=\"wp-block-cover__image-background bg-accent-dim-200 object-cover\"\n                            alt=\"Classiques espagnols\"\n                            src=\"https:\/\/freixenet.com\/app\/uploads\/sites\/5\/2025\/10\/CordonNegro_Horizontal_GeneticCode.webp\"\n                            data-object-fit=\"cover\" \/>\n                        <span aria-hidden=\"true\" class=\"wp-block-cover__background has-secondary-background-color has-background-dim-30 has-background-dim\"><\/span>\n                        <div class=\"wp-block-cover__inner-container\">\n                            <div class=\"zoom-in-banner__text-block text-center\">\n                                <h3 class=\"range-banner-title text-heading-5-xl uppercase\">\n                                    Classiques<br><em class=\"italic\">espagnols<\/em>                                <\/h3>\n\n                                <div class=\"button-wrapper pt-md flex items-center justify-center\">\n                                    <a class=\"button size--md primary accent\" href=\"https:\/\/freixenet.com\/be\/fr\/produits\/classiques-espagnols\/\">\n                                        D\u00e9couvrir                                    <\/a>\n                                <\/div>\n                            <\/div>\n                        <\/div>\n                    <\/div>\n                <\/div>\n            <\/article>\n    \n            <article data-component=\"zoom-in-banner\" class=\"zoom-in-banner\" data-animation-direction=\"reverse\">\n                <div class=\"zoom-in-banner__wrapper\">\n                    <div class=\"wp-block-cover asset-wrapper\">\n                        <img decoding=\"async\" class=\"wp-block-cover__image-background bg-accent-dim-200 object-cover\"\n                            alt=\"Gamme italienne\"\n                            src=\"https:\/\/freixenet.com\/app\/uploads\/sites\/5\/2025\/10\/Prosecco-Horizontal.webp\"\n                            data-object-fit=\"cover\" \/>\n                        <span aria-hidden=\"true\" class=\"wp-block-cover__background has-secondary-background-color has-background-dim-30 has-background-dim\"><\/span>\n                        <div class=\"wp-block-cover__inner-container\">\n                            <div class=\"zoom-in-banner__text-block text-center\">\n                                <h3 class=\"range-banner-title text-heading-5-xl uppercase\">\n                                    Gamme<br><em class=\"italic\">italienne<\/em>                                <\/h3>\n\n                                <div class=\"button-wrapper pt-md flex items-center justify-center\">\n                                    <a class=\"button size--md primary accent\" href=\"https:\/\/freixenet.com\/be\/fr\/produits\/gamme-italienne\/\">\n                                        D\u00e9couvrir                                    <\/a>\n                                <\/div>\n                            <\/div>\n                        <\/div>\n                    <\/div>\n                <\/div>\n            <\/article>\n    \n            <article data-component=\"zoom-in-banner\" class=\"zoom-in-banner\" data-animation-direction=\"reverse\">\n                <div class=\"zoom-in-banner__wrapper\">\n                    <div class=\"wp-block-cover asset-wrapper\">\n                        <img decoding=\"async\" class=\"wp-block-cover__image-background bg-accent-dim-200 object-cover\"\n                            alt=\"D\u00e9salcoolis\u00e9\"\n                            src=\"https:\/\/freixenet.com\/app\/uploads\/sites\/5\/2025\/10\/FReixenet-00-Gnetic-Code-Horizontal.webp\"\n                            data-object-fit=\"cover\" \/>\n                        <span aria-hidden=\"true\" class=\"wp-block-cover__background has-secondary-background-color has-background-dim-30 has-background-dim\"><\/span>\n                        <div class=\"wp-block-cover__inner-container\">\n                            <div class=\"zoom-in-banner__text-block text-center\">\n                                <h3 class=\"range-banner-title text-heading-5-xl uppercase\">\n                                    <em class=\"italic\">D\u00e9salcoolis\u00e9<\/em>                                <\/h3>\n\n                                <div class=\"button-wrapper pt-md flex items-center justify-center\">\n                                    <a class=\"button size--md primary accent\" href=\"https:\/\/freixenet.com\/be\/fr\/produits\/desalcoolise\/\">\n                                        D\u00e9couvrir                                    <\/a>\n                                <\/div>\n                            <\/div>\n                        <\/div>\n                    <\/div>\n                <\/div>\n            <\/article>\n    <\/section>\n\n<section\n    class=\"zoom-in-banner\"\n        data-animation-direction=\"reverse\">\n    <div class=\"zoom-in-banner__wrapper h-full w-full relative flex flex-col items-center justify-center\">\n\n<div class=\"wp-block-cover asset-wrapper\"><img loading=\"lazy\" decoding=\"async\" width=\"1024\" height=\"556\" class=\"wp-block-cover__image-background wp-image-4497 size-large\" alt=\"\" src=\"https:\/\/freixenet.com\/app\/uploads\/sites\/5\/2026\/03\/aperitivo_hero_carta_cordon_negro-1024x556.jpg\" data-object-fit=\"cover\" srcset=\"https:\/\/freixenet.com\/app\/uploads\/sites\/5\/2026\/03\/aperitivo_hero_carta_cordon_negro-1024x556.jpg 1024w, https:\/\/freixenet.com\/app\/uploads\/sites\/5\/2026\/03\/aperitivo_hero_carta_cordon_negro-300x163.jpg 300w, https:\/\/freixenet.com\/app\/uploads\/sites\/5\/2026\/03\/aperitivo_hero_carta_cordon_negro-768x417.jpg 768w, https:\/\/freixenet.com\/app\/uploads\/sites\/5\/2026\/03\/aperitivo_hero_carta_cordon_negro-1536x834.jpg 1536w, https:\/\/freixenet.com\/app\/uploads\/sites\/5\/2026\/03\/aperitivo_hero_carta_cordon_negro-360x195.jpg 360w, https:\/\/freixenet.com\/app\/uploads\/sites\/5\/2026\/03\/aperitivo_hero_carta_cordon_negro-500x271.jpg 500w, https:\/\/freixenet.com\/app\/uploads\/sites\/5\/2026\/03\/aperitivo_hero_carta_cordon_negro.jpg 1920w\" sizes=\"auto, (max-width: 1024px) 100vw, 1024px\" \/><span aria-hidden=\"true\" class=\"wp-block-cover__background has-secondary-background-color has-background-dim-30 has-background-dim\"><\/span><div class=\"wp-block-cover__inner-container is-layout-flow wp-block-cover-is-layout-flow\"><div class=\"wp-bootstrap-blocks-container container custom-block-padding banner-wrapper\">\n\t\n<div class=\"wp-bootstrap-blocks-row row justify-content-center\">\n\t\n\n<div class=\"col-12 col-lg-8\">\n\t\t\t\n\n<div class=\"wp-block-group zoom-in-banner__text-block is-vertical is-content-justification-stretch is-nowrap is-layout-flex wp-container-core-group-is-layout-28365a3b wp-block-group-is-layout-flex\">\n<h2 class=\"wp-block-heading has-text-align-center has-heading-5-xl-font-size\" style=\"text-transform:uppercase\"><em>Ap\u00e9ritif<\/em><\/h2>\n\n\n\n<p class=\"has-text-align-center\"><\/p>\n\n\n\n<div class=\"wp-block-group is-horizontal is-content-justification-center is-layout-flex wp-container-core-group-is-layout-5213dba7 wp-block-group-is-layout-flex\" style=\"padding-top:var(--wp--preset--spacing--md)\">    <a class=\"button size--md primary accent button\" title=\"Solare\" href=\"https:\/\/freixenet.com\/be\/fr\/produit\/solare\/\">\n                    <div class=\"button__inner\">\n\n<p>D\u00e9couvrir<\/p>\n\n<\/div>\n                    <\/a>\n<\/div>\n<\/div>\n\n\t<\/div>\n\n<\/div>\n\n<\/div>\n<\/div><\/div>\n\n<\/div>\n<\/section>\n\n\n","protected":false},"excerpt":{"rendered":"","protected":false},"author":1,"featured_media":3534,"parent":0,"menu_order":0,"comment_status":"closed","ping_status":"closed","template":"","meta":{"_acf_changed":false,"footnotes":""},"class_list":["post-3527","page","type-page","status-publish","has-post-thumbnail","hentry"],"acf":[],"yoast_head":"<!-- This site is optimized with the Yoast SEO plugin v27.2 - https:\/\/yoast.com\/product\/yoast-seo-wordpress\/ -->\n<title>Nos Vins - Freixenet Belgium<\/title>\n<meta name=\"robots\" content=\"noindex, follow, max-snippet:-1, max-image-preview:large, max-video-preview:-1\" \/>\n<meta property=\"og:locale\" content=\"fr_FR\" \/>\n<meta property=\"og:type\" content=\"article\" \/>\n<meta property=\"og:title\" content=\"Nos Vins - Freixenet Belgium\" \/>\n<meta property=\"og:url\" content=\"https:\/\/freixenet.com\/be\/fr\/nos-vins\/\" \/>\n<meta property=\"og:site_name\" content=\"Freixenet Belgium\" \/>\n<meta property=\"article:modified_time\" content=\"2026-03-26T12:24:31+00:00\" \/>\n<meta property=\"og:image\" content=\"https:\/\/freixenet.com\/app\/uploads\/sites\/5\/2025\/03\/image-48.webp\" \/>\n\t<meta property=\"og:image:width\" content=\"1158\" \/>\n\t<meta property=\"og:image:height\" content=\"1203\" \/>\n\t<meta property=\"og:image:type\" content=\"image\/webp\" \/>\n<meta name=\"twitter:card\" content=\"summary_large_image\" \/>\n<meta name=\"twitter:label1\" content=\"Dur\u00e9e de lecture estim\u00e9e\" \/>\n\t<meta name=\"twitter:data1\" content=\"1 minute\" \/>\n<script type=\"application\/ld+json\" class=\"yoast-schema-graph\">{\"@context\":\"https:\/\/schema.org\",\"@graph\":[{\"@type\":\"WebPage\",\"@id\":\"https:\/\/freixenet.com\/be\/fr\/nos-vins\/\",\"url\":\"https:\/\/freixenet.com\/be\/fr\/nos-vins\/\",\"name\":\"Nos Vins - Freixenet Belgium\",\"isPartOf\":{\"@id\":\"https:\/\/freixenet.com\/be\/fr\/#website\"},\"primaryImageOfPage\":{\"@id\":\"https:\/\/freixenet.com\/be\/fr\/nos-vins\/#primaryimage\"},\"image\":{\"@id\":\"https:\/\/freixenet.com\/be\/fr\/nos-vins\/#primaryimage\"},\"thumbnailUrl\":\"https:\/\/freixenet.com\/app\/uploads\/sites\/5\/2025\/03\/image-48.webp\",\"datePublished\":\"2025-02-25T21:21:42+00:00\",\"dateModified\":\"2026-03-26T12:24:31+00:00\",\"breadcrumb\":{\"@id\":\"https:\/\/freixenet.com\/be\/fr\/nos-vins\/#breadcrumb\"},\"inLanguage\":\"fr-FR\",\"potentialAction\":[{\"@type\":\"ReadAction\",\"target\":[\"https:\/\/freixenet.com\/be\/fr\/nos-vins\/\"]}]},{\"@type\":\"ImageObject\",\"inLanguage\":\"fr-FR\",\"@id\":\"https:\/\/freixenet.com\/be\/fr\/nos-vins\/#primaryimage\",\"url\":\"https:\/\/freixenet.com\/app\/uploads\/sites\/5\/2025\/03\/image-48.webp\",\"contentUrl\":\"https:\/\/freixenet.com\/app\/uploads\/sites\/5\/2025\/03\/image-48.webp\",\"width\":1158,\"height\":1203},{\"@type\":\"BreadcrumbList\",\"@id\":\"https:\/\/freixenet.com\/be\/fr\/nos-vins\/#breadcrumb\",\"itemListElement\":[{\"@type\":\"ListItem\",\"position\":1,\"name\":\"Home\",\"item\":\"https:\/\/freixenet.com\/be\/fr\/\"},{\"@type\":\"ListItem\",\"position\":2,\"name\":\"Nos Vins\"}]},{\"@type\":\"WebSite\",\"@id\":\"https:\/\/freixenet.com\/be\/fr\/#website\",\"url\":\"https:\/\/freixenet.com\/be\/fr\/\",\"name\":\"Freixenet Belgium\",\"description\":\"The most emblematic wineries of Freixenet combine tradition and innovation and have the deepest ancient cellars, located 20 meters underground.\",\"potentialAction\":[{\"@type\":\"SearchAction\",\"target\":{\"@type\":\"EntryPoint\",\"urlTemplate\":\"https:\/\/freixenet.com\/be\/fr\/?s={search_term_string}\"},\"query-input\":{\"@type\":\"PropertyValueSpecification\",\"valueRequired\":true,\"valueName\":\"search_term_string\"}}],\"inLanguage\":\"fr-FR\"}]}<\/script>\n<!-- \/ Yoast SEO plugin. -->","yoast_head_json":{"title":"Nos Vins - Freixenet Belgium","robots":{"index":"noindex","follow":"follow","max-snippet":"max-snippet:-1","max-image-preview":"max-image-preview:large","max-video-preview":"max-video-preview:-1"},"og_locale":"fr_FR","og_type":"article","og_title":"Nos Vins - Freixenet Belgium","og_url":"https:\/\/freixenet.com\/be\/fr\/nos-vins\/","og_site_name":"Freixenet Belgium","article_modified_time":"2026-03-26T12:24:31+00:00","og_image":[{"width":1158,"height":1203,"url":"https:\/\/freixenet.com\/app\/uploads\/sites\/5\/2025\/03\/image-48.webp","type":"image\/webp"}],"twitter_card":"summary_large_image","twitter_misc":{"Dur\u00e9e de lecture estim\u00e9e":"1 minute"},"schema":{"@context":"https:\/\/schema.org","@graph":[{"@type":"WebPage","@id":"https:\/\/freixenet.com\/be\/fr\/nos-vins\/","url":"https:\/\/freixenet.com\/be\/fr\/nos-vins\/","name":"Nos Vins - Freixenet Belgium","isPartOf":{"@id":"https:\/\/freixenet.com\/be\/fr\/#website"},"primaryImageOfPage":{"@id":"https:\/\/freixenet.com\/be\/fr\/nos-vins\/#primaryimage"},"image":{"@id":"https:\/\/freixenet.com\/be\/fr\/nos-vins\/#primaryimage"},"thumbnailUrl":"https:\/\/freixenet.com\/app\/uploads\/sites\/5\/2025\/03\/image-48.webp","datePublished":"2025-02-25T21:21:42+00:00","dateModified":"2026-03-26T12:24:31+00:00","breadcrumb":{"@id":"https:\/\/freixenet.com\/be\/fr\/nos-vins\/#breadcrumb"},"inLanguage":"fr-FR","potentialAction":[{"@type":"ReadAction","target":["https:\/\/freixenet.com\/be\/fr\/nos-vins\/"]}]},{"@type":"ImageObject","inLanguage":"fr-FR","@id":"https:\/\/freixenet.com\/be\/fr\/nos-vins\/#primaryimage","url":"https:\/\/freixenet.com\/app\/uploads\/sites\/5\/2025\/03\/image-48.webp","contentUrl":"https:\/\/freixenet.com\/app\/uploads\/sites\/5\/2025\/03\/image-48.webp","width":1158,"height":1203},{"@type":"BreadcrumbList","@id":"https:\/\/freixenet.com\/be\/fr\/nos-vins\/#breadcrumb","itemListElement":[{"@type":"ListItem","position":1,"name":"Home","item":"https:\/\/freixenet.com\/be\/fr\/"},{"@type":"ListItem","position":2,"name":"Nos Vins"}]},{"@type":"WebSite","@id":"https:\/\/freixenet.com\/be\/fr\/#website","url":"https:\/\/freixenet.com\/be\/fr\/","name":"Freixenet Belgium","description":"The most emblematic wineries of Freixenet combine tradition and innovation and have the deepest ancient cellars, located 20 meters underground.","potentialAction":[{"@type":"SearchAction","target":{"@type":"EntryPoint","urlTemplate":"https:\/\/freixenet.com\/be\/fr\/?s={search_term_string}"},"query-input":{"@type":"PropertyValueSpecification","valueRequired":true,"valueName":"search_term_string"}}],"inLanguage":"fr-FR"}]}},"_links":{"self":[{"href":"https:\/\/freixenet.com\/be\/fr\/wp-json\/wp\/v2\/pages\/3527","targetHints":{"allow":["GET"]}}],"collection":[{"href":"https:\/\/freixenet.com\/be\/fr\/wp-json\/wp\/v2\/pages"}],"about":[{"href":"https:\/\/freixenet.com\/be\/fr\/wp-json\/wp\/v2\/types\/page"}],"author":[{"embeddable":true,"href":"https:\/\/freixenet.com\/be\/fr\/wp-json\/wp\/v2\/users\/1"}],"replies":[{"embeddable":true,"href":"https:\/\/freixenet.com\/be\/fr\/wp-json\/wp\/v2\/comments?post=3527"}],"version-history":[{"count":5,"href":"https:\/\/freixenet.com\/be\/fr\/wp-json\/wp\/v2\/pages\/3527\/revisions"}],"predecessor-version":[{"id":4658,"href":"https:\/\/freixenet.com\/be\/fr\/wp-json\/wp\/v2\/pages\/3527\/revisions\/4658"}],"wp:featuredmedia":[{"embeddable":true,"href":"https:\/\/freixenet.com\/be\/fr\/wp-json\/wp\/v2\/media\/3534"}],"wp:attachment":[{"href":"https:\/\/freixenet.com\/be\/fr\/wp-json\/wp\/v2\/media?parent=3527"}],"curies":[{"name":"wp","href":"https:\/\/api.w.org\/{rel}","templated":true}]}}