{"id":3646,"date":"2025-08-22T12:10:35","date_gmt":"2025-08-22T12:10:35","guid":{"rendered":"https:\/\/freixenet.com\/de\/?page_id=3646"},"modified":"2026-01-08T11:54:41","modified_gmt":"2026-01-08T11:54:41","slug":"impressum","status":"publish","type":"page","link":"https:\/\/freixenet.com\/at\/impressum\/","title":{"rendered":"Impressum"},"content":{"rendered":"\n<div class=\"wp-block-group is-vertical is-content-justification-center is-nowrap is-layout-flex wp-container-core-group-is-layout-a31effde wp-block-group-is-layout-flex\">\n<h1 class=\"wp-block-heading has-text-align-center has-secondary-color has-text-color has-link-color has-heading-4-xl-font-size wp-elements-a9128774d54045348f12a37d33062b11\" style=\"text-transform:uppercase\"><em>Impressum<\/em><\/h1>\n<\/div>\n\n\n<div class=\"wp-bootstrap-blocks-container container\">\n\t\n\n<p>ngaben gem\u00e4\u00df \u00a7 5 E-Commerce-Gesetz Offenlegungspflicht gem\u00e4\u00df \u00a7 14 UGB Impressum- und Offenlegungspflicht gem\u00e4\u00df \u00a7 25 MedienG<\/p>\n\n\n\n<h3 class=\"wp-block-heading\">Rechtliche Hinweise<\/h3>\n\n\n\n<p>Plattform der EU-Kommission zur Online-Streitbeilegung:&nbsp;<a href=\"http:\/\/ec.europa.eu\/consumers\/odr\/\" target=\"_blank\" rel=\"noreferrer noopener\">http:\/\/ec.europa.eu\/consumers\/odr\/<\/a>&nbsp;Wir pr\u00fcfen und aktualisieren die Informationen auf Ihren Webseiten st\u00e4ndig. Trotz aller Sorgfalt k\u00f6nnen sich die Daten inzwischen ver\u00e4ndert haben. Eine Haftung oder Garantie f\u00fcr die Aktualit\u00e4t, Richtigkeit und Vollst\u00e4ndigkeit der zur Verf\u00fcgung gestellten Informationen kann daher nicht \u00fcbernommen werden. Gleiches gilt auch f\u00fcr alle anderen Webseiten, auf die mittels Hyperlink verwiesen wird. Des Weiteren behalten wir uns das Recht vor, \u00c4nderungen oder Erg\u00e4nzungen der bereitgestellten Informationen vorzunehmen.<\/p>\n\n\n\n<h3 class=\"wp-block-heading\">Copyright &amp; Urheberrecht<\/h3>\n\n\n\n<p>Alle Inhalte auf dieser Web Seite sind urheberrechtlich gesch\u00fctzt. Die Texte, Bilder, Grafiken, und Animationen unterliegen dem Schutz des Urheberrechts und anderen Schutzgesetzen. Der Inhalt darf nicht zu kommerziellen Zwecken kopiert, ver\u00e4ndert, verbreitet, oder Dritten zug\u00e4nglich gemacht werden. Jede Nutzung, insbesondere die Speicherung in Datenbanken, Vervielf\u00e4ltigung, Verbreitung, Bearbeitung und jegliche Form gewerblicher Nutzung so wie die Weitergabe an Dritte, auch in Teilen oder in \u00fcberarbeiteter Form, ist ohne Zustimmung des Urhebers untersagt.<\/p>\n\n\n\n<h3 class=\"wp-block-heading\">Google Analytics<\/h3>\n\n\n\n<p>Diese Web Seite benutzt Google Analytics, einen Webanalysedienst der Google Inc., um eine Analyse der Benutzung der Web Seite zu erm\u00f6glichen. Die durch den Einsatz von Google Analytics erzeugten Informationen \u00fcber Ihre Nutzung diese Website (einschlie\u00dflich Ihrer IP-Adresse) werden an einen Server der Google Inc. \u00fcbertragen und dort gespeichert. Google wird diese Informationen benutzen, um Ihre Nutzung der Web Seite auszuwerten, um Reports \u00fcber die Webseiteaktivit\u00e4ten f\u00fcr die Webseitebetreiber zusammenzustellen und um weitere mit der Websitenutzung und der Internetnutzung verbundene Dienstleistungen zu erbringen. Durch die Nutzung dieser Web Seite erkl\u00e4ren Sie sich mit der Bearbeitung der \u00fcber Sie erhobenen Daten durch Google in der zuvor beschriebenen Art und Weise und zu dem zuvor benannten Zweck einverstanden.<\/p>\n\n\n\n<h3 class=\"wp-block-heading\">Links &amp; Haftungsausschlu\u00df f\u00fcr Links<\/h3>\n\n\n\n<p>Wir \u00fcbernehmen keinerlei Haftung, weder f\u00fcr die Richtigkeit, noch f\u00fcr deren Inhalte oder Freiheit von aggressiven und\/oder sch\u00e4digenden Inhalten, wie Viren, Trojaner, etc. der Links auf unserer Web Seite. Insbesondere \u00fcbernehmen wir keinerlei Verantwortung f\u00fcr Inhalte auf durch Hyperlinks verwiesene externe Web Seite. Hierf\u00fcr haftet ausschliesslich der jeweilige Anbieter. Links auf unsere Web Seite sind erw\u00fcnscht, wenn sie als externe Links gestaltet sind. Eine \u00dcbernahme des Hauptfensters in einen Frame des Linksetzers ist nicht zul\u00e4ssig. Sollte eine Web site, auf die wir verlinkt haben, rechtswidrige Inhalte enthalten, so bitten wir um sofortige Mitteilung.<\/p>\n\n\n\n<h3 class=\"wp-block-heading\">AGB<\/h3>\n\n\n\n<p>Nach bestem Wissen und Gewissen verletzen wir durch die Darstellung in unseren Produkten und Leistungen keinerlei bestehenden Gesetze wider der Guten Sitten und des Anstands, Marken- oder Namensschutz-Rechte als auch rechtswidrige Inhalte. Als Gerichtsstand gilt Wien als vereinbart.<\/p>\n\n\n\n<h3 class=\"wp-block-heading\">Herausgeber und verantwortlich f\u00fcr den Inhalt<\/h3>\n\n\n\n<p>Henkell Freixenet Austria GmbH<br>Wienerbergstra\u00dfe 11\/14.OG<br>1100 Wien<br>\u00d6sterreich<br>Tel: +43 1 688 10 15<br>Fax: +43 1 688 10 20<br>E-Mail:&nbsp;<a href=\"mailto:office.at@henkell-freixenet.com\">office.at@henkell-freixenet.com<\/a><\/p>\n\n\n\n<h3 class=\"wp-block-heading\">Sitz und Registergericht<\/h3>\n\n\n\n<p>Handelsgericht Wien<\/p>\n\n\n\n<h3 class=\"wp-block-heading\">Firmenbuchnummer<\/h3>\n\n\n\n<p>UID-Nr. ATU14462204<\/p>\n\n\n\n<h3 class=\"wp-block-heading\">Gesch\u00e4ftsf\u00fchrer<\/h3>\n\n\n\n<p>Mag. Philipp Gattermayer<\/p>\n\n\n\n<h3 class=\"wp-block-heading\">Konzept, Gestaltung, Text,<br>Fotografie&nbsp;und Technische Realisation<\/h3>\n\n\n\n<p><a href=\"http:\/\/hoch5.com\/\" target=\"_blank\" rel=\"noreferrer noopener\">hoch5.com<\/a><\/p>\n\n<\/div>\n","protected":false},"excerpt":{"rendered":"<p>Impressum<\/p>\n","protected":false},"author":1,"featured_media":0,"parent":0,"menu_order":0,"comment_status":"closed","ping_status":"closed","template":"","meta":{"_acf_changed":false,"footnotes":""},"class_list":["post-3646","page","type-page","status-publish","hentry"],"acf":[],"yoast_head":"<!-- This site is optimized with the Yoast SEO plugin v27.4 - https:\/\/yoast.com\/product\/yoast-seo-wordpress\/ -->\n<title>Impressum - Freixenet Austria<\/title>\n<meta name=\"robots\" content=\"index, follow, max-snippet:-1, max-image-preview:large, max-video-preview:-1\" \/>\n<link rel=\"canonical\" href=\"https:\/\/freixenet.com\/at\/impressum\/\" \/>\n<meta property=\"og:locale\" content=\"de_DE\" \/>\n<meta property=\"og:type\" content=\"article\" \/>\n<meta property=\"og:title\" content=\"Impressum - Freixenet Austria\" \/>\n<meta property=\"og:description\" content=\"Impressum\" \/>\n<meta property=\"og:url\" content=\"https:\/\/freixenet.com\/at\/impressum\/\" \/>\n<meta property=\"og:site_name\" content=\"Freixenet Austria\" \/>\n<meta property=\"article:modified_time\" content=\"2026-01-08T11:54:41+00:00\" \/>\n<meta name=\"twitter:card\" content=\"summary_large_image\" \/>\n<meta name=\"twitter:label1\" content=\"Gesch\u00e4tzte Lesezeit\" \/>\n\t<meta name=\"twitter:data1\" content=\"1\u00a0Minute\" \/>\n<script type=\"application\/ld+json\" class=\"yoast-schema-graph\">{\"@context\":\"https:\\\/\\\/schema.org\",\"@graph\":[{\"@type\":\"WebPage\",\"@id\":\"https:\\\/\\\/freixenet.com\\\/at\\\/impressum\\\/\",\"url\":\"https:\\\/\\\/freixenet.com\\\/at\\\/impressum\\\/\",\"name\":\"Impressum - Freixenet Austria\",\"isPartOf\":{\"@id\":\"https:\\\/\\\/freixenet.com\\\/at\\\/#website\"},\"datePublished\":\"2025-08-22T12:10:35+00:00\",\"dateModified\":\"2026-01-08T11:54:41+00:00\",\"breadcrumb\":{\"@id\":\"https:\\\/\\\/freixenet.com\\\/at\\\/impressum\\\/#breadcrumb\"},\"inLanguage\":\"de\",\"potentialAction\":[{\"@type\":\"ReadAction\",\"target\":[\"https:\\\/\\\/freixenet.com\\\/at\\\/impressum\\\/\"]}]},{\"@type\":\"BreadcrumbList\",\"@id\":\"https:\\\/\\\/freixenet.com\\\/at\\\/impressum\\\/#breadcrumb\",\"itemListElement\":[{\"@type\":\"ListItem\",\"position\":1,\"name\":\"Home\",\"item\":\"https:\\\/\\\/freixenet.com\\\/at\\\/\"},{\"@type\":\"ListItem\",\"position\":2,\"name\":\"Impressum\"}]},{\"@type\":\"WebSite\",\"@id\":\"https:\\\/\\\/freixenet.com\\\/at\\\/#website\",\"url\":\"https:\\\/\\\/freixenet.com\\\/at\\\/\",\"name\":\"Freixenet Deutschland\",\"description\":\"Die bekanntesten Weing\u00fcter von Freixenet vereinen Tradition und Innovation und verf\u00fcgen \u00fcber die tiefsten alten Weinkeller, die sich 20 Meter unter der Erde befinden.\",\"publisher\":{\"@id\":\"https:\\\/\\\/freixenet.com\\\/at\\\/#organization\"},\"potentialAction\":[{\"@type\":\"SearchAction\",\"target\":{\"@type\":\"EntryPoint\",\"urlTemplate\":\"https:\\\/\\\/freixenet.com\\\/at\\\/?s={search_term_string}\"},\"query-input\":{\"@type\":\"PropertyValueSpecification\",\"valueRequired\":true,\"valueName\":\"search_term_string\"}}],\"inLanguage\":\"de\"},{\"@type\":\"Organization\",\"@id\":\"https:\\\/\\\/freixenet.com\\\/at\\\/#organization\",\"name\":\"Freixenet Deutschland\",\"url\":\"https:\\\/\\\/freixenet.com\\\/at\\\/\",\"logo\":{\"@type\":\"ImageObject\",\"inLanguage\":\"de\",\"@id\":\"https:\\\/\\\/freixenet.com\\\/at\\\/#\\\/schema\\\/logo\\\/image\\\/\",\"url\":\"https:\\\/\\\/freixenet.com\\\/app\\\/uploads\\\/sites\\\/7\\\/2025\\\/06\\\/freixenet-site-icon.png\",\"contentUrl\":\"https:\\\/\\\/freixenet.com\\\/app\\\/uploads\\\/sites\\\/7\\\/2025\\\/06\\\/freixenet-site-icon.png\",\"width\":512,\"height\":512,\"caption\":\"Freixenet Deutschland\"},\"image\":{\"@id\":\"https:\\\/\\\/freixenet.com\\\/at\\\/#\\\/schema\\\/logo\\\/image\\\/\"}}]}<\/script>\n<!-- \/ Yoast SEO plugin. -->","yoast_head_json":{"title":"Impressum - Freixenet Austria","robots":{"index":"index","follow":"follow","max-snippet":"max-snippet:-1","max-image-preview":"max-image-preview:large","max-video-preview":"max-video-preview:-1"},"canonical":"https:\/\/freixenet.com\/at\/impressum\/","og_locale":"de_DE","og_type":"article","og_title":"Impressum - Freixenet Austria","og_description":"Impressum","og_url":"https:\/\/freixenet.com\/at\/impressum\/","og_site_name":"Freixenet Austria","article_modified_time":"2026-01-08T11:54:41+00:00","twitter_card":"summary_large_image","twitter_misc":{"Gesch\u00e4tzte Lesezeit":"1\u00a0Minute"},"schema":{"@context":"https:\/\/schema.org","@graph":[{"@type":"WebPage","@id":"https:\/\/freixenet.com\/at\/impressum\/","url":"https:\/\/freixenet.com\/at\/impressum\/","name":"Impressum - Freixenet Austria","isPartOf":{"@id":"https:\/\/freixenet.com\/at\/#website"},"datePublished":"2025-08-22T12:10:35+00:00","dateModified":"2026-01-08T11:54:41+00:00","breadcrumb":{"@id":"https:\/\/freixenet.com\/at\/impressum\/#breadcrumb"},"inLanguage":"de","potentialAction":[{"@type":"ReadAction","target":["https:\/\/freixenet.com\/at\/impressum\/"]}]},{"@type":"BreadcrumbList","@id":"https:\/\/freixenet.com\/at\/impressum\/#breadcrumb","itemListElement":[{"@type":"ListItem","position":1,"name":"Home","item":"https:\/\/freixenet.com\/at\/"},{"@type":"ListItem","position":2,"name":"Impressum"}]},{"@type":"WebSite","@id":"https:\/\/freixenet.com\/at\/#website","url":"https:\/\/freixenet.com\/at\/","name":"Freixenet Deutschland","description":"Die bekanntesten Weing\u00fcter von Freixenet vereinen Tradition und Innovation und verf\u00fcgen \u00fcber die tiefsten alten Weinkeller, die sich 20 Meter unter der Erde befinden.","publisher":{"@id":"https:\/\/freixenet.com\/at\/#organization"},"potentialAction":[{"@type":"SearchAction","target":{"@type":"EntryPoint","urlTemplate":"https:\/\/freixenet.com\/at\/?s={search_term_string}"},"query-input":{"@type":"PropertyValueSpecification","valueRequired":true,"valueName":"search_term_string"}}],"inLanguage":"de"},{"@type":"Organization","@id":"https:\/\/freixenet.com\/at\/#organization","name":"Freixenet Deutschland","url":"https:\/\/freixenet.com\/at\/","logo":{"@type":"ImageObject","inLanguage":"de","@id":"https:\/\/freixenet.com\/at\/#\/schema\/logo\/image\/","url":"https:\/\/freixenet.com\/app\/uploads\/sites\/7\/2025\/06\/freixenet-site-icon.png","contentUrl":"https:\/\/freixenet.com\/app\/uploads\/sites\/7\/2025\/06\/freixenet-site-icon.png","width":512,"height":512,"caption":"Freixenet Deutschland"},"image":{"@id":"https:\/\/freixenet.com\/at\/#\/schema\/logo\/image\/"}}]}},"_links":{"self":[{"href":"https:\/\/freixenet.com\/at\/wp-json\/wp\/v2\/pages\/3646","targetHints":{"allow":["GET"]}}],"collection":[{"href":"https:\/\/freixenet.com\/at\/wp-json\/wp\/v2\/pages"}],"about":[{"href":"https:\/\/freixenet.com\/at\/wp-json\/wp\/v2\/types\/page"}],"author":[{"embeddable":true,"href":"https:\/\/freixenet.com\/at\/wp-json\/wp\/v2\/users\/1"}],"replies":[{"embeddable":true,"href":"https:\/\/freixenet.com\/at\/wp-json\/wp\/v2\/comments?post=3646"}],"version-history":[{"count":2,"href":"https:\/\/freixenet.com\/at\/wp-json\/wp\/v2\/pages\/3646\/revisions"}],"predecessor-version":[{"id":3918,"href":"https:\/\/freixenet.com\/at\/wp-json\/wp\/v2\/pages\/3646\/revisions\/3918"}],"wp:attachment":[{"href":"https:\/\/freixenet.com\/at\/wp-json\/wp\/v2\/media?parent=3646"}],"curies":[{"name":"wp","href":"https:\/\/api.w.org\/{rel}","templated":true}]}}