{"id":3643,"date":"2025-08-22T12:09:15","date_gmt":"2025-08-22T12:09:15","guid":{"rendered":"https:\/\/freixenet.com\/de\/?page_id=3643"},"modified":"2026-01-08T12:01:01","modified_gmt":"2026-01-08T12:01:01","slug":"sortiment-osterreich","status":"publish","type":"page","link":"https:\/\/freixenet.com\/at\/sortiment-osterreich\/","title":{"rendered":"Sortiment \u00d6sterreich"},"content":{"rendered":"<div class=\"wp-bootstrap-blocks-container container has-custom-block-padding\">\n\t\n\n<div class=\"wp-block-group is-vertical is-content-justification-center is-nowrap is-layout-flex wp-container-core-group-is-layout-a31effde wp-block-group-is-layout-flex\">\n<h1 class=\"wp-block-heading has-text-align-center has-secondary-color has-text-color has-link-color has-heading-4-xl-font-size wp-elements-110cc4355b472f69b44c3d1e2fccf579\" style=\"text-transform:uppercase\"><em>Sortiment \u00d6sterreich<\/em><\/h1>\n<\/div>\n\n\n\n<p class=\"has-text-align-center\">Sortierung: Freixenet Sekt, Freixenet Wine Collection, Freixenet Medera\u00f1o, Freixenet Mia<\/p>\n\n\n\n<ul class=\"wp-block-list\">\n<li><a href=\"https:\/\/shop.sektgenuss.at\/produkt\/freixenet-glue-mederano-rot-alkoholfrei\/\">Freixenet Gl\u00fch-Medera\u00f1o Rot Alkoholfrei 0,75l<\/a><\/li>\n\n\n\n<li><a href=\"https:\/\/shop.sektgenuss.at\/produkt\/freixenet-carta-rose-dry\/\">Freixenet Carta Ros\u00e9 Dry 0,75l<\/a><\/li>\n\n\n\n<li><a href=\"https:\/\/shop.sektgenuss.at\/produkt\/freixenet-carta-dry\/\">Freixenet Carta Dry 0,75l<\/a><\/li>\n\n\n\n<li><a href=\"https:\/\/shop.sektgenuss.at\/produkt\/freixenet-alcohol-free\/\">Freixenet Alcohol Free 0,0%<\/a><\/li>\n\n\n\n<li><a href=\"https:\/\/shop.sektgenuss.at\/produkt\/freixenet-ice-rose\/\">Freixenet Ice Ros\u00e9 0,75l<\/a><\/li>\n\n\n\n<li><a href=\"https:\/\/shop.sektgenuss.at\/produkt\/freixenet-ice\/\">Freixenet Ice 0,75l<\/a><\/li>\n\n\n\n<li><a href=\"https:\/\/shop.sektgenuss.at\/produkt\/freixenet-cordon-negro-brut\/\">Freixenet Cord\u00f3n Negro Brut 0,75l<\/a><\/li>\n\n\n\n<li><a href=\"https:\/\/shop.sektgenuss.at\/produkt\/freixenet-prosecco-doc\/\">Freixenet Prosecco D.O.C. 0,75l<\/a><\/li>\n<\/ul>\n\n<\/div>\n","protected":false},"excerpt":{"rendered":"","protected":false},"author":1,"featured_media":0,"parent":0,"menu_order":0,"comment_status":"closed","ping_status":"closed","template":"","meta":{"_acf_changed":false,"footnotes":""},"class_list":["post-3643","page","type-page","status-publish","hentry"],"acf":[],"yoast_head":"<!-- This site is optimized with the Yoast SEO plugin v27.4 - https:\/\/yoast.com\/product\/yoast-seo-wordpress\/ -->\n<title>Sortiment \u00d6sterreich - Freixenet Austria<\/title>\n<meta name=\"robots\" content=\"index, follow, max-snippet:-1, max-image-preview:large, max-video-preview:-1\" \/>\n<link rel=\"canonical\" href=\"https:\/\/freixenet.com\/at\/sortiment-osterreich\/\" \/>\n<meta property=\"og:locale\" content=\"de_DE\" \/>\n<meta property=\"og:type\" content=\"article\" \/>\n<meta property=\"og:title\" content=\"Sortiment \u00d6sterreich - Freixenet Austria\" \/>\n<meta property=\"og:url\" content=\"https:\/\/freixenet.com\/at\/sortiment-osterreich\/\" \/>\n<meta property=\"og:site_name\" content=\"Freixenet Austria\" \/>\n<meta property=\"article:modified_time\" content=\"2026-01-08T12:01:01+00:00\" \/>\n<meta name=\"twitter:card\" content=\"summary_large_image\" \/>\n<meta name=\"twitter:label1\" content=\"Gesch\u00e4tzte Lesezeit\" \/>\n\t<meta name=\"twitter:data1\" content=\"1\u00a0Minute\" \/>\n<script type=\"application\/ld+json\" class=\"yoast-schema-graph\">{\"@context\":\"https:\\\/\\\/schema.org\",\"@graph\":[{\"@type\":\"WebPage\",\"@id\":\"https:\\\/\\\/freixenet.com\\\/at\\\/sortiment-osterreich\\\/\",\"url\":\"https:\\\/\\\/freixenet.com\\\/at\\\/sortiment-osterreich\\\/\",\"name\":\"Sortiment \u00d6sterreich - Freixenet Austria\",\"isPartOf\":{\"@id\":\"https:\\\/\\\/freixenet.com\\\/at\\\/#website\"},\"datePublished\":\"2025-08-22T12:09:15+00:00\",\"dateModified\":\"2026-01-08T12:01:01+00:00\",\"breadcrumb\":{\"@id\":\"https:\\\/\\\/freixenet.com\\\/at\\\/sortiment-osterreich\\\/#breadcrumb\"},\"inLanguage\":\"de\",\"potentialAction\":[{\"@type\":\"ReadAction\",\"target\":[\"https:\\\/\\\/freixenet.com\\\/at\\\/sortiment-osterreich\\\/\"]}]},{\"@type\":\"BreadcrumbList\",\"@id\":\"https:\\\/\\\/freixenet.com\\\/at\\\/sortiment-osterreich\\\/#breadcrumb\",\"itemListElement\":[{\"@type\":\"ListItem\",\"position\":1,\"name\":\"Home\",\"item\":\"https:\\\/\\\/freixenet.com\\\/at\\\/\"},{\"@type\":\"ListItem\",\"position\":2,\"name\":\"Sortiment \u00d6sterreich\"}]},{\"@type\":\"WebSite\",\"@id\":\"https:\\\/\\\/freixenet.com\\\/at\\\/#website\",\"url\":\"https:\\\/\\\/freixenet.com\\\/at\\\/\",\"name\":\"Freixenet Deutschland\",\"description\":\"Die bekanntesten Weing\u00fcter von Freixenet vereinen Tradition und Innovation und verf\u00fcgen \u00fcber die tiefsten alten Weinkeller, die sich 20 Meter unter der Erde befinden.\",\"publisher\":{\"@id\":\"https:\\\/\\\/freixenet.com\\\/at\\\/#organization\"},\"potentialAction\":[{\"@type\":\"SearchAction\",\"target\":{\"@type\":\"EntryPoint\",\"urlTemplate\":\"https:\\\/\\\/freixenet.com\\\/at\\\/?s={search_term_string}\"},\"query-input\":{\"@type\":\"PropertyValueSpecification\",\"valueRequired\":true,\"valueName\":\"search_term_string\"}}],\"inLanguage\":\"de\"},{\"@type\":\"Organization\",\"@id\":\"https:\\\/\\\/freixenet.com\\\/at\\\/#organization\",\"name\":\"Freixenet Deutschland\",\"url\":\"https:\\\/\\\/freixenet.com\\\/at\\\/\",\"logo\":{\"@type\":\"ImageObject\",\"inLanguage\":\"de\",\"@id\":\"https:\\\/\\\/freixenet.com\\\/at\\\/#\\\/schema\\\/logo\\\/image\\\/\",\"url\":\"https:\\\/\\\/freixenet.com\\\/app\\\/uploads\\\/sites\\\/7\\\/2025\\\/06\\\/freixenet-site-icon.png\",\"contentUrl\":\"https:\\\/\\\/freixenet.com\\\/app\\\/uploads\\\/sites\\\/7\\\/2025\\\/06\\\/freixenet-site-icon.png\",\"width\":512,\"height\":512,\"caption\":\"Freixenet Deutschland\"},\"image\":{\"@id\":\"https:\\\/\\\/freixenet.com\\\/at\\\/#\\\/schema\\\/logo\\\/image\\\/\"}}]}<\/script>\n<!-- \/ Yoast SEO plugin. -->","yoast_head_json":{"title":"Sortiment \u00d6sterreich - Freixenet Austria","robots":{"index":"index","follow":"follow","max-snippet":"max-snippet:-1","max-image-preview":"max-image-preview:large","max-video-preview":"max-video-preview:-1"},"canonical":"https:\/\/freixenet.com\/at\/sortiment-osterreich\/","og_locale":"de_DE","og_type":"article","og_title":"Sortiment \u00d6sterreich - Freixenet Austria","og_url":"https:\/\/freixenet.com\/at\/sortiment-osterreich\/","og_site_name":"Freixenet Austria","article_modified_time":"2026-01-08T12:01:01+00:00","twitter_card":"summary_large_image","twitter_misc":{"Gesch\u00e4tzte Lesezeit":"1\u00a0Minute"},"schema":{"@context":"https:\/\/schema.org","@graph":[{"@type":"WebPage","@id":"https:\/\/freixenet.com\/at\/sortiment-osterreich\/","url":"https:\/\/freixenet.com\/at\/sortiment-osterreich\/","name":"Sortiment \u00d6sterreich - Freixenet Austria","isPartOf":{"@id":"https:\/\/freixenet.com\/at\/#website"},"datePublished":"2025-08-22T12:09:15+00:00","dateModified":"2026-01-08T12:01:01+00:00","breadcrumb":{"@id":"https:\/\/freixenet.com\/at\/sortiment-osterreich\/#breadcrumb"},"inLanguage":"de","potentialAction":[{"@type":"ReadAction","target":["https:\/\/freixenet.com\/at\/sortiment-osterreich\/"]}]},{"@type":"BreadcrumbList","@id":"https:\/\/freixenet.com\/at\/sortiment-osterreich\/#breadcrumb","itemListElement":[{"@type":"ListItem","position":1,"name":"Home","item":"https:\/\/freixenet.com\/at\/"},{"@type":"ListItem","position":2,"name":"Sortiment \u00d6sterreich"}]},{"@type":"WebSite","@id":"https:\/\/freixenet.com\/at\/#website","url":"https:\/\/freixenet.com\/at\/","name":"Freixenet Deutschland","description":"Die bekanntesten Weing\u00fcter von Freixenet vereinen Tradition und Innovation und verf\u00fcgen \u00fcber die tiefsten alten Weinkeller, die sich 20 Meter unter der Erde befinden.","publisher":{"@id":"https:\/\/freixenet.com\/at\/#organization"},"potentialAction":[{"@type":"SearchAction","target":{"@type":"EntryPoint","urlTemplate":"https:\/\/freixenet.com\/at\/?s={search_term_string}"},"query-input":{"@type":"PropertyValueSpecification","valueRequired":true,"valueName":"search_term_string"}}],"inLanguage":"de"},{"@type":"Organization","@id":"https:\/\/freixenet.com\/at\/#organization","name":"Freixenet Deutschland","url":"https:\/\/freixenet.com\/at\/","logo":{"@type":"ImageObject","inLanguage":"de","@id":"https:\/\/freixenet.com\/at\/#\/schema\/logo\/image\/","url":"https:\/\/freixenet.com\/app\/uploads\/sites\/7\/2025\/06\/freixenet-site-icon.png","contentUrl":"https:\/\/freixenet.com\/app\/uploads\/sites\/7\/2025\/06\/freixenet-site-icon.png","width":512,"height":512,"caption":"Freixenet Deutschland"},"image":{"@id":"https:\/\/freixenet.com\/at\/#\/schema\/logo\/image\/"}}]}},"_links":{"self":[{"href":"https:\/\/freixenet.com\/at\/wp-json\/wp\/v2\/pages\/3643","targetHints":{"allow":["GET"]}}],"collection":[{"href":"https:\/\/freixenet.com\/at\/wp-json\/wp\/v2\/pages"}],"about":[{"href":"https:\/\/freixenet.com\/at\/wp-json\/wp\/v2\/types\/page"}],"author":[{"embeddable":true,"href":"https:\/\/freixenet.com\/at\/wp-json\/wp\/v2\/users\/1"}],"replies":[{"embeddable":true,"href":"https:\/\/freixenet.com\/at\/wp-json\/wp\/v2\/comments?post=3643"}],"version-history":[{"count":8,"href":"https:\/\/freixenet.com\/at\/wp-json\/wp\/v2\/pages\/3643\/revisions"}],"predecessor-version":[{"id":3925,"href":"https:\/\/freixenet.com\/at\/wp-json\/wp\/v2\/pages\/3643\/revisions\/3925"}],"wp:attachment":[{"href":"https:\/\/freixenet.com\/at\/wp-json\/wp\/v2\/media?parent=3643"}],"curies":[{"name":"wp","href":"https:\/\/api.w.org\/{rel}","templated":true}]}}