{"id":3017,"date":"2025-02-25T22:55:44","date_gmt":"2025-02-25T22:55:44","guid":{"rendered":"https:\/\/freixenet.com\/ar\/visitanos\/"},"modified":"2025-07-15T10:12:15","modified_gmt":"2025-07-15T10:12:15","slug":"visitanos","status":"publish","type":"page","link":"https:\/\/freixenet.com\/ar\/visitanos\/","title":{"rendered":"Vis\u00edtanos"},"content":{"rendered":"<section\n    class=\"zoom-in-banner\"\n        >\n    <div class=\"zoom-in-banner__wrapper h-full w-full relative flex flex-col items-center justify-center\">\n\n<div class=\"wp-block-cover asset-wrapper\"><img loading=\"lazy\" decoding=\"async\" width=\"1024\" height=\"576\" class=\"wp-block-cover__image-background wp-image-3732 size-large\" alt=\"\" src=\"https:\/\/freixenet.com\/app\/uploads\/sites\/2\/2025\/07\/Freixenet-Events-1024x576.webp\" data-object-fit=\"cover\" srcset=\"https:\/\/freixenet.com\/app\/uploads\/sites\/11\/2025\/07\/Freixenet-Events-1024x576.webp 1024w, https:\/\/freixenet.com\/app\/uploads\/sites\/11\/2025\/07\/Freixenet-Events-300x169.webp 300w, https:\/\/freixenet.com\/app\/uploads\/sites\/11\/2025\/07\/Freixenet-Events-768x432.webp 768w, https:\/\/freixenet.com\/app\/uploads\/sites\/11\/2025\/07\/Freixenet-Events-1536x864.webp 1536w, https:\/\/freixenet.com\/app\/uploads\/sites\/11\/2025\/07\/Freixenet-Events-360x203.webp 360w, https:\/\/freixenet.com\/app\/uploads\/sites\/11\/2025\/07\/Freixenet-Events.webp 1920w\" sizes=\"auto, (max-width: 1024px) 100vw, 1024px\" \/><span aria-hidden=\"true\" class=\"wp-block-cover__background has-secondary-background-color has-background-dim\"><\/span><div class=\"wp-block-cover__inner-container is-layout-flow wp-block-cover-is-layout-flow\"><div class=\"wp-bootstrap-blocks-container container custom-block-padding banner-wrapper\">\n\t\n<div class=\"wp-bootstrap-blocks-row row justify-content-center align-items-center\">\n\t\n\n<div class=\"col-12 col-lg-8\">\n\t\t\t\n\n<div class=\"wp-block-group is-vertical is-content-justification-center is-nowrap is-layout-flex wp-container-core-group-is-layout-a31effde wp-block-group-is-layout-flex\">\n<h2 class=\"wp-block-heading has-text-align-center title-tag\">Eventos<\/h2>\n\n\n\n<h2 class=\"wp-block-heading has-text-align-center has-heading-5-xl-font-size\" style=\"text-transform:uppercase\"><mark class=\"has-inline-color has-current-color\">Celebremos<\/mark><br><em>Juntos<\/em><\/h2>\n\n\n\n<p class=\"has-text-align-center\">Un entorno \u00fanico y exclusivo para celebrar tus momentos m\u00e1s especiales. Te ofrecemos diferentes posibilidades para que tu evento sea inolvidable. <\/p>\n\n\n\n<div class=\"wp-block-group is-nowrap is-layout-flex wp-container-core-group-is-layout-27a7e7d6 wp-block-group-is-layout-flex\" style=\"margin-top:var(--wp--preset--spacing--md);margin-bottom:var(--wp--preset--spacing--md)\">    <a class=\"button size--md primary accent button\" title=\"Eventos\" href=\"https:\/\/freixenet.com\/ar\/visitanos\/eventos\/\">\n                    <div class=\"button__inner\">\n\n<p>Nuestros Eventos<\/p>\n\n<\/div>\n                    <\/a>\n<\/div>\n<\/div>\n\n\t<\/div>\n\n<\/div>\n\n<\/div>\n<\/div><\/div>\n\n<\/div>\n<\/section>\n\n\n<section\n    class=\"zoom-in-banner\"\n        >\n    <div class=\"zoom-in-banner__wrapper h-full w-full relative flex flex-col items-center justify-center\">\n\n<div class=\"wp-block-cover asset-wrapper\"><img loading=\"lazy\" decoding=\"async\" width=\"1024\" height=\"576\" class=\"wp-block-cover__image-background wp-image-3736 size-large\" alt=\"\" src=\"https:\/\/freixenet.com\/app\/uploads\/sites\/2\/2025\/07\/Bodega-Freixenet-Visita-1024x576.webp\" data-object-fit=\"cover\" srcset=\"https:\/\/freixenet.com\/app\/uploads\/sites\/11\/2025\/07\/Bodega-Freixenet-Visita-1024x576.webp 1024w, https:\/\/freixenet.com\/app\/uploads\/sites\/11\/2025\/07\/Bodega-Freixenet-Visita-300x169.webp 300w, https:\/\/freixenet.com\/app\/uploads\/sites\/11\/2025\/07\/Bodega-Freixenet-Visita-768x432.webp 768w, https:\/\/freixenet.com\/app\/uploads\/sites\/11\/2025\/07\/Bodega-Freixenet-Visita-1536x864.webp 1536w, https:\/\/freixenet.com\/app\/uploads\/sites\/11\/2025\/07\/Bodega-Freixenet-Visita-360x203.webp 360w, https:\/\/freixenet.com\/app\/uploads\/sites\/11\/2025\/07\/Bodega-Freixenet-Visita.webp 1920w\" sizes=\"auto, (max-width: 1024px) 100vw, 1024px\" \/><span aria-hidden=\"true\" class=\"wp-block-cover__background has-secondary-background-color has-background-dim\"><\/span><div class=\"wp-block-cover__inner-container is-layout-flow wp-block-cover-is-layout-flow\"><div class=\"wp-bootstrap-blocks-container container custom-block-padding banner-wrapper\">\n\t\n<div class=\"wp-bootstrap-blocks-row row justify-content-center align-items-center\">\n\t\n\n<div class=\"col-12 col-lg-8\">\n\t\t\t\n\n<div class=\"wp-block-group is-vertical is-content-justification-center is-nowrap is-layout-flex wp-container-core-group-is-layout-a31effde wp-block-group-is-layout-flex\">\n<h2 class=\"wp-block-heading has-text-align-center title-tag has-heading-4-xs-font-size\">La bodega<\/h2>\n\n\n\n<h2 class=\"wp-block-heading has-text-align-center has-heading-5-xl-font-size\" style=\"text-transform:uppercase\"><mark class=\"has-inline-color has-current-color\">DONDE LA<\/mark><br><em>MAGIA SUCEDE<\/em><\/h2>\n\n\n\n<p class=\"has-text-align-center\">Visite nuestra bodega en Sant Sadurn\u00ed d&#8217;Anoia y descubra el arte de la elaboraci\u00f3n del cava,<br>y conozca nuestra gastronom\u00eda y cultura mediterr\u00e1nea.<\/p>\n\n\n\n<div class=\"wp-block-group is-nowrap is-layout-flex wp-container-core-group-is-layout-27a7e7d6 wp-block-group-is-layout-flex\" style=\"margin-top:var(--wp--preset--spacing--md);margin-bottom:var(--wp--preset--spacing--md)\">    <a class=\"button size--md primary accent button\" title=\"Vis\u00edtanos\" href=\"https:\/\/freixenet.com\/ar\/visitanos\/visita-la-bodega\/\">\n                    <div class=\"button__inner\">\n\n<p>Visita la bodega<\/p>\n\n<\/div>\n                    <\/a>\n<\/div>\n<\/div>\n\n\t<\/div>\n\n<\/div>\n\n<\/div>\n<\/div><\/div>\n\n<\/div>\n<\/section>\n\n\n<section\n    class=\"zoom-in-banner\"\n        >\n    <div class=\"zoom-in-banner__wrapper h-full w-full relative flex flex-col items-center justify-center\">\n\n<div class=\"wp-block-cover asset-wrapper\"><img loading=\"lazy\" decoding=\"async\" width=\"1024\" height=\"576\" class=\"wp-block-cover__image-background wp-image-3739 size-large\" alt=\"\" src=\"https:\/\/freixenet.com\/app\/uploads\/sites\/2\/2025\/07\/Wine-bar-1024x576.webp\" data-object-fit=\"cover\" srcset=\"https:\/\/freixenet.com\/app\/uploads\/sites\/11\/2025\/07\/Wine-bar-1024x576.webp 1024w, https:\/\/freixenet.com\/app\/uploads\/sites\/11\/2025\/07\/Wine-bar-300x169.webp 300w, https:\/\/freixenet.com\/app\/uploads\/sites\/11\/2025\/07\/Wine-bar-768x432.webp 768w, https:\/\/freixenet.com\/app\/uploads\/sites\/11\/2025\/07\/Wine-bar-1536x864.webp 1536w, https:\/\/freixenet.com\/app\/uploads\/sites\/11\/2025\/07\/Wine-bar-360x203.webp 360w, https:\/\/freixenet.com\/app\/uploads\/sites\/11\/2025\/07\/Wine-bar.webp 1920w\" sizes=\"auto, (max-width: 1024px) 100vw, 1024px\" \/><span aria-hidden=\"true\" class=\"wp-block-cover__background has-secondary-background-color has-background-dim\"><\/span><div class=\"wp-block-cover__inner-container is-layout-flow wp-block-cover-is-layout-flow\"><div class=\"wp-bootstrap-blocks-container container custom-block-padding banner-wrapper\">\n\t\n<div class=\"wp-bootstrap-blocks-row row justify-content-center align-items-center\">\n\t\n\n<div class=\"col-12 col-lg-8\">\n\t\t\t\n\n<div class=\"wp-block-group is-vertical is-content-justification-center is-nowrap is-layout-flex wp-container-core-group-is-layout-a31effde wp-block-group-is-layout-flex\">\n<h2 class=\"wp-block-heading has-text-align-center title-tag\">Wine Bar<\/h2>\n\n\n\n<h2 class=\"wp-block-heading has-text-align-center has-heading-5-xl-font-size\" style=\"text-transform:uppercase\"><mark class=\"has-inline-color has-current-color\">Un Sorbo Fresco<\/mark><br><em>Con Estilo<\/em><\/h2>\n\n\n\n<p class=\"has-text-align-center\">Para disfrutar de un delicioso cava y vinos Freixenet al mediod\u00eda en nuestro emblem\u00e1tico jard\u00edn, pruebe nuestro Cava Bar.<\/p>\n\n\n\n<div class=\"wp-block-group is-nowrap is-layout-flex wp-container-core-group-is-layout-27a7e7d6 wp-block-group-is-layout-flex\" style=\"margin-top:var(--wp--preset--spacing--md);margin-bottom:var(--wp--preset--spacing--md)\">    <a class=\"button size--md primary accent button\" title=\"Cava Bar\" href=\"https:\/\/freixenet.com\/ar\/visitanos\/cava-bar\/\">\n                    <div class=\"button__inner\">\n\n<p>Reseva ahora<\/p>\n\n<\/div>\n                    <\/a>\n<\/div>\n<\/div>\n\n\t<\/div>\n\n<\/div>\n\n<\/div>\n<\/div><\/div>\n\n<\/div>\n<\/section>\n\n\n\n<div class=\"wp-block-group has-neutral-light-background-color has-background is-layout-constrained wp-block-group-is-layout-constrained\"><\/div>\n","protected":false},"excerpt":{"rendered":"","protected":false},"author":1,"featured_media":1780,"parent":0,"menu_order":0,"comment_status":"closed","ping_status":"closed","template":"","meta":{"_acf_changed":false,"footnotes":""},"class_list":["post-3017","page","type-page","status-publish","has-post-thumbnail","hentry"],"acf":[],"yoast_head":"<!-- This site is optimized with the Yoast SEO plugin v27.4 - https:\/\/yoast.com\/product\/yoast-seo-wordpress\/ -->\n<title>Vis\u00edtanos - Freixenet Argentina<\/title>\n<meta name=\"robots\" content=\"index, follow, max-snippet:-1, max-image-preview:large, max-video-preview:-1\" \/>\n<link rel=\"canonical\" href=\"https:\/\/freixenet.com\/ar\/visitanos\/\" \/>\n<meta property=\"og:locale\" content=\"es_ES\" \/>\n<meta property=\"og:type\" content=\"article\" \/>\n<meta property=\"og:title\" content=\"Vis\u00edtanos - Freixenet Argentina\" \/>\n<meta property=\"og:url\" content=\"https:\/\/freixenet.com\/ar\/visitanos\/\" \/>\n<meta property=\"og:site_name\" content=\"Freixenet Argentina\" \/>\n<meta property=\"article:modified_time\" content=\"2025-07-15T10:12:15+00:00\" \/>\n<meta property=\"og:image\" content=\"https:\/\/freixenet.com\/app\/uploads\/sites\/11\/2025\/03\/image-64.webp\" \/>\n\t<meta property=\"og:image:width\" content=\"1\" \/>\n\t<meta property=\"og:image:height\" content=\"1\" \/>\n\t<meta property=\"og:image:type\" content=\"image\/webp\" \/>\n<meta name=\"twitter:card\" content=\"summary_large_image\" \/>\n<meta name=\"twitter:label1\" content=\"Est. reading time\" \/>\n\t<meta name=\"twitter:data1\" content=\"3 minutes\" \/>\n<script type=\"application\/ld+json\" class=\"yoast-schema-graph\">{\"@context\":\"https:\\\/\\\/schema.org\",\"@graph\":[{\"@type\":\"WebPage\",\"@id\":\"https:\\\/\\\/freixenet.com\\\/ar\\\/visitanos\\\/\",\"url\":\"https:\\\/\\\/freixenet.com\\\/ar\\\/visitanos\\\/\",\"name\":\"Vis\u00edtanos - Freixenet Argentina\",\"isPartOf\":{\"@id\":\"https:\\\/\\\/freixenet.com\\\/ar\\\/#website\"},\"primaryImageOfPage\":{\"@id\":\"https:\\\/\\\/freixenet.com\\\/ar\\\/visitanos\\\/#primaryimage\"},\"image\":{\"@id\":\"https:\\\/\\\/freixenet.com\\\/ar\\\/visitanos\\\/#primaryimage\"},\"thumbnailUrl\":\"https:\\\/\\\/freixenet.com\\\/app\\\/uploads\\\/sites\\\/11\\\/2025\\\/03\\\/image-64.webp\",\"datePublished\":\"2025-02-25T22:55:44+00:00\",\"dateModified\":\"2025-07-15T10:12:15+00:00\",\"breadcrumb\":{\"@id\":\"https:\\\/\\\/freixenet.com\\\/ar\\\/visitanos\\\/#breadcrumb\"},\"inLanguage\":\"es-AR\",\"potentialAction\":[{\"@type\":\"ReadAction\",\"target\":[\"https:\\\/\\\/freixenet.com\\\/ar\\\/visitanos\\\/\"]}]},{\"@type\":\"ImageObject\",\"inLanguage\":\"es-AR\",\"@id\":\"https:\\\/\\\/freixenet.com\\\/ar\\\/visitanos\\\/#primaryimage\",\"url\":\"https:\\\/\\\/freixenet.com\\\/app\\\/uploads\\\/sites\\\/11\\\/2025\\\/03\\\/image-64.webp\",\"contentUrl\":\"https:\\\/\\\/freixenet.com\\\/app\\\/uploads\\\/sites\\\/11\\\/2025\\\/03\\\/image-64.webp\"},{\"@type\":\"BreadcrumbList\",\"@id\":\"https:\\\/\\\/freixenet.com\\\/ar\\\/visitanos\\\/#breadcrumb\",\"itemListElement\":[{\"@type\":\"ListItem\",\"position\":1,\"name\":\"Home\",\"item\":\"https:\\\/\\\/freixenet.com\\\/ar\\\/\"},{\"@type\":\"ListItem\",\"position\":2,\"name\":\"Vis\u00edtanos\"}]},{\"@type\":\"WebSite\",\"@id\":\"https:\\\/\\\/freixenet.com\\\/ar\\\/#website\",\"url\":\"https:\\\/\\\/freixenet.com\\\/ar\\\/\",\"name\":\"Freixenet Argentina\",\"description\":\"Las bodegas m\u00e1s emblem\u00e1ticas de Freixenet unen tradici\u00f3n e innovaci\u00f3n y cuentan con las cavas antiguas m\u00e1s profundas, ubicadas a 20 metros bajo tierra.\",\"publisher\":{\"@id\":\"https:\\\/\\\/freixenet.com\\\/ar\\\/#organization\"},\"potentialAction\":[{\"@type\":\"SearchAction\",\"target\":{\"@type\":\"EntryPoint\",\"urlTemplate\":\"https:\\\/\\\/freixenet.com\\\/ar\\\/?s={search_term_string}\"},\"query-input\":{\"@type\":\"PropertyValueSpecification\",\"valueRequired\":true,\"valueName\":\"search_term_string\"}}],\"inLanguage\":\"es-AR\"},{\"@type\":\"Organization\",\"@id\":\"https:\\\/\\\/freixenet.com\\\/ar\\\/#organization\",\"name\":\"Freixenet Argentina\",\"url\":\"https:\\\/\\\/freixenet.com\\\/ar\\\/\",\"logo\":{\"@type\":\"ImageObject\",\"inLanguage\":\"es-AR\",\"@id\":\"https:\\\/\\\/freixenet.com\\\/ar\\\/#\\\/schema\\\/logo\\\/image\\\/\",\"url\":\"https:\\\/\\\/freixenet.com\\\/app\\\/uploads\\\/sites\\\/11\\\/2025\\\/06\\\/freixenet-site-icon.png\",\"contentUrl\":\"https:\\\/\\\/freixenet.com\\\/app\\\/uploads\\\/sites\\\/11\\\/2025\\\/06\\\/freixenet-site-icon.png\",\"width\":512,\"height\":512,\"caption\":\"Freixenet Argentina\"},\"image\":{\"@id\":\"https:\\\/\\\/freixenet.com\\\/ar\\\/#\\\/schema\\\/logo\\\/image\\\/\"}}]}<\/script>\n<!-- \/ Yoast SEO plugin. -->","yoast_head_json":{"title":"Vis\u00edtanos - Freixenet Argentina","robots":{"index":"index","follow":"follow","max-snippet":"max-snippet:-1","max-image-preview":"max-image-preview:large","max-video-preview":"max-video-preview:-1"},"canonical":"https:\/\/freixenet.com\/ar\/visitanos\/","og_locale":"es_ES","og_type":"article","og_title":"Vis\u00edtanos - Freixenet Argentina","og_url":"https:\/\/freixenet.com\/ar\/visitanos\/","og_site_name":"Freixenet Argentina","article_modified_time":"2025-07-15T10:12:15+00:00","og_image":[{"url":"https:\/\/freixenet.com\/app\/uploads\/sites\/11\/2025\/03\/image-64.webp","width":1,"height":1,"type":"image\/webp"}],"twitter_card":"summary_large_image","twitter_misc":{"Est. reading time":"3 minutes"},"schema":{"@context":"https:\/\/schema.org","@graph":[{"@type":"WebPage","@id":"https:\/\/freixenet.com\/ar\/visitanos\/","url":"https:\/\/freixenet.com\/ar\/visitanos\/","name":"Vis\u00edtanos - Freixenet Argentina","isPartOf":{"@id":"https:\/\/freixenet.com\/ar\/#website"},"primaryImageOfPage":{"@id":"https:\/\/freixenet.com\/ar\/visitanos\/#primaryimage"},"image":{"@id":"https:\/\/freixenet.com\/ar\/visitanos\/#primaryimage"},"thumbnailUrl":"https:\/\/freixenet.com\/app\/uploads\/sites\/11\/2025\/03\/image-64.webp","datePublished":"2025-02-25T22:55:44+00:00","dateModified":"2025-07-15T10:12:15+00:00","breadcrumb":{"@id":"https:\/\/freixenet.com\/ar\/visitanos\/#breadcrumb"},"inLanguage":"es-AR","potentialAction":[{"@type":"ReadAction","target":["https:\/\/freixenet.com\/ar\/visitanos\/"]}]},{"@type":"ImageObject","inLanguage":"es-AR","@id":"https:\/\/freixenet.com\/ar\/visitanos\/#primaryimage","url":"https:\/\/freixenet.com\/app\/uploads\/sites\/11\/2025\/03\/image-64.webp","contentUrl":"https:\/\/freixenet.com\/app\/uploads\/sites\/11\/2025\/03\/image-64.webp"},{"@type":"BreadcrumbList","@id":"https:\/\/freixenet.com\/ar\/visitanos\/#breadcrumb","itemListElement":[{"@type":"ListItem","position":1,"name":"Home","item":"https:\/\/freixenet.com\/ar\/"},{"@type":"ListItem","position":2,"name":"Vis\u00edtanos"}]},{"@type":"WebSite","@id":"https:\/\/freixenet.com\/ar\/#website","url":"https:\/\/freixenet.com\/ar\/","name":"Freixenet Argentina","description":"Las bodegas m\u00e1s emblem\u00e1ticas de Freixenet unen tradici\u00f3n e innovaci\u00f3n y cuentan con las cavas antiguas m\u00e1s profundas, ubicadas a 20 metros bajo tierra.","publisher":{"@id":"https:\/\/freixenet.com\/ar\/#organization"},"potentialAction":[{"@type":"SearchAction","target":{"@type":"EntryPoint","urlTemplate":"https:\/\/freixenet.com\/ar\/?s={search_term_string}"},"query-input":{"@type":"PropertyValueSpecification","valueRequired":true,"valueName":"search_term_string"}}],"inLanguage":"es-AR"},{"@type":"Organization","@id":"https:\/\/freixenet.com\/ar\/#organization","name":"Freixenet Argentina","url":"https:\/\/freixenet.com\/ar\/","logo":{"@type":"ImageObject","inLanguage":"es-AR","@id":"https:\/\/freixenet.com\/ar\/#\/schema\/logo\/image\/","url":"https:\/\/freixenet.com\/app\/uploads\/sites\/11\/2025\/06\/freixenet-site-icon.png","contentUrl":"https:\/\/freixenet.com\/app\/uploads\/sites\/11\/2025\/06\/freixenet-site-icon.png","width":512,"height":512,"caption":"Freixenet Argentina"},"image":{"@id":"https:\/\/freixenet.com\/ar\/#\/schema\/logo\/image\/"}}]}},"_links":{"self":[{"href":"https:\/\/freixenet.com\/ar\/wp-json\/wp\/v2\/pages\/3017","targetHints":{"allow":["GET"]}}],"collection":[{"href":"https:\/\/freixenet.com\/ar\/wp-json\/wp\/v2\/pages"}],"about":[{"href":"https:\/\/freixenet.com\/ar\/wp-json\/wp\/v2\/types\/page"}],"author":[{"embeddable":true,"href":"https:\/\/freixenet.com\/ar\/wp-json\/wp\/v2\/users\/1"}],"replies":[{"embeddable":true,"href":"https:\/\/freixenet.com\/ar\/wp-json\/wp\/v2\/comments?post=3017"}],"version-history":[{"count":9,"href":"https:\/\/freixenet.com\/ar\/wp-json\/wp\/v2\/pages\/3017\/revisions"}],"predecessor-version":[{"id":3742,"href":"https:\/\/freixenet.com\/ar\/wp-json\/wp\/v2\/pages\/3017\/revisions\/3742"}],"wp:featuredmedia":[{"embeddable":true,"href":"https:\/\/freixenet.com\/ar\/wp-json\/wp\/v2\/media\/1780"}],"wp:attachment":[{"href":"https:\/\/freixenet.com\/ar\/wp-json\/wp\/v2\/media?parent=3017"}],"curies":[{"name":"wp","href":"https:\/\/api.w.org\/{rel}","templated":true}]}}