{"id":2848,"date":"2025-02-05T17:30:00","date_gmt":"2025-02-05T17:30:00","guid":{"rendered":"https:\/\/freixenet.com\/ar\/privacy-policy\/"},"modified":"2026-02-25T12:09:46","modified_gmt":"2026-02-25T12:09:46","slug":"politica-de-privacidad","status":"publish","type":"page","link":"https:\/\/freixenet.com\/ar\/politica-de-privacidad\/","title":{"rendered":"Pol\u00edtica de Privacidad"},"content":{"rendered":"\n<div class=\"wp-block-group is-vertical is-content-justification-center is-nowrap is-layout-flex wp-container-core-group-is-layout-a31effde wp-block-group-is-layout-flex\">\n<h2 class=\"wp-block-heading has-text-align-center has-secondary-color has-text-color has-link-color has-heading-4-xl-font-size wp-elements-4d7712c967798b4cbbb146edfac85295\" style=\"text-transform:uppercase\"><mark style=\"background-color:rgba(0, 0, 0, 0)\" class=\"has-inline-color has-current-color\">Pol\u00edtica de<\/mark><br><em>Privacidad<\/em><\/h2>\n<\/div>\n\n\n<div class=\"wp-bootstrap-blocks-container container\">\n\t\n\n<h2 class=\"wp-block-heading\">I. INTRODUCCI\u00d3N<\/h2>\n\n\n\n<p>La protecci\u00f3n de los datos personales es uno de los valores de GRUPO FREIXENET. El cumplimiento de la normativa relativa a la protecci\u00f3n de datos de car\u00e1cter personal vigente es un objetivo prioritario para nosotros. El objetivo de esta pol\u00edtica es explicarle c\u00f3mo trataremos los datos personales que usted nos facilite a trav\u00e9s de los distintos formularios de nuestro sitio web.<\/p>\n\n\n\n<p>GRUPO FREIXENET podr\u00e1 modificar la presente pol\u00edtica de privacidad en cualquier momento, por lo que le recomendamos que la consulte antes de compartir datos con nosotros.<\/p>\n\n\n\n<h2 class=\"wp-block-heading\">II. CORRESPONSABLES DEL TRATAMIENTO<strong>\u00a0<\/strong><\/h2>\n\n\n\n<p>Los corresponsables del tratamiento de sus datos personales son las empresas que forman el GRUPO FREIXENET, que se relacionan a continuaci\u00f3n:<\/p>\n\n\n\n<figure class=\"wp-block-table\"><table class=\"has-fixed-layout\"><tbody><tr><td>Denominaci\u00f3n social<\/td><td>CIF<\/td><td>Direcci\u00f3n<\/td><\/tr><tr><td>COMERCIAL GRUPO FREIXENET, S.A.<\/td><td>A58588922<\/td><td>Joan Sala, 2 08770 \u2013 Sant Sadurn\u00ed d\u2019Anoia<\/td><\/tr><tr><td>FREIXENET, S.A.<\/td><td>A08018939<\/td><td>Joan Sala, 2 08770 \u2013 Sant Sadurn\u00ed d\u2019Anoia<\/td><\/tr><tr><td>SEGURA VIUDAS, S.A.U.<\/td><td>A08292542<\/td><td>Carrer Sant Antoni, 11<br>08770 \u2013 Sant Sadurn\u00ed d\u2019Anoia<\/td><\/tr><tr><td>CASTELLBLANCH, S.A.U.<\/td><td>A08090045<\/td><td>Av. Casetas Mir, 2 08770 \u2013 Sant Sadurn\u00ed d\u2019Anoia<\/td><\/tr><tr><td>UNI\u00d3 CELLERS DEL NOYA, S.A.U. (UCSA)<\/td><td>A08753303<\/td><td>Carretera Sant Baudili \u2013 A Llacuna (Km 2), 2 08770 \u2013 Sant Sadurn\u00ed d\u2019Anoia<\/td><\/tr><\/tbody><\/table><\/figure>\n\n\n\n<p>Los datos de contacto de los corresponsables del tratamiento son:<\/p>\n\n\n\n<figure class=\"wp-block-table\"><table class=\"has-fixed-layout\"><tbody><tr><td><strong>Responsable del Tratamiento<\/strong><\/td><td>GRUPO FREIXENET<\/td><\/tr><tr><td><strong>Correo electr\u00f3nico<\/strong><\/td><td><a href=\"mailto:gdpr@freixenet.es\">gdpr@freixenet.es<\/a><\/td><\/tr><tr><td><strong>Tel\u00e9fono<\/strong><\/td><td>938917030<\/td><\/tr><tr><td><strong>Direcci\u00f3n<\/strong><\/td><td>Joan Sala, 2&nbsp;08770 Sant Sadurn\u00ed de Noia (BARCELONA)<\/td><\/tr><\/tbody><\/table><\/figure>\n\n\n\n<h2 class=\"wp-block-heading\">III. TIPOLOG\u00cdAS DE INTERESADOS Y DE DATOS<\/h2>\n\n\n\n<p>Esta pol\u00edtica de privacidad va referida a los tratamientos relacionados con las siguientes tipolog\u00edas de interesados y de datos suministrados por los interesados a trav\u00e9s de los distintos formularios, p\u00e1ginas y secciones de nuestra web:<\/p>\n\n\n\n<figure class=\"wp-block-table\"><table class=\"has-fixed-layout\"><tbody><tr><td><strong>Clientes y consumidores<\/strong><\/td><td>Datos identificativos facilitados por el interesadoDatos de contacto facilitados por el interesadoDatos necesarios para realizar la venta y la entrega (Datos econ\u00f3micos, o financieros, bancarios)<\/td><\/tr><tr><td><strong>Visitantes de nuestras cavas<\/strong><\/td><td>Datos identificativos facilitados por el interesadoDatos de contacto facilitados por el interesadoDatos de los acompa\u00f1antesD\u00eda de la reserva<\/td><\/tr><tr><td><strong>Suscriptores de la newsletter<\/strong><\/td><td>Datos identificativosDatos de contacto<\/td><\/tr><tr><td><strong>Candidatos<\/strong><\/td><td>Datos identificativosDatos de contactoDatos acad\u00e9micos y profesionales: formaci\u00f3n\/titulaciones, experiencia profesional, pertenencia a colegios o asociaciones profesionales, en el caso de los procesos de selecci\u00f3n.<\/td><\/tr><tr><td><strong>Usuarios registrados en nuestros sitios web<\/strong><\/td><td>Datos identificativosDatos de contacto<\/td><\/tr><tr><td><strong>Usuarios no identificados de nuestros sitios web<\/strong><\/td><td>Direcci\u00f3n IPDatos obtenidos a trav\u00e9s de las cookiesDatos de sesi\u00f3n obtenidos a trav\u00e9s de los registros del servidor<\/td><\/tr><\/tbody><\/table><\/figure>\n\n\n\n<h2 class=\"wp-block-heading\"><strong>IV. FINALIDADES DE LOS TRATAMIENTOS Y LEGITIMACI\u00d3N DEL TRATAMIENTO<\/strong><\/h2>\n\n\n\n<p>Nuestra empresa recaba sus datos personales en base a las siguientes finalidades y bases legitimadoras:<\/p>\n\n\n\n<figure class=\"wp-block-table\"><table class=\"has-fixed-layout\"><tbody><tr><td><strong>Consentimiento del interesado\u202f<\/strong><\/td><td>Env\u00edo de nuestra newsletter con informaci\u00f3n sobre productos, servicios, eventos y acciones promocionales.Recepci\u00f3n y gesti\u00f3n de CV recibidos.Para conocer las finalidades del uso de las cookies y otras tecnolog\u00edas de seguimiento, consulte nuestra<a href=\"https:\/\/seguraviudas.com\/es\/politica-de-cookies\/\">pol\u00edtica de cookies<\/a>.<\/td><\/tr><tr><td><strong>Cumplimiento de un contrato\u202f<\/strong><\/td><td>Compra, env\u00edo y facturaci\u00f3n de productos.Gesti\u00f3n de eventos y acciones promocionales tales como participaci\u00f3n en concursos y sorteos.Formalizaci\u00f3n de la reserva y de la visita a las cavas.<\/td><\/tr><tr><td><strong>Obligaci\u00f3n legal<\/strong><\/td><td>Dar cumplimiento a las obligaciones legalmente establecidas, as\u00ed como verificar el cumplimiento de las obligaciones contractuales, incluida la prevenci\u00f3n de fraude.<\/td><\/tr><tr><td><strong>Inter\u00e9s leg\u00edtimo\u202f<\/strong><\/td><td>Atenci\u00f3n de dudas y consultas.Mejora de los contenidos ofrecidos (cookies).Mejora de la estructura y la navegabilidad del sitio web (cookies).<\/td><\/tr><\/tbody><\/table><\/figure>\n\n\n\n<h2 class=\"wp-block-heading\"><strong>V. DESTINATARIOS DE LOS DATOS<\/strong><\/h2>\n\n\n\n<p>Sus datos no ser\u00e1n vendidos, alquilados ni puestos a disposici\u00f3n de terceros; tampoco ser\u00e1n objeto de transferencias internacionales. En determinados casos se dar\u00e1 acceso a sus datos a determinados proveedores de que prestan servicios a nuestra empresa, como el env\u00edo de las newsletters, el almacenamiento de datos o de p\u00e1ginas web, pero que en ning\u00fan caso trataran los datos para finalidades propias. Si por alguna raz\u00f3n fuera necesario comunicar dichos datos a terceros, se le informar\u00e1 previamente y, en su caso, se le solicitar\u00e1 su consentimiento y se especificar\u00e1n las finalidades de la comunicaci\u00f3n y la identidad del tercero al que van a ser comunicados. Todo ello, con excepci\u00f3n de los supuestos en los que un requerimiento legal obligue a comunicar dichos datos a un tercero.<\/p>\n\n\n\n<h2 class=\"wp-block-heading\">VI. PLAZOS DE CONSERVACI\u00d3N<\/h2>\n\n\n\n<p>Sus datos se conservar\u00e1n durante el plazo estrictamente necesario para conseguir las finalidades del tratamiento, sin perjuicio de su conservaci\u00f3n para la puesta a disposici\u00f3n de las autoridades competentes y para hacer frente a reclamaciones. En tal caso, los datos se conservar\u00e1n bloqueados hasta la finalizaci\u00f3n del plazo de prescripci\u00f3n, en cuyo momento ser\u00e1n eliminados.<\/p>\n\n\n\n<p><em>Para conocer los plazos de conservaci\u00f3n de las cookies y otras tecnolog\u00edas de seguimiento consulte nuestra&nbsp;<a href=\"https:\/\/seguraviudas.com\/es\/politica-de-cookies\/\">pol\u00edtica de cookies<\/a>.<\/em><\/p>\n\n\n\n<h2 class=\"wp-block-heading\"><strong>VII. EJERCICIO DE DERECHOS<\/strong><\/h2>\n\n\n\n<p>La normativa vigente le otorga los siguientes derechos:<\/p>\n\n\n\n<figure class=\"wp-block-table\"><table class=\"has-fixed-layout\"><tbody><tr><td><strong>Derecho de acceso<\/strong><\/td><td>Usted tendr\u00e1 derecho a conocer los datos personales que tratamos en relaci\u00f3n a su persona.<\/td><\/tr><tr><td><strong>Derecho de rectificaci\u00f3n<\/strong><\/td><td>Usted tendr\u00e1 derecho a rectificar o completar cualquier dato que sea inexacto o incompleto.<\/td><\/tr><tr><td><strong>Derecho de supresi\u00f3n<\/strong><\/td><td>Usted podr\u00e1 solicitar que sus datos personales sean suprimidos de nuestros sistemas y archivos.<\/td><\/tr><tr><td><strong>Derecho de oposici\u00f3n<\/strong><\/td><td>Usted podr\u00e1 oponerse al tratamiento de sus datos en relaci\u00f3n a las acciones de marketing directo. As\u00ed como por motivos personales, salvo que la base del tratamiento sea el inter\u00e9s leg\u00edtimo.<\/td><\/tr><tr><td><strong>Derecho de limitaci\u00f3n del tratamiento<\/strong><\/td><td>Usted podr\u00e1 solicitar la limitaci\u00f3n del tratamiento en el caso de impugne su exactitud o cuando sea il\u00edcito y usted se oponga a la supresi\u00f3n de sus datos personales y solicite en su lugar la limitaci\u00f3n de su uso. Tambi\u00e9n cuando los datos ya no sean necesarios para el tratamiento, pero usted los necesite para la formulaci\u00f3n el ejercicio o la defensa de reclamaciones. Y finalmente, cuando se haya opuesto al tratamiento, mientras se verifica si el inter\u00e9s leg\u00edtimo del responsable prevalece sobre el del interesado.<\/td><\/tr><tr><td><strong>Derecho a la portabilidad de sus datos<\/strong><\/td><td>Usted tendr\u00e1 derecho a obtener una copia de todos los datos que nos haya facilitado y cuando sea t\u00e9cnicamente posible, tendr\u00e1 derecho a solicitar que sus datos personales sean comunicados a otro responsable del tratamiento.<\/td><\/tr><\/tbody><\/table><\/figure>\n\n\n\n<p>Podr\u00e1 ejercer estos derechos de forma gratuita, as\u00ed como retirar en cualquier momento el consentimiento prestado, dirigi\u00e9ndose a GRUPO FREIXENET, a trav\u00e9s de alguno de los siguientes medios y acompa\u00f1ando copia de su DNI o documento equivalente que acredite su identidad:<\/p>\n\n\n\n<ul class=\"wp-block-list\">\n<li>Mediante correo electr\u00f3nico que deber\u00e1 dirigir a la direcci\u00f3n\u00a0<a href=\"mailto:gdpr@freixenet.es\">gdpr@freixenet.es<\/a><\/li>\n\n\n\n<li>Mediante correo postal dirigido al Comit\u00e9 de Protecci\u00f3n de Datos y Seguridad de la informaci\u00f3n de FREIXENET, S.A., Joan Sala, 2, 08770 Sant Sadurn\u00ed d\u2019Anoia (BARCELONA)<\/li>\n<\/ul>\n\n\n\n<p>Asimismo, le informamos de su derecho a presentar una reclamaci\u00f3n ante la Agencia Espa\u00f1ola de Protecci\u00f3n de Datos (AEPD), autoridad competente en Espa\u00f1a en materia de protecci\u00f3n de datos, si considera que sus datos no se han tratado correctamente.<\/p>\n\n\n\n<h2 class=\"wp-block-heading\"><strong>VIII. CAR\u00c1CTER OBLIGATORIO O FACULTATIVO DE LA INFORMACI\u00d3N FACILITADA POR EL USUARIO<\/strong><\/h2>\n\n\n\n<p>En algunos casos los datos personales solicitados son obligatorios, de tal forma que la negativa a suministrarlos supondr\u00e1 la imposibilidad de llevar a cabo la prestaci\u00f3n de los servicios contratados. Estos casos ser\u00e1n indicados por los responsables.<\/p>\n\n\n\n<p>El usuario garantiza que los datos aportados son verdaderos, exactos, completos y actualizados, siendo responsable de cualquier da\u00f1o o perjuicio, directo o indirecto, que pudiera ocasionarse como consecuencia del incumplimiento de tal obligaci\u00f3n. En caso de que el usuario facilite datos de terceros, manifiesta contar con el consentimiento de los mismos y se compromete a trasladarle la informaci\u00f3n contenida en esta cl\u00e1usula, eximiendo a H&amp;A de cualquier responsabilidad en este sentido. No obstante, H&amp;A podr\u00e1 llevar a cabo las verificaciones para constatar este hecho, adoptando las medidas de diligencia debida que correspondan, conforme a la normativa de protecci\u00f3n de datos.<\/p>\n\n\n\n<h2 class=\"wp-block-heading\"><strong>IX. CONFIDENCIALIDAD Y SEGURIDAD EN EL TRATAMIENTO DE DATOS<\/strong><\/h2>\n\n\n\n<p>GRUPO FREIXENET cumple con la normativa aplicable en materia de privacidad, (en concreto, con el&nbsp;<strong>Reglamento (UE) 2016\/679 DEL PARLAMENTO EUROPEO Y DEL CONSEJO, de\u202f27 de abril de 2016, relativo a la protecci\u00f3n de las personas f\u00edsicas en lo que respecta al tratamiento de datos personales y a la libre circulaci\u00f3n de estos datos y por el que se deroga la Directiva\u202f95\/46\/CE<\/strong>, y la&nbsp;<strong>Ley Org\u00e1nica 3\/2018, de 5 de diciembre, de Protecci\u00f3n de Datos Personales y garant\u00eda de los derechos digitales<\/strong>) y garantiza que sus datos son tratados de manera l\u00edcita, leal y transparente en relaci\u00f3n con el interesado y adecuados, pertinentes y limitados a lo necesario en relaci\u00f3n con los fines para los que son tratados.<\/p>\n\n\n\n<p>Asimismo, le garantizamos que los datos recibidos ser\u00e1n tratados con la m\u00e1xima confidencialidad. GRUPO FREIXENET ha establecido todos los medios t\u00e9cnicos y organizativos a su alcance para evitar la p\u00e9rdida, mal uso, alteraci\u00f3n, acceso no autorizado o copia de los datos facilitados.<\/p>\n\n\n\n<p>\u00daltima actualizaci\u00f3n: 21 enero de 2021<\/p>\n\n<\/div>\n","protected":false},"excerpt":{"rendered":"<p>Pol\u00edtica dePrivacidad<\/p>\n","protected":false},"author":1,"featured_media":0,"parent":0,"menu_order":0,"comment_status":"closed","ping_status":"open","template":"","meta":{"_acf_changed":false,"footnotes":""},"class_list":["post-2848","page","type-page","status-publish","hentry"],"acf":[],"yoast_head":"<!-- This site is optimized with the Yoast SEO plugin v27.4 - https:\/\/yoast.com\/product\/yoast-seo-wordpress\/ -->\n<title>Pol\u00edtica de Privacidad - Freixenet Argentina<\/title>\n<meta name=\"robots\" content=\"index, follow, max-snippet:-1, max-image-preview:large, max-video-preview:-1\" \/>\n<link rel=\"canonical\" href=\"https:\/\/freixenet.com\/ar\/politica-de-privacidad\/\" \/>\n<meta property=\"og:locale\" content=\"es_ES\" \/>\n<meta property=\"og:type\" content=\"article\" \/>\n<meta property=\"og:title\" content=\"Pol\u00edtica de Privacidad - Freixenet Argentina\" \/>\n<meta property=\"og:description\" content=\"Pol\u00edtica dePrivacidad\" \/>\n<meta property=\"og:url\" content=\"https:\/\/freixenet.com\/ar\/politica-de-privacidad\/\" \/>\n<meta property=\"og:site_name\" content=\"Freixenet Argentina\" \/>\n<meta property=\"article:modified_time\" content=\"2026-02-25T12:09:46+00:00\" \/>\n<meta name=\"twitter:card\" content=\"summary_large_image\" \/>\n<meta name=\"twitter:label1\" content=\"Est. reading time\" \/>\n\t<meta name=\"twitter:data1\" content=\"7 minutes\" \/>\n<script type=\"application\/ld+json\" class=\"yoast-schema-graph\">{\"@context\":\"https:\\\/\\\/schema.org\",\"@graph\":[{\"@type\":\"WebPage\",\"@id\":\"https:\\\/\\\/freixenet.com\\\/ar\\\/politica-de-privacidad\\\/\",\"url\":\"https:\\\/\\\/freixenet.com\\\/ar\\\/politica-de-privacidad\\\/\",\"name\":\"Pol\u00edtica de Privacidad - Freixenet Argentina\",\"isPartOf\":{\"@id\":\"https:\\\/\\\/freixenet.com\\\/ar\\\/#website\"},\"datePublished\":\"2025-02-05T17:30:00+00:00\",\"dateModified\":\"2026-02-25T12:09:46+00:00\",\"breadcrumb\":{\"@id\":\"https:\\\/\\\/freixenet.com\\\/ar\\\/politica-de-privacidad\\\/#breadcrumb\"},\"inLanguage\":\"es-AR\",\"potentialAction\":[{\"@type\":\"ReadAction\",\"target\":[\"https:\\\/\\\/freixenet.com\\\/ar\\\/politica-de-privacidad\\\/\"]}]},{\"@type\":\"BreadcrumbList\",\"@id\":\"https:\\\/\\\/freixenet.com\\\/ar\\\/politica-de-privacidad\\\/#breadcrumb\",\"itemListElement\":[{\"@type\":\"ListItem\",\"position\":1,\"name\":\"Home\",\"item\":\"https:\\\/\\\/freixenet.com\\\/ar\\\/\"},{\"@type\":\"ListItem\",\"position\":2,\"name\":\"Pol\u00edtica de Privacidad\"}]},{\"@type\":\"WebSite\",\"@id\":\"https:\\\/\\\/freixenet.com\\\/ar\\\/#website\",\"url\":\"https:\\\/\\\/freixenet.com\\\/ar\\\/\",\"name\":\"Freixenet Argentina\",\"description\":\"Las bodegas m\u00e1s emblem\u00e1ticas de Freixenet unen tradici\u00f3n e innovaci\u00f3n y cuentan con las cavas antiguas m\u00e1s profundas, ubicadas a 20 metros bajo tierra.\",\"publisher\":{\"@id\":\"https:\\\/\\\/freixenet.com\\\/ar\\\/#organization\"},\"potentialAction\":[{\"@type\":\"SearchAction\",\"target\":{\"@type\":\"EntryPoint\",\"urlTemplate\":\"https:\\\/\\\/freixenet.com\\\/ar\\\/?s={search_term_string}\"},\"query-input\":{\"@type\":\"PropertyValueSpecification\",\"valueRequired\":true,\"valueName\":\"search_term_string\"}}],\"inLanguage\":\"es-AR\"},{\"@type\":\"Organization\",\"@id\":\"https:\\\/\\\/freixenet.com\\\/ar\\\/#organization\",\"name\":\"Freixenet Argentina\",\"url\":\"https:\\\/\\\/freixenet.com\\\/ar\\\/\",\"logo\":{\"@type\":\"ImageObject\",\"inLanguage\":\"es-AR\",\"@id\":\"https:\\\/\\\/freixenet.com\\\/ar\\\/#\\\/schema\\\/logo\\\/image\\\/\",\"url\":\"https:\\\/\\\/freixenet.com\\\/app\\\/uploads\\\/sites\\\/11\\\/2025\\\/06\\\/freixenet-site-icon.png\",\"contentUrl\":\"https:\\\/\\\/freixenet.com\\\/app\\\/uploads\\\/sites\\\/11\\\/2025\\\/06\\\/freixenet-site-icon.png\",\"width\":512,\"height\":512,\"caption\":\"Freixenet Argentina\"},\"image\":{\"@id\":\"https:\\\/\\\/freixenet.com\\\/ar\\\/#\\\/schema\\\/logo\\\/image\\\/\"}}]}<\/script>\n<!-- \/ Yoast SEO plugin. -->","yoast_head_json":{"title":"Pol\u00edtica de Privacidad - Freixenet Argentina","robots":{"index":"index","follow":"follow","max-snippet":"max-snippet:-1","max-image-preview":"max-image-preview:large","max-video-preview":"max-video-preview:-1"},"canonical":"https:\/\/freixenet.com\/ar\/politica-de-privacidad\/","og_locale":"es_ES","og_type":"article","og_title":"Pol\u00edtica de Privacidad - Freixenet Argentina","og_description":"Pol\u00edtica dePrivacidad","og_url":"https:\/\/freixenet.com\/ar\/politica-de-privacidad\/","og_site_name":"Freixenet Argentina","article_modified_time":"2026-02-25T12:09:46+00:00","twitter_card":"summary_large_image","twitter_misc":{"Est. reading time":"7 minutes"},"schema":{"@context":"https:\/\/schema.org","@graph":[{"@type":"WebPage","@id":"https:\/\/freixenet.com\/ar\/politica-de-privacidad\/","url":"https:\/\/freixenet.com\/ar\/politica-de-privacidad\/","name":"Pol\u00edtica de Privacidad - Freixenet Argentina","isPartOf":{"@id":"https:\/\/freixenet.com\/ar\/#website"},"datePublished":"2025-02-05T17:30:00+00:00","dateModified":"2026-02-25T12:09:46+00:00","breadcrumb":{"@id":"https:\/\/freixenet.com\/ar\/politica-de-privacidad\/#breadcrumb"},"inLanguage":"es-AR","potentialAction":[{"@type":"ReadAction","target":["https:\/\/freixenet.com\/ar\/politica-de-privacidad\/"]}]},{"@type":"BreadcrumbList","@id":"https:\/\/freixenet.com\/ar\/politica-de-privacidad\/#breadcrumb","itemListElement":[{"@type":"ListItem","position":1,"name":"Home","item":"https:\/\/freixenet.com\/ar\/"},{"@type":"ListItem","position":2,"name":"Pol\u00edtica de Privacidad"}]},{"@type":"WebSite","@id":"https:\/\/freixenet.com\/ar\/#website","url":"https:\/\/freixenet.com\/ar\/","name":"Freixenet Argentina","description":"Las bodegas m\u00e1s emblem\u00e1ticas de Freixenet unen tradici\u00f3n e innovaci\u00f3n y cuentan con las cavas antiguas m\u00e1s profundas, ubicadas a 20 metros bajo tierra.","publisher":{"@id":"https:\/\/freixenet.com\/ar\/#organization"},"potentialAction":[{"@type":"SearchAction","target":{"@type":"EntryPoint","urlTemplate":"https:\/\/freixenet.com\/ar\/?s={search_term_string}"},"query-input":{"@type":"PropertyValueSpecification","valueRequired":true,"valueName":"search_term_string"}}],"inLanguage":"es-AR"},{"@type":"Organization","@id":"https:\/\/freixenet.com\/ar\/#organization","name":"Freixenet Argentina","url":"https:\/\/freixenet.com\/ar\/","logo":{"@type":"ImageObject","inLanguage":"es-AR","@id":"https:\/\/freixenet.com\/ar\/#\/schema\/logo\/image\/","url":"https:\/\/freixenet.com\/app\/uploads\/sites\/11\/2025\/06\/freixenet-site-icon.png","contentUrl":"https:\/\/freixenet.com\/app\/uploads\/sites\/11\/2025\/06\/freixenet-site-icon.png","width":512,"height":512,"caption":"Freixenet Argentina"},"image":{"@id":"https:\/\/freixenet.com\/ar\/#\/schema\/logo\/image\/"}}]}},"_links":{"self":[{"href":"https:\/\/freixenet.com\/ar\/wp-json\/wp\/v2\/pages\/2848","targetHints":{"allow":["GET"]}}],"collection":[{"href":"https:\/\/freixenet.com\/ar\/wp-json\/wp\/v2\/pages"}],"about":[{"href":"https:\/\/freixenet.com\/ar\/wp-json\/wp\/v2\/types\/page"}],"author":[{"embeddable":true,"href":"https:\/\/freixenet.com\/ar\/wp-json\/wp\/v2\/users\/1"}],"replies":[{"embeddable":true,"href":"https:\/\/freixenet.com\/ar\/wp-json\/wp\/v2\/comments?post=2848"}],"version-history":[{"count":4,"href":"https:\/\/freixenet.com\/ar\/wp-json\/wp\/v2\/pages\/2848\/revisions"}],"predecessor-version":[{"id":6796,"href":"https:\/\/freixenet.com\/ar\/wp-json\/wp\/v2\/pages\/2848\/revisions\/6796"}],"wp:attachment":[{"href":"https:\/\/freixenet.com\/ar\/wp-json\/wp\/v2\/media?parent=2848"}],"curies":[{"name":"wp","href":"https:\/\/api.w.org\/{rel}","templated":true}]}}