{"id":2844,"date":"2025-05-28T09:19:45","date_gmt":"2025-05-28T09:19:45","guid":{"rendered":"https:\/\/freixenet.com\/ar\/compliance\/"},"modified":"2025-06-16T13:42:15","modified_gmt":"2025-06-16T13:42:15","slug":"compliance","status":"publish","type":"page","link":"https:\/\/freixenet.com\/ar\/compliance\/","title":{"rendered":"Cumplimiento normativo"},"content":{"rendered":"\n<div class=\"wp-block-group is-vertical is-content-justification-center is-nowrap is-layout-flex wp-container-core-group-is-layout-a31effde wp-block-group-is-layout-flex\"><div class=\"wp-bootstrap-blocks-container container has-custom-block-padding-small-top\">\n\t\n\n<h2 class=\"wp-block-heading has-text-align-center has-secondary-color has-text-color has-link-color has-heading-4-xl-font-size wp-elements-fd3da77cbd4c5ceb79e91de170f4a1ef\" style=\"text-transform:uppercase\">Cumplimiento normativo<\/h2>\n\n<\/div>\n<\/div>\n<div class=\"wp-bootstrap-blocks-container container\">\n\t\n\n<p>El tema del Cumplimiento ha adquirido una importancia considerable como consecuencia del constante crecimiento internacional de nuestra empresa y del aumento de los requisitos legales. En consecuencia, hemos implantado un Sistema de Informaci\u00f3n Interna, as\u00ed como un Procedimiento de Gesti\u00f3n de la Informaci\u00f3n. En el marco de este sistema, se ha establecido un Responsable del Sistema, as\u00ed como responsables que, en funci\u00f3n de la materia que corresponda en cada caso, est\u00e1n disponibles como personas de contacto neutrales e independientes para cualquier informaci\u00f3n relacionada con el tema de Compliance.<\/p>\n\n\n\n<p>Si existe alg\u00fan indicio de una (potencial) violaci\u00f3n de la ley en relaci\u00f3n con Henkell Freixenet, tiene la posibilidad de enviarnos, de forma totalmente confidencial, un mensaje a trav\u00e9s de nuestro canal interno de informaci\u00f3n.<\/p>\n\n\n\n<p>To know in detail the general principles regarding the Internal Information and Informant Defense System, as well as the Information Management Procedure, you can consult our Policy by clicking on the following <a href=\"https:\/\/grupofreixenet.com\/politica-sistema-interno-de-informacion.pdf\" target=\"_blank\" rel=\"noreferrer noopener\">link<\/a> .<\/p>\n\n\n\n<h3 class=\"wp-block-heading\">CANAL INTERNO DE INFORMACI\u00d3N<\/h3>\n\n\n\n<p>You have the option of making communications, both anonymously or not, through the following platform: <a href=\"http:\/\/www.report-securely.eu\/freixenet\">www.report-securely.eu\/freixenet<\/a><\/p>\n\n<\/div>\n","protected":false},"excerpt":{"rendered":"","protected":false},"author":1,"featured_media":0,"parent":0,"menu_order":0,"comment_status":"closed","ping_status":"open","template":"","meta":{"_acf_changed":false,"footnotes":""},"class_list":["post-2844","page","type-page","status-publish","hentry"],"acf":[],"yoast_head":"<!-- This site is optimized with the Yoast SEO plugin v27.4 - https:\/\/yoast.com\/product\/yoast-seo-wordpress\/ -->\n<title>Cumplimiento normativo - Freixenet Argentina<\/title>\n<meta name=\"robots\" content=\"index, follow, max-snippet:-1, max-image-preview:large, max-video-preview:-1\" \/>\n<link rel=\"canonical\" href=\"https:\/\/freixenet.com\/ar\/compliance\/\" \/>\n<meta property=\"og:locale\" content=\"es_ES\" \/>\n<meta property=\"og:type\" content=\"article\" \/>\n<meta property=\"og:title\" content=\"Cumplimiento normativo - Freixenet Argentina\" \/>\n<meta property=\"og:url\" content=\"https:\/\/freixenet.com\/ar\/compliance\/\" \/>\n<meta property=\"og:site_name\" content=\"Freixenet Argentina\" \/>\n<meta property=\"article:modified_time\" content=\"2025-06-16T13:42:15+00:00\" \/>\n<meta name=\"twitter:card\" content=\"summary_large_image\" \/>\n<meta name=\"twitter:label1\" content=\"Est. reading time\" \/>\n\t<meta name=\"twitter:data1\" content=\"1 minute\" \/>\n<script type=\"application\/ld+json\" class=\"yoast-schema-graph\">{\"@context\":\"https:\\\/\\\/schema.org\",\"@graph\":[{\"@type\":\"WebPage\",\"@id\":\"https:\\\/\\\/freixenet.com\\\/ar\\\/compliance\\\/\",\"url\":\"https:\\\/\\\/freixenet.com\\\/ar\\\/compliance\\\/\",\"name\":\"Cumplimiento normativo - Freixenet Argentina\",\"isPartOf\":{\"@id\":\"https:\\\/\\\/freixenet.com\\\/ar\\\/#website\"},\"datePublished\":\"2025-05-28T09:19:45+00:00\",\"dateModified\":\"2025-06-16T13:42:15+00:00\",\"breadcrumb\":{\"@id\":\"https:\\\/\\\/freixenet.com\\\/ar\\\/compliance\\\/#breadcrumb\"},\"inLanguage\":\"es-AR\",\"potentialAction\":[{\"@type\":\"ReadAction\",\"target\":[\"https:\\\/\\\/freixenet.com\\\/ar\\\/compliance\\\/\"]}]},{\"@type\":\"BreadcrumbList\",\"@id\":\"https:\\\/\\\/freixenet.com\\\/ar\\\/compliance\\\/#breadcrumb\",\"itemListElement\":[{\"@type\":\"ListItem\",\"position\":1,\"name\":\"Home\",\"item\":\"https:\\\/\\\/freixenet.com\\\/ar\\\/\"},{\"@type\":\"ListItem\",\"position\":2,\"name\":\"Cumplimiento normativo\"}]},{\"@type\":\"WebSite\",\"@id\":\"https:\\\/\\\/freixenet.com\\\/ar\\\/#website\",\"url\":\"https:\\\/\\\/freixenet.com\\\/ar\\\/\",\"name\":\"Freixenet Argentina\",\"description\":\"Las bodegas m\u00e1s emblem\u00e1ticas de Freixenet unen tradici\u00f3n e innovaci\u00f3n y cuentan con las cavas antiguas m\u00e1s profundas, ubicadas a 20 metros bajo tierra.\",\"publisher\":{\"@id\":\"https:\\\/\\\/freixenet.com\\\/ar\\\/#organization\"},\"potentialAction\":[{\"@type\":\"SearchAction\",\"target\":{\"@type\":\"EntryPoint\",\"urlTemplate\":\"https:\\\/\\\/freixenet.com\\\/ar\\\/?s={search_term_string}\"},\"query-input\":{\"@type\":\"PropertyValueSpecification\",\"valueRequired\":true,\"valueName\":\"search_term_string\"}}],\"inLanguage\":\"es-AR\"},{\"@type\":\"Organization\",\"@id\":\"https:\\\/\\\/freixenet.com\\\/ar\\\/#organization\",\"name\":\"Freixenet Argentina\",\"url\":\"https:\\\/\\\/freixenet.com\\\/ar\\\/\",\"logo\":{\"@type\":\"ImageObject\",\"inLanguage\":\"es-AR\",\"@id\":\"https:\\\/\\\/freixenet.com\\\/ar\\\/#\\\/schema\\\/logo\\\/image\\\/\",\"url\":\"https:\\\/\\\/freixenet.com\\\/app\\\/uploads\\\/sites\\\/11\\\/2025\\\/06\\\/freixenet-site-icon.png\",\"contentUrl\":\"https:\\\/\\\/freixenet.com\\\/app\\\/uploads\\\/sites\\\/11\\\/2025\\\/06\\\/freixenet-site-icon.png\",\"width\":512,\"height\":512,\"caption\":\"Freixenet Argentina\"},\"image\":{\"@id\":\"https:\\\/\\\/freixenet.com\\\/ar\\\/#\\\/schema\\\/logo\\\/image\\\/\"}}]}<\/script>\n<!-- \/ Yoast SEO plugin. -->","yoast_head_json":{"title":"Cumplimiento normativo - Freixenet Argentina","robots":{"index":"index","follow":"follow","max-snippet":"max-snippet:-1","max-image-preview":"max-image-preview:large","max-video-preview":"max-video-preview:-1"},"canonical":"https:\/\/freixenet.com\/ar\/compliance\/","og_locale":"es_ES","og_type":"article","og_title":"Cumplimiento normativo - Freixenet Argentina","og_url":"https:\/\/freixenet.com\/ar\/compliance\/","og_site_name":"Freixenet Argentina","article_modified_time":"2025-06-16T13:42:15+00:00","twitter_card":"summary_large_image","twitter_misc":{"Est. reading time":"1 minute"},"schema":{"@context":"https:\/\/schema.org","@graph":[{"@type":"WebPage","@id":"https:\/\/freixenet.com\/ar\/compliance\/","url":"https:\/\/freixenet.com\/ar\/compliance\/","name":"Cumplimiento normativo - Freixenet Argentina","isPartOf":{"@id":"https:\/\/freixenet.com\/ar\/#website"},"datePublished":"2025-05-28T09:19:45+00:00","dateModified":"2025-06-16T13:42:15+00:00","breadcrumb":{"@id":"https:\/\/freixenet.com\/ar\/compliance\/#breadcrumb"},"inLanguage":"es-AR","potentialAction":[{"@type":"ReadAction","target":["https:\/\/freixenet.com\/ar\/compliance\/"]}]},{"@type":"BreadcrumbList","@id":"https:\/\/freixenet.com\/ar\/compliance\/#breadcrumb","itemListElement":[{"@type":"ListItem","position":1,"name":"Home","item":"https:\/\/freixenet.com\/ar\/"},{"@type":"ListItem","position":2,"name":"Cumplimiento normativo"}]},{"@type":"WebSite","@id":"https:\/\/freixenet.com\/ar\/#website","url":"https:\/\/freixenet.com\/ar\/","name":"Freixenet Argentina","description":"Las bodegas m\u00e1s emblem\u00e1ticas de Freixenet unen tradici\u00f3n e innovaci\u00f3n y cuentan con las cavas antiguas m\u00e1s profundas, ubicadas a 20 metros bajo tierra.","publisher":{"@id":"https:\/\/freixenet.com\/ar\/#organization"},"potentialAction":[{"@type":"SearchAction","target":{"@type":"EntryPoint","urlTemplate":"https:\/\/freixenet.com\/ar\/?s={search_term_string}"},"query-input":{"@type":"PropertyValueSpecification","valueRequired":true,"valueName":"search_term_string"}}],"inLanguage":"es-AR"},{"@type":"Organization","@id":"https:\/\/freixenet.com\/ar\/#organization","name":"Freixenet Argentina","url":"https:\/\/freixenet.com\/ar\/","logo":{"@type":"ImageObject","inLanguage":"es-AR","@id":"https:\/\/freixenet.com\/ar\/#\/schema\/logo\/image\/","url":"https:\/\/freixenet.com\/app\/uploads\/sites\/11\/2025\/06\/freixenet-site-icon.png","contentUrl":"https:\/\/freixenet.com\/app\/uploads\/sites\/11\/2025\/06\/freixenet-site-icon.png","width":512,"height":512,"caption":"Freixenet Argentina"},"image":{"@id":"https:\/\/freixenet.com\/ar\/#\/schema\/logo\/image\/"}}]}},"_links":{"self":[{"href":"https:\/\/freixenet.com\/ar\/wp-json\/wp\/v2\/pages\/2844","targetHints":{"allow":["GET"]}}],"collection":[{"href":"https:\/\/freixenet.com\/ar\/wp-json\/wp\/v2\/pages"}],"about":[{"href":"https:\/\/freixenet.com\/ar\/wp-json\/wp\/v2\/types\/page"}],"author":[{"embeddable":true,"href":"https:\/\/freixenet.com\/ar\/wp-json\/wp\/v2\/users\/1"}],"replies":[{"embeddable":true,"href":"https:\/\/freixenet.com\/ar\/wp-json\/wp\/v2\/comments?post=2844"}],"version-history":[{"count":4,"href":"https:\/\/freixenet.com\/ar\/wp-json\/wp\/v2\/pages\/2844\/revisions"}],"predecessor-version":[{"id":3008,"href":"https:\/\/freixenet.com\/ar\/wp-json\/wp\/v2\/pages\/2844\/revisions\/3008"}],"wp:attachment":[{"href":"https:\/\/freixenet.com\/ar\/wp-json\/wp\/v2\/media?parent=2844"}],"curies":[{"name":"wp","href":"https:\/\/api.w.org\/{rel}","templated":true}]}}