{"id":2840,"date":"2025-05-28T09:17:27","date_gmt":"2025-05-28T09:17:27","guid":{"rendered":"https:\/\/freixenet.com\/ar\/cookies-policy\/"},"modified":"2026-02-25T12:09:43","modified_gmt":"2026-02-25T12:09:43","slug":"politica-de-cookies","status":"publish","type":"page","link":"https:\/\/freixenet.com\/ar\/politica-de-cookies\/","title":{"rendered":"Pol\u00edtica de Cookies"},"content":{"rendered":"\n<div class=\"wp-block-group is-vertical is-content-justification-center is-nowrap is-layout-flex wp-container-core-group-is-layout-a31effde wp-block-group-is-layout-flex\">\n<h2 class=\"wp-block-heading has-text-align-center has-secondary-color has-text-color has-link-color has-heading-4-xl-font-size wp-elements-a966d52dd7ed843cafaadc441f0056bd\" style=\"text-transform:uppercase\"><mark style=\"background-color:rgba(0, 0, 0, 0)\" class=\"has-inline-color has-current-color\">Pol\u00edtica de<\/mark><br><em>Cookies<\/em><\/h2>\n<\/div>\n\n\n<div class=\"wp-bootstrap-blocks-container container\">\n\t\n\n<p>Ponemos a disposici\u00f3n del usuario la presente pol\u00edtica de cookies, donde podr\u00e1n encontrar todos los detalles acerca del uso de cookies en nuestra p\u00e1gina web. Aconsejamos a los usuarios que visiten la presente pol\u00edtica de cookies con frecuencia, ya que \u00e9sta puede ser actualizada en cualquier momento.<\/p>\n\n\n\n<figure class=\"wp-block-table\"><table class=\"has-fixed-layout\"><tbody><tr><td>\u00bfQUI\u00c9N?<\/td><td>COMERCIAL GRUPO FREIXENET, S.A., con C.I.F. A-58588922, y domicilio social en Joan Sala 2, 08770 Sant Sadum\u00ed d\u2019Anoia, Barcelona (ESPA\u00d1A).<\/td><\/tr><tr><td>\u00bfQU\u00c9?<\/td><td>Las cookies son peque\u00f1os ficheros que se instalan en el equipo del usuario cuando \u00e9ste accede a un sitio web.<\/td><\/tr><tr><td>\u00bfCU\u00c1LES?<\/td><td>Los tipos de cookies utilizados en el sitio web son los siguientes:&nbsp;<a href=\"https:\/\/www.freixenet.es\/es\/politica-de-cookies#cookies\">tipos de cookies utilizados<\/a><\/td><\/tr><tr><td>\u00bfPOR Y PARA QU\u00c9?<\/td><td>Las finalidades de cada una de las cookies utilizadas son las siguientes:&nbsp;<a href=\"https:\/\/www.freixenet.es\/es\/politica-de-cookies#cookies\">tipos de cookies utilizados<\/a>.<\/td><\/tr><tr><td>\u00bfCU\u00c1NDO?<\/td><td>Sus datos personales ser\u00e1n conservados mientras sea necesario para lograr la finalidad para la que fueron recogidos. En los supuestos de aquellas cookies que requieran su consentimiento previo, los datos ser\u00e1n conservados mientras usted no revoque el consentimiento otorgado.<\/td><\/tr><tr><td>\u00bfD\u00d3NDE?<\/td><td>Es posible que el responsable necesite transferir sus datos a terceros, al utilizar cookies de terceros, siempre con el objetivo de lograr las finalidades propuestas. Si por alg\u00fan motivo se realizasen transferencias internacionales de datos fuera de la Uni\u00f3n Europea, se le informar\u00eda previamente y se solicitar\u00eda su consentimiento a tal efecto.<\/td><\/tr><tr><td>\u00bfC\u00d3MO?<\/td><td>Puede usted permitir o bloquear las cookies, as\u00ed como borrar sus datos de navegaci\u00f3n desde el navegador que usted utiliza. Consulte las opciones e instrucciones que ofrece su navegador para ello. Tenga en cuenta que, si acepta las cookies de terceros, deber\u00e1 eliminarlas desde las opciones del navegador.<\/td><\/tr><\/tbody><\/table><\/figure>\n\n\n\n<h2 class=\"wp-block-heading\">\u00bfQUI\u00c9N ES EL RESPONSABLE DE SUS DATOS?<\/h2>\n\n\n\n<p>Existe la posibilidad de que a trav\u00e9s de una cookie se recaben datos personales de los usuarios. El responsable de su recogida y tratamiento es la entidad COMERCIAL GRUPO FREIXENET, S.A., con C.I.F. A-58588922, y domicilio social en Joan Sala 2, 08770 Sant Sadum\u00ed d\u2019Anoia, Barcelona (ESPA\u00d1A).<\/p>\n\n\n\n<h2 class=\"wp-block-heading\">\u00bfQU\u00c9 SON LAS COOKIES?<\/h2>\n\n\n\n<p>Las cookies son peque\u00f1os ficheros que se instalan en el equipo del usuario cuando \u00e9ste accede a un sitio web. Las cookies permiten, entre otras cosas, almacenar y recuperar informaci\u00f3n sobre los h\u00e1bitos de navegaci\u00f3n de un usuario o de su equipo y, dependiendo de la informaci\u00f3n que contengan y de la forma en que utilice su equipo, dependiendo del tipo de cookie y de la informaci\u00f3n que recaben, pueden utilizarse para reconocer al usuario.<\/p>\n\n\n\n<h2 class=\"wp-block-heading\">TIPOS DE COOKIES<\/h2>\n\n\n\n<ul class=\"wp-block-list\">\n<li>a. Seg\u00fan la entidad que gestiones las cookies:\n<ul class=\"wp-block-list\">\n<li>Cookies propias:\u00a0son aqu\u00e9llas que se env\u00edan al dispositivo o terminal del usuario desde nuestro equipo o dominio, adem\u00e1s son gestionadas por nosotros mismos, como titulares y editores de la presente p\u00e1gina web.<\/li>\n\n\n\n<li>Cookies de terceros:\u00a0son aqu\u00e9llas que son enviadas al dispositivo o terminal del usuario desde un equipo o dominio que no es gestionado por nosotros mismos, sino por un tercero que tratar\u00e1 la informaci\u00f3n obtenida a trav\u00e9s de las cookies.<\/li>\n\n\n\n<li>Seg\u00fan el tiempo de conservaci\u00f3n:<\/li>\n\n\n\n<li>Cookies de sesi\u00f3n:\u00a0son aqu\u00e9llas que recaban y almacenan los datos cuando el usuario accede a la p\u00e1gina web y cesan una vez que el usuario sale de \u00e9sta.<\/li>\n\n\n\n<li>Cookies persistentes:\u00a0son aqu\u00e9llas que tienen una duraci\u00f3n determinada en el tiempo por el responsable del tratamiento. El tiempo de conservaci\u00f3n puede variar entre unos minutos a varios a\u00f1os. Se utilizan para guardar y recuperar ciertos par\u00e1metros cada vez que el usuario visite la p\u00e1gina web.<\/li>\n<\/ul>\n<\/li>\n\n\n\n<li>b. Seg\u00fan su finalidad:\n<ul class=\"wp-block-list\">\n<li>Cookies t\u00e9cnicas:\u00a0son aqu\u00e9llas imprescindibles y estrictamente necesarias para el correcto funcionamiento de la p\u00e1gina web y utilizar las diferentes opciones o servicios que ofrecemos. Por ejemplo, las que sirven para el mantenimiento de la sesi\u00f3n, la gesti\u00f3n del tiempo de respuesta, rendimiento o validaci\u00f3n de opciones, utilizar elementos de seguridad, compartir contenido con redes sociales, etc.<\/li>\n\n\n\n<li>Cookies de personalizaci\u00f3n:\u00a0son aqu\u00e9llas que permiten que el usuario pueda especificar o personalizar algunas caracter\u00edsticas de la p\u00e1gina web. Por ejemplo, definir el idioma, configuraci\u00f3n regional o tipo de navegador.<\/li>\n\n\n\n<li>Cookies de an\u00e1lisis:\u00a0son aqu\u00e9llas que nos permiten realizar un seguimiento y an\u00e1lisis del comportamiento del usuario en nuestra p\u00e1gina web para elaborar perfiles de navegaci\u00f3n y poder conocer las preferencias de los usuarios del mismo. Se suelen utilizar para medir la actividad del usuario con el objetivo de mejorar el servicio que le ofrecemos en funci\u00f3n de los resultados que obtenemos. Por ejemplo, mediante una cookie anal\u00edtica se controlar\u00edan las \u00e1reas geogr\u00e1ficas de mayor inter\u00e9s de un usuario, cu\u00e1l es el producto o servicio de m\u00e1s aceptaci\u00f3n, etc.<\/li>\n\n\n\n<li>Cookies publicitarias:\u00a0son aqu\u00e9llas que nos permiten la gesti\u00f3n de los espacios publicitarios en los sitios web.<\/li>\n\n\n\n<li>Cookies de publicidad comportamental:\u00a0son aqu\u00e9llas que permiten la gesti\u00f3n de los espacios publicitarios de nuestra p\u00e1gina web. La funci\u00f3n de estas cookies es almacenar informaci\u00f3n del comportamiento de los usuarios en nuestra p\u00e1gina web, para posteriormente mostrar publicidad personalizada.<\/li>\n<\/ul>\n<\/li>\n<\/ul>\n\n\n\n<h2 class=\"wp-block-heading\">\u00bfQU\u00c9 COOKIES UTILIZAMOS?<\/h2>\n\n\n\n<p>En concreto, utilizamos cookies de los siguientes terceros con las finalidades especificadas:<\/p>\n\n\n\n<figure class=\"wp-block-table\"><table class=\"has-fixed-layout\"><tbody><tr><td>Cookie<\/td><td>Prop\u00f3sito<\/td><\/tr><tr><td>RUL<\/td><td>Cookies necesarias para la utilizaci\u00f3n de las opciones y servicios del sitio web. Expira a los 12 meses.Al ser de Google Doubleclick, es posible que se lleven a cabo transferencias internacionales de datos, por lo que necesitamos su consentimiento para instalarlas.<\/td><\/tr><tr><td>__cf_bm<\/td><td>Cookies necesarias para la utilizaci\u00f3n de las opciones y servicios del sitio web. Expira con la sesi\u00f3n del usuario.Al ser de Fonts.net, es posible que se lleven a cabo transferencias internacionales de datos, por lo que necesitamos su consentimiento para instalarlas.<\/td><\/tr><tr><td>cookies_noticeunderAgeuser_lang<\/td><td>Cookies propias necesarias para la utilizaci\u00f3n de las opciones y servicios del sitio web. Expiran al mes, a excepci\u00f3n de la cookie \u201cuser_lang\u201d, que expira con la sesi\u00f3n.<\/td><\/tr><tr><td>_GRECAPTCHA<\/td><td>Cookies necesarias para la utilizaci\u00f3n de las opciones y servicios del sitio web. Expira al mes.Al ser de Google, es posible que se lleven a cabo transferencias internacionales de datos, por lo que necesitamos su consentimiento para instalarlas.<\/td><\/tr><tr><td>vuid<\/td><td>Cookies necesarias para la utilizaci\u00f3n de las opciones y servicios del sitio web. Expira a los dos a\u00f1os.Al ser de Vimeo, es posible que se lleven a cabo transferencias internacionales de datos, por lo que necesitamos su consentimiento para instalarlas.<\/td><\/tr><tr><td>CONSENT<\/td><td>Rastreador de consentimiento de cookies de Google. Expira a los 16 a\u00f1os.Al ser de Google, es posible que se lleven a cabo transferencias internacionales de datos, por lo que necesitamos su consentimiento para instalarlas.<\/td><\/tr><tr><td>1P_JAR<\/td><td>Estas cookies se establecen a trav\u00e9s de v\u00eddeos de youtube incrustados. Registran los datos estad\u00edsticos an\u00f3nimos sobre, por ejemplo, cu\u00e1ntas veces se reproduce el v\u00eddeo y las configuraciones que se utilizan para la reproducci\u00f3n.Al ser de Google, es posible que se lleven a cabo transferencias internacionales de datos, por lo que necesitamos su consentimiento para instalarlas.<\/td><\/tr><tr><td>_ga<\/td><td>Cookie propia, que permite identificar a los usuarios. Expira a los dos a\u00f1os.Estas cookies almacenan un identificador \u00fanico para reconocer al usuario las futuras ocasiones que visite el sitio web. Como consecuencia de ello, necesitamos su consentimiento para poder instalarlas.<\/td><\/tr><tr><td>_gat<\/td><td>Cookie propia utilizada para monitorizar el n\u00famero de peticiones al servidor de Google Analytics cuando se utiliza el Administrador de etiquetas Google. Expira con la sesi\u00f3n del usuario.<\/td><\/tr><tr><td>_gid<\/td><td>Cookie propia, que permite identificar a los usuarios durante 24 horas despu\u00e9s de la \u00faltima actividad. Expira a las 22 horas.<\/td><\/tr><tr><td>__Secure-3PAPISID__Secure-3PSID<\/td><td>Estas cookies se utilizan para entregar anuncios m\u00e1s relevantes para usted y sus intereses. Expiran a los 5 meses y al a\u00f1o, respectivamente.Al ser de Google, es posible que se lleven a cabo transferencias internacionales de datos, por lo que necesitamos su consentimiento para instalarlas.<\/td><\/tr><tr><td>IDE<\/td><td>Esta cookie se utiliza para la orientaci\u00f3n, el an\u00e1lisis y la optimizaci\u00f3n de las campa\u00f1as publicitarias en DoubleClick \/ Google Marketing Suite. Expira a los 7 meses.Al ser de Google Doubleclick, es posible que se lleven a cabo transferencias internacionales de datos, por lo que necesitamos su consentimiento para instalarlas.<\/td><\/tr><tr><td>_gcl_au<\/td><td>Cookie propia utilizada por Google AdSense para experimentar con la publicidad a trav\u00e9s de la eficiencia de sitios web que utilizan sus servicios. Expira a los 3 meses.Al ser utilizadas por Google, es posible que se lleven a cabo transferencias internacionales de datos, por lo que necesitamos su consentimiento para instalarlas.<\/td><\/tr><tr><td>APISIDHSIDSAPISIDSIDSSID<\/td><td>Descargar ciertas herramientas de Google y guardar ciertas preferencias, por ejemplo, el n\u00famero de resultados de la b\u00fasqueda por hoja o la activaci\u00f3n del filtro SafeSearch. Ajusta los anuncios que aparecen en la b\u00fasqueda de Google. Expiran a los 5 meses, a excepci\u00f3n de la cookie SID, que expira al a\u00f1o.Al ser de Google, es posible que se lleven a cabo transferencias internacionales de datos, por lo que necesitamos su consentimiento para instalarlas.<\/td><\/tr><tr><td>ANID<\/td><td>Google utiliza estas cookies para hacer publicidad m\u00e1s atractiva para los usuarios y m\u00e1s valiosa para los editores y anunciantes. Expira a los dos meses.Al ser de Google, es posible que se lleven a cabo transferencias internacionales de datos, por lo que necesitamos su consentimiento para instalarlas.<\/td><\/tr><tr><td>NID<\/td><td>Estas cookies se utilizan para recopilar estad\u00edsticas del sitio web y rastrear las tasas de conversi\u00f3n y la personalizaci\u00f3n de anuncios de Google. Expira en un mes.Al ser de Google, es posible que se lleven a cabo transferencias internacionales de datos, por lo que necesitamos su consentimiento para instalarlas.<\/td><\/tr><\/tbody><\/table><\/figure>\n\n\n\n<h2 class=\"wp-block-heading\">\u00bfC\u00d3MO DESHABILITAR O ELIMINAR LAS COOKIES?<\/h2>\n\n\n\n<p>El responsable pone a disposici\u00f3n de los usuarios el correspondiente panel de configuraci\u00f3n de las cookies. Gracias a este panel, los usuarios pueden aceptar o denegar todas y cada una de las cookies del sitio, tanto individual como colectivamente.<\/p>\n\n\n\n<p>Del mismo modo, los usuarios pueden, en cualquier momento, deshabilitar o eliminar las cookies enunciadas a trav\u00e9s de la configuraci\u00f3n de las opciones del navegador utilizado en su dispositivo o terminal. Los usuarios deben tener en cuenta que, si rechaza o borra las cookies de navegaci\u00f3n para la p\u00e1gina web, no podremos mantener sus preferencias y algunas caracter\u00edsticas del mismo no estar\u00e1n operativas, por lo que no podremos ofrecerle servicios personalizados y cada vez que vayan a navegar por nuestra p\u00e1gina web tendremos que solicitarle de nuevo su autorizaci\u00f3n para el uso de cookies.<\/p>\n\n\n\n<p>A continuaci\u00f3n, ofrecemos enlaces en los que el usuario encontrar\u00e1 informaci\u00f3n sobre c\u00f3mo activar tus preferencias en los principales navegadores:<\/p>\n\n\n\n<ul class=\"wp-block-list\">\n<li><a href=\"https:\/\/support.google.com\/chrome\/bin\/answer.py?hl=es&amp;answer=95647\" target=\"_blank\" rel=\"noreferrer noopener\">Configuraci\u00f3n de cookies para Google Chrome<\/a><\/li>\n\n\n\n<li><a href=\"https:\/\/support.mozilla.org\/es\/kb\/cookies-informacion-que-los-sitios-web-guardan-en-?redirectlocale=en-US&amp;redirectslug=Cookies\" target=\"_blank\" rel=\"noreferrer noopener\">Configuraci\u00f3n de cookies para Mozilla Firefox<\/a><\/li>\n\n\n\n<li><a href=\"https:\/\/support.microsoft.com\/kb\/196955\/es\" target=\"_blank\" rel=\"noreferrer noopener\">Configuraci\u00f3n de cookies para Internet Explorer<\/a><\/li>\n\n\n\n<li><a href=\"https:\/\/support.apple.com\/kb\/HT1677?viewlocale=es_ES\" target=\"_blank\" rel=\"noreferrer noopener\">Configuraci\u00f3n de cookies para Safari<\/a><\/li>\n<\/ul>\n\n\n\n<h2 class=\"wp-block-heading\">\u00bfA QUI\u00c9N VAN A SER COMUNICADOS SUS DATOS?<\/h2>\n\n\n\n<p>Con car\u00e1cter general, los datos de los usuarios recabados a trav\u00e9s de las cookies propias de este sitio web, no ser\u00e1n transferidos a terceras personas.<\/p>\n\n\n\n<p>Sin embargo, con motivo de la utilizaci\u00f3n de cookies de terceros, es posible que los datos recabados sean transferidos fuera de la Uni\u00f3n Europea, debido a que estas cookies pueden estar alojadas fuera del Espacio Econ\u00f3mico Europeo.<\/p>\n\n\n\n<p>Estas cookies que pueden encontrarse alojadas fuera de la UE son gestionadas por:<\/p>\n\n\n\n<ul class=\"wp-block-list\">\n<li>\n<ul class=\"wp-block-list\">\n<li>Google, cuyas Pol\u00edticas de Cookies puede consultar en los siguientes links:\u00a0<a href=\"https:\/\/developers.google.com\/analytics\/devguides\/collection\/analyticsjs\/cookies-user-id?hl=es\">https:\/\/developers.google.com\/analytics\/devguides\/collection\/analyticsjs\/cookies-user-id?hl=es<\/a>\u00a0;\u00a0<a href=\"https:\/\/safety.google\/privacy\/privacy-controls\/\">https:\/\/safety.google\/privacy\/privacy-controls\/<\/a>.<\/li>\n\n\n\n<li>Vimeo, cuya Pol\u00edtica de Cookies puede consultar en el siguiente link:\u00a0<a href=\"https:\/\/vimeo.com\/cookie_policy\">https:\/\/vimeo.com\/cookie_policy<\/a>.<\/li>\n<\/ul>\n<\/li>\n<\/ul>\n\n\n\n<h2 class=\"wp-block-heading\">\u00bfELABORACI\u00d3N DE PERFILES?<\/h2>\n\n\n\n<p>Asimismo, le informamos de que el responsable no tiene previsto realizar elaboraciones de perfiles con los datos recabados mediante las cookies empleadas en el sitio web.<\/p>\n\n\n\n<p>Si en el futuro fuesen a llevarse a cabo, se informar\u00eda previamente a los usuarios y se les solicitar\u00eda el pertinente consentimiento.<\/p>\n\n\n\n<h2 class=\"wp-block-heading\">M\u00c1S INFORMACI\u00d3N<\/h2>\n\n\n\n<p>Si tienes cualquier pregunta sobre c\u00f3mo usamos las cookies, y no est\u00e1 contestada en esta Pol\u00edtica de Cookies, por favor, m\u00e1ndenos tus comentarios a trav\u00e9s del correo electr\u00f3nico&nbsp;<a href=\"mailto:gdpr@freixenet.es\">gdpr@freixenet.es&nbsp;<\/a>.<\/p>\n\n\n\n<p>Si necesitas obtener m\u00e1s informaci\u00f3n sobre el uso de cookies por parte de sitios web, puedes consultar la&nbsp;<a href=\"https:\/\/www.boe.es\/buscar\/act.php?id=BOE-A-2002-13758\" target=\"_blank\" rel=\"noreferrer noopener\">Ley 34\/2002, de 11 de julio, de servicios de la sociedad de la informaci\u00f3n y de comercio electr\u00f3nico<\/a>&nbsp;y la&nbsp;<a href=\"https:\/\/www.agpd.es\/portalwebAGPD\/canaldocumentacion\/publicaciones\/common\/Guias\/Guia_Cookies.pdf\" target=\"_blank\" rel=\"noreferrer noopener\">Gu\u00eda sobre el Uso de Cookies publicada por la Agencia de Protecci\u00f3n de Datos<\/a>.<\/p>\n\n\n\n<p>Asimismo, puedes dirigirte al portal&nbsp;<a href=\"http:\/\/www.youronlinechoices.com\/es\/\" target=\"_blank\" rel=\"noreferrer noopener\">Your Online Choices<\/a>&nbsp;d\u00f3nde adem\u00e1s de encontrar informaci\u00f3n \u00fatil, podr\u00e1s configurar, proveedor por proveedor, tus preferencias sobre las cookies publicitarias de terceros.<\/p>\n\n<\/div>\n","protected":false},"excerpt":{"rendered":"<p>Pol\u00edtica deCookies<\/p>\n","protected":false},"author":1,"featured_media":0,"parent":0,"menu_order":0,"comment_status":"closed","ping_status":"open","template":"","meta":{"_acf_changed":false,"footnotes":""},"class_list":["post-2840","page","type-page","status-publish","hentry"],"acf":[],"yoast_head":"<!-- This site is optimized with the Yoast SEO plugin v27.4 - https:\/\/yoast.com\/product\/yoast-seo-wordpress\/ -->\n<title>Pol\u00edtica de Cookies - Freixenet Argentina<\/title>\n<meta name=\"robots\" content=\"index, follow, max-snippet:-1, max-image-preview:large, max-video-preview:-1\" \/>\n<link rel=\"canonical\" href=\"https:\/\/freixenet.com\/ar\/politica-de-cookies\/\" \/>\n<meta property=\"og:locale\" content=\"es_ES\" \/>\n<meta property=\"og:type\" content=\"article\" \/>\n<meta property=\"og:title\" content=\"Pol\u00edtica de Cookies - Freixenet Argentina\" \/>\n<meta property=\"og:description\" content=\"Pol\u00edtica deCookies\" \/>\n<meta property=\"og:url\" content=\"https:\/\/freixenet.com\/ar\/politica-de-cookies\/\" \/>\n<meta property=\"og:site_name\" content=\"Freixenet Argentina\" \/>\n<meta property=\"article:modified_time\" content=\"2026-02-25T12:09:43+00:00\" \/>\n<meta name=\"twitter:card\" content=\"summary_large_image\" \/>\n<meta name=\"twitter:label1\" content=\"Est. reading time\" \/>\n\t<meta name=\"twitter:data1\" content=\"10 minutes\" \/>\n<script type=\"application\/ld+json\" class=\"yoast-schema-graph\">{\"@context\":\"https:\\\/\\\/schema.org\",\"@graph\":[{\"@type\":\"WebPage\",\"@id\":\"https:\\\/\\\/freixenet.com\\\/ar\\\/politica-de-cookies\\\/\",\"url\":\"https:\\\/\\\/freixenet.com\\\/ar\\\/politica-de-cookies\\\/\",\"name\":\"Pol\u00edtica de Cookies - Freixenet Argentina\",\"isPartOf\":{\"@id\":\"https:\\\/\\\/freixenet.com\\\/ar\\\/#website\"},\"datePublished\":\"2025-05-28T09:17:27+00:00\",\"dateModified\":\"2026-02-25T12:09:43+00:00\",\"breadcrumb\":{\"@id\":\"https:\\\/\\\/freixenet.com\\\/ar\\\/politica-de-cookies\\\/#breadcrumb\"},\"inLanguage\":\"es-AR\",\"potentialAction\":[{\"@type\":\"ReadAction\",\"target\":[\"https:\\\/\\\/freixenet.com\\\/ar\\\/politica-de-cookies\\\/\"]}]},{\"@type\":\"BreadcrumbList\",\"@id\":\"https:\\\/\\\/freixenet.com\\\/ar\\\/politica-de-cookies\\\/#breadcrumb\",\"itemListElement\":[{\"@type\":\"ListItem\",\"position\":1,\"name\":\"Home\",\"item\":\"https:\\\/\\\/freixenet.com\\\/ar\\\/\"},{\"@type\":\"ListItem\",\"position\":2,\"name\":\"Pol\u00edtica de Cookies\"}]},{\"@type\":\"WebSite\",\"@id\":\"https:\\\/\\\/freixenet.com\\\/ar\\\/#website\",\"url\":\"https:\\\/\\\/freixenet.com\\\/ar\\\/\",\"name\":\"Freixenet Argentina\",\"description\":\"Las bodegas m\u00e1s emblem\u00e1ticas de Freixenet unen tradici\u00f3n e innovaci\u00f3n y cuentan con las cavas antiguas m\u00e1s profundas, ubicadas a 20 metros bajo tierra.\",\"publisher\":{\"@id\":\"https:\\\/\\\/freixenet.com\\\/ar\\\/#organization\"},\"potentialAction\":[{\"@type\":\"SearchAction\",\"target\":{\"@type\":\"EntryPoint\",\"urlTemplate\":\"https:\\\/\\\/freixenet.com\\\/ar\\\/?s={search_term_string}\"},\"query-input\":{\"@type\":\"PropertyValueSpecification\",\"valueRequired\":true,\"valueName\":\"search_term_string\"}}],\"inLanguage\":\"es-AR\"},{\"@type\":\"Organization\",\"@id\":\"https:\\\/\\\/freixenet.com\\\/ar\\\/#organization\",\"name\":\"Freixenet Argentina\",\"url\":\"https:\\\/\\\/freixenet.com\\\/ar\\\/\",\"logo\":{\"@type\":\"ImageObject\",\"inLanguage\":\"es-AR\",\"@id\":\"https:\\\/\\\/freixenet.com\\\/ar\\\/#\\\/schema\\\/logo\\\/image\\\/\",\"url\":\"https:\\\/\\\/freixenet.com\\\/app\\\/uploads\\\/sites\\\/11\\\/2025\\\/06\\\/freixenet-site-icon.png\",\"contentUrl\":\"https:\\\/\\\/freixenet.com\\\/app\\\/uploads\\\/sites\\\/11\\\/2025\\\/06\\\/freixenet-site-icon.png\",\"width\":512,\"height\":512,\"caption\":\"Freixenet Argentina\"},\"image\":{\"@id\":\"https:\\\/\\\/freixenet.com\\\/ar\\\/#\\\/schema\\\/logo\\\/image\\\/\"}}]}<\/script>\n<!-- \/ Yoast SEO plugin. -->","yoast_head_json":{"title":"Pol\u00edtica de Cookies - Freixenet Argentina","robots":{"index":"index","follow":"follow","max-snippet":"max-snippet:-1","max-image-preview":"max-image-preview:large","max-video-preview":"max-video-preview:-1"},"canonical":"https:\/\/freixenet.com\/ar\/politica-de-cookies\/","og_locale":"es_ES","og_type":"article","og_title":"Pol\u00edtica de Cookies - Freixenet Argentina","og_description":"Pol\u00edtica deCookies","og_url":"https:\/\/freixenet.com\/ar\/politica-de-cookies\/","og_site_name":"Freixenet Argentina","article_modified_time":"2026-02-25T12:09:43+00:00","twitter_card":"summary_large_image","twitter_misc":{"Est. reading time":"10 minutes"},"schema":{"@context":"https:\/\/schema.org","@graph":[{"@type":"WebPage","@id":"https:\/\/freixenet.com\/ar\/politica-de-cookies\/","url":"https:\/\/freixenet.com\/ar\/politica-de-cookies\/","name":"Pol\u00edtica de Cookies - Freixenet Argentina","isPartOf":{"@id":"https:\/\/freixenet.com\/ar\/#website"},"datePublished":"2025-05-28T09:17:27+00:00","dateModified":"2026-02-25T12:09:43+00:00","breadcrumb":{"@id":"https:\/\/freixenet.com\/ar\/politica-de-cookies\/#breadcrumb"},"inLanguage":"es-AR","potentialAction":[{"@type":"ReadAction","target":["https:\/\/freixenet.com\/ar\/politica-de-cookies\/"]}]},{"@type":"BreadcrumbList","@id":"https:\/\/freixenet.com\/ar\/politica-de-cookies\/#breadcrumb","itemListElement":[{"@type":"ListItem","position":1,"name":"Home","item":"https:\/\/freixenet.com\/ar\/"},{"@type":"ListItem","position":2,"name":"Pol\u00edtica de Cookies"}]},{"@type":"WebSite","@id":"https:\/\/freixenet.com\/ar\/#website","url":"https:\/\/freixenet.com\/ar\/","name":"Freixenet Argentina","description":"Las bodegas m\u00e1s emblem\u00e1ticas de Freixenet unen tradici\u00f3n e innovaci\u00f3n y cuentan con las cavas antiguas m\u00e1s profundas, ubicadas a 20 metros bajo tierra.","publisher":{"@id":"https:\/\/freixenet.com\/ar\/#organization"},"potentialAction":[{"@type":"SearchAction","target":{"@type":"EntryPoint","urlTemplate":"https:\/\/freixenet.com\/ar\/?s={search_term_string}"},"query-input":{"@type":"PropertyValueSpecification","valueRequired":true,"valueName":"search_term_string"}}],"inLanguage":"es-AR"},{"@type":"Organization","@id":"https:\/\/freixenet.com\/ar\/#organization","name":"Freixenet Argentina","url":"https:\/\/freixenet.com\/ar\/","logo":{"@type":"ImageObject","inLanguage":"es-AR","@id":"https:\/\/freixenet.com\/ar\/#\/schema\/logo\/image\/","url":"https:\/\/freixenet.com\/app\/uploads\/sites\/11\/2025\/06\/freixenet-site-icon.png","contentUrl":"https:\/\/freixenet.com\/app\/uploads\/sites\/11\/2025\/06\/freixenet-site-icon.png","width":512,"height":512,"caption":"Freixenet Argentina"},"image":{"@id":"https:\/\/freixenet.com\/ar\/#\/schema\/logo\/image\/"}}]}},"_links":{"self":[{"href":"https:\/\/freixenet.com\/ar\/wp-json\/wp\/v2\/pages\/2840","targetHints":{"allow":["GET"]}}],"collection":[{"href":"https:\/\/freixenet.com\/ar\/wp-json\/wp\/v2\/pages"}],"about":[{"href":"https:\/\/freixenet.com\/ar\/wp-json\/wp\/v2\/types\/page"}],"author":[{"embeddable":true,"href":"https:\/\/freixenet.com\/ar\/wp-json\/wp\/v2\/users\/1"}],"replies":[{"embeddable":true,"href":"https:\/\/freixenet.com\/ar\/wp-json\/wp\/v2\/comments?post=2840"}],"version-history":[{"count":2,"href":"https:\/\/freixenet.com\/ar\/wp-json\/wp\/v2\/pages\/2840\/revisions"}],"predecessor-version":[{"id":2852,"href":"https:\/\/freixenet.com\/ar\/wp-json\/wp\/v2\/pages\/2840\/revisions\/2852"}],"wp:attachment":[{"href":"https:\/\/freixenet.com\/ar\/wp-json\/wp\/v2\/media?parent=2840"}],"curies":[{"name":"wp","href":"https:\/\/api.w.org\/{rel}","templated":true}]}}