{"id":2606,"date":"2025-02-28T10:02:26","date_gmt":"2025-02-28T10:02:26","guid":{"rendered":"https:\/\/freixenet.com\/contacto\/"},"modified":"2025-07-02T08:42:55","modified_gmt":"2025-07-02T08:42:55","slug":"contacto","status":"publish","type":"page","link":"https:\/\/freixenet.com\/ar\/contacto\/","title":{"rendered":"Contacto"},"content":{"rendered":"<div class=\"wp-bootstrap-blocks-container container-fluid mb-0\">\n\t\n<div class=\"wp-bootstrap-blocks-row row gx-0 align-items-center\">\n\t\n\n<div class=\"col-12 col-md-6 col-lg-5 offset-lg-1\">\n\t\t\t<div class=\"custom-column-padding--medium\">\n\t\t\t\n\n<div class=\"wp-block-group is-vertical is-content-justification-center is-nowrap is-layout-flex wp-container-core-group-is-layout-2e126178 wp-block-group-is-layout-flex\" style=\"margin-bottom:var(--wp--preset--spacing--lg)\">\n<h1 class=\"wp-block-heading has-text-align-center title-tag has-accent-dim-600-color has-text-color has-link-color has-heading-4-xs-font-size wp-elements-2ddb5d87cbaed2460f29f8efbc3b734f\">Contacto<\/h1>\n\n\n\n<h2 class=\"wp-block-heading has-text-align-center has-secondary-color has-text-color has-link-color has-heading-4-xl-font-size wp-elements-762448e3759abcd73ab18d2b73193864\" style=\"text-transform:uppercase\"> <mark style=\"background-color:rgba(0, 0, 0, 0)\" class=\"has-inline-color has-current-color\">Contacta<br\/><\/mark><em>con nosotros<\/em><\/h2>\n<\/div>\n\n\n\n<div class=\"wp-block-contact-form-7-contact-form-selector\">\n<div class=\"wpcf7 no-js\" id=\"wpcf7-f3484-o1\" lang=\"en-US\" dir=\"ltr\" data-wpcf7-id=\"3484\">\n<div class=\"screen-reader-response\"><p role=\"status\" aria-live=\"polite\" aria-atomic=\"true\"><\/p> <ul><\/ul><\/div>\n<form action=\"\/ar\/wp-json\/wp\/v2\/pages\/2606#wpcf7-f3484-o1\" method=\"post\" class=\"wpcf7-form init cf7mls-no-scroll cf7mls-auto-return-first-step cf7mls-no-moving-animation\" aria-label=\"Contact form\" novalidate=\"novalidate\" data-status=\"init\">\n<fieldset class=\"hidden-fields-container\"><input type=\"hidden\" name=\"_wpcf7\" value=\"3484\" \/><input type=\"hidden\" name=\"_wpcf7_version\" value=\"6.1.5\" \/><input type=\"hidden\" name=\"_wpcf7_locale\" value=\"en_US\" \/><input type=\"hidden\" name=\"_wpcf7_unit_tag\" value=\"wpcf7-f3484-o1\" \/><input type=\"hidden\" name=\"_wpcf7_container_post\" value=\"0\" \/><input type=\"hidden\" name=\"_wpcf7_posted_data_hash\" value=\"\" \/>\n<\/fieldset>\n<div class=\"form-panel custom-layout flex flex-wrap gap-2-xs\">\n\n<div class=\"field-wrapper flex flex-col half-width\">\n <label>Nombre<\/label>\n <span class=\"wpcf7-form-control-wrap\" data-name=\"first-name\"><input size=\"40\" maxlength=\"400\" class=\"wpcf7-form-control wpcf7-text wpcf7-validates-as-required w-full\" autocomplete=\"given-name\" aria-required=\"true\" aria-invalid=\"false\" placeholder=\"Nombre\" value=\"\" type=\"text\" name=\"first-name\" \/><\/span>\n<\/div>\n\n<div class=\"field-wrapper flex flex-col half-width\">\n <label>Apellidos<\/label>\n <span class=\"wpcf7-form-control-wrap\" data-name=\"last-name\"><input size=\"40\" maxlength=\"400\" class=\"wpcf7-form-control wpcf7-text wpcf7-validates-as-required w-full\" autocomplete=\"family-name\" aria-required=\"true\" aria-invalid=\"false\" placeholder=\"Apellidos\" value=\"\" type=\"text\" name=\"last-name\" \/><\/span>\n<\/div>\n\n<div class=\"field-wrapper flex flex-col half-width\">\n <label>Correo electr\u00f3nico<\/label>\n <span class=\"wpcf7-form-control-wrap\" data-name=\"email\"><input size=\"40\" maxlength=\"400\" class=\"wpcf7-form-control wpcf7-email wpcf7-validates-as-required wpcf7-text wpcf7-validates-as-email w-full\" autocomplete=\"email\" aria-required=\"true\" aria-invalid=\"false\" placeholder=\"nombre@dominio.com\" value=\"\" type=\"email\" name=\"email\" \/><\/span>\n<\/div>\n\n<div class=\"field-wrapper flex flex-col half-width\">\n <label>Tel\u00e9fono<\/label>\n <span class=\"wpcf7-form-control-wrap\" data-name=\"phone\"><input size=\"40\" maxlength=\"400\" class=\"wpcf7-form-control wpcf7-tel wpcf7-validates-as-required wpcf7-text wpcf7-validates-as-tel w-full\" id=\"your-phone\" aria-required=\"true\" aria-invalid=\"false\" placeholder=\"Tu n\u00famero de tel\u00e9fono\" value=\"\" type=\"tel\" name=\"phone\" \/><\/span>\n<\/div>\n\n<div class=\"field-wrapper flex flex-col w-full\">\n <label>Pa\u00eds<\/label>\n<span class=\"wpcf7-form-control-wrap\" data-name=\"country\"><select class=\"wpcf7-form-control wpcf7-select wpcf7-validates-as-required w-full\" autocomplete=\"country-name\" aria-required=\"true\" aria-invalid=\"false\" name=\"country\"><option value=\"\">Elige una opci\u00f3n<\/option><option value=\"Afganist\u00e1n\">Afganist\u00e1n<\/option><option value=\"Albania\">Albania<\/option><option value=\"Argelia\">Argelia<\/option><option value=\"Andorra\">Andorra<\/option><option value=\"Angola\">Angola<\/option><option value=\"Antigua y Barbuda\">Antigua y Barbuda<\/option><option value=\"Argentina\">Argentina<\/option><option value=\"Armenia\">Armenia<\/option><option value=\"Australia\">Australia<\/option><option value=\"Austria\">Austria<\/option><option value=\"Azerbaiy\u00e1n\">Azerbaiy\u00e1n<\/option><option value=\"Bahamas\">Bahamas<\/option><option value=\"Bar\u00e9in\">Bar\u00e9in<\/option><option value=\"Banglad\u00e9s\">Banglad\u00e9s<\/option><option value=\"Barbados\">Barbados<\/option><option value=\"Bielorrusia\">Bielorrusia<\/option><option value=\"B\u00e9lgica\">B\u00e9lgica<\/option><option value=\"Belice\">Belice<\/option><option value=\"Ben\u00edn\">Ben\u00edn<\/option><option value=\"But\u00e1n\">But\u00e1n<\/option><option value=\"Bolivia\">Bolivia<\/option><option value=\"Bosnia y Herzegovina\">Bosnia y Herzegovina<\/option><option value=\"Botsuana\">Botsuana<\/option><option value=\"Brasil\">Brasil<\/option><option value=\"Brun\u00e9i\">Brun\u00e9i<\/option><option value=\"Bulgaria\">Bulgaria<\/option><option value=\"Burkina Faso\">Burkina Faso<\/option><option value=\"Burundi\">Burundi<\/option><option value=\"Cabo Verde\">Cabo Verde<\/option><option value=\"Camboya\">Camboya<\/option><option value=\"Camer\u00fan\">Camer\u00fan<\/option><option value=\"Canad\u00e1\">Canad\u00e1<\/option><option value=\"Rep\u00fablica Centroafricana\">Rep\u00fablica Centroafricana<\/option><option value=\"Chad\">Chad<\/option><option value=\"Chile\">Chile<\/option><option value=\"China\">China<\/option><option value=\"Colombia\">Colombia<\/option><option value=\"Comoras\">Comoras<\/option><option value=\"Congo\">Congo<\/option><option value=\"Costa Rica\">Costa Rica<\/option><option value=\"Croacia\">Croacia<\/option><option value=\"Cuba\">Cuba<\/option><option value=\"Chipre\">Chipre<\/option><option value=\"Chequia\">Chequia<\/option><option value=\"Rep\u00fablica Democr\u00e1tica del Congo\">Rep\u00fablica Democr\u00e1tica del Congo<\/option><option value=\"Dinamarca\">Dinamarca<\/option><option value=\"Yibuti\">Yibuti<\/option><option value=\"Dominica\">Dominica<\/option><option value=\"Rep\u00fablica Dominicana\">Rep\u00fablica Dominicana<\/option><option value=\"Timor Oriental\">Timor Oriental<\/option><option value=\"Ecuador\">Ecuador<\/option><option value=\"Egipto\">Egipto<\/option><option value=\"El Salvador\">El Salvador<\/option><option value=\"Guinea Ecuatorial\">Guinea Ecuatorial<\/option><option value=\"Eritrea\">Eritrea<\/option><option value=\"Estonia\">Estonia<\/option><option value=\"Esuatini\">Esuatini<\/option><option value=\"Etiop\u00eda\">Etiop\u00eda<\/option><option value=\"Fiyi\">Fiyi<\/option><option value=\"Finlandia\">Finlandia<\/option><option value=\"Francia\">Francia<\/option><option value=\"Gab\u00f3n\">Gab\u00f3n<\/option><option value=\"Gambia\">Gambia<\/option><option value=\"Georgia\">Georgia<\/option><option value=\"Alemania\">Alemania<\/option><option value=\"Ghana\">Ghana<\/option><option value=\"Grecia\">Grecia<\/option><option value=\"Granada\">Granada<\/option><option value=\"Guatemala\">Guatemala<\/option><option value=\"Guinea\">Guinea<\/option><option value=\"Guinea-Bis\u00e1u\">Guinea-Bis\u00e1u<\/option><option value=\"Guyana\">Guyana<\/option><option value=\"Hait\u00ed\">Hait\u00ed<\/option><option value=\"Honduras\">Honduras<\/option><option value=\"Hungr\u00eda\">Hungr\u00eda<\/option><option value=\"Islandia\">Islandia<\/option><option value=\"India\">India<\/option><option value=\"Indonesia\">Indonesia<\/option><option value=\"Ir\u00e1n\">Ir\u00e1n<\/option><option value=\"Irak\">Irak<\/option><option value=\"Irlanda\">Irlanda<\/option><option value=\"Israel\">Israel<\/option><option value=\"Italia\">Italia<\/option><option value=\"Costa de Marfil\">Costa de Marfil<\/option><option value=\"Jamaica\">Jamaica<\/option><option value=\"Jap\u00f3n\">Jap\u00f3n<\/option><option value=\"Jordania\">Jordania<\/option><option value=\"Kazajist\u00e1n\">Kazajist\u00e1n<\/option><option value=\"Kenia\">Kenia<\/option><option value=\"Kiribati\">Kiribati<\/option><option value=\"Kosovo\">Kosovo<\/option><option value=\"Kuwait\">Kuwait<\/option><option value=\"Kirguist\u00e1n\">Kirguist\u00e1n<\/option><option value=\"Laos\">Laos<\/option><option value=\"Letonia\">Letonia<\/option><option value=\"L\u00edbano\">L\u00edbano<\/option><option value=\"Lesoto\">Lesoto<\/option><option value=\"Liberia\">Liberia<\/option><option value=\"Libia\">Libia<\/option><option value=\"Liechtenstein\">Liechtenstein<\/option><option value=\"Lituania\">Lituania<\/option><option value=\"Luxemburgo\">Luxemburgo<\/option><option value=\"Madagascar\">Madagascar<\/option><option value=\"Malaui\">Malaui<\/option><option value=\"Malasia\">Malasia<\/option><option value=\"Maldivas\">Maldivas<\/option><option value=\"Mal\u00ed\">Mal\u00ed<\/option><option value=\"Malta\">Malta<\/option><option value=\"Islas Marshall\">Islas Marshall<\/option><option value=\"Mauritania\">Mauritania<\/option><option value=\"Mauricio\">Mauricio<\/option><option value=\"M\u00e9xico\">M\u00e9xico<\/option><option value=\"Micronesia\">Micronesia<\/option><option value=\"Moldavia\">Moldavia<\/option><option value=\"M\u00f3naco\">M\u00f3naco<\/option><option value=\"Mongolia\">Mongolia<\/option><option value=\"Montenegro\">Montenegro<\/option><option value=\"Marruecos\">Marruecos<\/option><option value=\"Mozambique\">Mozambique<\/option><option value=\"Birmania\">Birmania<\/option><option value=\"Namibia\">Namibia<\/option><option value=\"Nauru\">Nauru<\/option><option value=\"Nepal\">Nepal<\/option><option value=\"Pa\u00edses Bajos\">Pa\u00edses Bajos<\/option><option value=\"Nueva Zelanda\">Nueva Zelanda<\/option><option value=\"Nicaragua\">Nicaragua<\/option><option value=\"N\u00edger\">N\u00edger<\/option><option value=\"Nigeria\">Nigeria<\/option><option value=\"Corea del Norte\">Corea del Norte<\/option><option value=\"Macedonia del Norte\">Macedonia del Norte<\/option><option value=\"Noruega\">Noruega<\/option><option value=\"Om\u00e1n\">Om\u00e1n<\/option><option value=\"Pakist\u00e1n\">Pakist\u00e1n<\/option><option value=\"Palaos\">Palaos<\/option><option value=\"Palestina\">Palestina<\/option><option value=\"Panam\u00e1\">Panam\u00e1<\/option><option value=\"Pap\u00faa Nueva Guinea\">Pap\u00faa Nueva Guinea<\/option><option value=\"Paraguay\">Paraguay<\/option><option value=\"Per\u00fa\">Per\u00fa<\/option><option value=\"Filipinas\">Filipinas<\/option><option value=\"Polonia\">Polonia<\/option><option value=\"Portugal\">Portugal<\/option><option value=\"Catar\">Catar<\/option><option value=\"Ruman\u00eda\">Ruman\u00eda<\/option><option value=\"Rusia\">Rusia<\/option><option value=\"Ruanda\">Ruanda<\/option><option value=\"San Crist\u00f3bal y Nieves\">San Crist\u00f3bal y Nieves<\/option><option value=\"Santa Luc\u00eda\">Santa Luc\u00eda<\/option><option value=\"San Vicente y las Granadinas\">San Vicente y las Granadinas<\/option><option value=\"Samoa\">Samoa<\/option><option value=\"San Marino\">San Marino<\/option><option value=\"Santo Tom\u00e9 y Pr\u00edncipe\">Santo Tom\u00e9 y Pr\u00edncipe<\/option><option value=\"Arabia Saudita\">Arabia Saudita<\/option><option value=\"Senegal\">Senegal<\/option><option value=\"Serbia\">Serbia<\/option><option value=\"Seychelles\">Seychelles<\/option><option value=\"Sierra Leona\">Sierra Leona<\/option><option value=\"Singapur\">Singapur<\/option><option value=\"Eslovaquia\">Eslovaquia<\/option><option value=\"Eslovenia\">Eslovenia<\/option><option value=\"Islas Salom\u00f3n\">Islas Salom\u00f3n<\/option><option value=\"Somalia\">Somalia<\/option><option value=\"Sud\u00e1frica\">Sud\u00e1frica<\/option><option value=\"Corea del Sur\">Corea del Sur<\/option><option value=\"Sud\u00e1n del Sur\">Sud\u00e1n del Sur<\/option><option value=\"Espa\u00f1a\">Espa\u00f1a<\/option><option value=\"Sri Lanka\">Sri Lanka<\/option><option value=\"Sud\u00e1n\">Sud\u00e1n<\/option><option value=\"Surinam\">Surinam<\/option><option value=\"Suecia\">Suecia<\/option><option value=\"Suiza\">Suiza<\/option><option value=\"Siria\">Siria<\/option><option value=\"Taiw\u00e1n\">Taiw\u00e1n<\/option><option value=\"Tayikist\u00e1n\">Tayikist\u00e1n<\/option><option value=\"Tanzania\">Tanzania<\/option><option value=\"Tailandia\">Tailandia<\/option><option value=\"Togo\">Togo<\/option><option value=\"Tonga\">Tonga<\/option><option value=\"Trinidad y Tobago\">Trinidad y Tobago<\/option><option value=\"T\u00fanez\">T\u00fanez<\/option><option value=\"Turqu\u00eda\">Turqu\u00eda<\/option><option value=\"Turkmenist\u00e1n\">Turkmenist\u00e1n<\/option><option value=\"Tuvalu\">Tuvalu<\/option><option value=\"Uganda\">Uganda<\/option><option value=\"Ucrania\">Ucrania<\/option><option value=\"Emiratos \u00c1rabes Unidos\">Emiratos \u00c1rabes Unidos<\/option><option value=\"Reino Unido\">Reino Unido<\/option><option value=\"Estados Unidos\">Estados Unidos<\/option><option value=\"Uruguay\">Uruguay<\/option><option value=\"Uzbekist\u00e1n\">Uzbekist\u00e1n<\/option><option value=\"Vanuatu\">Vanuatu<\/option><option value=\"Ciudad del Vaticano\">Ciudad del Vaticano<\/option><option value=\"Venezuela\">Venezuela<\/option><option value=\"Vietnam\">Vietnam<\/option><option value=\"Yemen\">Yemen<\/option><option value=\"Zambia\">Zambia<\/option><option value=\"Zimbabue\">Zimbabue<\/option><\/select><\/span>\n<\/div>\n\n<div class=\"field-wrapper flex flex-col w-full\">\n <label>D\u00e9janos unas palabras y te responderemos<\/label>\n<span class=\"wpcf7-form-control-wrap\" data-name=\"comments\"><textarea cols=\"10\" rows=\"2\" maxlength=\"2000\" class=\"wpcf7-form-control wpcf7-textarea wpcf7-validates-as-required w-full\" aria-required=\"true\" aria-invalid=\"false\" placeholder=\"A\u00f1ade alg\u00fan comentario...\" name=\"comments\"><\/textarea><\/span>\n<\/div>\n\n<div class=\"checkbox-wrapper flex flex-col w-full\">\n <span class=\"wpcf7-form-control-wrap\" data-name=\"privacy-policy\"><span class=\"wpcf7-form-control wpcf7-acceptance\"><span class=\"wpcf7-list-item\"><label><input type=\"checkbox\" name=\"privacy-policy\" value=\"1\" id=\"privacy-policy\" aria-invalid=\"false\" \/><span class=\"wpcf7-list-item-label\">He le\u00eddo y acepto la <a href=\"https:\/\/freixenet.com\/privacy-policy\/\" target=\"_blank\">Pol\u00edtica de Privacidad<\/a>.<\/span><\/label><\/span><\/span><\/span>\n<\/div>\n\n<div class=\"button-wrapper flex flex-col w-full\">\n  <input class=\"wpcf7-form-control wpcf7-submit has-spinner button primary dark submit-button w-100\" id=\"send-btn\" type=\"submit\" value=\"Enviar\" \/>\n<\/div>\n<\/div><div class=\"wpcf7-response-output\" aria-hidden=\"true\"><\/div>\n<\/form>\n<\/div>\n<\/div>\n\n\t\t<\/div>\n\t<\/div>\n\n\n\n<div class=\"col-12 col-md-5 offset-lg-1 h-full\">\n\t\t\t\n\n<div class=\"wp-block-cover is-light\" style=\"min-height:100vh;aspect-ratio:unset;\"><span aria-hidden=\"true\" class=\"wp-block-cover__background has-background-dim-0 has-background-dim\" style=\"background-color:#9b7e73\"><\/span><img loading=\"lazy\" decoding=\"async\" width=\"1703\" height=\"2560\" src=\"https:\/\/freixenet.com\/app\/uploads\/sites\/11\/2025\/02\/S4_0255-1-scaled.webp\" class=\"wp-block-cover__image-background wp-post-image\" alt=\"\" data-object-fit=\"cover\" srcset=\"https:\/\/freixenet.com\/app\/uploads\/sites\/11\/2025\/02\/S4_0255-1-scaled.webp 1703w, https:\/\/freixenet.com\/app\/uploads\/sites\/11\/2025\/02\/S4_0255-1-200x300.webp 200w, https:\/\/freixenet.com\/app\/uploads\/sites\/11\/2025\/02\/S4_0255-1-681x1024.webp 681w, https:\/\/freixenet.com\/app\/uploads\/sites\/11\/2025\/02\/S4_0255-1-768x1155.webp 768w, https:\/\/freixenet.com\/app\/uploads\/sites\/11\/2025\/02\/S4_0255-1-1022x1536.webp 1022w, https:\/\/freixenet.com\/app\/uploads\/sites\/11\/2025\/02\/S4_0255-1-1362x2048.webp 1362w, https:\/\/freixenet.com\/app\/uploads\/sites\/11\/2025\/02\/S4_0255-1-718x1080.webp 718w, https:\/\/freixenet.com\/app\/uploads\/sites\/11\/2025\/02\/S4_0255-1-333x500.webp 333w\" sizes=\"auto, (max-width: 1703px) 100vw, 1703px\" \/><div class=\"wp-block-cover__inner-container is-layout-constrained wp-block-cover-is-layout-constrained\">\n<p class=\"has-text-align-center has-large-font-size\"><\/p>\n<\/div><\/div>\n\n\t<\/div>\n\n<\/div>\n\n<\/div>\n","protected":false},"excerpt":{"rendered":"","protected":false},"author":1,"featured_media":2010,"parent":0,"menu_order":0,"comment_status":"closed","ping_status":"closed","template":"","meta":{"_acf_changed":false,"footnotes":""},"class_list":["post-2606","page","type-page","status-publish","has-post-thumbnail","hentry"],"acf":[],"yoast_head":"<!-- This site is optimized with the Yoast SEO plugin v27.4 - https:\/\/yoast.com\/product\/yoast-seo-wordpress\/ -->\n<title>Contacto - Freixenet Argentina<\/title>\n<meta name=\"robots\" content=\"index, follow, max-snippet:-1, max-image-preview:large, max-video-preview:-1\" \/>\n<link rel=\"canonical\" href=\"https:\/\/freixenet.com\/ar\/contacto\/\" \/>\n<meta property=\"og:locale\" content=\"es_ES\" \/>\n<meta property=\"og:type\" content=\"article\" \/>\n<meta property=\"og:title\" content=\"Contacto - Freixenet Argentina\" \/>\n<meta property=\"og:url\" content=\"https:\/\/freixenet.com\/ar\/contacto\/\" \/>\n<meta property=\"og:site_name\" content=\"Freixenet Argentina\" \/>\n<meta property=\"article:modified_time\" content=\"2025-07-02T08:42:55+00:00\" \/>\n<meta property=\"og:image\" content=\"https:\/\/freixenet.com\/app\/uploads\/sites\/11\/2025\/02\/S4_0255-1-scaled.webp\" \/>\n\t<meta property=\"og:image:width\" content=\"1703\" \/>\n\t<meta property=\"og:image:height\" content=\"2560\" \/>\n\t<meta property=\"og:image:type\" content=\"image\/webp\" \/>\n<meta name=\"twitter:card\" content=\"summary_large_image\" \/>\n<script type=\"application\/ld+json\" class=\"yoast-schema-graph\">{\"@context\":\"https:\\\/\\\/schema.org\",\"@graph\":[{\"@type\":\"WebPage\",\"@id\":\"https:\\\/\\\/freixenet.com\\\/ar\\\/contacto\\\/\",\"url\":\"https:\\\/\\\/freixenet.com\\\/ar\\\/contacto\\\/\",\"name\":\"Contacto - Freixenet Argentina\",\"isPartOf\":{\"@id\":\"https:\\\/\\\/freixenet.com\\\/ar\\\/#website\"},\"primaryImageOfPage\":{\"@id\":\"https:\\\/\\\/freixenet.com\\\/ar\\\/contacto\\\/#primaryimage\"},\"image\":{\"@id\":\"https:\\\/\\\/freixenet.com\\\/ar\\\/contacto\\\/#primaryimage\"},\"thumbnailUrl\":\"https:\\\/\\\/freixenet.com\\\/app\\\/uploads\\\/sites\\\/11\\\/2025\\\/02\\\/S4_0255-1-scaled.webp\",\"datePublished\":\"2025-02-28T10:02:26+00:00\",\"dateModified\":\"2025-07-02T08:42:55+00:00\",\"breadcrumb\":{\"@id\":\"https:\\\/\\\/freixenet.com\\\/ar\\\/contacto\\\/#breadcrumb\"},\"inLanguage\":\"es-AR\",\"potentialAction\":[{\"@type\":\"ReadAction\",\"target\":[\"https:\\\/\\\/freixenet.com\\\/ar\\\/contacto\\\/\"]}]},{\"@type\":\"ImageObject\",\"inLanguage\":\"es-AR\",\"@id\":\"https:\\\/\\\/freixenet.com\\\/ar\\\/contacto\\\/#primaryimage\",\"url\":\"https:\\\/\\\/freixenet.com\\\/app\\\/uploads\\\/sites\\\/11\\\/2025\\\/02\\\/S4_0255-1-scaled.webp\",\"contentUrl\":\"https:\\\/\\\/freixenet.com\\\/app\\\/uploads\\\/sites\\\/11\\\/2025\\\/02\\\/S4_0255-1-scaled.webp\",\"width\":1703,\"height\":2560},{\"@type\":\"BreadcrumbList\",\"@id\":\"https:\\\/\\\/freixenet.com\\\/ar\\\/contacto\\\/#breadcrumb\",\"itemListElement\":[{\"@type\":\"ListItem\",\"position\":1,\"name\":\"Home\",\"item\":\"https:\\\/\\\/freixenet.com\\\/ar\\\/\"},{\"@type\":\"ListItem\",\"position\":2,\"name\":\"Contacto\"}]},{\"@type\":\"WebSite\",\"@id\":\"https:\\\/\\\/freixenet.com\\\/ar\\\/#website\",\"url\":\"https:\\\/\\\/freixenet.com\\\/ar\\\/\",\"name\":\"Freixenet Argentina\",\"description\":\"Las bodegas m\u00e1s emblem\u00e1ticas de Freixenet unen tradici\u00f3n e innovaci\u00f3n y cuentan con las cavas antiguas m\u00e1s profundas, ubicadas a 20 metros bajo tierra.\",\"publisher\":{\"@id\":\"https:\\\/\\\/freixenet.com\\\/ar\\\/#organization\"},\"potentialAction\":[{\"@type\":\"SearchAction\",\"target\":{\"@type\":\"EntryPoint\",\"urlTemplate\":\"https:\\\/\\\/freixenet.com\\\/ar\\\/?s={search_term_string}\"},\"query-input\":{\"@type\":\"PropertyValueSpecification\",\"valueRequired\":true,\"valueName\":\"search_term_string\"}}],\"inLanguage\":\"es-AR\"},{\"@type\":\"Organization\",\"@id\":\"https:\\\/\\\/freixenet.com\\\/ar\\\/#organization\",\"name\":\"Freixenet Argentina\",\"url\":\"https:\\\/\\\/freixenet.com\\\/ar\\\/\",\"logo\":{\"@type\":\"ImageObject\",\"inLanguage\":\"es-AR\",\"@id\":\"https:\\\/\\\/freixenet.com\\\/ar\\\/#\\\/schema\\\/logo\\\/image\\\/\",\"url\":\"https:\\\/\\\/freixenet.com\\\/app\\\/uploads\\\/sites\\\/11\\\/2025\\\/06\\\/freixenet-site-icon.png\",\"contentUrl\":\"https:\\\/\\\/freixenet.com\\\/app\\\/uploads\\\/sites\\\/11\\\/2025\\\/06\\\/freixenet-site-icon.png\",\"width\":512,\"height\":512,\"caption\":\"Freixenet Argentina\"},\"image\":{\"@id\":\"https:\\\/\\\/freixenet.com\\\/ar\\\/#\\\/schema\\\/logo\\\/image\\\/\"}}]}<\/script>\n<!-- \/ Yoast SEO plugin. -->","yoast_head_json":{"title":"Contacto - Freixenet Argentina","robots":{"index":"index","follow":"follow","max-snippet":"max-snippet:-1","max-image-preview":"max-image-preview:large","max-video-preview":"max-video-preview:-1"},"canonical":"https:\/\/freixenet.com\/ar\/contacto\/","og_locale":"es_ES","og_type":"article","og_title":"Contacto - Freixenet Argentina","og_url":"https:\/\/freixenet.com\/ar\/contacto\/","og_site_name":"Freixenet Argentina","article_modified_time":"2025-07-02T08:42:55+00:00","og_image":[{"width":1703,"height":2560,"url":"https:\/\/freixenet.com\/app\/uploads\/sites\/11\/2025\/02\/S4_0255-1-scaled.webp","type":"image\/webp"}],"twitter_card":"summary_large_image","schema":{"@context":"https:\/\/schema.org","@graph":[{"@type":"WebPage","@id":"https:\/\/freixenet.com\/ar\/contacto\/","url":"https:\/\/freixenet.com\/ar\/contacto\/","name":"Contacto - Freixenet Argentina","isPartOf":{"@id":"https:\/\/freixenet.com\/ar\/#website"},"primaryImageOfPage":{"@id":"https:\/\/freixenet.com\/ar\/contacto\/#primaryimage"},"image":{"@id":"https:\/\/freixenet.com\/ar\/contacto\/#primaryimage"},"thumbnailUrl":"https:\/\/freixenet.com\/app\/uploads\/sites\/11\/2025\/02\/S4_0255-1-scaled.webp","datePublished":"2025-02-28T10:02:26+00:00","dateModified":"2025-07-02T08:42:55+00:00","breadcrumb":{"@id":"https:\/\/freixenet.com\/ar\/contacto\/#breadcrumb"},"inLanguage":"es-AR","potentialAction":[{"@type":"ReadAction","target":["https:\/\/freixenet.com\/ar\/contacto\/"]}]},{"@type":"ImageObject","inLanguage":"es-AR","@id":"https:\/\/freixenet.com\/ar\/contacto\/#primaryimage","url":"https:\/\/freixenet.com\/app\/uploads\/sites\/11\/2025\/02\/S4_0255-1-scaled.webp","contentUrl":"https:\/\/freixenet.com\/app\/uploads\/sites\/11\/2025\/02\/S4_0255-1-scaled.webp","width":1703,"height":2560},{"@type":"BreadcrumbList","@id":"https:\/\/freixenet.com\/ar\/contacto\/#breadcrumb","itemListElement":[{"@type":"ListItem","position":1,"name":"Home","item":"https:\/\/freixenet.com\/ar\/"},{"@type":"ListItem","position":2,"name":"Contacto"}]},{"@type":"WebSite","@id":"https:\/\/freixenet.com\/ar\/#website","url":"https:\/\/freixenet.com\/ar\/","name":"Freixenet Argentina","description":"Las bodegas m\u00e1s emblem\u00e1ticas de Freixenet unen tradici\u00f3n e innovaci\u00f3n y cuentan con las cavas antiguas m\u00e1s profundas, ubicadas a 20 metros bajo tierra.","publisher":{"@id":"https:\/\/freixenet.com\/ar\/#organization"},"potentialAction":[{"@type":"SearchAction","target":{"@type":"EntryPoint","urlTemplate":"https:\/\/freixenet.com\/ar\/?s={search_term_string}"},"query-input":{"@type":"PropertyValueSpecification","valueRequired":true,"valueName":"search_term_string"}}],"inLanguage":"es-AR"},{"@type":"Organization","@id":"https:\/\/freixenet.com\/ar\/#organization","name":"Freixenet Argentina","url":"https:\/\/freixenet.com\/ar\/","logo":{"@type":"ImageObject","inLanguage":"es-AR","@id":"https:\/\/freixenet.com\/ar\/#\/schema\/logo\/image\/","url":"https:\/\/freixenet.com\/app\/uploads\/sites\/11\/2025\/06\/freixenet-site-icon.png","contentUrl":"https:\/\/freixenet.com\/app\/uploads\/sites\/11\/2025\/06\/freixenet-site-icon.png","width":512,"height":512,"caption":"Freixenet Argentina"},"image":{"@id":"https:\/\/freixenet.com\/ar\/#\/schema\/logo\/image\/"}}]}},"_links":{"self":[{"href":"https:\/\/freixenet.com\/ar\/wp-json\/wp\/v2\/pages\/2606","targetHints":{"allow":["GET"]}}],"collection":[{"href":"https:\/\/freixenet.com\/ar\/wp-json\/wp\/v2\/pages"}],"about":[{"href":"https:\/\/freixenet.com\/ar\/wp-json\/wp\/v2\/types\/page"}],"author":[{"embeddable":true,"href":"https:\/\/freixenet.com\/ar\/wp-json\/wp\/v2\/users\/1"}],"replies":[{"embeddable":true,"href":"https:\/\/freixenet.com\/ar\/wp-json\/wp\/v2\/comments?post=2606"}],"version-history":[{"count":7,"href":"https:\/\/freixenet.com\/ar\/wp-json\/wp\/v2\/pages\/2606\/revisions"}],"predecessor-version":[{"id":3488,"href":"https:\/\/freixenet.com\/ar\/wp-json\/wp\/v2\/pages\/2606\/revisions\/3488"}],"wp:featuredmedia":[{"embeddable":true,"href":"https:\/\/freixenet.com\/ar\/wp-json\/wp\/v2\/media\/2010"}],"wp:attachment":[{"href":"https:\/\/freixenet.com\/ar\/wp-json\/wp\/v2\/media?parent=2606"}],"curies":[{"name":"wp","href":"https:\/\/api.w.org\/{rel}","templated":true}]}}